{"id":644,"date":"2024-07-04T15:00:04","date_gmt":"2024-07-04T13:00:04","guid":{"rendered":"https:\/\/dev.iode.tech\/donations\/"},"modified":"2024-11-26T11:52:25","modified_gmt":"2024-11-26T10:52:25","slug":"dons","status":"publish","type":"page","link":"https:\/\/iode.tech\/fr\/dons\/","title":{"rendered":"Dons"},"content":{"rendered":"\n<p>iod\u00e9 accepte les dons !<\/p>\n\n\n\n<p>Les revenus de iod\u00e9 proviennent exclusivement de la vente des smartphones. Nous avons \u00e9galement mis \u00e0 disposition gratuitement <a href=\"https:\/\/iode.tech\/iodeos\">iod\u00e9OS<\/a>, le syst\u00e8me que nous d\u00e9veloppons (t\u00e9l\u00e9chargeable et installable <a href=\"https:\/\/iode.tech\/installation\">ici<\/a>) car il est ancr\u00e9 dans nos valeurs fondamentales de permettre \u00e0 chacun l\u2019acc\u00e8s \u00e0 une meilleure s\u00e9curit\u00e9 et vie priv\u00e9e sur son smartphone.<br>Vous pouvez contribuer \u00e0 notre travail et celui de nombreux contributeurs open source pour un monde plus \u00e9thique des mani\u00e8res suivantes :<\/p>\n\n\n\n<p><\/p>\n\n\n\n<div class=\"wp-block-buttons is-layout-flex wp-block-buttons-is-layout-flex\">\n<div class=\"wp-block-button background-color: var(--accent-1)\"><a class=\"wp-block-button__link has-accent-background-color has-background wp-element-button\" href=\"https:\/\/www.paypal.com\/donate\/?hosted_button_id=LNTT4WFSCZQH2\" style=\"border-radius:22px\">Dons via Paypal<\/a><\/div>\n<\/div>\n\n\n\n<p><\/p>\n\n\n\n<div class=\"wp-block-buttons is-layout-flex wp-block-buttons-is-layout-flex\">\n<div class=\"wp-block-button background-color: var(--accent-2)\"><a class=\"wp-block-button__link has-accent-2-background-color has-background wp-element-button\" href=\"https:\/\/buy.stripe.com\/eVa165fpg8Cn7w4fYY\" style=\"border-radius:22px\">Dons via Stripe<\/a><\/div>\n<\/div>\n\n\n\n<p><\/p>\n\n\n\n<div class=\"wp-block-buttons is-layout-flex wp-block-buttons-is-layout-flex\">\n<div class=\"wp-block-button background-color: var(--accent-2)\"><a class=\"wp-block-button__link has-accent-3-background-color has-background wp-element-button\" href=\"https:\/\/commerce.coinbase.com\/checkout\/ca2e5c42-d2a1-41dc-ae48-175a05a035d6\" style=\"border-radius:22px\">Dons via crypto-currencies<\/a><\/div>\n<\/div>\n\n\n\n<p><\/p>\n\n\n\n<div class=\"wp-block-group is-nowrap is-layout-flex wp-container-core-group-is-layout-ad2f72ca wp-block-group-is-layout-flex\">\n<details class=\"wp-block-details is-layout-flow wp-block-details-is-layout-flow\"><summary>Dons par virement bancaire<\/summary>\n<p>iod\u00e9 technologies<strong><br>IBAN: <\/strong>FR76 1807 9313 9502 9572 4594 147<br><strong>BIC\/SWIFT: <\/strong>CCDFFRPPXXX<\/p>\n<\/details>\n<\/div>\n\n\n\n<p><\/p>\n\n\n\n<p>Merci \u00e0 tous pour vos contributions et merci pour votre confiance en iod\u00e9.<\/p>\n\n\n\n<p>L\u2019\u00e9quipe iod\u00e9<strong>International Bank Account Number \u2013<\/strong><\/p>\n","protected":false},"excerpt":{"rendered":"<p>iod\u00e9 accepte les dons ! Les revenus de iod\u00e9 proviennent exclusivement de la vente des smartphones. Nous avons \u00e9galement mis \u00e0 disposition gratuitement iod\u00e9OS, le syst\u00e8me que nous d\u00e9veloppons (t\u00e9l\u00e9chargeable et installable ici) car il est ancr\u00e9 dans nos valeurs fondamentales de permettre \u00e0 chacun l\u2019acc\u00e8s \u00e0 une meilleure s\u00e9curit\u00e9 et vie priv\u00e9e sur son &#8230; <a title=\"Dons\" class=\"read-more\" href=\"https:\/\/iode.tech\/fr\/dons\/\" aria-label=\"En savoir plus sur Dons\">Lire plus<\/a><\/p>\n","protected":false},"author":2,"featured_media":0,"parent":0,"menu_order":0,"comment_status":"closed","ping_status":"closed","template":"","meta":{"footnotes":""},"class_list":["post-644","page","type-page","status-publish"],"yoast_head":"<!-- This site is optimized with the Yoast SEO plugin v27.5 - https:\/\/yoast.com\/product\/yoast-seo-wordpress\/ -->\n<title>Dons - iod\u00e9<\/title>\n<meta name=\"description\" content=\"D\u00e9couvre comment vous pouvez soutenir notre projet\" \/>\n<meta name=\"robots\" content=\"index, follow, max-snippet:-1, max-image-preview:large, max-video-preview:-1\" \/>\n<link rel=\"canonical\" href=\"https:\/\/iode.tech\/donations\/\" \/>\n<meta property=\"og:locale\" content=\"fr_FR\" \/>\n<meta property=\"og:type\" content=\"article\" \/>\n<meta property=\"og:title\" content=\"Dons - iod\u00e9\" \/>\n<meta property=\"og:description\" content=\"D\u00e9couvre comment vous pouvez soutenir notre projet\" \/>\n<meta property=\"og:url\" content=\"https:\/\/iode.tech\/donations\/\" \/>\n<meta property=\"og:site_name\" content=\"iod\u00e9\" \/>\n<meta property=\"article:modified_time\" content=\"2024-11-26T10:52:25+00:00\" \/>\n<meta name=\"twitter:card\" content=\"summary_large_image\" \/>\n<meta name=\"twitter:label1\" content=\"Dur\u00e9e de lecture estim\u00e9e\" \/>\n\t<meta name=\"twitter:data1\" content=\"1 minute\" \/>\n<script type=\"application\/ld+json\" class=\"yoast-schema-graph\">{\"@context\":\"https:\\\/\\\/schema.org\",\"@graph\":[{\"@type\":\"WebPage\",\"@id\":\"https:\\\/\\\/iode.tech\\\/donations\\\/\",\"url\":\"https:\\\/\\\/iode.tech\\\/donations\\\/\",\"name\":\"Dons - iod\u00e9\",\"isPartOf\":{\"@id\":\"https:\\\/\\\/iode.tech\\\/fr\\\/#website\"},\"datePublished\":\"2024-07-04T13:00:04+00:00\",\"dateModified\":\"2024-11-26T10:52:25+00:00\",\"description\":\"D\u00e9couvre comment vous pouvez soutenir notre projet\",\"breadcrumb\":{\"@id\":\"https:\\\/\\\/iode.tech\\\/donations\\\/#breadcrumb\"},\"inLanguage\":\"fr-FR\",\"potentialAction\":[{\"@type\":\"ReadAction\",\"target\":[\"https:\\\/\\\/iode.tech\\\/donations\\\/\"]}]},{\"@type\":\"BreadcrumbList\",\"@id\":\"https:\\\/\\\/iode.tech\\\/donations\\\/#breadcrumb\",\"itemListElement\":[{\"@type\":\"ListItem\",\"position\":1,\"name\":\"Accueil\",\"item\":\"https:\\\/\\\/iode.tech\\\/fr\\\/\"},{\"@type\":\"ListItem\",\"position\":2,\"name\":\"Dons\"}]},{\"@type\":\"WebSite\",\"@id\":\"https:\\\/\\\/iode.tech\\\/fr\\\/#website\",\"url\":\"https:\\\/\\\/iode.tech\\\/fr\\\/\",\"name\":\"iod\u00e9\",\"description\":\"Soyez plus smart que votre t\u00e9l\u00e9phone.\",\"publisher\":{\"@id\":\"https:\\\/\\\/iode.tech\\\/fr\\\/#organization\"},\"potentialAction\":[{\"@type\":\"SearchAction\",\"target\":{\"@type\":\"EntryPoint\",\"urlTemplate\":\"https:\\\/\\\/iode.tech\\\/fr\\\/?s={search_term_string}\"},\"query-input\":{\"@type\":\"PropertyValueSpecification\",\"valueRequired\":true,\"valueName\":\"search_term_string\"}}],\"inLanguage\":\"fr-FR\"},{\"@type\":\"Organization\",\"@id\":\"https:\\\/\\\/iode.tech\\\/fr\\\/#organization\",\"name\":\"iod\u00e9\",\"url\":\"https:\\\/\\\/iode.tech\\\/fr\\\/\",\"logo\":{\"@type\":\"ImageObject\",\"inLanguage\":\"fr-FR\",\"@id\":\"https:\\\/\\\/iode.tech\\\/fr\\\/#\\\/schema\\\/logo\\\/image\\\/\",\"url\":\"https:\\\/\\\/iode.tech\\\/wp-content\\\/uploads\\\/2024\\\/06\\\/logo_iode_white_367x134.png\",\"contentUrl\":\"https:\\\/\\\/iode.tech\\\/wp-content\\\/uploads\\\/2024\\\/06\\\/logo_iode_white_367x134.png\",\"width\":367,\"height\":134,\"caption\":\"iod\u00e9\"},\"image\":{\"@id\":\"https:\\\/\\\/iode.tech\\\/fr\\\/#\\\/schema\\\/logo\\\/image\\\/\"}}]}<\/script>\n<!-- \/ Yoast SEO plugin. -->","yoast_head_json":{"title":"Dons - iod\u00e9","description":"D\u00e9couvre comment vous pouvez soutenir notre projet","robots":{"index":"index","follow":"follow","max-snippet":"max-snippet:-1","max-image-preview":"max-image-preview:large","max-video-preview":"max-video-preview:-1"},"canonical":"https:\/\/iode.tech\/donations\/","og_locale":"fr_FR","og_type":"article","og_title":"Dons - iod\u00e9","og_description":"D\u00e9couvre comment vous pouvez soutenir notre projet","og_url":"https:\/\/iode.tech\/donations\/","og_site_name":"iod\u00e9","article_modified_time":"2024-11-26T10:52:25+00:00","twitter_card":"summary_large_image","twitter_misc":{"Dur\u00e9e de lecture estim\u00e9e":"1 minute"},"schema":{"@context":"https:\/\/schema.org","@graph":[{"@type":"WebPage","@id":"https:\/\/iode.tech\/donations\/","url":"https:\/\/iode.tech\/donations\/","name":"Dons - iod\u00e9","isPartOf":{"@id":"https:\/\/iode.tech\/fr\/#website"},"datePublished":"2024-07-04T13:00:04+00:00","dateModified":"2024-11-26T10:52:25+00:00","description":"D\u00e9couvre comment vous pouvez soutenir notre projet","breadcrumb":{"@id":"https:\/\/iode.tech\/donations\/#breadcrumb"},"inLanguage":"fr-FR","potentialAction":[{"@type":"ReadAction","target":["https:\/\/iode.tech\/donations\/"]}]},{"@type":"BreadcrumbList","@id":"https:\/\/iode.tech\/donations\/#breadcrumb","itemListElement":[{"@type":"ListItem","position":1,"name":"Accueil","item":"https:\/\/iode.tech\/fr\/"},{"@type":"ListItem","position":2,"name":"Dons"}]},{"@type":"WebSite","@id":"https:\/\/iode.tech\/fr\/#website","url":"https:\/\/iode.tech\/fr\/","name":"iod\u00e9","description":"Soyez plus smart que votre t\u00e9l\u00e9phone.","publisher":{"@id":"https:\/\/iode.tech\/fr\/#organization"},"potentialAction":[{"@type":"SearchAction","target":{"@type":"EntryPoint","urlTemplate":"https:\/\/iode.tech\/fr\/?s={search_term_string}"},"query-input":{"@type":"PropertyValueSpecification","valueRequired":true,"valueName":"search_term_string"}}],"inLanguage":"fr-FR"},{"@type":"Organization","@id":"https:\/\/iode.tech\/fr\/#organization","name":"iod\u00e9","url":"https:\/\/iode.tech\/fr\/","logo":{"@type":"ImageObject","inLanguage":"fr-FR","@id":"https:\/\/iode.tech\/fr\/#\/schema\/logo\/image\/","url":"https:\/\/iode.tech\/wp-content\/uploads\/2024\/06\/logo_iode_white_367x134.png","contentUrl":"https:\/\/iode.tech\/wp-content\/uploads\/2024\/06\/logo_iode_white_367x134.png","width":367,"height":134,"caption":"iod\u00e9"},"image":{"@id":"https:\/\/iode.tech\/fr\/#\/schema\/logo\/image\/"}}]}},"_links":{"self":[{"href":"https:\/\/iode.tech\/fr\/wp-json\/wp\/v2\/pages\/644","targetHints":{"allow":["GET"]}}],"collection":[{"href":"https:\/\/iode.tech\/fr\/wp-json\/wp\/v2\/pages"}],"about":[{"href":"https:\/\/iode.tech\/fr\/wp-json\/wp\/v2\/types\/page"}],"author":[{"embeddable":true,"href":"https:\/\/iode.tech\/fr\/wp-json\/wp\/v2\/users\/2"}],"replies":[{"embeddable":true,"href":"https:\/\/iode.tech\/fr\/wp-json\/wp\/v2\/comments?post=644"}],"version-history":[{"count":5,"href":"https:\/\/iode.tech\/fr\/wp-json\/wp\/v2\/pages\/644\/revisions"}],"predecessor-version":[{"id":35354,"href":"https:\/\/iode.tech\/fr\/wp-json\/wp\/v2\/pages\/644\/revisions\/35354"}],"wp:attachment":[{"href":"https:\/\/iode.tech\/fr\/wp-json\/wp\/v2\/media?parent=644"}],"curies":[{"name":"wp","href":"https:\/\/api.w.org\/{rel}","templated":true}]}}