{"id":624,"date":"2024-07-04T14:32:32","date_gmt":"2024-07-04T12:32:32","guid":{"rendered":"https:\/\/dev.iode.tech\/?page_id=624"},"modified":"2026-01-21T18:14:03","modified_gmt":"2026-01-21T17:14:03","slug":"installation","status":"publish","type":"page","link":"https:\/\/iode.tech\/fr\/installation\/","title":{"rendered":"Installation"},"content":{"rendered":"\n<h2 class=\"wp-block-heading\">Automatiquement (via notre installeur)<\/h2>\n\n\n\n<figure class=\"wp-block-video\"><video height=\"1080\" style=\"aspect-ratio: 1920 \/ 1080;\" width=\"1920\" controls src=\"https:\/\/iode.tech\/wp-content\/uploads\/2025\/01\/iodeOS-installer-2.mp4\"><\/video><\/figure>\n\n\n\n<p><\/p>\n\n\n\n<p>iod\u00e9OS est installable en quelques clics ! L&rsquo;installeur est disponible pour la plupart de nos plus de 60 <a href=\"https:\/\/iode.tech\/fr\/appareils-pris-en-charge-officiellement-par-iodeos\/\">appareils officiels list\u00e9s ici<\/a>.<\/p>\n\n\n\n<div class=\"wp-block-columns is-layout-flex wp-container-core-columns-is-layout-9d6595d7 wp-block-columns-is-layout-flex\">\n<div class=\"wp-block-column is-vertically-aligned-center is-layout-flow wp-block-column-is-layout-flow\">\n<a class=\"gb-button gb-button-b0b24184 gb-button-text\" href=\"https:\/\/gitlab.iode.tech\/ota\/ota\/-\/blob\/master\/installer\/iodeOS-installer-v0.3.0-windows.zip?ref_type=heads\">T\u00e9l\u00e9chargez l&rsquo;installeur pour Windows<\/a>\n<\/div>\n\n\n\n<div class=\"wp-block-column is-layout-flow wp-block-column-is-layout-flow\">\n<a class=\"gb-button gb-button-e7c02d5e gb-button-text\" href=\"https:\/\/gitlab.iode.tech\/ota\/ota\/-\/blob\/master\/installer\/iodeOS-installer-v0.3.0-linux.tgz?ref_type=heads\">T\u00e9l\u00e9chargez l&rsquo;installeur pour Linux<\/a>\n<\/div>\n<\/div>\n\n\n\n<div style=\"height:100px\" aria-hidden=\"true\" class=\"wp-block-spacer\"><\/div>\n\n\n\n<h2 class=\"wp-block-heading\">Manuellement (via les outils de d\u00e9veloppement de la plateforme Android)<\/h2>\n\n\n\n<p>Si vous souhaitez installer iod\u00e9OS manuellement, vous pouvez trouver une m\u00e9thode alternative d&rsquo;<a href=\"https:\/\/gitlab.iode.tech\/ota\/ota\">installation \u00e0 iod\u00e9OS ici<\/a>.<\/p>\n\n\n\n<p><strong>Attention: installer iod\u00e9OS (automatiquement ou manuellement) n\u2019est pas sans risque et iod\u00e9 ne saurait \u00eatre tenu responsable de tout dommage r\u00e9sultant de son installation.<\/strong><\/p>\n\n\n\n<p><\/p>\n\n\n\n<p><em>iod\u00e9 est un projet communautaire open source, et d\u00e9pend fortement de vos contributions !<\/em> <\/p>\n\n\n\n<ul class=\"wp-block-list\">\n<li><em>d\u00e9veloppez<a href=\"https:\/\/gitlab.com\/iode\/os\/public\/manifests\/android\/-\/blob\/v3-staging\/README.md\"> iod\u00e9OS pour un appareil non support\u00e9 ;<\/a><\/em><\/li>\n\n\n\n<li><em>devenez<\/em><a href=\"https:\/\/gitlab.iode.tech\/ota\/ota\/-\/tree\/master\/beta?ref_type=heads\"><em> b\u00eata-testeur<\/em><\/a> ;<\/li>\n\n\n\n<li><em><a href=\"http:\/\/d\u00e9couvrez comment contribuer financi\u00e8rement au projet ;\">contribuez financi\u00e8rement<\/a> au projet ;<\/em><\/li>\n<\/ul>\n","protected":false},"excerpt":{"rendered":"<p>Automatiquement (via notre installeur) iod\u00e9OS est installable en quelques clics ! L&rsquo;installeur est disponible pour la plupart de nos plus de 60 appareils officiels list\u00e9s ici. Manuellement (via les outils de d\u00e9veloppement de la plateforme Android) Si vous souhaitez installer iod\u00e9OS manuellement, vous pouvez trouver une m\u00e9thode alternative d&rsquo;installation \u00e0 iod\u00e9OS ici. Attention: installer iod\u00e9OS &#8230; <a title=\"Installation\" class=\"read-more\" href=\"https:\/\/iode.tech\/fr\/installation\/\" aria-label=\"En savoir plus sur Installation\">Lire plus<\/a><\/p>\n","protected":false},"author":2,"featured_media":0,"parent":0,"menu_order":0,"comment_status":"closed","ping_status":"closed","template":"","meta":{"footnotes":""},"class_list":["post-624","page","type-page","status-publish"],"yoast_head":"<!-- This site is optimized with the Yoast SEO plugin v27.3 - https:\/\/yoast.com\/product\/yoast-seo-wordpress\/ -->\n<title>Installation - iod\u00e9<\/title>\n<meta name=\"robots\" content=\"index, follow, max-snippet:-1, max-image-preview:large, max-video-preview:-1\" \/>\n<link rel=\"canonical\" href=\"https:\/\/iode.tech\/fr\/installation\/\" \/>\n<meta property=\"og:locale\" content=\"fr_FR\" \/>\n<meta property=\"og:type\" content=\"article\" \/>\n<meta property=\"og:title\" content=\"Installation - iod\u00e9\" \/>\n<meta property=\"og:description\" content=\"Automatiquement (via notre installeur) iod\u00e9OS est installable en quelques clics ! L&rsquo;installeur est disponible pour la plupart de nos plus de 60 appareils officiels list\u00e9s ici. Manuellement (via les outils de d\u00e9veloppement de la plateforme Android) Si vous souhaitez installer iod\u00e9OS manuellement, vous pouvez trouver une m\u00e9thode alternative d&rsquo;installation \u00e0 iod\u00e9OS ici. Attention: installer iod\u00e9OS ... Lire plus\" \/>\n<meta property=\"og:url\" content=\"https:\/\/iode.tech\/fr\/installation\/\" \/>\n<meta property=\"og:site_name\" content=\"iod\u00e9\" \/>\n<meta property=\"article:modified_time\" content=\"2026-01-21T17:14:03+00:00\" \/>\n<meta name=\"twitter:card\" content=\"summary_large_image\" \/>\n<meta name=\"twitter:label1\" content=\"Dur\u00e9e de lecture estim\u00e9e\" \/>\n\t<meta name=\"twitter:data1\" content=\"1 minute\" \/>\n<script type=\"application\/ld+json\" class=\"yoast-schema-graph\">{\"@context\":\"https:\\\/\\\/schema.org\",\"@graph\":[{\"@type\":\"WebPage\",\"@id\":\"https:\\\/\\\/iode.tech\\\/fr\\\/installation\\\/\",\"url\":\"https:\\\/\\\/iode.tech\\\/fr\\\/installation\\\/\",\"name\":\"Installation - iod\u00e9\",\"isPartOf\":{\"@id\":\"https:\\\/\\\/iode.tech\\\/fr\\\/#website\"},\"datePublished\":\"2024-07-04T12:32:32+00:00\",\"dateModified\":\"2026-01-21T17:14:03+00:00\",\"breadcrumb\":{\"@id\":\"https:\\\/\\\/iode.tech\\\/fr\\\/installation\\\/#breadcrumb\"},\"inLanguage\":\"fr-FR\",\"potentialAction\":[{\"@type\":\"ReadAction\",\"target\":[\"https:\\\/\\\/iode.tech\\\/fr\\\/installation\\\/\"]}]},{\"@type\":\"BreadcrumbList\",\"@id\":\"https:\\\/\\\/iode.tech\\\/fr\\\/installation\\\/#breadcrumb\",\"itemListElement\":[{\"@type\":\"ListItem\",\"position\":1,\"name\":\"Accueil\",\"item\":\"https:\\\/\\\/iode.tech\\\/fr\\\/\"},{\"@type\":\"ListItem\",\"position\":2,\"name\":\"Installation\"}]},{\"@type\":\"WebSite\",\"@id\":\"https:\\\/\\\/iode.tech\\\/fr\\\/#website\",\"url\":\"https:\\\/\\\/iode.tech\\\/fr\\\/\",\"name\":\"iod\u00e9\",\"description\":\"Soyez plus smart que votre t\u00e9l\u00e9phone.\",\"publisher\":{\"@id\":\"https:\\\/\\\/iode.tech\\\/fr\\\/#organization\"},\"potentialAction\":[{\"@type\":\"SearchAction\",\"target\":{\"@type\":\"EntryPoint\",\"urlTemplate\":\"https:\\\/\\\/iode.tech\\\/fr\\\/?s={search_term_string}\"},\"query-input\":{\"@type\":\"PropertyValueSpecification\",\"valueRequired\":true,\"valueName\":\"search_term_string\"}}],\"inLanguage\":\"fr-FR\"},{\"@type\":\"Organization\",\"@id\":\"https:\\\/\\\/iode.tech\\\/fr\\\/#organization\",\"name\":\"iod\u00e9\",\"url\":\"https:\\\/\\\/iode.tech\\\/fr\\\/\",\"logo\":{\"@type\":\"ImageObject\",\"inLanguage\":\"fr-FR\",\"@id\":\"https:\\\/\\\/iode.tech\\\/fr\\\/#\\\/schema\\\/logo\\\/image\\\/\",\"url\":\"https:\\\/\\\/iode.tech\\\/wp-content\\\/uploads\\\/2024\\\/06\\\/logo_iode_white_367x134.png\",\"contentUrl\":\"https:\\\/\\\/iode.tech\\\/wp-content\\\/uploads\\\/2024\\\/06\\\/logo_iode_white_367x134.png\",\"width\":367,\"height\":134,\"caption\":\"iod\u00e9\"},\"image\":{\"@id\":\"https:\\\/\\\/iode.tech\\\/fr\\\/#\\\/schema\\\/logo\\\/image\\\/\"}}]}<\/script>\n<!-- \/ Yoast SEO plugin. -->","yoast_head_json":{"title":"Installation - iod\u00e9","robots":{"index":"index","follow":"follow","max-snippet":"max-snippet:-1","max-image-preview":"max-image-preview:large","max-video-preview":"max-video-preview:-1"},"canonical":"https:\/\/iode.tech\/fr\/installation\/","og_locale":"fr_FR","og_type":"article","og_title":"Installation - iod\u00e9","og_description":"Automatiquement (via notre installeur) iod\u00e9OS est installable en quelques clics ! L&rsquo;installeur est disponible pour la plupart de nos plus de 60 appareils officiels list\u00e9s ici. Manuellement (via les outils de d\u00e9veloppement de la plateforme Android) Si vous souhaitez installer iod\u00e9OS manuellement, vous pouvez trouver une m\u00e9thode alternative d&rsquo;installation \u00e0 iod\u00e9OS ici. Attention: installer iod\u00e9OS ... Lire plus","og_url":"https:\/\/iode.tech\/fr\/installation\/","og_site_name":"iod\u00e9","article_modified_time":"2026-01-21T17:14:03+00:00","twitter_card":"summary_large_image","twitter_misc":{"Dur\u00e9e de lecture estim\u00e9e":"1 minute"},"schema":{"@context":"https:\/\/schema.org","@graph":[{"@type":"WebPage","@id":"https:\/\/iode.tech\/fr\/installation\/","url":"https:\/\/iode.tech\/fr\/installation\/","name":"Installation - iod\u00e9","isPartOf":{"@id":"https:\/\/iode.tech\/fr\/#website"},"datePublished":"2024-07-04T12:32:32+00:00","dateModified":"2026-01-21T17:14:03+00:00","breadcrumb":{"@id":"https:\/\/iode.tech\/fr\/installation\/#breadcrumb"},"inLanguage":"fr-FR","potentialAction":[{"@type":"ReadAction","target":["https:\/\/iode.tech\/fr\/installation\/"]}]},{"@type":"BreadcrumbList","@id":"https:\/\/iode.tech\/fr\/installation\/#breadcrumb","itemListElement":[{"@type":"ListItem","position":1,"name":"Accueil","item":"https:\/\/iode.tech\/fr\/"},{"@type":"ListItem","position":2,"name":"Installation"}]},{"@type":"WebSite","@id":"https:\/\/iode.tech\/fr\/#website","url":"https:\/\/iode.tech\/fr\/","name":"iod\u00e9","description":"Soyez plus smart que votre t\u00e9l\u00e9phone.","publisher":{"@id":"https:\/\/iode.tech\/fr\/#organization"},"potentialAction":[{"@type":"SearchAction","target":{"@type":"EntryPoint","urlTemplate":"https:\/\/iode.tech\/fr\/?s={search_term_string}"},"query-input":{"@type":"PropertyValueSpecification","valueRequired":true,"valueName":"search_term_string"}}],"inLanguage":"fr-FR"},{"@type":"Organization","@id":"https:\/\/iode.tech\/fr\/#organization","name":"iod\u00e9","url":"https:\/\/iode.tech\/fr\/","logo":{"@type":"ImageObject","inLanguage":"fr-FR","@id":"https:\/\/iode.tech\/fr\/#\/schema\/logo\/image\/","url":"https:\/\/iode.tech\/wp-content\/uploads\/2024\/06\/logo_iode_white_367x134.png","contentUrl":"https:\/\/iode.tech\/wp-content\/uploads\/2024\/06\/logo_iode_white_367x134.png","width":367,"height":134,"caption":"iod\u00e9"},"image":{"@id":"https:\/\/iode.tech\/fr\/#\/schema\/logo\/image\/"}}]}},"_links":{"self":[{"href":"https:\/\/iode.tech\/fr\/wp-json\/wp\/v2\/pages\/624","targetHints":{"allow":["GET"]}}],"collection":[{"href":"https:\/\/iode.tech\/fr\/wp-json\/wp\/v2\/pages"}],"about":[{"href":"https:\/\/iode.tech\/fr\/wp-json\/wp\/v2\/types\/page"}],"author":[{"embeddable":true,"href":"https:\/\/iode.tech\/fr\/wp-json\/wp\/v2\/users\/2"}],"replies":[{"embeddable":true,"href":"https:\/\/iode.tech\/fr\/wp-json\/wp\/v2\/comments?post=624"}],"version-history":[{"count":10,"href":"https:\/\/iode.tech\/fr\/wp-json\/wp\/v2\/pages\/624\/revisions"}],"predecessor-version":[{"id":56602,"href":"https:\/\/iode.tech\/fr\/wp-json\/wp\/v2\/pages\/624\/revisions\/56602"}],"wp:attachment":[{"href":"https:\/\/iode.tech\/fr\/wp-json\/wp\/v2\/media?parent=624"}],"curies":[{"name":"wp","href":"https:\/\/api.w.org\/{rel}","templated":true}]}}