{"id":578,"date":"2024-07-02T14:32:32","date_gmt":"2024-07-02T12:32:32","guid":{"rendered":"https:\/\/dev.iode.tech\/iode-organization\/"},"modified":"2024-07-10T10:31:43","modified_gmt":"2024-07-10T08:31:43","slug":"organisations","status":"publish","type":"page","link":"https:\/\/iode.tech\/fr\/organisations\/","title":{"rendered":"Organisations"},"content":{"rendered":"\n<p>\u00cates-vous une entreprise de syst\u00e8mes informatiques qui g\u00e8re l&rsquo;infrastructure informatique de ses clients ?<\/p>\n\n\n\n<p>\u00cates-vous une entreprise qui a besoin d&rsquo;une flotte de smartphones et de logiciels mobiles conformes au RGPD ?<\/p>\n\n\n\n<p>\u00cates-vous une organisation (gouvernementale) qui doit s&rsquo;assurer que ses clients, ses parties prenantes et ses employ\u00e9s sont en mesure de communiquer d&rsquo;une mani\u00e8re qui prot\u00e8ge les donn\u00e9es de toutes les personnes impliqu\u00e9es et qui correspond aux r\u00e8gles de conformit\u00e9 \u00e9lev\u00e9es qui sont exig\u00e9es des secteurs publics, importantes dans l&rsquo;infrastructure critique et \u00e9videmment \u00e9thiques et essentielles pour la souverainet\u00e9 num\u00e9rique des entit\u00e9s dans l&rsquo;UE ?<\/p>\n\n\n\n<p>Avec notre programme d\u00e9di\u00e9, nous proposons des solutions personnalis\u00e9es aux fournisseurs de services et aux organisations.<\/p>\n\n\n\n<p>Que vous ayez besoin d&rsquo;appareils d&rsquo;origine \u00e9thique et de solutions logicielles respectueuses de la vie priv\u00e9e pour vos clients ou que vous ayez besoin d&rsquo;\u00e9quiper votre personnel, nous sommes l\u00e0 pour vous.<\/p>\n\n\n\n<p>Nous vendons des smartphones neufs et reconditionn\u00e9s de la plus haute qualit\u00e9, avec notre syst\u00e8me d&rsquo;exploitation iod\u00e9OS pr\u00e9install\u00e9 pour la protection des donn\u00e9es. Nous proposons \u00e9galement des abonnements iod\u00e9 premium pour renforcer la protection de vos appareils existants pour les flottes de plus de 10 appareils.<\/p>\n\n\n\n<p>En tant que client professionnel, vous pourrez amortir la TVA selon les conditions d\u00e9finies dans votre pays. Notre abonnement premium \u00e0 iod\u00e9OS peut \u00eatre d\u00e9duit en tant que d\u00e9pense mensuelle de logiciel d&rsquo;entreprise.<\/p>\n\n\n\n<p><a href=\"mailto: support@iode.tech\">Contactez-nous d\u00e8s maintenant<\/a> pour une consultation individuelle gratuite afin d&rsquo;explorer ce dont vous avez exactement besoin et comment nous pouvons vous servir au mieux.<\/p>\n","protected":false},"excerpt":{"rendered":"<p>\u00cates-vous une entreprise de syst\u00e8mes informatiques qui g\u00e8re l&rsquo;infrastructure informatique de ses clients ? \u00cates-vous une entreprise qui a besoin d&rsquo;une flotte de smartphones et de logiciels mobiles conformes au RGPD ? \u00cates-vous une organisation (gouvernementale) qui doit s&rsquo;assurer que ses clients, ses parties prenantes et ses employ\u00e9s sont en mesure de communiquer d&rsquo;une mani\u00e8re &#8230; <a title=\"Organisations\" class=\"read-more\" href=\"https:\/\/iode.tech\/fr\/organisations\/\" aria-label=\"En savoir plus sur Organisations\">Lire plus<\/a><\/p>\n","protected":false},"author":2,"featured_media":0,"parent":0,"menu_order":0,"comment_status":"closed","ping_status":"closed","template":"","meta":{"footnotes":""},"class_list":["post-578","page","type-page","status-publish"],"yoast_head":"<!-- This site is optimized with the Yoast SEO plugin v27.3 - https:\/\/yoast.com\/product\/yoast-seo-wordpress\/ -->\n<title>Organisations - iod\u00e9<\/title>\n<meta name=\"robots\" content=\"index, follow, max-snippet:-1, max-image-preview:large, max-video-preview:-1\" \/>\n<link rel=\"canonical\" href=\"https:\/\/iode.tech\/organization\/\" \/>\n<meta property=\"og:locale\" content=\"fr_FR\" \/>\n<meta property=\"og:type\" content=\"article\" \/>\n<meta property=\"og:title\" content=\"Organisations - iod\u00e9\" \/>\n<meta property=\"og:description\" content=\"\u00cates-vous une entreprise de syst\u00e8mes informatiques qui g\u00e8re l&rsquo;infrastructure informatique de ses clients ? \u00cates-vous une entreprise qui a besoin d&rsquo;une flotte de smartphones et de logiciels mobiles conformes au RGPD ? \u00cates-vous une organisation (gouvernementale) qui doit s&rsquo;assurer que ses clients, ses parties prenantes et ses employ\u00e9s sont en mesure de communiquer d&rsquo;une mani\u00e8re ... Lire plus\" \/>\n<meta property=\"og:url\" content=\"https:\/\/iode.tech\/organization\/\" \/>\n<meta property=\"og:site_name\" content=\"iod\u00e9\" \/>\n<meta property=\"article:modified_time\" content=\"2024-07-10T08:31:43+00:00\" \/>\n<meta name=\"twitter:card\" content=\"summary_large_image\" \/>\n<meta name=\"twitter:label1\" content=\"Dur\u00e9e de lecture estim\u00e9e\" \/>\n\t<meta name=\"twitter:data1\" content=\"2 minutes\" \/>\n<script type=\"application\/ld+json\" class=\"yoast-schema-graph\">{\"@context\":\"https:\\\/\\\/schema.org\",\"@graph\":[{\"@type\":\"WebPage\",\"@id\":\"https:\\\/\\\/iode.tech\\\/organization\\\/\",\"url\":\"https:\\\/\\\/iode.tech\\\/organization\\\/\",\"name\":\"Organisations - iod\u00e9\",\"isPartOf\":{\"@id\":\"https:\\\/\\\/iode.tech\\\/fr\\\/#website\"},\"datePublished\":\"2024-07-02T12:32:32+00:00\",\"dateModified\":\"2024-07-10T08:31:43+00:00\",\"breadcrumb\":{\"@id\":\"https:\\\/\\\/iode.tech\\\/organization\\\/#breadcrumb\"},\"inLanguage\":\"fr-FR\",\"potentialAction\":[{\"@type\":\"ReadAction\",\"target\":[\"https:\\\/\\\/iode.tech\\\/organization\\\/\"]}]},{\"@type\":\"BreadcrumbList\",\"@id\":\"https:\\\/\\\/iode.tech\\\/organization\\\/#breadcrumb\",\"itemListElement\":[{\"@type\":\"ListItem\",\"position\":1,\"name\":\"Accueil\",\"item\":\"https:\\\/\\\/iode.tech\\\/fr\\\/\"},{\"@type\":\"ListItem\",\"position\":2,\"name\":\"Organisations\"}]},{\"@type\":\"WebSite\",\"@id\":\"https:\\\/\\\/iode.tech\\\/fr\\\/#website\",\"url\":\"https:\\\/\\\/iode.tech\\\/fr\\\/\",\"name\":\"iod\u00e9\",\"description\":\"Soyez plus smart que votre t\u00e9l\u00e9phone.\",\"publisher\":{\"@id\":\"https:\\\/\\\/iode.tech\\\/fr\\\/#organization\"},\"potentialAction\":[{\"@type\":\"SearchAction\",\"target\":{\"@type\":\"EntryPoint\",\"urlTemplate\":\"https:\\\/\\\/iode.tech\\\/fr\\\/?s={search_term_string}\"},\"query-input\":{\"@type\":\"PropertyValueSpecification\",\"valueRequired\":true,\"valueName\":\"search_term_string\"}}],\"inLanguage\":\"fr-FR\"},{\"@type\":\"Organization\",\"@id\":\"https:\\\/\\\/iode.tech\\\/fr\\\/#organization\",\"name\":\"iod\u00e9\",\"url\":\"https:\\\/\\\/iode.tech\\\/fr\\\/\",\"logo\":{\"@type\":\"ImageObject\",\"inLanguage\":\"fr-FR\",\"@id\":\"https:\\\/\\\/iode.tech\\\/fr\\\/#\\\/schema\\\/logo\\\/image\\\/\",\"url\":\"https:\\\/\\\/iode.tech\\\/wp-content\\\/uploads\\\/2024\\\/06\\\/logo_iode_white_367x134.png\",\"contentUrl\":\"https:\\\/\\\/iode.tech\\\/wp-content\\\/uploads\\\/2024\\\/06\\\/logo_iode_white_367x134.png\",\"width\":367,\"height\":134,\"caption\":\"iod\u00e9\"},\"image\":{\"@id\":\"https:\\\/\\\/iode.tech\\\/fr\\\/#\\\/schema\\\/logo\\\/image\\\/\"}}]}<\/script>\n<!-- \/ Yoast SEO plugin. -->","yoast_head_json":{"title":"Organisations - iod\u00e9","robots":{"index":"index","follow":"follow","max-snippet":"max-snippet:-1","max-image-preview":"max-image-preview:large","max-video-preview":"max-video-preview:-1"},"canonical":"https:\/\/iode.tech\/organization\/","og_locale":"fr_FR","og_type":"article","og_title":"Organisations - iod\u00e9","og_description":"\u00cates-vous une entreprise de syst\u00e8mes informatiques qui g\u00e8re l&rsquo;infrastructure informatique de ses clients ? \u00cates-vous une entreprise qui a besoin d&rsquo;une flotte de smartphones et de logiciels mobiles conformes au RGPD ? \u00cates-vous une organisation (gouvernementale) qui doit s&rsquo;assurer que ses clients, ses parties prenantes et ses employ\u00e9s sont en mesure de communiquer d&rsquo;une mani\u00e8re ... Lire plus","og_url":"https:\/\/iode.tech\/organization\/","og_site_name":"iod\u00e9","article_modified_time":"2024-07-10T08:31:43+00:00","twitter_card":"summary_large_image","twitter_misc":{"Dur\u00e9e de lecture estim\u00e9e":"2 minutes"},"schema":{"@context":"https:\/\/schema.org","@graph":[{"@type":"WebPage","@id":"https:\/\/iode.tech\/organization\/","url":"https:\/\/iode.tech\/organization\/","name":"Organisations - iod\u00e9","isPartOf":{"@id":"https:\/\/iode.tech\/fr\/#website"},"datePublished":"2024-07-02T12:32:32+00:00","dateModified":"2024-07-10T08:31:43+00:00","breadcrumb":{"@id":"https:\/\/iode.tech\/organization\/#breadcrumb"},"inLanguage":"fr-FR","potentialAction":[{"@type":"ReadAction","target":["https:\/\/iode.tech\/organization\/"]}]},{"@type":"BreadcrumbList","@id":"https:\/\/iode.tech\/organization\/#breadcrumb","itemListElement":[{"@type":"ListItem","position":1,"name":"Accueil","item":"https:\/\/iode.tech\/fr\/"},{"@type":"ListItem","position":2,"name":"Organisations"}]},{"@type":"WebSite","@id":"https:\/\/iode.tech\/fr\/#website","url":"https:\/\/iode.tech\/fr\/","name":"iod\u00e9","description":"Soyez plus smart que votre t\u00e9l\u00e9phone.","publisher":{"@id":"https:\/\/iode.tech\/fr\/#organization"},"potentialAction":[{"@type":"SearchAction","target":{"@type":"EntryPoint","urlTemplate":"https:\/\/iode.tech\/fr\/?s={search_term_string}"},"query-input":{"@type":"PropertyValueSpecification","valueRequired":true,"valueName":"search_term_string"}}],"inLanguage":"fr-FR"},{"@type":"Organization","@id":"https:\/\/iode.tech\/fr\/#organization","name":"iod\u00e9","url":"https:\/\/iode.tech\/fr\/","logo":{"@type":"ImageObject","inLanguage":"fr-FR","@id":"https:\/\/iode.tech\/fr\/#\/schema\/logo\/image\/","url":"https:\/\/iode.tech\/wp-content\/uploads\/2024\/06\/logo_iode_white_367x134.png","contentUrl":"https:\/\/iode.tech\/wp-content\/uploads\/2024\/06\/logo_iode_white_367x134.png","width":367,"height":134,"caption":"iod\u00e9"},"image":{"@id":"https:\/\/iode.tech\/fr\/#\/schema\/logo\/image\/"}}]}},"_links":{"self":[{"href":"https:\/\/iode.tech\/fr\/wp-json\/wp\/v2\/pages\/578","targetHints":{"allow":["GET"]}}],"collection":[{"href":"https:\/\/iode.tech\/fr\/wp-json\/wp\/v2\/pages"}],"about":[{"href":"https:\/\/iode.tech\/fr\/wp-json\/wp\/v2\/types\/page"}],"author":[{"embeddable":true,"href":"https:\/\/iode.tech\/fr\/wp-json\/wp\/v2\/users\/2"}],"replies":[{"embeddable":true,"href":"https:\/\/iode.tech\/fr\/wp-json\/wp\/v2\/comments?post=578"}],"version-history":[{"count":1,"href":"https:\/\/iode.tech\/fr\/wp-json\/wp\/v2\/pages\/578\/revisions"}],"predecessor-version":[{"id":580,"href":"https:\/\/iode.tech\/fr\/wp-json\/wp\/v2\/pages\/578\/revisions\/580"}],"wp:attachment":[{"href":"https:\/\/iode.tech\/fr\/wp-json\/wp\/v2\/media?parent=578"}],"curies":[{"name":"wp","href":"https:\/\/api.w.org\/{rel}","templated":true}]}}