{"id":56646,"date":"2026-03-07T14:44:19","date_gmt":"2026-03-07T13:44:19","guid":{"rendered":"https:\/\/iode.tech\/beta\/"},"modified":"2026-04-08T20:35:34","modified_gmt":"2026-04-08T18:35:34","slug":"beta","status":"publish","type":"page","link":"https:\/\/iode.tech\/fr\/beta\/","title":{"rendered":"iod\u00e9OS Beta"},"content":{"rendered":"\n<h2 class=\"wp-block-heading\">Bienvenue, testeur b\u00eata !<\/h2>\n\n\n\n<p>Nous vous remercions de participer \u00e0 l&rsquo;am\u00e9lioration de iod\u00e9OS ! Avant chaque version officielle, notre \u00e9quipe teste les nouvelles versions pour s&rsquo;assurer que tout fonctionne correctement. Vos retours en tant que testeur b\u00eata sont inestimables pour am\u00e9liorer iod\u00e9OS pour tous.<br><\/p>\n\n\n<div class=\"wp-block-image\">\n<figure class=\"alignright\"><img decoding=\"async\" src=\"https:\/\/blog.iode.tech\/wp-content\/uploads\/2026\/03\/image-2-461x1024.png\" alt=\"\" class=\"wp-image-7498\"\/><\/figure>\n<\/div>\n\n\n<ol class=\"wp-block-list\">\n<li>Ouvrez le gestionnaire de mises \u00e0 jour sur votre appareil.<\/li>\n\n\n\n<li>Allez dans les Param\u00e8tres.<\/li>\n\n\n\n<li><strong>Activez l\u2019option \u00ab Afficher les versions b\u00eata \u00bb.<\/strong><\/li>\n\n\n\n<li>C\u2019est tout ! Les mises \u00e0 jour b\u00eata appara\u00eetront d\u00e9sormais aux c\u00f4t\u00e9s des versions stables.<\/li>\n<\/ol>\n\n\n\n<h2 class=\"wp-block-heading\">Comment d\u00e9sinstaller une ancienne version du programme de mise \u00e0 jour<\/h2>\n\n\n\n<p>Si vous rencontrez des probl\u00e8mes lors de l&rsquo;installation d&rsquo;une nouvelle version du programme de mise \u00e0 jour, vous devrez peut-\u00eatre d\u00e9sinstaller la version pr\u00e9c\u00e9dente :<\/p>\n\n\n\n<ol class=\"wp-block-list\">\n<li>Ouvrez les <strong>informations de l&rsquo;application<\/strong> en appuyant longuement sur l&rsquo;ic\u00f4ne du programme de mise \u00e0 jour.<\/li>\n\n\n\n<li>Appuyez sur le menu \u00e0 trois points en haut \u00e0 droite.<\/li>\n\n\n\n<li>S\u00e9lectionnez <strong>D\u00e9sinstaller les mises \u00e0 jour<\/strong>.<\/li>\n\n\n\n<li>Sinon, utilisez la commande : <code>adb uninstall org.lineageos.updater<\/code><\/li>\n<\/ol>\n\n\n\n<h2 class=\"wp-block-heading\">Comment fournir des retours<\/h2>\n\n\n\n<p>Vous recevrez des notifications lorsque de nouvelles mises \u00e0 jour b\u00eata seront pr\u00eates \u00e0 \u00eatre install\u00e9es. Si vous rencontrez des probl\u00e8mes, veuillez les signaler via :<\/p>\n\n\n\n<ul class=\"wp-block-list\">\n<li><strong><a href=\"https:\/\/t.me\/joinchat\/Nj4irBYAM--abzWN-F1pKg#\" target=\"_blank\" rel=\"noreferrer noopener\">Groupe Telegram<\/a><\/strong> \u2013 Rejoignez notre communaut\u00e9 pour un support rapide.<\/li>\n\n\n\n<li><strong><a href=\"https:\/\/matrix.to\/#\/#iodeOS:matrix.org\" target=\"_blank\" rel=\"noreferrer noopener\">Groupe Matrix (#iodeOS:matrix.org)<\/a><\/strong> \u2013 Connectez-vous avec d&rsquo;autres testeurs et d\u00e9veloppeurs.<\/li>\n\n\n\n<li>Ou notre <a href=\"https:\/\/community.iode.tech\" target=\"_blank\" rel=\"noreferrer noopener\">forum communautaire<\/a><\/li>\n<\/ul>\n\n\n\n<p>Si tout fonctionne parfaitement, profitez simplement de l&rsquo;acc\u00e8s anticip\u00e9 aux nouvelles fonctionnalit\u00e9s !<\/p>\n","protected":false},"excerpt":{"rendered":"<p>Bienvenue, testeur b\u00eata ! Nous vous remercions de participer \u00e0 l&rsquo;am\u00e9lioration de iod\u00e9OS ! Avant chaque version officielle, notre \u00e9quipe teste les nouvelles versions pour s&rsquo;assurer que tout fonctionne correctement. Vos retours en tant que testeur b\u00eata sont inestimables pour am\u00e9liorer iod\u00e9OS pour tous. Comment d\u00e9sinstaller une ancienne version du programme de mise \u00e0 jour &#8230; <a title=\"iod\u00e9OS Beta\" class=\"read-more\" href=\"https:\/\/iode.tech\/fr\/beta\/\" aria-label=\"En savoir plus sur iod\u00e9OS Beta\">Lire plus<\/a><\/p>\n","protected":false},"author":2,"featured_media":0,"parent":0,"menu_order":0,"comment_status":"closed","ping_status":"closed","template":"","meta":{"footnotes":""},"class_list":["post-56646","page","type-page","status-publish"],"yoast_head":"<!-- This site is optimized with the Yoast SEO plugin v27.4 - https:\/\/yoast.com\/product\/yoast-seo-wordpress\/ -->\n<title>iod\u00e9OS Beta - iod\u00e9<\/title>\n<meta name=\"description\" content=\"Devenez testeur b\u00eata pour iod\u00e9OS ! Acc\u00e9dez en avant-premi\u00e8re aux nouvelles fonctionnalit\u00e9s, testez les mises \u00e0 jour avant leur sortie et contribuez \u00e0 fa\u00e7onner l\u2019avenir d\u2019iod\u00e9OS. Rejoignez-nous d\u00e8s maintenant pour une exp\u00e9rience Android plus intelligente et ax\u00e9e sur la confidentialit\u00e9.\" \/>\n<meta name=\"robots\" content=\"index, follow, max-snippet:-1, max-image-preview:large, max-video-preview:-1\" \/>\n<link rel=\"canonical\" href=\"https:\/\/iode.tech\/fr\/beta\/\" \/>\n<meta property=\"og:locale\" content=\"fr_FR\" \/>\n<meta property=\"og:type\" content=\"article\" \/>\n<meta property=\"og:title\" content=\"iod\u00e9OS Beta - iod\u00e9\" \/>\n<meta property=\"og:description\" content=\"Devenez testeur b\u00eata pour iod\u00e9OS ! Acc\u00e9dez en avant-premi\u00e8re aux nouvelles fonctionnalit\u00e9s, testez les mises \u00e0 jour avant leur sortie et contribuez \u00e0 fa\u00e7onner l\u2019avenir d\u2019iod\u00e9OS. Rejoignez-nous d\u00e8s maintenant pour une exp\u00e9rience Android plus intelligente et ax\u00e9e sur la confidentialit\u00e9.\" \/>\n<meta property=\"og:url\" content=\"https:\/\/iode.tech\/fr\/beta\/\" \/>\n<meta property=\"og:site_name\" content=\"iod\u00e9\" \/>\n<meta property=\"article:modified_time\" content=\"2026-04-08T18:35:34+00:00\" \/>\n<meta name=\"twitter:card\" content=\"summary_large_image\" \/>\n<meta name=\"twitter:label1\" content=\"Dur\u00e9e de lecture estim\u00e9e\" \/>\n\t<meta name=\"twitter:data1\" content=\"2 minutes\" \/>\n<script type=\"application\/ld+json\" class=\"yoast-schema-graph\">{\"@context\":\"https:\\\/\\\/schema.org\",\"@graph\":[{\"@type\":\"WebPage\",\"@id\":\"https:\\\/\\\/iode.tech\\\/fr\\\/beta\\\/\",\"url\":\"https:\\\/\\\/iode.tech\\\/fr\\\/beta\\\/\",\"name\":\"iod\u00e9OS Beta - iod\u00e9\",\"isPartOf\":{\"@id\":\"https:\\\/\\\/iode.tech\\\/fr\\\/#website\"},\"primaryImageOfPage\":{\"@id\":\"https:\\\/\\\/iode.tech\\\/fr\\\/beta\\\/#primaryimage\"},\"image\":{\"@id\":\"https:\\\/\\\/iode.tech\\\/fr\\\/beta\\\/#primaryimage\"},\"thumbnailUrl\":\"https:\\\/\\\/blog.iode.tech\\\/wp-content\\\/uploads\\\/2026\\\/03\\\/image-2-461x1024.png\",\"datePublished\":\"2026-03-07T13:44:19+00:00\",\"dateModified\":\"2026-04-08T18:35:34+00:00\",\"description\":\"Devenez testeur b\u00eata pour iod\u00e9OS ! Acc\u00e9dez en avant-premi\u00e8re aux nouvelles fonctionnalit\u00e9s, testez les mises \u00e0 jour avant leur sortie et contribuez \u00e0 fa\u00e7onner l\u2019avenir d\u2019iod\u00e9OS. Rejoignez-nous d\u00e8s maintenant pour une exp\u00e9rience Android plus intelligente et ax\u00e9e sur la confidentialit\u00e9.\",\"breadcrumb\":{\"@id\":\"https:\\\/\\\/iode.tech\\\/fr\\\/beta\\\/#breadcrumb\"},\"inLanguage\":\"fr-FR\",\"potentialAction\":[{\"@type\":\"ReadAction\",\"target\":[\"https:\\\/\\\/iode.tech\\\/fr\\\/beta\\\/\"]}]},{\"@type\":\"ImageObject\",\"inLanguage\":\"fr-FR\",\"@id\":\"https:\\\/\\\/iode.tech\\\/fr\\\/beta\\\/#primaryimage\",\"url\":\"https:\\\/\\\/blog.iode.tech\\\/wp-content\\\/uploads\\\/2026\\\/03\\\/image-2-461x1024.png\",\"contentUrl\":\"https:\\\/\\\/blog.iode.tech\\\/wp-content\\\/uploads\\\/2026\\\/03\\\/image-2-461x1024.png\"},{\"@type\":\"BreadcrumbList\",\"@id\":\"https:\\\/\\\/iode.tech\\\/fr\\\/beta\\\/#breadcrumb\",\"itemListElement\":[{\"@type\":\"ListItem\",\"position\":1,\"name\":\"Accueil\",\"item\":\"https:\\\/\\\/iode.tech\\\/fr\\\/\"},{\"@type\":\"ListItem\",\"position\":2,\"name\":\"iod\u00e9OS Beta\"}]},{\"@type\":\"WebSite\",\"@id\":\"https:\\\/\\\/iode.tech\\\/fr\\\/#website\",\"url\":\"https:\\\/\\\/iode.tech\\\/fr\\\/\",\"name\":\"iod\u00e9\",\"description\":\"Soyez plus smart que votre t\u00e9l\u00e9phone.\",\"publisher\":{\"@id\":\"https:\\\/\\\/iode.tech\\\/fr\\\/#organization\"},\"potentialAction\":[{\"@type\":\"SearchAction\",\"target\":{\"@type\":\"EntryPoint\",\"urlTemplate\":\"https:\\\/\\\/iode.tech\\\/fr\\\/?s={search_term_string}\"},\"query-input\":{\"@type\":\"PropertyValueSpecification\",\"valueRequired\":true,\"valueName\":\"search_term_string\"}}],\"inLanguage\":\"fr-FR\"},{\"@type\":\"Organization\",\"@id\":\"https:\\\/\\\/iode.tech\\\/fr\\\/#organization\",\"name\":\"iod\u00e9\",\"url\":\"https:\\\/\\\/iode.tech\\\/fr\\\/\",\"logo\":{\"@type\":\"ImageObject\",\"inLanguage\":\"fr-FR\",\"@id\":\"https:\\\/\\\/iode.tech\\\/fr\\\/#\\\/schema\\\/logo\\\/image\\\/\",\"url\":\"https:\\\/\\\/iode.tech\\\/wp-content\\\/uploads\\\/2024\\\/06\\\/logo_iode_white_367x134.png\",\"contentUrl\":\"https:\\\/\\\/iode.tech\\\/wp-content\\\/uploads\\\/2024\\\/06\\\/logo_iode_white_367x134.png\",\"width\":367,\"height\":134,\"caption\":\"iod\u00e9\"},\"image\":{\"@id\":\"https:\\\/\\\/iode.tech\\\/fr\\\/#\\\/schema\\\/logo\\\/image\\\/\"}}]}<\/script>\n<!-- \/ Yoast SEO plugin. -->","yoast_head_json":{"title":"iod\u00e9OS Beta - iod\u00e9","description":"Devenez testeur b\u00eata pour iod\u00e9OS ! Acc\u00e9dez en avant-premi\u00e8re aux nouvelles fonctionnalit\u00e9s, testez les mises \u00e0 jour avant leur sortie et contribuez \u00e0 fa\u00e7onner l\u2019avenir d\u2019iod\u00e9OS. Rejoignez-nous d\u00e8s maintenant pour une exp\u00e9rience Android plus intelligente et ax\u00e9e sur la confidentialit\u00e9.","robots":{"index":"index","follow":"follow","max-snippet":"max-snippet:-1","max-image-preview":"max-image-preview:large","max-video-preview":"max-video-preview:-1"},"canonical":"https:\/\/iode.tech\/fr\/beta\/","og_locale":"fr_FR","og_type":"article","og_title":"iod\u00e9OS Beta - iod\u00e9","og_description":"Devenez testeur b\u00eata pour iod\u00e9OS ! Acc\u00e9dez en avant-premi\u00e8re aux nouvelles fonctionnalit\u00e9s, testez les mises \u00e0 jour avant leur sortie et contribuez \u00e0 fa\u00e7onner l\u2019avenir d\u2019iod\u00e9OS. Rejoignez-nous d\u00e8s maintenant pour une exp\u00e9rience Android plus intelligente et ax\u00e9e sur la confidentialit\u00e9.","og_url":"https:\/\/iode.tech\/fr\/beta\/","og_site_name":"iod\u00e9","article_modified_time":"2026-04-08T18:35:34+00:00","twitter_card":"summary_large_image","twitter_misc":{"Dur\u00e9e de lecture estim\u00e9e":"2 minutes"},"schema":{"@context":"https:\/\/schema.org","@graph":[{"@type":"WebPage","@id":"https:\/\/iode.tech\/fr\/beta\/","url":"https:\/\/iode.tech\/fr\/beta\/","name":"iod\u00e9OS Beta - iod\u00e9","isPartOf":{"@id":"https:\/\/iode.tech\/fr\/#website"},"primaryImageOfPage":{"@id":"https:\/\/iode.tech\/fr\/beta\/#primaryimage"},"image":{"@id":"https:\/\/iode.tech\/fr\/beta\/#primaryimage"},"thumbnailUrl":"https:\/\/blog.iode.tech\/wp-content\/uploads\/2026\/03\/image-2-461x1024.png","datePublished":"2026-03-07T13:44:19+00:00","dateModified":"2026-04-08T18:35:34+00:00","description":"Devenez testeur b\u00eata pour iod\u00e9OS ! Acc\u00e9dez en avant-premi\u00e8re aux nouvelles fonctionnalit\u00e9s, testez les mises \u00e0 jour avant leur sortie et contribuez \u00e0 fa\u00e7onner l\u2019avenir d\u2019iod\u00e9OS. Rejoignez-nous d\u00e8s maintenant pour une exp\u00e9rience Android plus intelligente et ax\u00e9e sur la confidentialit\u00e9.","breadcrumb":{"@id":"https:\/\/iode.tech\/fr\/beta\/#breadcrumb"},"inLanguage":"fr-FR","potentialAction":[{"@type":"ReadAction","target":["https:\/\/iode.tech\/fr\/beta\/"]}]},{"@type":"ImageObject","inLanguage":"fr-FR","@id":"https:\/\/iode.tech\/fr\/beta\/#primaryimage","url":"https:\/\/blog.iode.tech\/wp-content\/uploads\/2026\/03\/image-2-461x1024.png","contentUrl":"https:\/\/blog.iode.tech\/wp-content\/uploads\/2026\/03\/image-2-461x1024.png"},{"@type":"BreadcrumbList","@id":"https:\/\/iode.tech\/fr\/beta\/#breadcrumb","itemListElement":[{"@type":"ListItem","position":1,"name":"Accueil","item":"https:\/\/iode.tech\/fr\/"},{"@type":"ListItem","position":2,"name":"iod\u00e9OS Beta"}]},{"@type":"WebSite","@id":"https:\/\/iode.tech\/fr\/#website","url":"https:\/\/iode.tech\/fr\/","name":"iod\u00e9","description":"Soyez plus smart que votre t\u00e9l\u00e9phone.","publisher":{"@id":"https:\/\/iode.tech\/fr\/#organization"},"potentialAction":[{"@type":"SearchAction","target":{"@type":"EntryPoint","urlTemplate":"https:\/\/iode.tech\/fr\/?s={search_term_string}"},"query-input":{"@type":"PropertyValueSpecification","valueRequired":true,"valueName":"search_term_string"}}],"inLanguage":"fr-FR"},{"@type":"Organization","@id":"https:\/\/iode.tech\/fr\/#organization","name":"iod\u00e9","url":"https:\/\/iode.tech\/fr\/","logo":{"@type":"ImageObject","inLanguage":"fr-FR","@id":"https:\/\/iode.tech\/fr\/#\/schema\/logo\/image\/","url":"https:\/\/iode.tech\/wp-content\/uploads\/2024\/06\/logo_iode_white_367x134.png","contentUrl":"https:\/\/iode.tech\/wp-content\/uploads\/2024\/06\/logo_iode_white_367x134.png","width":367,"height":134,"caption":"iod\u00e9"},"image":{"@id":"https:\/\/iode.tech\/fr\/#\/schema\/logo\/image\/"}}]}},"_links":{"self":[{"href":"https:\/\/iode.tech\/fr\/wp-json\/wp\/v2\/pages\/56646","targetHints":{"allow":["GET"]}}],"collection":[{"href":"https:\/\/iode.tech\/fr\/wp-json\/wp\/v2\/pages"}],"about":[{"href":"https:\/\/iode.tech\/fr\/wp-json\/wp\/v2\/types\/page"}],"author":[{"embeddable":true,"href":"https:\/\/iode.tech\/fr\/wp-json\/wp\/v2\/users\/2"}],"replies":[{"embeddable":true,"href":"https:\/\/iode.tech\/fr\/wp-json\/wp\/v2\/comments?post=56646"}],"version-history":[{"count":5,"href":"https:\/\/iode.tech\/fr\/wp-json\/wp\/v2\/pages\/56646\/revisions"}],"predecessor-version":[{"id":56703,"href":"https:\/\/iode.tech\/fr\/wp-json\/wp\/v2\/pages\/56646\/revisions\/56703"}],"wp:attachment":[{"href":"https:\/\/iode.tech\/fr\/wp-json\/wp\/v2\/media?parent=56646"}],"curies":[{"name":"wp","href":"https:\/\/api.w.org\/{rel}","templated":true}]}}