{"id":554,"date":"2024-07-04T09:07:00","date_gmt":"2024-07-04T07:07:00","guid":{"rendered":"https:\/\/dev.iode.tech\/legal-notice\/"},"modified":"2026-02-03T15:01:07","modified_gmt":"2026-02-03T14:01:07","slug":"mentions-legales","status":"publish","type":"page","link":"https:\/\/iode.tech\/fr\/mentions-legales\/","title":{"rendered":"Mentions l\u00e9gales"},"content":{"rendered":"\n<p id=\"content\">Directeur de la publication : M. Antoine Maurino<\/p>\n\n\n\n<p>e-mail: support[@]iode.tech<\/p>\n\n\n\n<p>iod\u00e9 technologies SAS<br>Num\u00e9ro TVA: FR56902577675<br>17 rue du mont vallier 31320 Pechbusque <br>H\u00e9bergeur: OVH<br>RCS Roubaix \u2013 Tourcoing<br>424 761 419 00045<br>Code APE 6202A<br>Si\u00e8ge social: 2 rue Kellermann \u2013 59 100 Roubaix \u2013 France\u00a0<\/p>\n","protected":false},"excerpt":{"rendered":"<p>Directeur de la publication : M. Antoine Maurino e-mail: support[@]iode.tech iod\u00e9 technologies SASNum\u00e9ro TVA: FR5690257767517 rue du mont vallier 31320 Pechbusque H\u00e9bergeur: OVHRCS Roubaix \u2013 Tourcoing424 761 419 00045Code APE 6202ASi\u00e8ge social: 2 rue Kellermann \u2013 59 100 Roubaix \u2013 France\u00a0<\/p>\n","protected":false},"author":2,"featured_media":0,"parent":0,"menu_order":0,"comment_status":"closed","ping_status":"closed","template":"","meta":{"footnotes":""},"class_list":["post-554","page","type-page","status-publish"],"yoast_head":"<!-- This site is optimized with the Yoast SEO plugin v27.4 - https:\/\/yoast.com\/product\/yoast-seo-wordpress\/ -->\n<title>Mentions l\u00e9gales - iod\u00e9<\/title>\n<meta name=\"robots\" content=\"index, follow, max-snippet:-1, max-image-preview:large, max-video-preview:-1\" \/>\n<link rel=\"canonical\" href=\"https:\/\/iode.tech\/fr\/mentions-legales\/\" \/>\n<meta property=\"og:locale\" content=\"fr_FR\" \/>\n<meta property=\"og:type\" content=\"article\" \/>\n<meta property=\"og:title\" content=\"Mentions l\u00e9gales - iod\u00e9\" \/>\n<meta property=\"og:description\" content=\"Directeur de la publication : M. Antoine Maurino e-mail: support[@]iode.tech iod\u00e9 technologies SASNum\u00e9ro TVA: FR5690257767517 rue du mont vallier 31320 Pechbusque H\u00e9bergeur: OVHRCS Roubaix \u2013 Tourcoing424 761 419 00045Code APE 6202ASi\u00e8ge social: 2 rue Kellermann \u2013 59 100 Roubaix \u2013 France\u00a0\" \/>\n<meta property=\"og:url\" content=\"https:\/\/iode.tech\/fr\/mentions-legales\/\" \/>\n<meta property=\"og:site_name\" content=\"iod\u00e9\" \/>\n<meta property=\"article:modified_time\" content=\"2026-02-03T14:01:07+00:00\" \/>\n<meta name=\"twitter:card\" content=\"summary_large_image\" \/>\n<meta name=\"twitter:label1\" content=\"Dur\u00e9e de lecture estim\u00e9e\" \/>\n\t<meta name=\"twitter:data1\" content=\"1 minute\" \/>\n<script type=\"application\/ld+json\" class=\"yoast-schema-graph\">{\"@context\":\"https:\\\/\\\/schema.org\",\"@graph\":[{\"@type\":\"WebPage\",\"@id\":\"https:\\\/\\\/iode.tech\\\/fr\\\/mentions-legales\\\/\",\"url\":\"https:\\\/\\\/iode.tech\\\/fr\\\/mentions-legales\\\/\",\"name\":\"Mentions l\u00e9gales - iod\u00e9\",\"isPartOf\":{\"@id\":\"https:\\\/\\\/iode.tech\\\/fr\\\/#website\"},\"datePublished\":\"2024-07-04T07:07:00+00:00\",\"dateModified\":\"2026-02-03T14:01:07+00:00\",\"breadcrumb\":{\"@id\":\"https:\\\/\\\/iode.tech\\\/fr\\\/mentions-legales\\\/#breadcrumb\"},\"inLanguage\":\"fr-FR\",\"potentialAction\":[{\"@type\":\"ReadAction\",\"target\":[\"https:\\\/\\\/iode.tech\\\/fr\\\/mentions-legales\\\/\"]}]},{\"@type\":\"BreadcrumbList\",\"@id\":\"https:\\\/\\\/iode.tech\\\/fr\\\/mentions-legales\\\/#breadcrumb\",\"itemListElement\":[{\"@type\":\"ListItem\",\"position\":1,\"name\":\"Accueil\",\"item\":\"https:\\\/\\\/iode.tech\\\/fr\\\/\"},{\"@type\":\"ListItem\",\"position\":2,\"name\":\"Mentions l\u00e9gales\"}]},{\"@type\":\"WebSite\",\"@id\":\"https:\\\/\\\/iode.tech\\\/fr\\\/#website\",\"url\":\"https:\\\/\\\/iode.tech\\\/fr\\\/\",\"name\":\"iod\u00e9\",\"description\":\"Soyez plus smart que votre t\u00e9l\u00e9phone.\",\"publisher\":{\"@id\":\"https:\\\/\\\/iode.tech\\\/fr\\\/#organization\"},\"potentialAction\":[{\"@type\":\"SearchAction\",\"target\":{\"@type\":\"EntryPoint\",\"urlTemplate\":\"https:\\\/\\\/iode.tech\\\/fr\\\/?s={search_term_string}\"},\"query-input\":{\"@type\":\"PropertyValueSpecification\",\"valueRequired\":true,\"valueName\":\"search_term_string\"}}],\"inLanguage\":\"fr-FR\"},{\"@type\":\"Organization\",\"@id\":\"https:\\\/\\\/iode.tech\\\/fr\\\/#organization\",\"name\":\"iod\u00e9\",\"url\":\"https:\\\/\\\/iode.tech\\\/fr\\\/\",\"logo\":{\"@type\":\"ImageObject\",\"inLanguage\":\"fr-FR\",\"@id\":\"https:\\\/\\\/iode.tech\\\/fr\\\/#\\\/schema\\\/logo\\\/image\\\/\",\"url\":\"https:\\\/\\\/iode.tech\\\/wp-content\\\/uploads\\\/2024\\\/06\\\/logo_iode_white_367x134.png\",\"contentUrl\":\"https:\\\/\\\/iode.tech\\\/wp-content\\\/uploads\\\/2024\\\/06\\\/logo_iode_white_367x134.png\",\"width\":367,\"height\":134,\"caption\":\"iod\u00e9\"},\"image\":{\"@id\":\"https:\\\/\\\/iode.tech\\\/fr\\\/#\\\/schema\\\/logo\\\/image\\\/\"}}]}<\/script>\n<!-- \/ Yoast SEO plugin. -->","yoast_head_json":{"title":"Mentions l\u00e9gales - iod\u00e9","robots":{"index":"index","follow":"follow","max-snippet":"max-snippet:-1","max-image-preview":"max-image-preview:large","max-video-preview":"max-video-preview:-1"},"canonical":"https:\/\/iode.tech\/fr\/mentions-legales\/","og_locale":"fr_FR","og_type":"article","og_title":"Mentions l\u00e9gales - iod\u00e9","og_description":"Directeur de la publication : M. Antoine Maurino e-mail: support[@]iode.tech iod\u00e9 technologies SASNum\u00e9ro TVA: FR5690257767517 rue du mont vallier 31320 Pechbusque H\u00e9bergeur: OVHRCS Roubaix \u2013 Tourcoing424 761 419 00045Code APE 6202ASi\u00e8ge social: 2 rue Kellermann \u2013 59 100 Roubaix \u2013 France\u00a0","og_url":"https:\/\/iode.tech\/fr\/mentions-legales\/","og_site_name":"iod\u00e9","article_modified_time":"2026-02-03T14:01:07+00:00","twitter_card":"summary_large_image","twitter_misc":{"Dur\u00e9e de lecture estim\u00e9e":"1 minute"},"schema":{"@context":"https:\/\/schema.org","@graph":[{"@type":"WebPage","@id":"https:\/\/iode.tech\/fr\/mentions-legales\/","url":"https:\/\/iode.tech\/fr\/mentions-legales\/","name":"Mentions l\u00e9gales - iod\u00e9","isPartOf":{"@id":"https:\/\/iode.tech\/fr\/#website"},"datePublished":"2024-07-04T07:07:00+00:00","dateModified":"2026-02-03T14:01:07+00:00","breadcrumb":{"@id":"https:\/\/iode.tech\/fr\/mentions-legales\/#breadcrumb"},"inLanguage":"fr-FR","potentialAction":[{"@type":"ReadAction","target":["https:\/\/iode.tech\/fr\/mentions-legales\/"]}]},{"@type":"BreadcrumbList","@id":"https:\/\/iode.tech\/fr\/mentions-legales\/#breadcrumb","itemListElement":[{"@type":"ListItem","position":1,"name":"Accueil","item":"https:\/\/iode.tech\/fr\/"},{"@type":"ListItem","position":2,"name":"Mentions l\u00e9gales"}]},{"@type":"WebSite","@id":"https:\/\/iode.tech\/fr\/#website","url":"https:\/\/iode.tech\/fr\/","name":"iod\u00e9","description":"Soyez plus smart que votre t\u00e9l\u00e9phone.","publisher":{"@id":"https:\/\/iode.tech\/fr\/#organization"},"potentialAction":[{"@type":"SearchAction","target":{"@type":"EntryPoint","urlTemplate":"https:\/\/iode.tech\/fr\/?s={search_term_string}"},"query-input":{"@type":"PropertyValueSpecification","valueRequired":true,"valueName":"search_term_string"}}],"inLanguage":"fr-FR"},{"@type":"Organization","@id":"https:\/\/iode.tech\/fr\/#organization","name":"iod\u00e9","url":"https:\/\/iode.tech\/fr\/","logo":{"@type":"ImageObject","inLanguage":"fr-FR","@id":"https:\/\/iode.tech\/fr\/#\/schema\/logo\/image\/","url":"https:\/\/iode.tech\/wp-content\/uploads\/2024\/06\/logo_iode_white_367x134.png","contentUrl":"https:\/\/iode.tech\/wp-content\/uploads\/2024\/06\/logo_iode_white_367x134.png","width":367,"height":134,"caption":"iod\u00e9"},"image":{"@id":"https:\/\/iode.tech\/fr\/#\/schema\/logo\/image\/"}}]}},"_links":{"self":[{"href":"https:\/\/iode.tech\/fr\/wp-json\/wp\/v2\/pages\/554","targetHints":{"allow":["GET"]}}],"collection":[{"href":"https:\/\/iode.tech\/fr\/wp-json\/wp\/v2\/pages"}],"about":[{"href":"https:\/\/iode.tech\/fr\/wp-json\/wp\/v2\/types\/page"}],"author":[{"embeddable":true,"href":"https:\/\/iode.tech\/fr\/wp-json\/wp\/v2\/users\/2"}],"replies":[{"embeddable":true,"href":"https:\/\/iode.tech\/fr\/wp-json\/wp\/v2\/comments?post=554"}],"version-history":[{"count":2,"href":"https:\/\/iode.tech\/fr\/wp-json\/wp\/v2\/pages\/554\/revisions"}],"predecessor-version":[{"id":56618,"href":"https:\/\/iode.tech\/fr\/wp-json\/wp\/v2\/pages\/554\/revisions\/56618"}],"wp:attachment":[{"href":"https:\/\/iode.tech\/fr\/wp-json\/wp\/v2\/media?parent=554"}],"curies":[{"name":"wp","href":"https:\/\/api.w.org\/{rel}","templated":true}]}}