{"id":549,"date":"2024-07-04T08:59:56","date_gmt":"2024-07-04T06:59:56","guid":{"rendered":"https:\/\/dev.iode.tech\/datenschutzerklarung\/"},"modified":"2024-07-04T09:06:08","modified_gmt":"2024-07-04T07:06:08","slug":"politique-de-protection-des-donnees","status":"publish","type":"page","link":"https:\/\/iode.tech\/fr\/politique-de-protection-des-donnees\/","title":{"rendered":"Politique de protection des donn\u00e9es"},"content":{"rendered":"\n<h2 class=\"wp-block-heading\">1. Pr\u00e9ambule<\/h2>\n\n\n\n<p>iod\u00e9 est particuli\u00e8rement attach\u00e9 au respect de la vie priv\u00e9e et \u00e0 la protection des donn\u00e9es \u00e0 caract\u00e8re personnel. Aussi, la pr\u00e9sente politique de protection des donn\u00e9es a pour objectif de vous informer sur les engagements et mesures pratiques pris par iod\u00e9 afin de veiller au respect de vos donn\u00e9es \u00e0 caract\u00e8re personnel.<\/p>\n\n\n\n<p>La pr\u00e9sente politique de confidentialit\u00e9 pourra \u00e9voluer en fonction du contexte l\u00e9gal et r\u00e9glementaire et de la doctrine de la Cnil.<\/p>\n\n\n\n<h2 class=\"wp-block-heading\">2. Champ d\u2019application<\/h2>\n\n\n\n<p>Cette politique de protection des donn\u00e9es \u00e0 caract\u00e8re personnel s\u2019applique \u00e0 tous les traitements de donn\u00e9es \u00e0 caract\u00e8re personnel, mis en \u0153uvre par iod\u00e9, relatifs aux visiteurs et clients de la plateforme de vente iode.tech, aux utilisateurs du smartphone iod\u00e9, ainsi que relatifs aux personnes ext\u00e9rieures (notamment les partenaires, candidats au recrutement, fournisseurs, internautes).<\/p>\n\n\n\n<h2 class=\"wp-block-heading\">3. Donn\u00e9es collect\u00e9es<\/h2>\n\n\n\n<p>iod\u00e9 utilise <a href=\"https:\/\/matomo.org\/\">Matomo<\/a>, une plateforme d\u2019analyse web open source, afin de mesurer, collecter, analyser et rapporter les donn\u00e9es des visiteurs dans le but de comprendre et d\u2019optimiser le site web.<\/p>\n\n\n\n<p>Votre vie priv\u00e9e \u00e9tant au centre de nos pr\u00e9occupations, voici les mesures suppl\u00e9mentaires que nous prenons :<\/p>\n\n\n\n<ul class=\"wp-block-list\">\n<li>Les adresses IP sont rendues anonymes par au moins 2 octets,<\/li>\n\n\n\n<li>Les cookies de suivi sont d\u00e9sactiv\u00e9s,<\/li>\n\n\n\n<li>Live Plugin (temps r\u00e9el, profil du visiteur, etc.) est d\u00e9sactiv\u00e9.<\/li>\n\n\n\n<li>L\u2019identification de l\u2019utilisateur, le commerce \u00e9lectronique, les cartes thermiques et les enregistrements de session sont d\u00e9sactiv\u00e9s.<\/li>\n\n\n\n<li>Aucune<a href=\"https:\/\/matomo.org\/personally-identifiable-information-guide-list-of-pii-examples\/\"> donn\u00e9e personnelle<\/a> n\u2019est jamais collect\u00e9e ni stock\u00e9e<\/li>\n<\/ul>\n\n\n\n<p>Toutefois, afin d\u2019\u00eatre en mesure de vous apporter certains services, iod\u00e9 peut vous demander de lui fournir des donn\u00e9es personnelles (nom, adresse, num\u00e9ro de t\u00e9l\u00e9phone, adresse \u00e9lectronique, etc.), par exemple, pour r\u00e9pondre \u00e0 une demande de contact, ouvrir un compte en ligne, souscrire \u00e0 un abonnement, suivre un dossier de candidature,&nbsp; ou g\u00e9rer vos achats sur notre plateforme.<\/p>\n\n\n\n<p>Dans tous les cas, iod\u00e9 veille \u00e0 ne collecter et ne traiter que des donn\u00e9es strictement n\u00e9cessaires au regard de la finalit\u00e9 pour laquelle elles sont trait\u00e9es (minimisation des donn\u00e9es).<\/p>\n\n\n\n<p>Toutes les informations collect\u00e9es sur iode.tech seront g\u00e9r\u00e9es en accord avec la l\u00e9gislation GDPR.<\/p>\n\n\n\n<h2 class=\"wp-block-heading\">4. Finalit\u00e9s de la collecte<\/h2>\n\n\n\n<p>Matomo est utilis\u00e9 pour analyser le comportement des visiteurs du site web afin d\u2019identifier les pages non trouv\u00e9es, les probl\u00e8mes d\u2019indexation des moteurs de recherche, les contenus les plus appr\u00e9ci\u00e9s, etc\u2026 Une fois les donn\u00e9es trait\u00e9es (nombre de visiteurs atteignant une page non trouv\u00e9e, ne visualisant qu\u2019une seule page\u2026), Matomo g\u00e9n\u00e8re des rapports nous permettant de prendre des mesures, par exemple en modifiant la mise en page des pages, en publiant du contenu frais\u2026 etc.<\/p>\n\n\n\n<p>Le traitement mis en \u0153uvre par iod\u00e9 r\u00e9pond \u00e0 une finalit\u00e9 explicite, l\u00e9gitime et d\u00e9termin\u00e9e.<\/p>\n\n\n\n<p>Dans le cas o\u00f9 vous communiquez explicitement des donn\u00e9es personnelles lors de l\u2019utilisation de notre plateforme en \u00e9change d\u2019un service, vos donn\u00e9es sont trait\u00e9es exclusivement pour les finalit\u00e9s suivantes :<\/p>\n\n\n\n<ul class=\"wp-block-list\">\n<li>la gestion de vos achats sur notre plateforme ;<\/li>\n\n\n\n<li>la r\u00e9ponse \u00e0 vos demandes de contact ;<\/li>\n\n\n\n<li>le suivi de votre dossier de candidature.<\/li>\n<\/ul>\n\n\n\n<h2 class=\"wp-block-heading\">5. Destinataires des donn\u00e9es<\/h2>\n\n\n\n<p>iod\u00e9 ne communique vos donn\u00e9es \u00e0 caract\u00e8re personnel qu\u2019\u00e0 des destinataires habilit\u00e9s et d\u00e9termin\u00e9s.<\/p>\n\n\n\n<p>Lorsque vous effectuez un paiement sur notre plateforme en ligne, vous pouvez l\u2019effectuer de trois mani\u00e8res diff\u00e9rentes :<\/p>\n\n\n\n<ul class=\"wp-block-list\">\n<li>avec le formulaire. Nous utilisons le service tiers \u201cStripe\u201d pour la gestion et la v\u00e9rification du paiement. Plus d\u2019informations sur la politique de vie priv\u00e9e de Stripe au lien suivant : https:\/\/stripe.com\/fr\/privacy<\/li>\n\n\n\n<li>via \u201cPaypal\u201d. Plus d\u2019informations sur la politique de vie priv\u00e9e de Paypal au lien suivant : https:\/\/www.paypal.com\/webapps\/mpp\/ua\/privacy-full<\/li>\n\n\n\n<li>en cryptomonnaies via Coinbase. Plus d\u2019informations sur la politique de vie priv\u00e9e de Coinbase au lien suivant : https:\/\/commerce.coinbase.com\/legal\/privacy-policy\/.<\/li>\n<\/ul>\n\n\n\n<p>Nous ne divulguons aucune information d\u2019identification personnelle autres que celles d\u00e9crites ci-dessus. Et les visiteurs peuvent toujours refuser de fournir des informations d\u2019identification personnelle, avec la mise en garde que cela peut les emp\u00eacher de s\u2019engager dans certaines activit\u00e9s li\u00e9es au site web, comme l\u2019achat d\u2019un smartphone.<\/p>\n\n\n\n<h2 class=\"wp-block-heading\">6. Conservation des donn\u00e9es<\/h2>\n\n\n\n<p>iod\u00e9 ne conserve vos donn\u00e9es que pour la dur\u00e9e n\u00e9cessaire aux op\u00e9rations pour lesquelles elles ont \u00e9t\u00e9 collect\u00e9es ainsi que dans le respect de la l\u00e9gislation en vigueur.<br>Matomo est configur\u00e9 pour qu\u2019il supprime les donn\u00e9es brutes et\/ou les rapports agr\u00e9g\u00e9s de plus de 12 mois.<\/p>\n\n\n\n<h2 class=\"wp-block-heading\">7. S\u00e9curit\u00e9<\/h2>\n\n\n\n<p>iod\u00e9 assure la s\u00e9curit\u00e9 de vos donn\u00e9es \u00e0 caract\u00e8re personnel en mettant en place une protection des donn\u00e9es renforc\u00e9e par l\u2019utilisation de moyens de s\u00e9curisation physiques et logiques.<\/p>\n\n\n\n<h2 class=\"wp-block-heading\">8. Vos droits<\/h2>\n\n\n\n<p>Afin de g\u00e9n\u00e9rer des rapports globaux tels que le nombre de visiteurs atteignant des pages introuvables, ne visualisant qu\u2019une seule page, etc\u2026, Matomo utilise un outil d\u2019analyse web. Vous avez le droit de vous d\u00e9sinscrire compl\u00e8tement ici : https:\/\/iode.tech\/matomo-opt-out\/, et vos visites sur ce site web ne seront pas enregistr\u00e9es par l\u2019outil d\u2019analyse web.<br>En application de la r\u00e9glementation Informatique et libert\u00e9s, vous disposez d\u2019un droit d\u2019acc\u00e8s, de rectification, d\u2019effacement, de limitation du traitement, \u00e0 la portabilit\u00e9 et de d\u00e9finir le sort de vos donn\u00e9es apr\u00e8s votre d\u00e9c\u00e8s relativement \u00e0 l\u2019ensemble des donn\u00e9es vous concernant qui s\u2019exercent aupr\u00e8s du D\u00e9l\u00e9gu\u00e9 \u00e0 la protection des donn\u00e9es par courrier \u00e9lectronique \u00e0 l\u2019adresse suivante : support[@]iode.tech, ou par courrier postal \u00e0 l\u2019adresse suivante : 17 rue du mont vallier 31320 Pechbusque \u2013 France.<\/p>\n\n\n\n<h2 class=\"wp-block-heading\">9. Contact<\/h2>\n\n\n\n<p>Pour toutes demandes d\u2019information concernant la politique de protection des donn\u00e9es \u00e0 caract\u00e8re personnel mise en \u0153uvre par iod\u00e9, vous pouvez vous adressez \u00e0 support[@]iode.tech<\/p>\n","protected":false},"excerpt":{"rendered":"<p>1. Pr\u00e9ambule iod\u00e9 est particuli\u00e8rement attach\u00e9 au respect de la vie priv\u00e9e et \u00e0 la protection des donn\u00e9es \u00e0 caract\u00e8re personnel. Aussi, la pr\u00e9sente politique de protection des donn\u00e9es a pour objectif de vous informer sur les engagements et mesures pratiques pris par iod\u00e9 afin de veiller au respect de vos donn\u00e9es \u00e0 caract\u00e8re personnel. &#8230; <a title=\"Politique de protection des donn\u00e9es\" class=\"read-more\" href=\"https:\/\/iode.tech\/fr\/politique-de-protection-des-donnees\/\" aria-label=\"En savoir plus sur Politique de protection des donn\u00e9es\">Lire plus<\/a><\/p>\n","protected":false},"author":2,"featured_media":0,"parent":0,"menu_order":0,"comment_status":"closed","ping_status":"closed","template":"","meta":{"footnotes":""},"class_list":["post-549","page","type-page","status-publish"],"yoast_head":"<!-- This site is optimized with the Yoast SEO plugin v27.4 - https:\/\/yoast.com\/product\/yoast-seo-wordpress\/ -->\n<title>Politique de protection des donn\u00e9es - iod\u00e9<\/title>\n<meta name=\"robots\" content=\"index, follow, max-snippet:-1, max-image-preview:large, max-video-preview:-1\" \/>\n<link rel=\"canonical\" href=\"https:\/\/iode.tech\/privacy-policy\/\" \/>\n<meta property=\"og:locale\" content=\"fr_FR\" \/>\n<meta property=\"og:type\" content=\"article\" \/>\n<meta property=\"og:title\" content=\"Politique de protection des donn\u00e9es - iod\u00e9\" \/>\n<meta property=\"og:description\" content=\"1. Pr\u00e9ambule iod\u00e9 est particuli\u00e8rement attach\u00e9 au respect de la vie priv\u00e9e et \u00e0 la protection des donn\u00e9es \u00e0 caract\u00e8re personnel. Aussi, la pr\u00e9sente politique de protection des donn\u00e9es a pour objectif de vous informer sur les engagements et mesures pratiques pris par iod\u00e9 afin de veiller au respect de vos donn\u00e9es \u00e0 caract\u00e8re personnel. ... Lire plus\" \/>\n<meta property=\"og:url\" content=\"https:\/\/iode.tech\/privacy-policy\/\" \/>\n<meta property=\"og:site_name\" content=\"iod\u00e9\" \/>\n<meta property=\"article:modified_time\" content=\"2024-07-04T07:06:08+00:00\" \/>\n<meta name=\"twitter:card\" content=\"summary_large_image\" \/>\n<meta name=\"twitter:label1\" content=\"Dur\u00e9e de lecture estim\u00e9e\" \/>\n\t<meta name=\"twitter:data1\" content=\"4 minutes\" \/>\n<script type=\"application\/ld+json\" class=\"yoast-schema-graph\">{\"@context\":\"https:\\\/\\\/schema.org\",\"@graph\":[{\"@type\":\"WebPage\",\"@id\":\"https:\\\/\\\/iode.tech\\\/privacy-policy\\\/\",\"url\":\"https:\\\/\\\/iode.tech\\\/privacy-policy\\\/\",\"name\":\"Politique de protection des donn\u00e9es - iod\u00e9\",\"isPartOf\":{\"@id\":\"https:\\\/\\\/iode.tech\\\/fr\\\/#website\"},\"datePublished\":\"2024-07-04T06:59:56+00:00\",\"dateModified\":\"2024-07-04T07:06:08+00:00\",\"breadcrumb\":{\"@id\":\"https:\\\/\\\/iode.tech\\\/privacy-policy\\\/#breadcrumb\"},\"inLanguage\":\"fr-FR\",\"potentialAction\":[{\"@type\":\"ReadAction\",\"target\":[\"https:\\\/\\\/iode.tech\\\/privacy-policy\\\/\"]}]},{\"@type\":\"BreadcrumbList\",\"@id\":\"https:\\\/\\\/iode.tech\\\/privacy-policy\\\/#breadcrumb\",\"itemListElement\":[{\"@type\":\"ListItem\",\"position\":1,\"name\":\"Accueil\",\"item\":\"https:\\\/\\\/iode.tech\\\/fr\\\/\"},{\"@type\":\"ListItem\",\"position\":2,\"name\":\"Politique de protection des donn\u00e9es\"}]},{\"@type\":\"WebSite\",\"@id\":\"https:\\\/\\\/iode.tech\\\/fr\\\/#website\",\"url\":\"https:\\\/\\\/iode.tech\\\/fr\\\/\",\"name\":\"iod\u00e9\",\"description\":\"Soyez plus smart que votre t\u00e9l\u00e9phone.\",\"publisher\":{\"@id\":\"https:\\\/\\\/iode.tech\\\/fr\\\/#organization\"},\"potentialAction\":[{\"@type\":\"SearchAction\",\"target\":{\"@type\":\"EntryPoint\",\"urlTemplate\":\"https:\\\/\\\/iode.tech\\\/fr\\\/?s={search_term_string}\"},\"query-input\":{\"@type\":\"PropertyValueSpecification\",\"valueRequired\":true,\"valueName\":\"search_term_string\"}}],\"inLanguage\":\"fr-FR\"},{\"@type\":\"Organization\",\"@id\":\"https:\\\/\\\/iode.tech\\\/fr\\\/#organization\",\"name\":\"iod\u00e9\",\"url\":\"https:\\\/\\\/iode.tech\\\/fr\\\/\",\"logo\":{\"@type\":\"ImageObject\",\"inLanguage\":\"fr-FR\",\"@id\":\"https:\\\/\\\/iode.tech\\\/fr\\\/#\\\/schema\\\/logo\\\/image\\\/\",\"url\":\"https:\\\/\\\/iode.tech\\\/wp-content\\\/uploads\\\/2024\\\/06\\\/logo_iode_white_367x134.png\",\"contentUrl\":\"https:\\\/\\\/iode.tech\\\/wp-content\\\/uploads\\\/2024\\\/06\\\/logo_iode_white_367x134.png\",\"width\":367,\"height\":134,\"caption\":\"iod\u00e9\"},\"image\":{\"@id\":\"https:\\\/\\\/iode.tech\\\/fr\\\/#\\\/schema\\\/logo\\\/image\\\/\"}}]}<\/script>\n<!-- \/ Yoast SEO plugin. -->","yoast_head_json":{"title":"Politique de protection des donn\u00e9es - iod\u00e9","robots":{"index":"index","follow":"follow","max-snippet":"max-snippet:-1","max-image-preview":"max-image-preview:large","max-video-preview":"max-video-preview:-1"},"canonical":"https:\/\/iode.tech\/privacy-policy\/","og_locale":"fr_FR","og_type":"article","og_title":"Politique de protection des donn\u00e9es - iod\u00e9","og_description":"1. Pr\u00e9ambule iod\u00e9 est particuli\u00e8rement attach\u00e9 au respect de la vie priv\u00e9e et \u00e0 la protection des donn\u00e9es \u00e0 caract\u00e8re personnel. Aussi, la pr\u00e9sente politique de protection des donn\u00e9es a pour objectif de vous informer sur les engagements et mesures pratiques pris par iod\u00e9 afin de veiller au respect de vos donn\u00e9es \u00e0 caract\u00e8re personnel. ... Lire plus","og_url":"https:\/\/iode.tech\/privacy-policy\/","og_site_name":"iod\u00e9","article_modified_time":"2024-07-04T07:06:08+00:00","twitter_card":"summary_large_image","twitter_misc":{"Dur\u00e9e de lecture estim\u00e9e":"4 minutes"},"schema":{"@context":"https:\/\/schema.org","@graph":[{"@type":"WebPage","@id":"https:\/\/iode.tech\/privacy-policy\/","url":"https:\/\/iode.tech\/privacy-policy\/","name":"Politique de protection des donn\u00e9es - iod\u00e9","isPartOf":{"@id":"https:\/\/iode.tech\/fr\/#website"},"datePublished":"2024-07-04T06:59:56+00:00","dateModified":"2024-07-04T07:06:08+00:00","breadcrumb":{"@id":"https:\/\/iode.tech\/privacy-policy\/#breadcrumb"},"inLanguage":"fr-FR","potentialAction":[{"@type":"ReadAction","target":["https:\/\/iode.tech\/privacy-policy\/"]}]},{"@type":"BreadcrumbList","@id":"https:\/\/iode.tech\/privacy-policy\/#breadcrumb","itemListElement":[{"@type":"ListItem","position":1,"name":"Accueil","item":"https:\/\/iode.tech\/fr\/"},{"@type":"ListItem","position":2,"name":"Politique de protection des donn\u00e9es"}]},{"@type":"WebSite","@id":"https:\/\/iode.tech\/fr\/#website","url":"https:\/\/iode.tech\/fr\/","name":"iod\u00e9","description":"Soyez plus smart que votre t\u00e9l\u00e9phone.","publisher":{"@id":"https:\/\/iode.tech\/fr\/#organization"},"potentialAction":[{"@type":"SearchAction","target":{"@type":"EntryPoint","urlTemplate":"https:\/\/iode.tech\/fr\/?s={search_term_string}"},"query-input":{"@type":"PropertyValueSpecification","valueRequired":true,"valueName":"search_term_string"}}],"inLanguage":"fr-FR"},{"@type":"Organization","@id":"https:\/\/iode.tech\/fr\/#organization","name":"iod\u00e9","url":"https:\/\/iode.tech\/fr\/","logo":{"@type":"ImageObject","inLanguage":"fr-FR","@id":"https:\/\/iode.tech\/fr\/#\/schema\/logo\/image\/","url":"https:\/\/iode.tech\/wp-content\/uploads\/2024\/06\/logo_iode_white_367x134.png","contentUrl":"https:\/\/iode.tech\/wp-content\/uploads\/2024\/06\/logo_iode_white_367x134.png","width":367,"height":134,"caption":"iod\u00e9"},"image":{"@id":"https:\/\/iode.tech\/fr\/#\/schema\/logo\/image\/"}}]}},"_links":{"self":[{"href":"https:\/\/iode.tech\/fr\/wp-json\/wp\/v2\/pages\/549","targetHints":{"allow":["GET"]}}],"collection":[{"href":"https:\/\/iode.tech\/fr\/wp-json\/wp\/v2\/pages"}],"about":[{"href":"https:\/\/iode.tech\/fr\/wp-json\/wp\/v2\/types\/page"}],"author":[{"embeddable":true,"href":"https:\/\/iode.tech\/fr\/wp-json\/wp\/v2\/users\/2"}],"replies":[{"embeddable":true,"href":"https:\/\/iode.tech\/fr\/wp-json\/wp\/v2\/comments?post=549"}],"version-history":[{"count":1,"href":"https:\/\/iode.tech\/fr\/wp-json\/wp\/v2\/pages\/549\/revisions"}],"predecessor-version":[{"id":550,"href":"https:\/\/iode.tech\/fr\/wp-json\/wp\/v2\/pages\/549\/revisions\/550"}],"wp:attachment":[{"href":"https:\/\/iode.tech\/fr\/wp-json\/wp\/v2\/media?parent=549"}],"curies":[{"name":"wp","href":"https:\/\/api.w.org\/{rel}","templated":true}]}}