{"id":36390,"date":"2025-02-11T11:33:06","date_gmt":"2025-02-11T10:33:06","guid":{"rendered":"https:\/\/iode.tech\/partners\/"},"modified":"2025-03-27T13:18:52","modified_gmt":"2025-03-27T12:18:52","slug":"partenaires","status":"publish","type":"page","link":"https:\/\/iode.tech\/fr\/partenaires\/","title":{"rendered":"Partenaires"},"content":{"rendered":"\n<div class=\"wp-block-media-text is-stacked-on-mobile\" style=\"grid-template-columns:25% auto\"><figure class=\"wp-block-media-text__media\"><img loading=\"lazy\" decoding=\"async\" width=\"380\" height=\"230\" src=\"https:\/\/iode.tech\/wp-content\/uploads\/2025\/02\/brax-1.png\" alt=\"\" class=\"wp-image-35697 size-full\" srcset=\"https:\/\/iode.tech\/wp-content\/uploads\/2025\/02\/brax-1.png 380w, https:\/\/iode.tech\/wp-content\/uploads\/2025\/02\/brax-1-300x182.png 300w\" sizes=\"auto, (max-width: 380px) 100vw, 380px\" \/><\/figure><div class=\"wp-block-media-text__content\">\n<p>Les t\u00e9l\u00e9phones Brax sont notre derni\u00e8re nouveaut\u00e9. Nous avons choisi de collaborer avec Braxtech et Lunr pour mettre sur le march\u00e9 des appareils dont la priorit\u00e9 absolue est la protection de la vie priv\u00e9e. Alors que la plupart des fabricants proposent un syst\u00e8me d&rsquo;exploitation Android standard avec tous les probl\u00e8mes inh\u00e9rents \u00e0 Google, Braxtech est le premier fabricant \u00e0 d\u00e9googliser ses t\u00e9l\u00e9phones d\u00e8s la conception gr\u00e2ce \u00e0 iod\u00e9OS, et ce \u00e0 un prix tr\u00e8s raisonnable.<\/p>\n<\/div><\/div>\n\n\n\n<div class=\"wp-block-media-text has-media-on-the-right is-stacked-on-mobile\" style=\"grid-template-columns:auto 20%\"><div class=\"wp-block-media-text__content\">\n<p>Les t\u00e9l\u00e9phones Shiftphones sont con\u00e7us autour de la durabilit\u00e9, de la production \u00e9thique et de la transparence. Les conceptions modulaires de Shiftphones permettent aux utilisateurs de r\u00e9parer leurs appareils, ce qui prolonge leur dur\u00e9e de vie et r\u00e9duit consid\u00e9rablement les d\u00e9chets \u00e9lectroniques. L&rsquo;entreprise met \u00e9galement l&rsquo;accent sur l&rsquo;utilisation de mat\u00e9riaux recyclables et s&rsquo;efforce de minimiser son empreinte carbone dans l&rsquo;ensemble de ses activit\u00e9s. Sur le plan social, Shift promeut des conditions de travail \u00e9quitables en collaborant avec des fournisseurs qui adh\u00e8rent \u00e0 des normes de travail \u00e9lev\u00e9es et \u00e0 des pratiques \u00e9thiques. Shift encourage une culture d&rsquo;ouverture, en impliquant les clients et les parties prenantes dans les processus de prise de d\u00e9cision et en maintenant la transparence dans tous les aspects de la production et des rapports sur le d\u00e9veloppement durable.<\/p>\n<\/div><figure class=\"wp-block-media-text__media\"><img loading=\"lazy\" decoding=\"async\" width=\"280\" height=\"280\" src=\"https:\/\/iode.tech\/wp-content\/uploads\/2025\/02\/shift.png\" alt=\"\" class=\"wp-image-35627 size-full\" srcset=\"https:\/\/iode.tech\/wp-content\/uploads\/2025\/02\/shift.png 280w, https:\/\/iode.tech\/wp-content\/uploads\/2025\/02\/shift-150x150.png 150w\" sizes=\"auto, (max-width: 280px) 100vw, 280px\" \/><\/figure><\/div>\n\n\n\n<div style=\"height:35px\" aria-hidden=\"true\" class=\"wp-block-spacer\"><\/div>\n\n\n\n<div class=\"wp-block-media-text is-stacked-on-mobile\" style=\"grid-template-columns:20% auto\"><figure class=\"wp-block-media-text__media\"><img loading=\"lazy\" decoding=\"async\" width=\"1024\" height=\"139\" src=\"https:\/\/iode.tech\/wp-content\/uploads\/2025\/02\/Fairphone_logo.svg_-1024x139.png\" alt=\"\" class=\"wp-image-35624 size-full\" srcset=\"https:\/\/iode.tech\/wp-content\/uploads\/2025\/02\/Fairphone_logo.svg_-1024x139.png 1024w, https:\/\/iode.tech\/wp-content\/uploads\/2025\/02\/Fairphone_logo.svg_-300x41.png 300w, https:\/\/iode.tech\/wp-content\/uploads\/2025\/02\/Fairphone_logo.svg_-768x104.png 768w, https:\/\/iode.tech\/wp-content\/uploads\/2025\/02\/Fairphone_logo.svg_.png 1200w\" sizes=\"auto, (max-width: 1024px) 100vw, 1024px\" \/><\/figure><div class=\"wp-block-media-text__content\">\n<p>Bas\u00e9 aux Pays-Bas, Fairphone s&rsquo;est impos\u00e9 comme un fabricant de smartphones pionnier pour ses pratiques \u00e9thiques et sa responsabilit\u00e9 environnementale. La conception modulaire prolonge le cycle de vie de l&rsquo;appareil, r\u00e9duit les d\u00e9chets \u00e9lectroniques et privil\u00e9gie l&rsquo;utilisation de mat\u00e9riaux recycl\u00e9s et exempts de conflits, tels que l&rsquo;or issu du commerce \u00e9quitable et le cobalt d&rsquo;origine responsable. Sur le plan social, l&rsquo;entreprise met l&rsquo;accent sur des pratiques de travail \u00e9quitables en s&rsquo;associant \u00e0 des fournisseurs qui respectent les droits des travailleurs et investissent dans des initiatives visant \u00e0 am\u00e9liorer les salaires et les conditions de travail dans la cha\u00eene d&rsquo;approvisionnement. Ses appareils sont les seuls \u00e0 avoir obtenu une note de 10 sur 10 dans le cadre du test de r\u00e9parabilit\u00e9 d&rsquo;ifixit.<\/p>\n<\/div><\/div>\n\n\n\n<div class=\"wp-block-media-text has-media-on-the-right is-stacked-on-mobile\" style=\"grid-template-columns:auto 20%\"><div class=\"wp-block-media-text__content\">\n<p>Notre partenaire fran\u00e7ais \u00ab Coque en Bois \u00bb est activement engag\u00e9 dans une <a href=\"https:\/\/www.coque-en-bois.fr\/pages\/notre-histoire\">d\u00e9marche socialement responsable<\/a>. A travers leurs coques nous soutenons les principes de l&rsquo;\u00e9conomie circulaire et promouvons le savoir-faire fran\u00e7ais. Travailler avec des partenaires fran\u00e7ais est une valeur \u00e0 laquelle nous sommes particuli\u00e8rement attach\u00e9s.<\/p>\n<\/div><figure class=\"wp-block-media-text__media\"><img loading=\"lazy\" decoding=\"async\" width=\"1024\" height=\"1024\" src=\"https:\/\/iode.tech\/wp-content\/uploads\/2025\/02\/coque-en-bois-1024x1024.jpg\" alt=\"\" class=\"wp-image-35618 size-full\" srcset=\"https:\/\/iode.tech\/wp-content\/uploads\/2025\/02\/coque-en-bois-1024x1024.jpg 1024w, https:\/\/iode.tech\/wp-content\/uploads\/2025\/02\/coque-en-bois-300x300.jpg 300w, https:\/\/iode.tech\/wp-content\/uploads\/2025\/02\/coque-en-bois-150x150.jpg 150w, https:\/\/iode.tech\/wp-content\/uploads\/2025\/02\/coque-en-bois-768x768.jpg 768w, https:\/\/iode.tech\/wp-content\/uploads\/2025\/02\/coque-en-bois-1536x1536.jpg 1536w, https:\/\/iode.tech\/wp-content\/uploads\/2025\/02\/coque-en-bois.jpg 1952w\" sizes=\"auto, (max-width: 1024px) 100vw, 1024px\" \/><\/figure><\/div>\n\n\n\n<div class=\"wp-block-media-text is-stacked-on-mobile\" style=\"grid-template-columns:20% auto\"><figure class=\"wp-block-media-text__media\"><img loading=\"lazy\" decoding=\"async\" width=\"567\" height=\"425\" src=\"https:\/\/iode.tech\/wp-content\/uploads\/2025\/02\/Logo-laposte.png\" alt=\"\" class=\"wp-image-35615 size-full\" srcset=\"https:\/\/iode.tech\/wp-content\/uploads\/2025\/02\/Logo-laposte.png 567w, https:\/\/iode.tech\/wp-content\/uploads\/2025\/02\/Logo-laposte-300x225.png 300w\" sizes=\"auto, (max-width: 567px) 100vw, 567px\" \/><\/figure><div class=\"wp-block-media-text__content\">\n<p>Depuis plus de 20 ans, La Poste, notre partenaire fran\u00e7ais de livraison, s&rsquo;est engag\u00e9e \u00e0 r\u00e9duire son <a href=\"https:\/\/www.laposte.fr\/agir-pour-la-planete\">impact sur l&rsquo;environnement<\/a>, de l&#8217;emballage aux solutions de livraison.<\/p>\n<\/div><\/div>\n\n\n\n<div class=\"wp-block-media-text has-media-on-the-right is-stacked-on-mobile\" style=\"grid-template-columns:auto 20%\"><div class=\"wp-block-media-text__content\">\n<p>Les classifications rigoureuses et transparentes de grades esth\u00e9tiques de Dipli nous assurent un mat\u00e9riel fiable, ce qui nous permet d&rsquo;offrir une garantie d&rsquo;un an sur tous nos smartphones et tablettes reconditionn\u00e9s. En utilisant Dipli, nous pouvons renforcer notre engagement en faveur du d\u00e9veloppement durable, car l&rsquo;accent qu&rsquo;ils mettent sur l&rsquo;\u00e9conomie circulaire s&rsquo;aligne parfaitement sur notre vision de la r\u00e9duction des d\u00e9chets \u00e9lectroniques et de la promotion de solutions technologiques respectueuses de l&rsquo;environnement.<\/p>\n<\/div><figure class=\"wp-block-media-text__media\"><img loading=\"lazy\" decoding=\"async\" width=\"225\" height=\"225\" src=\"https:\/\/iode.tech\/wp-content\/uploads\/2025\/02\/dipli.jpg\" alt=\"\" class=\"wp-image-35758 size-full\" srcset=\"https:\/\/iode.tech\/wp-content\/uploads\/2025\/02\/dipli.jpg 225w, https:\/\/iode.tech\/wp-content\/uploads\/2025\/02\/dipli-150x150.jpg 150w\" sizes=\"auto, (max-width: 225px) 100vw, 225px\" \/><\/figure><\/div>\n\n\n\n<p><br><\/p>\n\n\n\n<div class=\"wp-block-media-text is-stacked-on-mobile\" style=\"grid-template-columns:18% auto\"><figure class=\"wp-block-media-text__media\"><img loading=\"lazy\" decoding=\"async\" width=\"940\" height=\"940\" src=\"https:\/\/iode.tech\/wp-content\/uploads\/2025\/02\/setup-your-ovh-cloud.webp\" alt=\"\" class=\"wp-image-35755 size-full\" srcset=\"https:\/\/iode.tech\/wp-content\/uploads\/2025\/02\/setup-your-ovh-cloud.webp 940w, https:\/\/iode.tech\/wp-content\/uploads\/2025\/02\/setup-your-ovh-cloud-300x300.webp 300w, https:\/\/iode.tech\/wp-content\/uploads\/2025\/02\/setup-your-ovh-cloud-150x150.webp 150w, https:\/\/iode.tech\/wp-content\/uploads\/2025\/02\/setup-your-ovh-cloud-768x768.webp 768w\" sizes=\"auto, (max-width: 940px) 100vw, 940px\" \/><\/figure><div class=\"wp-block-media-text__content\">\n<p>Nous h\u00e9bergeons le code sur notre propre instance <a href=\"https:\/\/about.gitlab.com\/environmental-social-governance\/\">Gitlab <\/a>chez <a href=\"https:\/\/corporate.ovhcloud.com\/en\/sustainability\/environment\/\">OVHCloud <\/a>en France. OVH prend toutes les pr\u00e9cautions utiles pour pr\u00e9server la s\u00e9curit\u00e9 et la confidentialit\u00e9 des donn\u00e9es \u00e0 caract\u00e8re personnel qu&rsquo;elle traite, afin d&#8217;emp\u00eacher qu&rsquo;elles soient d\u00e9form\u00e9es, endommag\u00e9es ou que des tiers y aient acc\u00e8s. Plus d&rsquo;informations <a href=\"https:\/\/www.ovhcloud.com\/en-gb\/personal-data-protection\/security\/\">ici<\/a>.<\/p>\n<\/div><\/div>\n\n\n\n<div style=\"height:100px\" aria-hidden=\"true\" class=\"wp-block-spacer\"><\/div>\n\n\n\n<div class=\"wp-block-media-text is-stacked-on-mobile\" style=\"grid-template-columns:40% auto\"><figure class=\"wp-block-media-text__media\"><img loading=\"lazy\" decoding=\"async\" width=\"1024\" height=\"930\" src=\"https:\/\/iode.tech\/wp-content\/uploads\/2025\/03\/undraw_sharing-knowledge_pu0e-1024x930.png\" alt=\"\" class=\"wp-image-36369 size-full\" srcset=\"https:\/\/iode.tech\/wp-content\/uploads\/2025\/03\/undraw_sharing-knowledge_pu0e-1024x930.png 1024w, https:\/\/iode.tech\/wp-content\/uploads\/2025\/03\/undraw_sharing-knowledge_pu0e-300x272.png 300w, https:\/\/iode.tech\/wp-content\/uploads\/2025\/03\/undraw_sharing-knowledge_pu0e-768x698.png 768w, https:\/\/iode.tech\/wp-content\/uploads\/2025\/03\/undraw_sharing-knowledge_pu0e.png 1166w\" sizes=\"auto, (max-width: 1024px) 100vw, 1024px\" \/><\/figure><div class=\"wp-block-media-text__content\">\n<h3 class=\"wp-block-heading\">Devenir partenaire<\/h3>\n\n\n\n<p>Que vous soyez un revendeur, un fabricant, un influenceur ou un m\u00e9dia souhaitant promouvoir iod\u00e9, prenez contact avec nous !<\/p>\n\n\n<div class=\"gb-container gb-container-51de98c5\">\n\n<div class=\"wp-block-columns are-vertically-aligned-center is-layout-flex wp-container-core-columns-is-layout-9d6595d7 wp-block-columns-is-layout-flex\">\n<div class=\"wp-block-column is-vertically-aligned-center is-layout-flow wp-block-column-is-layout-flow\" style=\"flex-basis:100%\">\n<a class=\"gb-button gb-button-194544af gb-button-text\" href=\"mailto:partnerships@iode.tech\">Prendre contact<\/a>\n<\/div>\n<\/div>\n\n<\/div><\/div><\/div>\n","protected":false},"excerpt":{"rendered":"<p>Les t\u00e9l\u00e9phones Brax sont notre derni\u00e8re nouveaut\u00e9. Nous avons choisi de collaborer avec Braxtech et Lunr pour mettre sur le march\u00e9 des appareils dont la priorit\u00e9 absolue est la protection de la vie priv\u00e9e. Alors que la plupart des fabricants proposent un syst\u00e8me d&rsquo;exploitation Android standard avec tous les probl\u00e8mes inh\u00e9rents \u00e0 Google, Braxtech est &#8230; <a title=\"Partenaires\" class=\"read-more\" href=\"https:\/\/iode.tech\/fr\/partenaires\/\" aria-label=\"En savoir plus sur Partenaires\">Lire plus<\/a><\/p>\n","protected":false},"author":2,"featured_media":0,"parent":0,"menu_order":0,"comment_status":"closed","ping_status":"closed","template":"","meta":{"footnotes":""},"class_list":["post-36390","page","type-page","status-publish"],"yoast_head":"<!-- This site is optimized with the Yoast SEO plugin v27.3 - https:\/\/yoast.com\/product\/yoast-seo-wordpress\/ -->\n<title>Partenaires - iod\u00e9<\/title>\n<meta name=\"description\" content=\"Chez iod\u00e9, nous choisissons de travailler avec les bons partenaires qui partagent et promeuvent les m\u00eames valeurs que nous.\" \/>\n<meta name=\"robots\" content=\"index, follow, max-snippet:-1, max-image-preview:large, max-video-preview:-1\" \/>\n<link rel=\"canonical\" href=\"https:\/\/iode.tech\/fr\/partenaires\/\" \/>\n<meta property=\"og:locale\" content=\"fr_FR\" \/>\n<meta property=\"og:type\" content=\"article\" \/>\n<meta property=\"og:title\" content=\"Partenaires - iod\u00e9\" \/>\n<meta property=\"og:description\" content=\"Chez iod\u00e9, nous choisissons de travailler avec les bons partenaires qui partagent et promeuvent les m\u00eames valeurs que nous.\" \/>\n<meta property=\"og:url\" content=\"https:\/\/iode.tech\/fr\/partenaires\/\" \/>\n<meta property=\"og:site_name\" content=\"iod\u00e9\" \/>\n<meta property=\"article:modified_time\" content=\"2025-03-27T12:18:52+00:00\" \/>\n<meta property=\"og:image\" content=\"https:\/\/iode.tech\/wp-content\/uploads\/2025\/02\/brax-1.png\" \/>\n<meta name=\"twitter:card\" content=\"summary_large_image\" \/>\n<meta name=\"twitter:label1\" content=\"Dur\u00e9e de lecture estim\u00e9e\" \/>\n\t<meta name=\"twitter:data1\" content=\"4 minutes\" \/>\n<script type=\"application\/ld+json\" class=\"yoast-schema-graph\">{\"@context\":\"https:\\\/\\\/schema.org\",\"@graph\":[{\"@type\":\"WebPage\",\"@id\":\"https:\\\/\\\/iode.tech\\\/fr\\\/partenaires\\\/\",\"url\":\"https:\\\/\\\/iode.tech\\\/fr\\\/partenaires\\\/\",\"name\":\"Partenaires - iod\u00e9\",\"isPartOf\":{\"@id\":\"https:\\\/\\\/iode.tech\\\/fr\\\/#website\"},\"primaryImageOfPage\":{\"@id\":\"https:\\\/\\\/iode.tech\\\/fr\\\/partenaires\\\/#primaryimage\"},\"image\":{\"@id\":\"https:\\\/\\\/iode.tech\\\/fr\\\/partenaires\\\/#primaryimage\"},\"thumbnailUrl\":\"https:\\\/\\\/iode.tech\\\/wp-content\\\/uploads\\\/2025\\\/02\\\/brax-1.png\",\"datePublished\":\"2025-02-11T10:33:06+00:00\",\"dateModified\":\"2025-03-27T12:18:52+00:00\",\"description\":\"Chez iod\u00e9, nous choisissons de travailler avec les bons partenaires qui partagent et promeuvent les m\u00eames valeurs que nous.\",\"breadcrumb\":{\"@id\":\"https:\\\/\\\/iode.tech\\\/fr\\\/partenaires\\\/#breadcrumb\"},\"inLanguage\":\"fr-FR\",\"potentialAction\":[{\"@type\":\"ReadAction\",\"target\":[\"https:\\\/\\\/iode.tech\\\/fr\\\/partenaires\\\/\"]}]},{\"@type\":\"ImageObject\",\"inLanguage\":\"fr-FR\",\"@id\":\"https:\\\/\\\/iode.tech\\\/fr\\\/partenaires\\\/#primaryimage\",\"url\":\"https:\\\/\\\/iode.tech\\\/wp-content\\\/uploads\\\/2025\\\/02\\\/brax-1.png\",\"contentUrl\":\"https:\\\/\\\/iode.tech\\\/wp-content\\\/uploads\\\/2025\\\/02\\\/brax-1.png\"},{\"@type\":\"BreadcrumbList\",\"@id\":\"https:\\\/\\\/iode.tech\\\/fr\\\/partenaires\\\/#breadcrumb\",\"itemListElement\":[{\"@type\":\"ListItem\",\"position\":1,\"name\":\"Accueil\",\"item\":\"https:\\\/\\\/iode.tech\\\/fr\\\/\"},{\"@type\":\"ListItem\",\"position\":2,\"name\":\"Partenaires\"}]},{\"@type\":\"WebSite\",\"@id\":\"https:\\\/\\\/iode.tech\\\/fr\\\/#website\",\"url\":\"https:\\\/\\\/iode.tech\\\/fr\\\/\",\"name\":\"iod\u00e9\",\"description\":\"Soyez plus smart que votre t\u00e9l\u00e9phone.\",\"publisher\":{\"@id\":\"https:\\\/\\\/iode.tech\\\/fr\\\/#organization\"},\"potentialAction\":[{\"@type\":\"SearchAction\",\"target\":{\"@type\":\"EntryPoint\",\"urlTemplate\":\"https:\\\/\\\/iode.tech\\\/fr\\\/?s={search_term_string}\"},\"query-input\":{\"@type\":\"PropertyValueSpecification\",\"valueRequired\":true,\"valueName\":\"search_term_string\"}}],\"inLanguage\":\"fr-FR\"},{\"@type\":\"Organization\",\"@id\":\"https:\\\/\\\/iode.tech\\\/fr\\\/#organization\",\"name\":\"iod\u00e9\",\"url\":\"https:\\\/\\\/iode.tech\\\/fr\\\/\",\"logo\":{\"@type\":\"ImageObject\",\"inLanguage\":\"fr-FR\",\"@id\":\"https:\\\/\\\/iode.tech\\\/fr\\\/#\\\/schema\\\/logo\\\/image\\\/\",\"url\":\"https:\\\/\\\/iode.tech\\\/wp-content\\\/uploads\\\/2024\\\/06\\\/logo_iode_white_367x134.png\",\"contentUrl\":\"https:\\\/\\\/iode.tech\\\/wp-content\\\/uploads\\\/2024\\\/06\\\/logo_iode_white_367x134.png\",\"width\":367,\"height\":134,\"caption\":\"iod\u00e9\"},\"image\":{\"@id\":\"https:\\\/\\\/iode.tech\\\/fr\\\/#\\\/schema\\\/logo\\\/image\\\/\"}}]}<\/script>\n<!-- \/ Yoast SEO plugin. -->","yoast_head_json":{"title":"Partenaires - iod\u00e9","description":"Chez iod\u00e9, nous choisissons de travailler avec les bons partenaires qui partagent et promeuvent les m\u00eames valeurs que nous.","robots":{"index":"index","follow":"follow","max-snippet":"max-snippet:-1","max-image-preview":"max-image-preview:large","max-video-preview":"max-video-preview:-1"},"canonical":"https:\/\/iode.tech\/fr\/partenaires\/","og_locale":"fr_FR","og_type":"article","og_title":"Partenaires - iod\u00e9","og_description":"Chez iod\u00e9, nous choisissons de travailler avec les bons partenaires qui partagent et promeuvent les m\u00eames valeurs que nous.","og_url":"https:\/\/iode.tech\/fr\/partenaires\/","og_site_name":"iod\u00e9","article_modified_time":"2025-03-27T12:18:52+00:00","og_image":[{"url":"https:\/\/iode.tech\/wp-content\/uploads\/2025\/02\/brax-1.png","type":"","width":"","height":""}],"twitter_card":"summary_large_image","twitter_misc":{"Dur\u00e9e de lecture estim\u00e9e":"4 minutes"},"schema":{"@context":"https:\/\/schema.org","@graph":[{"@type":"WebPage","@id":"https:\/\/iode.tech\/fr\/partenaires\/","url":"https:\/\/iode.tech\/fr\/partenaires\/","name":"Partenaires - iod\u00e9","isPartOf":{"@id":"https:\/\/iode.tech\/fr\/#website"},"primaryImageOfPage":{"@id":"https:\/\/iode.tech\/fr\/partenaires\/#primaryimage"},"image":{"@id":"https:\/\/iode.tech\/fr\/partenaires\/#primaryimage"},"thumbnailUrl":"https:\/\/iode.tech\/wp-content\/uploads\/2025\/02\/brax-1.png","datePublished":"2025-02-11T10:33:06+00:00","dateModified":"2025-03-27T12:18:52+00:00","description":"Chez iod\u00e9, nous choisissons de travailler avec les bons partenaires qui partagent et promeuvent les m\u00eames valeurs que nous.","breadcrumb":{"@id":"https:\/\/iode.tech\/fr\/partenaires\/#breadcrumb"},"inLanguage":"fr-FR","potentialAction":[{"@type":"ReadAction","target":["https:\/\/iode.tech\/fr\/partenaires\/"]}]},{"@type":"ImageObject","inLanguage":"fr-FR","@id":"https:\/\/iode.tech\/fr\/partenaires\/#primaryimage","url":"https:\/\/iode.tech\/wp-content\/uploads\/2025\/02\/brax-1.png","contentUrl":"https:\/\/iode.tech\/wp-content\/uploads\/2025\/02\/brax-1.png"},{"@type":"BreadcrumbList","@id":"https:\/\/iode.tech\/fr\/partenaires\/#breadcrumb","itemListElement":[{"@type":"ListItem","position":1,"name":"Accueil","item":"https:\/\/iode.tech\/fr\/"},{"@type":"ListItem","position":2,"name":"Partenaires"}]},{"@type":"WebSite","@id":"https:\/\/iode.tech\/fr\/#website","url":"https:\/\/iode.tech\/fr\/","name":"iod\u00e9","description":"Soyez plus smart que votre t\u00e9l\u00e9phone.","publisher":{"@id":"https:\/\/iode.tech\/fr\/#organization"},"potentialAction":[{"@type":"SearchAction","target":{"@type":"EntryPoint","urlTemplate":"https:\/\/iode.tech\/fr\/?s={search_term_string}"},"query-input":{"@type":"PropertyValueSpecification","valueRequired":true,"valueName":"search_term_string"}}],"inLanguage":"fr-FR"},{"@type":"Organization","@id":"https:\/\/iode.tech\/fr\/#organization","name":"iod\u00e9","url":"https:\/\/iode.tech\/fr\/","logo":{"@type":"ImageObject","inLanguage":"fr-FR","@id":"https:\/\/iode.tech\/fr\/#\/schema\/logo\/image\/","url":"https:\/\/iode.tech\/wp-content\/uploads\/2024\/06\/logo_iode_white_367x134.png","contentUrl":"https:\/\/iode.tech\/wp-content\/uploads\/2024\/06\/logo_iode_white_367x134.png","width":367,"height":134,"caption":"iod\u00e9"},"image":{"@id":"https:\/\/iode.tech\/fr\/#\/schema\/logo\/image\/"}}]}},"_links":{"self":[{"href":"https:\/\/iode.tech\/fr\/wp-json\/wp\/v2\/pages\/36390","targetHints":{"allow":["GET"]}}],"collection":[{"href":"https:\/\/iode.tech\/fr\/wp-json\/wp\/v2\/pages"}],"about":[{"href":"https:\/\/iode.tech\/fr\/wp-json\/wp\/v2\/types\/page"}],"author":[{"embeddable":true,"href":"https:\/\/iode.tech\/fr\/wp-json\/wp\/v2\/users\/2"}],"replies":[{"embeddable":true,"href":"https:\/\/iode.tech\/fr\/wp-json\/wp\/v2\/comments?post=36390"}],"version-history":[{"count":3,"href":"https:\/\/iode.tech\/fr\/wp-json\/wp\/v2\/pages\/36390\/revisions"}],"predecessor-version":[{"id":36395,"href":"https:\/\/iode.tech\/fr\/wp-json\/wp\/v2\/pages\/36390\/revisions\/36395"}],"wp:attachment":[{"href":"https:\/\/iode.tech\/fr\/wp-json\/wp\/v2\/media?parent=36390"}],"curies":[{"name":"wp","href":"https:\/\/api.w.org\/{rel}","templated":true}]}}