{"id":35944,"date":"2025-02-04T10:19:06","date_gmt":"2025-02-04T09:19:06","guid":{"rendered":"https:\/\/iode.tech\/smartphones-and-tablets\/"},"modified":"2025-03-26T11:55:13","modified_gmt":"2025-03-26T10:55:13","slug":"smartphones-et-tablettes","status":"publish","type":"page","link":"https:\/\/iode.tech\/fr\/smartphones-et-tablettes\/","title":{"rendered":"Smartphones et tablettes iod\u00e9"},"content":{"rendered":"\n<p>Vous souhaitez acheter un smartphone ou une tablette de mani\u00e8re la plus \u00e9thique possible ? Vous \u00eates au bon endroit.<\/p>\n\n\n\n<p>L&#8217;empreinte environnementale d&rsquo;un smartphone est principalement li\u00e9e \u00e0 sa production. Avec iod\u00e9, vous pouvez avoir l&rsquo;esprit tranquille en associant un syst\u00e8me \u00e9thique \u00e0 un mat\u00e9riel \u00e9thique.<\/p>\n\n\n\n<p>Nous disposons d&rsquo;un large choix d&rsquo;appareils reconditionn\u00e9s et neufs que nous vous livrons en quelques jours sous garantie et pr\u00e9install\u00e9s avec la derni\u00e8re version de iod\u00e9OS prot\u00e9geant vos donn\u00e9es personnelles.<\/p>\n\n\n\n<h2 class=\"wp-block-heading\">Nouveaux smartphones<\/h2>\n\n\n\n<div class=\"wp-block-columns is-layout-flex wp-container-core-columns-is-layout-9d6595d7 wp-block-columns-is-layout-flex\">\n<div class=\"wp-block-column is-layout-flow wp-block-column-is-layout-flow\"><div class=\"wp-block-image\">\n<figure class=\"aligncenter size-full is-resized\"><img loading=\"lazy\" decoding=\"async\" width=\"249\" height=\"249\" src=\"https:\/\/iode.tech\/wp-content\/uploads\/2025\/02\/tool.png\" alt=\"\" class=\"wp-image-35830\" style=\"width:auto;height:80px\" srcset=\"https:\/\/iode.tech\/wp-content\/uploads\/2025\/02\/tool.png 249w, https:\/\/iode.tech\/wp-content\/uploads\/2025\/02\/tool-150x150.png 150w\" sizes=\"auto, (max-width: 249px) 100vw, 249px\" \/><\/figure>\n<\/div>\n\n\n<div style=\"height:20px\" aria-hidden=\"true\" class=\"wp-block-spacer\"><\/div>\n\n\n\n<h5 class=\"gb-headline gb-headline-b7351dab gb-headline-text\">Conception modulaire et r\u00e9parable<\/h5>\n\n\n\n<p class=\"has-text-align-center\"><br>Nos nouveaux smartphones iod\u00e9 se caract\u00e9risent par leur conception modulaire, qui permet de remplacer facilement certains composants, comme la batterie. Associ\u00e9s \u00e0 une garantie \u00e9tendue, leur dur\u00e9e de vie est prolong\u00e9e.<\/p>\n<\/div>\n\n\n\n<div class=\"wp-block-column is-layout-flow wp-block-column-is-layout-flow\"><div class=\"wp-block-image\">\n<figure class=\"aligncenter size-full is-resized\"><img loading=\"lazy\" decoding=\"async\" width=\"266\" height=\"226\" src=\"https:\/\/iode.tech\/wp-content\/uploads\/2025\/02\/fair.png\" alt=\"\" class=\"wp-image-35834\" style=\"width:auto;height:80px\"\/><\/figure>\n<\/div>\n\n\n<div style=\"height:20px\" aria-hidden=\"true\" class=\"wp-block-spacer\"><\/div>\n\n\n\n<h5 class=\"gb-headline gb-headline-e0a1683d gb-headline-text\">Production issue du commerce \u00e9quitable<\/h5>\n\n\n\n<p class=\"has-text-align-center\">Les fabricants de nos nouveaux smartphones mettent en \u0153uvre des pratiques de commerce \u00e9quitable dans la cha\u00eene d&rsquo;approvisionnement.<\/p>\n<\/div>\n\n\n\n<div class=\"wp-block-column is-layout-flow wp-block-column-is-layout-flow\"><div class=\"wp-block-image\">\n<figure class=\"aligncenter size-full is-resized\"><img loading=\"lazy\" decoding=\"async\" width=\"251\" height=\"243\" src=\"https:\/\/iode.tech\/wp-content\/uploads\/2025\/02\/recycled.png\" alt=\"\" class=\"wp-image-35837\" style=\"width:auto;height:80px\"\/><\/figure>\n<\/div>\n\n\n<div style=\"height:20px\" aria-hidden=\"true\" class=\"wp-block-spacer\"><\/div>\n\n\n\n<h5 class=\"gb-headline gb-headline-59522453 gb-headline-text\">Mat\u00e9riaux recycl\u00e9s<\/h5>\n\n\n\n<p class=\"has-text-align-center\"><br>Nos nouveaux smartphones sont partiellement fabriqu\u00e9s \u00e0 partir de mat\u00e9riaux respectueux de l&rsquo;environnement tels que le plastique recycl\u00e9.<\/p>\n<\/div>\n<\/div>\n\n\n\n<p>La cha\u00eene d&rsquo;approvisionnement de l&rsquo;industrie technologique est loin d&rsquo;\u00eatre irr\u00e9prochable : conflit de m\u00e9taux, d\u00e9chets toxiques, mauvaises conditions de travail, sans parler de la courte dur\u00e9e de vie de la plupart des appareils en raison de l&rsquo;obsolescence programm\u00e9e. Nous travaillons et favorisons l&rsquo;\u00e9conomie circulaire avec des acteurs locaux, et avec des fabricants \u00e9thiques qui promeuvent des conditions de travail \u00e9quitables et visent un niveau \u00e9lev\u00e9 de r\u00e9parabilit\u00e9 des t\u00e9l\u00e9phones que nous vendons. Pour en savoir plus sur les <a href=\"https:\/\/www.fairphone.com\/wp-content\/uploads\/2024\/06\/Fairphone-2023-Impact-Report-.pdf\">actions sociales et environnementales de Fairphone, cliquez ic<\/a>i, de <a href=\"https:\/\/www.shift.eco\/en\/impact\/\">Shift, cliquez ici<\/a> et de <a href=\"https:\/\/myteracube.com\/pages\/about-new\">Teracube, cliquez ici<\/a>.<\/p>\n\n\n<div class=\"gb-container gb-container-f17f3bc7\">\n\n<div class=\"wp-block-columns are-vertically-aligned-center is-layout-flex wp-container-core-columns-is-layout-9d6595d7 wp-block-columns-is-layout-flex\">\n<div class=\"wp-block-column is-vertically-aligned-center is-layout-flow wp-block-column-is-layout-flow\" style=\"flex-basis:100%\"><\/div>\n<\/div>\n\n<\/div>\n\n\n<h2 class=\"wp-block-heading\">Smartphones et tablettes reconditionn\u00e9s<\/h2>\n\n\n\n<div class=\"wp-block-columns is-layout-flex wp-container-core-columns-is-layout-9d6595d7 wp-block-columns-is-layout-flex\">\n<div class=\"wp-block-column is-layout-flow wp-block-column-is-layout-flow\"><div class=\"wp-block-image\">\n<figure class=\"aligncenter size-full is-resized\"><img loading=\"lazy\" decoding=\"async\" width=\"238\" height=\"287\" src=\"https:\/\/iode.tech\/wp-content\/uploads\/2025\/02\/location.png\" alt=\"\" class=\"wp-image-35841\" style=\"width:auto;height:80px\"\/><\/figure>\n<\/div>\n\n\n<div style=\"height:20px\" aria-hidden=\"true\" class=\"wp-block-spacer\"><\/div>\n\n\n\n<h5 class=\"gb-headline gb-headline-7bd14ff1 gb-headline-text\">Reconditionn\u00e9s en Europe<\/h5>\n\n\n\n<p class=\"has-text-align-center\">Nos smartphones reconditionn\u00e9s sont remis \u00e0 neuf par des entreprises partenaires professionnelles. Nous achetons nos appareils en Europe uniquement.<\/p>\n<\/div>\n\n\n\n<div class=\"wp-block-column is-layout-flow wp-block-column-is-layout-flow\"><div class=\"wp-block-image\">\n<figure class=\"aligncenter size-full is-resized\"><img loading=\"lazy\" decoding=\"async\" width=\"247\" height=\"317\" src=\"https:\/\/iode.tech\/wp-content\/uploads\/2025\/02\/control-points.png\" alt=\"\" class=\"wp-image-35845\" style=\"width:auto;height:80px\" srcset=\"https:\/\/iode.tech\/wp-content\/uploads\/2025\/02\/control-points.png 247w, https:\/\/iode.tech\/wp-content\/uploads\/2025\/02\/control-points-234x300.png 234w\" sizes=\"auto, (max-width: 247px) 100vw, 247px\" \/><\/figure>\n<\/div>\n\n\n<div style=\"height:20px\" aria-hidden=\"true\" class=\"wp-block-spacer\"><\/div>\n\n\n\n<h5 class=\"gb-headline gb-headline-ab7302f6 gb-headline-text\">Plus de 40 points de contr\u00f4le<\/h5>\n\n\n\n<p class=\"has-text-align-center\">L&rsquo;\u00e9quipement est test\u00e9 sur plus de 40 points de contr\u00f4le. Les tests sont adapt\u00e9s \u00e0 chaque marque et mod\u00e8le et sont effectu\u00e9s \u00e0 l&rsquo;aide d&rsquo;\u00e9quipements et d&rsquo;outils professionnels.<\/p>\n<\/div>\n\n\n\n<div class=\"wp-block-column is-layout-flow wp-block-column-is-layout-flow\"><div class=\"wp-block-image\">\n<figure class=\"aligncenter size-full is-resized\"><img loading=\"lazy\" decoding=\"async\" width=\"196\" height=\"322\" src=\"https:\/\/iode.tech\/wp-content\/uploads\/2025\/02\/battery.png\" alt=\"\" class=\"wp-image-35848\" style=\"width:auto;height:80px\" srcset=\"https:\/\/iode.tech\/wp-content\/uploads\/2025\/02\/battery.png 196w, https:\/\/iode.tech\/wp-content\/uploads\/2025\/02\/battery-183x300.png 183w\" sizes=\"auto, (max-width: 196px) 100vw, 196px\" \/><\/figure>\n<\/div>\n\n\n<div style=\"height:20px\" aria-hidden=\"true\" class=\"wp-block-spacer\"><\/div>\n\n\n\n<h5 class=\"gb-headline gb-headline-6efb464d gb-headline-text\">Autonomie certifi\u00e9e de la batterie<\/h5>\n\n\n\n<p class=\"has-text-align-center\">La batterie est l&rsquo;un des points les plus importants \u00e0 v\u00e9rifier. Elle est remplac\u00e9e par une neuve lorsque son niveau de charge est inf\u00e9rieur \u00e0 80 %.<\/p>\n<\/div>\n<\/div>\n\n\n\n<p>Depuis nos d\u00e9buts en 2021, nous n&rsquo;avons cess\u00e9 d&rsquo;\u00e9largir notre offre d&rsquo;appareils reconditionn\u00e9s (t\u00e9l\u00e9phones et tablettes). Nous proposons plus de 40 mod\u00e8les reconditionn\u00e9s de nombreuses marques telles que Google, Motorola, OnePlus, Samsung, Sony et Xiaomi.<\/p>\n\n\n<div class=\"gb-container gb-container-51de98c5\">\n\n<div class=\"wp-block-columns are-vertically-aligned-center is-layout-flex wp-container-core-columns-is-layout-9d6595d7 wp-block-columns-is-layout-flex\">\n<div class=\"wp-block-column is-vertically-aligned-center is-layout-flow wp-block-column-is-layout-flow\" style=\"flex-basis:100%\">\n<a class=\"gb-button gb-button-194544af gb-button-text\" href=\"https:\/\/shop.iode.tech\/fr\">Voir notre boutique<\/a>\n<\/div>\n<\/div>\n\n<\/div>\n\n\n<details class=\"wp-block-details is-layout-flow wp-block-details-is-layout-flow\"><summary>Dans quels pays proposons-nous des smartphones iod\u00e9 ?<\/summary>\n<p><a href=\"https:\/\/shop.iode.tech\/fr\/product\/logiciel\/iodeos-premium\/\">iod\u00e9OS Premium<\/a> est disponible dans le monde entier.<\/p>\n\n\n\n<p>Nous proposons des smartphones iod\u00e9 dans toute l\u2019Union Europ\u00e9enne (UE), ainsi qu\u2019en Europe dans les pays suivants : Norv\u00e8ge, Royaum-Uni, Suisse.<\/p>\n<\/details>\n\n\n\n<details class=\"wp-block-details is-layout-flow wp-block-details-is-layout-flow\"><summary>Que veut dire &lsquo;batterie certifi\u00e9e&rsquo; ?<\/summary>\n<p>Nos partenaires reconditionneurs europ\u00e9ens effectuent des tests mat\u00e9riels sur plus de 40 points de contr\u00f4le, y compris la batterie. Les proc\u00e9dures de test sont adapt\u00e9es \u00e0 chaque marque et mod\u00e8le avec des outils certifi\u00e9s par les fabricants de smartphones.<br>La batterie a une capacit\u00e9 minimale de 80%, avec un maximum de 700 cycles de charge. Tous nos appareils iod\u00e9 sont test\u00e9s et 100% fonctionnels quelle que soit leur qualit\u00e9 esth\u00e9tique.<\/p>\n<\/details>\n\n\n\n<details class=\"wp-block-details\"><summary><div class=\"accordion__header active\" data-id=\"post-19843\" data-item=\"hfaq-post-19843\" style=\"background:#FFFFFF;\" data-tags=\"\" data-search-term=\"quelle est la diff\u00e9rence entre les diff\u00e9rents grades esth\u00e9tiques ?\"><div class=\"accordion__title is-layout-flow wp-block-details-is-layout-flow\">Quelle est la diff\u00e9rence entre les diff\u00e9rents grades esth\u00e9tiques ?<\/div><\/div><\/summary>\n<p>Vous pouvez choisir 2 grades esth\u00e9tiques (A et B) lors de l\u2019achat d\u2019un smartphone iod\u00e9 reconditionn\u00e9. Avant de pr\u00e9ciser leur diff\u00e9rence, il est important de noter que l\u2019attribution du grade esth\u00e9tique d\u2019un smartphone est effectu\u00e9 apr\u00e8s son reconditionnement. Cela signifie que le t\u00e9l\u00e9phone est <strong>100% fonctionnel, ind\u00e9pendamment de son grade.<\/strong><\/p>\n<\/details>\n\n\n\n<details class=\"wp-block-details is-layout-flow wp-block-details-is-layout-flow\"><summary>Comment commander un smartphone iod\u00e9 ?<\/summary>\n<p>Les t\u00e9l\u00e9phones iod\u00e9 sont disponibles sur notre <a href=\"https:\/\/shop.iode.tech\/fr\">boutique en ligne<\/a>. Vous pouvez payer par carte de cr\u00e9dit, Paypal, virement bancaire instantan\u00e9, et m\u00eame par crypto-monnaie.<\/p>\n\n\n\n<p>Vous pouvez \u00e9galement acheter un t\u00e9l\u00e9phone iod\u00e9 \u00e0 \u00ab L&rsquo;atelier du Smartphone \u00bb, un magasin local \u00e0 Toulouse, France, ou \u00e0 \u00ab Proxystore \u00bb \u00e0 Leipzig, Allemagne.<\/p>\n\n\n\n<p>Pour les <a href=\"https:\/\/iode.tech\/fr\/organisations\/\">professionnels<\/a>, vous pouvez commander par virement bancaire. Visitez notre page et prenez contact avec nous.<\/p>\n<\/details>\n\n\n\n<details class=\"wp-block-details is-layout-flow wp-block-details-is-layout-flow\"><summary>Quelle est la dur\u00e9e de garantie des smartphones ?<\/summary>\n<ul class=\"wp-block-list\">\n<li>2 ans pour le Shift6mq<\/li>\n\n\n\n<li>5 ans pour le Fairphone 4<\/li>\n<\/ul>\n\n\n\n<p>Cette garantie diff\u00e8re de la garantie logicielle des mises \u00e0 jour (voir \u00ab&nbsp;Quelle est la dur\u00e9e de garantie du syst\u00e8me iod\u00e9 ?&nbsp;\u00bb pour plus d\u2019informations).<\/p>\n<\/details>\n\n\n\n<details class=\"wp-block-details is-layout-flow wp-block-details-is-layout-flow\"><summary>Puis-je acheter un smartphone iod\u00e9 pour mon enfant ?<\/summary>\n<p>Totalement.<\/p>\n\n\n\n<p>Le syst\u00e8me iod\u00e9 a des fonctionnalit\u00e9s d\u00e9di\u00e9es \u00e0 la protection de vos enfants comme la protection par mot de passe, le blocage des contenus pour adultes ou bien tout simplement du r\u00e9seau. Nous avons \u00e9crit <a href=\"https:\/\/blog.iode.tech\/fr\/comment-configurer-un-smartphone-iode-pour-proteger-votre-enfant\/\">un article sur le sujet ici<\/a>, et pr\u00e9voyons \u00e0 l\u2019avenir de vous fournir des tutoriels sur la configuration d\u2019un smartphone iod\u00e9 pour votre enfant.<\/p>\n<\/details>\n\n\n\n<details class=\"wp-block-details is-layout-flow wp-block-details-is-layout-flow\"><summary>Je viens des \u00c9tats-Unis (ou d&rsquo;un pays hors Europe), comment puis-je acqu\u00e9rir un t\u00e9l\u00e9phone iod\u00e9 ?<\/summary>\n<p>Nous (iod\u00e9) ne vendons des t\u00e9l\u00e9phones avec iod\u00e9OS pr\u00e9install\u00e9 qu&rsquo;en Europe. Si vous vivez en dehors de l&rsquo;Europe et que vous souhaitez obtenir iod\u00e9OS, vous pouvez soit :<\/p>\n\n\n\n<ul class=\"wp-block-list\">\n<li><a href=\"https:\/\/iode.tech\/fr\/installation\">installer iod\u00e9OS<\/a> sur votre appareil ;<\/li>\n\n\n\n<li><a href=\"https:\/\/www.indiegogo.com\/projects\/brax3-the-most-privacy-friendly-smartphone\/reft\/38157822\/iode\">commander un t\u00e9l\u00e9phone brax<\/a> avec iod\u00e9OS pr\u00e9install\u00e9 aupr\u00e8s de notre partenaire.<\/li>\n<\/ul>\n<\/details>\n","protected":false},"excerpt":{"rendered":"<p>Vous souhaitez acheter un smartphone ou une tablette de mani\u00e8re la plus \u00e9thique possible ? Vous \u00eates au bon endroit. L&#8217;empreinte environnementale d&rsquo;un smartphone est principalement li\u00e9e \u00e0 sa production. Avec iod\u00e9, vous pouvez avoir l&rsquo;esprit tranquille en associant un syst\u00e8me \u00e9thique \u00e0 un mat\u00e9riel \u00e9thique. Nous disposons d&rsquo;un large choix d&rsquo;appareils reconditionn\u00e9s et neufs &#8230; <a title=\"Smartphones et tablettes iod\u00e9\" class=\"read-more\" href=\"https:\/\/iode.tech\/fr\/smartphones-et-tablettes\/\" aria-label=\"En savoir plus sur Smartphones et tablettes iod\u00e9\">Lire plus<\/a><\/p>\n","protected":false},"author":5,"featured_media":0,"parent":0,"menu_order":0,"comment_status":"closed","ping_status":"closed","template":"","meta":{"footnotes":""},"class_list":["post-35944","page","type-page","status-publish"],"yoast_head":"<!-- This site is optimized with the Yoast SEO plugin v27.5 - https:\/\/yoast.com\/product\/yoast-seo-wordpress\/ -->\n<title>Smartphones et tablettes iod\u00e9 - iod\u00e9<\/title>\n<meta name=\"description\" content=\"Si iod\u00e9OS a \u00e9t\u00e9 cr\u00e9\u00e9 pour r\u00e9soudre le probl\u00e8me de la protection de la vie priv\u00e9e, nous voulons aussi contribuer \u00e0 ce que les appareils durent plus longtemps que pr\u00e9vu par le fabricant et contribuer \u00e0 une fabrication \u00e9thique dans la mesure du possible.\" \/>\n<meta name=\"robots\" content=\"index, follow, max-snippet:-1, max-image-preview:large, max-video-preview:-1\" \/>\n<link rel=\"canonical\" href=\"https:\/\/iode.tech\/fr\/smartphones-et-tablettes\/\" \/>\n<meta property=\"og:locale\" content=\"fr_FR\" \/>\n<meta property=\"og:type\" content=\"article\" \/>\n<meta property=\"og:title\" content=\"Smartphones et tablettes iod\u00e9 - iod\u00e9\" \/>\n<meta property=\"og:description\" content=\"Si iod\u00e9OS a \u00e9t\u00e9 cr\u00e9\u00e9 pour r\u00e9soudre le probl\u00e8me de la protection de la vie priv\u00e9e, nous voulons aussi contribuer \u00e0 ce que les appareils durent plus longtemps que pr\u00e9vu par le fabricant et contribuer \u00e0 une fabrication \u00e9thique dans la mesure du possible.\" \/>\n<meta property=\"og:url\" content=\"https:\/\/iode.tech\/fr\/smartphones-et-tablettes\/\" \/>\n<meta property=\"og:site_name\" content=\"iod\u00e9\" \/>\n<meta property=\"article:modified_time\" content=\"2025-03-26T10:55:13+00:00\" \/>\n<meta property=\"og:image\" content=\"https:\/\/iode.tech\/wp-content\/uploads\/2025\/02\/tool.png\" \/>\n\t<meta property=\"og:image:width\" content=\"249\" \/>\n\t<meta property=\"og:image:height\" content=\"249\" \/>\n\t<meta property=\"og:image:type\" content=\"image\/png\" \/>\n<meta name=\"twitter:card\" content=\"summary_large_image\" \/>\n<meta name=\"twitter:label1\" content=\"Dur\u00e9e de lecture estim\u00e9e\" \/>\n\t<meta name=\"twitter:data1\" content=\"5 minutes\" \/>\n<script type=\"application\/ld+json\" class=\"yoast-schema-graph\">{\"@context\":\"https:\\\/\\\/schema.org\",\"@graph\":[{\"@type\":\"WebPage\",\"@id\":\"https:\\\/\\\/iode.tech\\\/fr\\\/smartphones-et-tablettes\\\/\",\"url\":\"https:\\\/\\\/iode.tech\\\/fr\\\/smartphones-et-tablettes\\\/\",\"name\":\"Smartphones et tablettes iod\u00e9 - iod\u00e9\",\"isPartOf\":{\"@id\":\"https:\\\/\\\/iode.tech\\\/fr\\\/#website\"},\"primaryImageOfPage\":{\"@id\":\"https:\\\/\\\/iode.tech\\\/fr\\\/smartphones-et-tablettes\\\/#primaryimage\"},\"image\":{\"@id\":\"https:\\\/\\\/iode.tech\\\/fr\\\/smartphones-et-tablettes\\\/#primaryimage\"},\"thumbnailUrl\":\"https:\\\/\\\/iode.tech\\\/wp-content\\\/uploads\\\/2025\\\/02\\\/tool.png\",\"datePublished\":\"2025-02-04T09:19:06+00:00\",\"dateModified\":\"2025-03-26T10:55:13+00:00\",\"description\":\"Si iod\u00e9OS a \u00e9t\u00e9 cr\u00e9\u00e9 pour r\u00e9soudre le probl\u00e8me de la protection de la vie priv\u00e9e, nous voulons aussi contribuer \u00e0 ce que les appareils durent plus longtemps que pr\u00e9vu par le fabricant et contribuer \u00e0 une fabrication \u00e9thique dans la mesure du possible.\",\"breadcrumb\":{\"@id\":\"https:\\\/\\\/iode.tech\\\/fr\\\/smartphones-et-tablettes\\\/#breadcrumb\"},\"inLanguage\":\"fr-FR\",\"potentialAction\":[{\"@type\":\"ReadAction\",\"target\":[\"https:\\\/\\\/iode.tech\\\/fr\\\/smartphones-et-tablettes\\\/\"]}]},{\"@type\":\"ImageObject\",\"inLanguage\":\"fr-FR\",\"@id\":\"https:\\\/\\\/iode.tech\\\/fr\\\/smartphones-et-tablettes\\\/#primaryimage\",\"url\":\"https:\\\/\\\/iode.tech\\\/wp-content\\\/uploads\\\/2025\\\/02\\\/tool.png\",\"contentUrl\":\"https:\\\/\\\/iode.tech\\\/wp-content\\\/uploads\\\/2025\\\/02\\\/tool.png\"},{\"@type\":\"BreadcrumbList\",\"@id\":\"https:\\\/\\\/iode.tech\\\/fr\\\/smartphones-et-tablettes\\\/#breadcrumb\",\"itemListElement\":[{\"@type\":\"ListItem\",\"position\":1,\"name\":\"Accueil\",\"item\":\"https:\\\/\\\/iode.tech\\\/fr\\\/\"},{\"@type\":\"ListItem\",\"position\":2,\"name\":\"Smartphones et tablettes iod\u00e9\"}]},{\"@type\":\"WebSite\",\"@id\":\"https:\\\/\\\/iode.tech\\\/fr\\\/#website\",\"url\":\"https:\\\/\\\/iode.tech\\\/fr\\\/\",\"name\":\"iod\u00e9\",\"description\":\"Soyez plus smart que votre t\u00e9l\u00e9phone.\",\"publisher\":{\"@id\":\"https:\\\/\\\/iode.tech\\\/fr\\\/#organization\"},\"potentialAction\":[{\"@type\":\"SearchAction\",\"target\":{\"@type\":\"EntryPoint\",\"urlTemplate\":\"https:\\\/\\\/iode.tech\\\/fr\\\/?s={search_term_string}\"},\"query-input\":{\"@type\":\"PropertyValueSpecification\",\"valueRequired\":true,\"valueName\":\"search_term_string\"}}],\"inLanguage\":\"fr-FR\"},{\"@type\":\"Organization\",\"@id\":\"https:\\\/\\\/iode.tech\\\/fr\\\/#organization\",\"name\":\"iod\u00e9\",\"url\":\"https:\\\/\\\/iode.tech\\\/fr\\\/\",\"logo\":{\"@type\":\"ImageObject\",\"inLanguage\":\"fr-FR\",\"@id\":\"https:\\\/\\\/iode.tech\\\/fr\\\/#\\\/schema\\\/logo\\\/image\\\/\",\"url\":\"https:\\\/\\\/iode.tech\\\/wp-content\\\/uploads\\\/2024\\\/06\\\/logo_iode_white_367x134.png\",\"contentUrl\":\"https:\\\/\\\/iode.tech\\\/wp-content\\\/uploads\\\/2024\\\/06\\\/logo_iode_white_367x134.png\",\"width\":367,\"height\":134,\"caption\":\"iod\u00e9\"},\"image\":{\"@id\":\"https:\\\/\\\/iode.tech\\\/fr\\\/#\\\/schema\\\/logo\\\/image\\\/\"}}]}<\/script>\n<!-- \/ Yoast SEO plugin. -->","yoast_head_json":{"title":"Smartphones et tablettes iod\u00e9 - iod\u00e9","description":"Si iod\u00e9OS a \u00e9t\u00e9 cr\u00e9\u00e9 pour r\u00e9soudre le probl\u00e8me de la protection de la vie priv\u00e9e, nous voulons aussi contribuer \u00e0 ce que les appareils durent plus longtemps que pr\u00e9vu par le fabricant et contribuer \u00e0 une fabrication \u00e9thique dans la mesure du possible.","robots":{"index":"index","follow":"follow","max-snippet":"max-snippet:-1","max-image-preview":"max-image-preview:large","max-video-preview":"max-video-preview:-1"},"canonical":"https:\/\/iode.tech\/fr\/smartphones-et-tablettes\/","og_locale":"fr_FR","og_type":"article","og_title":"Smartphones et tablettes iod\u00e9 - iod\u00e9","og_description":"Si iod\u00e9OS a \u00e9t\u00e9 cr\u00e9\u00e9 pour r\u00e9soudre le probl\u00e8me de la protection de la vie priv\u00e9e, nous voulons aussi contribuer \u00e0 ce que les appareils durent plus longtemps que pr\u00e9vu par le fabricant et contribuer \u00e0 une fabrication \u00e9thique dans la mesure du possible.","og_url":"https:\/\/iode.tech\/fr\/smartphones-et-tablettes\/","og_site_name":"iod\u00e9","article_modified_time":"2025-03-26T10:55:13+00:00","og_image":[{"width":249,"height":249,"url":"https:\/\/iode.tech\/wp-content\/uploads\/2025\/02\/tool.png","type":"image\/png"}],"twitter_card":"summary_large_image","twitter_misc":{"Dur\u00e9e de lecture estim\u00e9e":"5 minutes"},"schema":{"@context":"https:\/\/schema.org","@graph":[{"@type":"WebPage","@id":"https:\/\/iode.tech\/fr\/smartphones-et-tablettes\/","url":"https:\/\/iode.tech\/fr\/smartphones-et-tablettes\/","name":"Smartphones et tablettes iod\u00e9 - iod\u00e9","isPartOf":{"@id":"https:\/\/iode.tech\/fr\/#website"},"primaryImageOfPage":{"@id":"https:\/\/iode.tech\/fr\/smartphones-et-tablettes\/#primaryimage"},"image":{"@id":"https:\/\/iode.tech\/fr\/smartphones-et-tablettes\/#primaryimage"},"thumbnailUrl":"https:\/\/iode.tech\/wp-content\/uploads\/2025\/02\/tool.png","datePublished":"2025-02-04T09:19:06+00:00","dateModified":"2025-03-26T10:55:13+00:00","description":"Si iod\u00e9OS a \u00e9t\u00e9 cr\u00e9\u00e9 pour r\u00e9soudre le probl\u00e8me de la protection de la vie priv\u00e9e, nous voulons aussi contribuer \u00e0 ce que les appareils durent plus longtemps que pr\u00e9vu par le fabricant et contribuer \u00e0 une fabrication \u00e9thique dans la mesure du possible.","breadcrumb":{"@id":"https:\/\/iode.tech\/fr\/smartphones-et-tablettes\/#breadcrumb"},"inLanguage":"fr-FR","potentialAction":[{"@type":"ReadAction","target":["https:\/\/iode.tech\/fr\/smartphones-et-tablettes\/"]}]},{"@type":"ImageObject","inLanguage":"fr-FR","@id":"https:\/\/iode.tech\/fr\/smartphones-et-tablettes\/#primaryimage","url":"https:\/\/iode.tech\/wp-content\/uploads\/2025\/02\/tool.png","contentUrl":"https:\/\/iode.tech\/wp-content\/uploads\/2025\/02\/tool.png"},{"@type":"BreadcrumbList","@id":"https:\/\/iode.tech\/fr\/smartphones-et-tablettes\/#breadcrumb","itemListElement":[{"@type":"ListItem","position":1,"name":"Accueil","item":"https:\/\/iode.tech\/fr\/"},{"@type":"ListItem","position":2,"name":"Smartphones et tablettes iod\u00e9"}]},{"@type":"WebSite","@id":"https:\/\/iode.tech\/fr\/#website","url":"https:\/\/iode.tech\/fr\/","name":"iod\u00e9","description":"Soyez plus smart que votre t\u00e9l\u00e9phone.","publisher":{"@id":"https:\/\/iode.tech\/fr\/#organization"},"potentialAction":[{"@type":"SearchAction","target":{"@type":"EntryPoint","urlTemplate":"https:\/\/iode.tech\/fr\/?s={search_term_string}"},"query-input":{"@type":"PropertyValueSpecification","valueRequired":true,"valueName":"search_term_string"}}],"inLanguage":"fr-FR"},{"@type":"Organization","@id":"https:\/\/iode.tech\/fr\/#organization","name":"iod\u00e9","url":"https:\/\/iode.tech\/fr\/","logo":{"@type":"ImageObject","inLanguage":"fr-FR","@id":"https:\/\/iode.tech\/fr\/#\/schema\/logo\/image\/","url":"https:\/\/iode.tech\/wp-content\/uploads\/2024\/06\/logo_iode_white_367x134.png","contentUrl":"https:\/\/iode.tech\/wp-content\/uploads\/2024\/06\/logo_iode_white_367x134.png","width":367,"height":134,"caption":"iod\u00e9"},"image":{"@id":"https:\/\/iode.tech\/fr\/#\/schema\/logo\/image\/"}}]}},"_links":{"self":[{"href":"https:\/\/iode.tech\/fr\/wp-json\/wp\/v2\/pages\/35944","targetHints":{"allow":["GET"]}}],"collection":[{"href":"https:\/\/iode.tech\/fr\/wp-json\/wp\/v2\/pages"}],"about":[{"href":"https:\/\/iode.tech\/fr\/wp-json\/wp\/v2\/types\/page"}],"author":[{"embeddable":true,"href":"https:\/\/iode.tech\/fr\/wp-json\/wp\/v2\/users\/5"}],"replies":[{"embeddable":true,"href":"https:\/\/iode.tech\/fr\/wp-json\/wp\/v2\/comments?post=35944"}],"version-history":[{"count":11,"href":"https:\/\/iode.tech\/fr\/wp-json\/wp\/v2\/pages\/35944\/revisions"}],"predecessor-version":[{"id":36360,"href":"https:\/\/iode.tech\/fr\/wp-json\/wp\/v2\/pages\/35944\/revisions\/36360"}],"wp:attachment":[{"href":"https:\/\/iode.tech\/fr\/wp-json\/wp\/v2\/media?parent=35944"}],"curies":[{"name":"wp","href":"https:\/\/api.w.org\/{rel}","templated":true}]}}