{"id":35371,"date":"2024-12-20T18:31:17","date_gmt":"2024-12-20T17:31:17","guid":{"rendered":"https:\/\/iode.tech\/?page_id=35371"},"modified":"2024-12-20T19:10:16","modified_gmt":"2024-12-20T18:10:16","slug":"cartes-cadeaux","status":"publish","type":"page","link":"https:\/\/iode.tech\/fr\/cartes-cadeaux\/","title":{"rendered":"Cartes cadeaux"},"content":{"rendered":"\n<h2 class=\"wp-block-heading has-text-align-center\">Offrez le cadeau de la vie priv\u00e9e avec les cartes-cadeaux iod\u00e9<\/h2>\n\n\n\n<p class=\"has-text-align-center\">Vous avez le choix entre des cartes-cadeaux pour les abonnements premium, les abonnements familiaux premium et des codes de r\u00e9duction pour les smartphones.<\/p>\n\n\n\n<p><\/p>\n\n\n<div class=\"gb-container gb-container-35d0b95c alignwide\">\n\n<div class=\"wp-block-columns alignwide is-layout-flex wp-container-core-columns-is-layout-829b1d53 wp-block-columns-is-layout-flex\" style=\"margin-bottom:0\">\n<div class=\"wp-block-column has-base-background-color has-text-color has-background has-link-color wp-elements-8ec76d6054520880923926c54eb5c117 is-layout-flow wp-block-column-is-layout-flow\" style=\"color:#000000;padding-top:2em;padding-right:2em;padding-bottom:2em;padding-left:2em\">\n<figure class=\"wp-block-image size-full\"><img decoding=\"async\" src=\"https:\/\/shop.iode.tech\/wp-content\/uploads\/2023\/07\/iodeos_premium.png\" alt=\"iod\u00e9OS premium\" class=\"wp-image-25111\"\/><\/figure>\n\n\n\n<p><\/p>\n\n\n\n<p class=\"has-normal-font-size\" style=\"line-height:1.5\"><strong>Offrez un abonnement \u00e0<\/strong> <strong>iod\u00e9OS Premium <\/strong><br><\/p>\n\n\n\n<hr class=\"wp-block-separator has-text-color has-css-opacity has-background is-style-wide\" style=\"background-color:#000000;color:#000000\"\/>\n\n\n\n<ul class=\"wp-block-list has-normal-font-size\">\n<li>D\u00e9googlis\u00e9<\/li>\n\n\n\n<li>Applications pr\u00e9install\u00e9es respectueuses de votre vie priv\u00e9e<\/li>\n\n\n\n<li>Applications pr\u00e9install\u00e9es d\u00e9sinstallables<\/li>\n\n\n\n<li>Protection standard du bloqueur iod\u00e9<\/li>\n\n\n\n<li>Option de blocages de r\u00e9seaux<\/li>\n\n\n\n<li>Protection renforc\u00e9e du bloqueur iod\u00e9<\/li>\n\n\n\n<li>Option de blocages du contenu pour adultes<\/li>\n\n\n\n<li>Option de blocages des r\u00e9seaux sociaux non \u00e9thiques<\/li>\n\n\n\n<li>Option de blocages personnalis\u00e9s avec sauvegarde<\/li>\n\n\n\n<li>Jusqu\u2019\u00e0 2 appareils connect\u00e9s simultan\u00e9ment<\/li>\n<\/ul>\n\n\n\n<div class=\"wp-block-buttons is-vertical is-content-justification-center is-layout-flex wp-container-core-buttons-is-layout-9a7cdcfd wp-block-buttons-is-layout-flex\">\n<div class=\"wp-block-button has-custom-width wp-block-button__width-100 is-style-outline is-style-outline--1\"><a class=\"wp-block-button__link has-base-3-color has-accent-2-background-color has-text-color has-background wp-element-button\" href=\"https:\/\/iode.tech\/fr\/cartes-cadeaux\/#cadeau\" style=\"border-radius:10px\">Offrez 6 mois pour 24\u20ac<\/a><\/div>\n<\/div>\n<\/div>\n\n\n\n<div class=\"wp-block-column has-base-background-color has-text-color has-background has-link-color wp-elements-29034984466636b95e0f830ef59cf03f is-layout-flow wp-block-column-is-layout-flow\" style=\"color:#000000;padding-top:2em;padding-right:2em;padding-bottom:2em;padding-left:2em\">\n<figure class=\"wp-block-image size-full\"><img decoding=\"async\" src=\"https:\/\/shop.iode.tech\/wp-content\/uploads\/2023\/07\/iodeos-premium-family-EN.png\" alt=\"iod\u00e9OS premium family\" class=\"wp-image-25107\"\/><\/figure>\n\n\n\n<p><\/p>\n\n\n\n<p class=\"has-normal-font-size\" style=\"line-height:1.5\"><strong><strong><strong>Offrez un abonnement \u00e0<\/strong> <strong>iod\u00e9OS Prem<\/strong><\/strong>ium Famille<\/strong><\/p>\n\n\n\n<hr class=\"wp-block-separator has-css-opacity is-style-wide\"\/>\n\n\n\n<ul class=\"wp-block-list has-normal-font-size\">\n<li>D\u00e9googlis\u00e9<\/li>\n\n\n\n<li>Applications pr\u00e9install\u00e9es respectueuses de votre vie priv\u00e9e<\/li>\n\n\n\n<li>Applications pr\u00e9install\u00e9es d\u00e9sinstallables<\/li>\n\n\n\n<li>Protection standard du bloqueur iod\u00e9<\/li>\n\n\n\n<li>Option de blocages de r\u00e9seaux<\/li>\n\n\n\n<li>Protection renforc\u00e9e du bloqueur iod\u00e9<\/li>\n\n\n\n<li>Option de blocages du contenu pour adultes<\/li>\n\n\n\n<li>Option de blocages des r\u00e9seaux sociaux non \u00e9thiques<\/li>\n\n\n\n<li>Option de blocages personnalis\u00e9s avec sauvegarde<\/li>\n\n\n\n<li>Jusqu\u2019\u00e0 6 appareils connect\u00e9s simultan\u00e9ment<\/li>\n<\/ul>\n\n\n\n<div class=\"wp-block-buttons is-horizontal is-content-justification-center is-layout-flex wp-container-core-buttons-is-layout-937ffba9 wp-block-buttons-is-layout-flex\">\n<div class=\"wp-block-button has-custom-width wp-block-button__width-100 is-style-outline is-style-outline--2\"><a class=\"wp-block-button__link has-white-color has-accent-2-background-color has-text-color has-background wp-element-button\" href=\"https:\/\/iode.tech\/fr\/cartes-cadeaux\/#cadeau\" style=\"border-radius:10px\">Offrez 6 mois pour 42\u20ac<\/a><\/div>\n<\/div>\n<\/div>\n\n\n\n<div class=\"wp-block-column has-base-background-color has-text-color has-background has-link-color wp-elements-b8c4d7a27aaf910f9d51b32cee236b6b is-layout-flow wp-block-column-is-layout-flow\" style=\"color:#000000;padding-top:2em;padding-right:2em;padding-bottom:2em;padding-left:2em\">\n<figure class=\"wp-block-image size-full\"><img decoding=\"async\" src=\"https:\/\/shop.iode.tech\/wp-content\/uploads\/2023\/09\/FP5-iode-1000x1000-1.png\" alt=\"iod\u00e9 Fairphone 5\" class=\"wp-image-26876\"\/><\/figure>\n\n\n\n<p><\/p>\n\n\n\n<p class=\"has-normal-font-size\"><strong><strong><strong>Offrez une remise \u00e0 une commande iod\u00e9<\/strong><\/strong><\/strong><\/p>\n\n\n\n<hr class=\"wp-block-separator has-css-opacity is-style-wide\"\/>\n\n\n\n<ul class=\"wp-block-list has-normal-font-size\">\n<li>Choisissez parmi plus de 30 mod\u00e8les de t\u00e9l\u00e9phones<\/li>\n\n\n\n<li>appareils neufs et reconditionn\u00e9s<\/li>\n\n\n\n<li>iod\u00e9OS pr\u00e9install\u00e9<\/li>\n\n\n\n<li>D\u00e9googlis\u00e9<\/li>\n\n\n\n<li>Mises \u00e0 jour de s\u00e9curit\u00e9 en direct<\/li>\n\n\n\n<li>Applications pr\u00e9install\u00e9es respectueuses de la vie priv\u00e9e<\/li>\n\n\n\n<li>Applications d\u00e9sinstallables<\/li>\n\n\n\n<li>Protection standard contre le blocage des publicit\u00e9s<\/li>\n<\/ul>\n\n\n\n<div style=\"height:195px\" aria-hidden=\"true\" class=\"wp-block-spacer\"><\/div>\n\n\n\n<div class=\"wp-block-buttons is-horizontal is-content-justification-center is-layout-flex wp-container-core-buttons-is-layout-499968f5 wp-block-buttons-is-layout-flex\">\n<div class=\"wp-block-button has-custom-width wp-block-button__width-100 is-style-outline is-style-outline--3\"><a class=\"wp-block-button__link has-white-color has-accent-2-background-color has-text-color has-background wp-element-button\" href=\"https:\/\/iode.tech\/fr\/cartes-cadeaux\/#cadeau\" style=\"border-radius:10px\">Offrez une remise de 40\u20ac<\/a><\/div>\n<\/div>\n<\/div>\n<\/div>\n\n\n\n<div style=\"height:17px\" aria-hidden=\"true\" class=\"wp-block-spacer\"><\/div>\n\n\n\n<p class=\"has-text-align-center\">Ou<\/p>\n\n\n\n<div class=\"wp-block-buttons is-vertical is-content-justification-center is-layout-flex wp-container-core-buttons-is-layout-9a7cdcfd wp-block-buttons-is-layout-flex\">\n<div class=\"wp-block-button has-custom-width wp-block-button__width-50 is-style-outline is-style-outline--4\"><a class=\"wp-block-button__link has-base-3-color has-accent-2-background-color has-text-color has-background wp-element-button\" href=\"https:\/\/iode.tech\/fr\/cartes-cadeaux\/#cadeau\" style=\"border-radius:10px\">D\u00e9terminez vote propre cadeau<\/a><\/div>\n<\/div>\n\n<\/div>\n\n\n<h2 class=\"wp-block-heading has-text-align-center\" id=\"cadeau\">Voici comment cela fonctionne :<\/h2>\n\n\n\n<p class=\"has-text-align-center\"><\/p>\n\n\n\n<p class=\"has-text-align-center\">Une fois que vous avez choisi la carte cadeau que vous souhaitez acheter, faites un don en utilisant l&rsquo;un des modes de paiement suivants. De plus, \u00e9crivez-nous un e-mail avec le montant pay\u00e9. Une fois le paiement re\u00e7u, nous vous enverrons un code unique que le b\u00e9n\u00e9ficiaire pourra utiliser dans notre boutique.<\/p>\n\n\n<div class=\"gb-container gb-container-e91f0320 alignwide\">\n<div class=\"gb-grid-wrapper gb-grid-wrapper-49d34d53\">\n<div class=\"gb-grid-column gb-grid-column-fcead7e4\"><div class=\"gb-container gb-container-fcead7e4\"><\/div><\/div>\n\n<div class=\"gb-grid-column gb-grid-column-38d85d5e\"><div class=\"gb-container gb-container-38d85d5e\">\n\n<p><\/p>\n\n\n\n<div class=\"wp-block-buttons is-layout-flex wp-block-buttons-is-layout-flex\">\n<div class=\"wp-block-button background-color: var(--accent-1)\"><a class=\"wp-block-button__link has-accent-background-color has-background wp-element-button\" href=\"https:\/\/www.paypal.com\/donate\/?hosted_button_id=LNTT4WFSCZQH2\" style=\"border-radius:22px\">Cadeau via Paypal<\/a><\/div>\n<\/div>\n\n\n\n<p><\/p>\n\n\n\n<div class=\"wp-block-buttons is-layout-flex wp-block-buttons-is-layout-flex\">\n<div class=\"wp-block-button background-color: var(--accent-2)\"><a class=\"wp-block-button__link has-accent-2-background-color has-background wp-element-button\" href=\"https:\/\/buy.stripe.com\/eVa165fpg8Cn7w4fYY\" style=\"border-radius:22px\">Cadeau via Stripe<\/a><\/div>\n<\/div>\n\n\n\n<p><\/p>\n\n\n\n<div class=\"wp-block-buttons is-layout-flex wp-block-buttons-is-layout-flex\">\n<div class=\"wp-block-button background-color: var(--accent-2)\"><a class=\"wp-block-button__link has-accent-3-background-color has-background wp-element-button\" href=\"https:\/\/commerce.coinbase.com\/checkout\/ca2e5c42-d2a1-41dc-ae48-175a05a035d6\" style=\"border-radius:22px\">Cadeau via crypto-monnaies<\/a><\/div>\n<\/div>\n\n\n\n<p><\/p>\n\n\n\n<div class=\"wp-block-group details is-nowrap is-layout-flex wp-container-core-group-is-layout-ad2f72ca wp-block-group-is-layout-flex\">\n<details class=\"wp-block-details is-layout-flow wp-block-details-is-layout-flow\"><summary>Cadeau via virement bancaire<\/summary>\n<p>iod\u00e9 technologies<strong><br>IBAN: <\/strong>FR76 1807 9313 9502 9572 4594 147<br><strong>BIC\/SWIFT: <\/strong>CCDFFRPPXXX<\/p>\n<\/details>\n<\/div>\n\n\n\n<p><\/p>\n\n<\/div><\/div>\n\n<div class=\"gb-grid-column gb-grid-column-011dc67f\"><div class=\"gb-container gb-container-011dc67f\"><\/div><\/div>\n<\/div>\n<\/div>","protected":false},"excerpt":{"rendered":"<p>Offrez le cadeau de la vie priv\u00e9e avec les cartes-cadeaux iod\u00e9 Vous avez le choix entre des cartes-cadeaux pour les abonnements premium, les abonnements familiaux premium et des codes de r\u00e9duction pour les smartphones. Offrez un abonnement \u00e0 iod\u00e9OS Premium Offrez un abonnement \u00e0 iod\u00e9OS Premium Famille Offrez une remise \u00e0 une commande iod\u00e9 Ou &#8230; <a title=\"Cartes cadeaux\" class=\"read-more\" href=\"https:\/\/iode.tech\/fr\/cartes-cadeaux\/\" aria-label=\"En savoir plus sur Cartes cadeaux\">Lire plus<\/a><\/p>\n","protected":false},"author":2,"featured_media":0,"parent":0,"menu_order":0,"comment_status":"closed","ping_status":"closed","template":"","meta":{"footnotes":""},"class_list":["post-35371","page","type-page","status-publish"],"yoast_head":"<!-- This site is optimized with the Yoast SEO plugin v27.3 - https:\/\/yoast.com\/product\/yoast-seo-wordpress\/ -->\n<title>Cartes cadeaux - iod\u00e9<\/title>\n<meta name=\"description\" content=\"Vous avez le choix entre des cartes-cadeaux pour les abonnements premium, les abonnements familiaux premium et des codes de r\u00e9duction pour les smartphones.\" \/>\n<meta name=\"robots\" content=\"index, follow, max-snippet:-1, max-image-preview:large, max-video-preview:-1\" \/>\n<link rel=\"canonical\" href=\"https:\/\/iode.tech\/gift-cards\/\" \/>\n<meta property=\"og:locale\" content=\"fr_FR\" \/>\n<meta property=\"og:type\" content=\"article\" \/>\n<meta property=\"og:title\" content=\"Cartes cadeaux - iod\u00e9\" \/>\n<meta property=\"og:description\" content=\"Vous avez le choix entre des cartes-cadeaux pour les abonnements premium, les abonnements familiaux premium et des codes de r\u00e9duction pour les smartphones.\" \/>\n<meta property=\"og:url\" content=\"https:\/\/iode.tech\/gift-cards\/\" \/>\n<meta property=\"og:site_name\" content=\"iod\u00e9\" \/>\n<meta property=\"article:modified_time\" content=\"2024-12-20T18:10:16+00:00\" \/>\n<meta property=\"og:image\" content=\"https:\/\/shop.iode.tech\/wp-content\/uploads\/2023\/07\/iodeos_premium.png\" \/>\n<meta name=\"twitter:card\" content=\"summary_large_image\" \/>\n<meta name=\"twitter:label1\" content=\"Dur\u00e9e de lecture estim\u00e9e\" \/>\n\t<meta name=\"twitter:data1\" content=\"2 minutes\" \/>\n<script type=\"application\/ld+json\" class=\"yoast-schema-graph\">{\"@context\":\"https:\\\/\\\/schema.org\",\"@graph\":[{\"@type\":\"WebPage\",\"@id\":\"https:\\\/\\\/iode.tech\\\/gift-cards\\\/\",\"url\":\"https:\\\/\\\/iode.tech\\\/gift-cards\\\/\",\"name\":\"Cartes cadeaux - iod\u00e9\",\"isPartOf\":{\"@id\":\"https:\\\/\\\/iode.tech\\\/fr\\\/#website\"},\"primaryImageOfPage\":{\"@id\":\"https:\\\/\\\/iode.tech\\\/gift-cards\\\/#primaryimage\"},\"image\":{\"@id\":\"https:\\\/\\\/iode.tech\\\/gift-cards\\\/#primaryimage\"},\"thumbnailUrl\":\"https:\\\/\\\/shop.iode.tech\\\/wp-content\\\/uploads\\\/2023\\\/07\\\/iodeos_premium.png\",\"datePublished\":\"2024-12-20T17:31:17+00:00\",\"dateModified\":\"2024-12-20T18:10:16+00:00\",\"description\":\"Vous avez le choix entre des cartes-cadeaux pour les abonnements premium, les abonnements familiaux premium et des codes de r\u00e9duction pour les smartphones.\",\"breadcrumb\":{\"@id\":\"https:\\\/\\\/iode.tech\\\/gift-cards\\\/#breadcrumb\"},\"inLanguage\":\"fr-FR\",\"potentialAction\":[{\"@type\":\"ReadAction\",\"target\":[\"https:\\\/\\\/iode.tech\\\/gift-cards\\\/\"]}]},{\"@type\":\"ImageObject\",\"inLanguage\":\"fr-FR\",\"@id\":\"https:\\\/\\\/iode.tech\\\/gift-cards\\\/#primaryimage\",\"url\":\"https:\\\/\\\/shop.iode.tech\\\/wp-content\\\/uploads\\\/2023\\\/07\\\/iodeos_premium.png\",\"contentUrl\":\"https:\\\/\\\/shop.iode.tech\\\/wp-content\\\/uploads\\\/2023\\\/07\\\/iodeos_premium.png\"},{\"@type\":\"BreadcrumbList\",\"@id\":\"https:\\\/\\\/iode.tech\\\/gift-cards\\\/#breadcrumb\",\"itemListElement\":[{\"@type\":\"ListItem\",\"position\":1,\"name\":\"Accueil\",\"item\":\"https:\\\/\\\/iode.tech\\\/fr\\\/\"},{\"@type\":\"ListItem\",\"position\":2,\"name\":\"Cartes cadeaux\"}]},{\"@type\":\"WebSite\",\"@id\":\"https:\\\/\\\/iode.tech\\\/fr\\\/#website\",\"url\":\"https:\\\/\\\/iode.tech\\\/fr\\\/\",\"name\":\"iod\u00e9\",\"description\":\"Soyez plus smart que votre t\u00e9l\u00e9phone.\",\"publisher\":{\"@id\":\"https:\\\/\\\/iode.tech\\\/fr\\\/#organization\"},\"potentialAction\":[{\"@type\":\"SearchAction\",\"target\":{\"@type\":\"EntryPoint\",\"urlTemplate\":\"https:\\\/\\\/iode.tech\\\/fr\\\/?s={search_term_string}\"},\"query-input\":{\"@type\":\"PropertyValueSpecification\",\"valueRequired\":true,\"valueName\":\"search_term_string\"}}],\"inLanguage\":\"fr-FR\"},{\"@type\":\"Organization\",\"@id\":\"https:\\\/\\\/iode.tech\\\/fr\\\/#organization\",\"name\":\"iod\u00e9\",\"url\":\"https:\\\/\\\/iode.tech\\\/fr\\\/\",\"logo\":{\"@type\":\"ImageObject\",\"inLanguage\":\"fr-FR\",\"@id\":\"https:\\\/\\\/iode.tech\\\/fr\\\/#\\\/schema\\\/logo\\\/image\\\/\",\"url\":\"https:\\\/\\\/iode.tech\\\/wp-content\\\/uploads\\\/2024\\\/06\\\/logo_iode_white_367x134.png\",\"contentUrl\":\"https:\\\/\\\/iode.tech\\\/wp-content\\\/uploads\\\/2024\\\/06\\\/logo_iode_white_367x134.png\",\"width\":367,\"height\":134,\"caption\":\"iod\u00e9\"},\"image\":{\"@id\":\"https:\\\/\\\/iode.tech\\\/fr\\\/#\\\/schema\\\/logo\\\/image\\\/\"}}]}<\/script>\n<!-- \/ Yoast SEO plugin. -->","yoast_head_json":{"title":"Cartes cadeaux - iod\u00e9","description":"Vous avez le choix entre des cartes-cadeaux pour les abonnements premium, les abonnements familiaux premium et des codes de r\u00e9duction pour les smartphones.","robots":{"index":"index","follow":"follow","max-snippet":"max-snippet:-1","max-image-preview":"max-image-preview:large","max-video-preview":"max-video-preview:-1"},"canonical":"https:\/\/iode.tech\/gift-cards\/","og_locale":"fr_FR","og_type":"article","og_title":"Cartes cadeaux - iod\u00e9","og_description":"Vous avez le choix entre des cartes-cadeaux pour les abonnements premium, les abonnements familiaux premium et des codes de r\u00e9duction pour les smartphones.","og_url":"https:\/\/iode.tech\/gift-cards\/","og_site_name":"iod\u00e9","article_modified_time":"2024-12-20T18:10:16+00:00","og_image":[{"url":"https:\/\/shop.iode.tech\/wp-content\/uploads\/2023\/07\/iodeos_premium.png","type":"","width":"","height":""}],"twitter_card":"summary_large_image","twitter_misc":{"Dur\u00e9e de lecture estim\u00e9e":"2 minutes"},"schema":{"@context":"https:\/\/schema.org","@graph":[{"@type":"WebPage","@id":"https:\/\/iode.tech\/gift-cards\/","url":"https:\/\/iode.tech\/gift-cards\/","name":"Cartes cadeaux - iod\u00e9","isPartOf":{"@id":"https:\/\/iode.tech\/fr\/#website"},"primaryImageOfPage":{"@id":"https:\/\/iode.tech\/gift-cards\/#primaryimage"},"image":{"@id":"https:\/\/iode.tech\/gift-cards\/#primaryimage"},"thumbnailUrl":"https:\/\/shop.iode.tech\/wp-content\/uploads\/2023\/07\/iodeos_premium.png","datePublished":"2024-12-20T17:31:17+00:00","dateModified":"2024-12-20T18:10:16+00:00","description":"Vous avez le choix entre des cartes-cadeaux pour les abonnements premium, les abonnements familiaux premium et des codes de r\u00e9duction pour les smartphones.","breadcrumb":{"@id":"https:\/\/iode.tech\/gift-cards\/#breadcrumb"},"inLanguage":"fr-FR","potentialAction":[{"@type":"ReadAction","target":["https:\/\/iode.tech\/gift-cards\/"]}]},{"@type":"ImageObject","inLanguage":"fr-FR","@id":"https:\/\/iode.tech\/gift-cards\/#primaryimage","url":"https:\/\/shop.iode.tech\/wp-content\/uploads\/2023\/07\/iodeos_premium.png","contentUrl":"https:\/\/shop.iode.tech\/wp-content\/uploads\/2023\/07\/iodeos_premium.png"},{"@type":"BreadcrumbList","@id":"https:\/\/iode.tech\/gift-cards\/#breadcrumb","itemListElement":[{"@type":"ListItem","position":1,"name":"Accueil","item":"https:\/\/iode.tech\/fr\/"},{"@type":"ListItem","position":2,"name":"Cartes cadeaux"}]},{"@type":"WebSite","@id":"https:\/\/iode.tech\/fr\/#website","url":"https:\/\/iode.tech\/fr\/","name":"iod\u00e9","description":"Soyez plus smart que votre t\u00e9l\u00e9phone.","publisher":{"@id":"https:\/\/iode.tech\/fr\/#organization"},"potentialAction":[{"@type":"SearchAction","target":{"@type":"EntryPoint","urlTemplate":"https:\/\/iode.tech\/fr\/?s={search_term_string}"},"query-input":{"@type":"PropertyValueSpecification","valueRequired":true,"valueName":"search_term_string"}}],"inLanguage":"fr-FR"},{"@type":"Organization","@id":"https:\/\/iode.tech\/fr\/#organization","name":"iod\u00e9","url":"https:\/\/iode.tech\/fr\/","logo":{"@type":"ImageObject","inLanguage":"fr-FR","@id":"https:\/\/iode.tech\/fr\/#\/schema\/logo\/image\/","url":"https:\/\/iode.tech\/wp-content\/uploads\/2024\/06\/logo_iode_white_367x134.png","contentUrl":"https:\/\/iode.tech\/wp-content\/uploads\/2024\/06\/logo_iode_white_367x134.png","width":367,"height":134,"caption":"iod\u00e9"},"image":{"@id":"https:\/\/iode.tech\/fr\/#\/schema\/logo\/image\/"}}]}},"_links":{"self":[{"href":"https:\/\/iode.tech\/fr\/wp-json\/wp\/v2\/pages\/35371","targetHints":{"allow":["GET"]}}],"collection":[{"href":"https:\/\/iode.tech\/fr\/wp-json\/wp\/v2\/pages"}],"about":[{"href":"https:\/\/iode.tech\/fr\/wp-json\/wp\/v2\/types\/page"}],"author":[{"embeddable":true,"href":"https:\/\/iode.tech\/fr\/wp-json\/wp\/v2\/users\/2"}],"replies":[{"embeddable":true,"href":"https:\/\/iode.tech\/fr\/wp-json\/wp\/v2\/comments?post=35371"}],"version-history":[{"count":6,"href":"https:\/\/iode.tech\/fr\/wp-json\/wp\/v2\/pages\/35371\/revisions"}],"predecessor-version":[{"id":35384,"href":"https:\/\/iode.tech\/fr\/wp-json\/wp\/v2\/pages\/35371\/revisions\/35384"}],"wp:attachment":[{"href":"https:\/\/iode.tech\/fr\/wp-json\/wp\/v2\/media?parent=35371"}],"curies":[{"name":"wp","href":"https:\/\/api.w.org\/{rel}","templated":true}]}}