{"id":34825,"date":"2024-07-11T10:49:13","date_gmt":"2024-07-11T08:49:13","guid":{"rendered":"https:\/\/iode.tech\/?page_id=34825"},"modified":"2025-05-28T17:11:09","modified_gmt":"2025-05-28T15:11:09","slug":"durabilite","status":"publish","type":"page","link":"https:\/\/iode.tech\/fr\/durabilite\/","title":{"rendered":"Durabilit\u00e9"},"content":{"rendered":"\n<p>Chez iod\u00e9, non seulement nous concevons et d\u00e9veloppons des solutions pour prot\u00e9ger votre vie priv\u00e9e et votre s\u00e9curit\u00e9 en ligne, mais nous nous effor\u00e7ons \u00e9galement de r\u00e9duire notre empreinte carbone, ainsi que la v\u00f4tre. D\u00e9couvrons ce que iod\u00e9 fait pour \u00eatre plus durable tout au long du cycle de vie de chaque appareil que nous vendons.<\/p>\n\n\n\n<h2 class=\"wp-block-heading has-text-align-center\">Notre voyage commence par le syst\u00e8me d&rsquo;exploitation lui-m\u00eame :<\/h2>\n\n\n\n<div class=\"wp-block-media-text is-stacked-on-mobile\" style=\"grid-template-columns:24% auto\"><figure class=\"wp-block-media-text__media\"><img loading=\"lazy\" decoding=\"async\" width=\"400\" height=\"400\" src=\"https:\/\/iode.tech\/wp-content\/uploads\/2024\/06\/iodeos-400x400-1.png\" alt=\"iod\u00e9OS\" class=\"wp-image-383 size-full\" srcset=\"https:\/\/iode.tech\/wp-content\/uploads\/2024\/06\/iodeos-400x400-1.png 400w, https:\/\/iode.tech\/wp-content\/uploads\/2024\/06\/iodeos-400x400-1-300x300.png 300w, https:\/\/iode.tech\/wp-content\/uploads\/2024\/06\/iodeos-400x400-1-150x150.png 150w\" sizes=\"auto, (max-width: 400px) 100vw, 400px\" \/><\/figure><div class=\"wp-block-media-text__content\">\n<p>iod\u00e9OS est un syst\u00e8me d&rsquo;exploitation Android <a href=\"https:\/\/gitlab.iode.tech\/\">open-source<\/a> con\u00e7u pour prot\u00e9ger vos donn\u00e9es personnelles. Nous h\u00e9bergeons le code sur notre propre instance <a href=\"https:\/\/about.gitlab.com\/fr-fr\/environmental-social-governance\/\">Gitlab <\/a>chez <a href=\"https:\/\/corporate.ovhcloud.com\/fr\/sustainability\/environment\/\">OVHCloud <\/a>en France. La mise \u00e0 disposition publique de notre code est l&rsquo;une des valeurs fondamentales de iod\u00e9 : non seulement c&rsquo;est une garantie de transparence et d&rsquo;\u00e9thique, mais <a href=\"https:\/\/blog.iode.tech\/fr\/how-open-source-can-affect-sustainability\/\">l&rsquo;open source est plus durable<\/a>.<\/p>\n\n\n\n<p>Presque tous les fabricants de t\u00e9l\u00e9phones Android remplissent le syst\u00e8me d&rsquo;exploitation de base de \u00ab\u00a0bloatware\u00a0\u00bb, ces applications pr\u00e9install\u00e9es qui fonctionnent pour la plupart en arri\u00e8re-plan, m\u00eame si elles ne sont pas souhait\u00e9es, et ne peuvent pas \u00eatre d\u00e9sinstall\u00e9es. iod\u00e9OS est un syst\u00e8me d&rsquo;exploitation l\u00e9ger, qui n&rsquo;<a href=\"https:\/\/blog.iode.tech\/fr\/pourquoi-vous-devriez-avoir-la-liberte-de-desinstaller-les-applications-preinstallees-et-comment-le-faire-avec-iodeos\/\">ex\u00e9cute que les applications que vous avez choisies<\/a>. Les syst\u00e8mes qui consomment moins de ressources utilisent moins d&rsquo;\u00e9nergie et moins de cycles de batterie, ce qui r\u00e9duit l&#8217;empreinte carbone et prolonge la dur\u00e9e de vie de l&rsquo;appareil.<\/p>\n\n\n\n<h3 class=\"wp-block-heading\">Et l&rsquo;adblocker<\/h3>\n\n\n\n<p>Le bloqueur iod\u00e9 bloque automatiquement chaque jour des m\u00e9gaoctets de donn\u00e9es qui pourraient \u00eatre collect\u00e9es par des mouchards sur votre appareil, emp\u00eachant ainsi l&rsquo;utilisation de ressources pour la collecte, le stockage et l&rsquo;analyse de donn\u00e9es.<\/p>\n<\/div><\/div>\n\n\n\n<h2 class=\"wp-block-heading has-text-align-center\">Un t\u00e9l\u00e9phone \u00e9thique que vous pouvez commander avec iod\u00e9OS pr\u00e9install\u00e9<\/h2>\n\n\n\n<div class=\"wp-block-media-text has-media-on-the-right is-stacked-on-mobile\" style=\"grid-template-columns:auto 30%\"><div class=\"wp-block-media-text__content\">\n<p>Nous travaillons en partenariat avec des fabricants et des reconditionneurs professionnels soucieux de l&rsquo;environnement pour proposer des <a href=\"https:\/\/shop.iode.tech\/fr\">t\u00e9l\u00e9phones <strong>neufs ou reconditionn\u00e9s<\/strong><\/a> avec iod\u00e9OS pr\u00e9install\u00e9.<\/p>\n\n\n\n<p>Nos nouveaux t\u00e9l\u00e9phones sont con\u00e7us de mani\u00e8re modulaire, avec des mat\u00e9riaux provenant de sources \u00e9quitables et en tenant compte de la responsabilit\u00e9 soci\u00e9tale. Pour en savoir plus sur nos fabricants, <a href=\"https:\/\/www.fairphone.com\/en\/impact-report\/\">cliquez ici<\/a>, <a href=\"https:\/\/www.shift.eco\/en\/impact\/\">ici <\/a>et <a href=\"https:\/\/myteracube.com\/pages\/about-us-new\">ici<\/a>.<\/p>\n\n\n\n<p>L&#8217;empreinte carbone d&rsquo;un smartphone est majoritairement li\u00e9 \u00e0 sa production, plus que son utilisation. C&rsquo;est pourquoi, chez iod\u00e9, nous vous encourageons \u00e0 vous procurer un t\u00e9l\u00e9phone reconditionn\u00e9 pour lui donner une seconde vie. Notre partenaire est situ\u00e9 en France, et les t\u00e9l\u00e9phones reconditionn\u00e9s proviennent d&rsquo;Europe, en majorit\u00e9 de France.<\/p>\n<\/div><figure class=\"wp-block-media-text__media\"><img loading=\"lazy\" decoding=\"async\" width=\"1000\" height=\"1000\" src=\"https:\/\/iode.tech\/wp-content\/uploads\/2024\/07\/iode-FP4-1000x1000-1.png\" alt=\"iod\u00e9 FP4\" class=\"wp-image-34752 size-full\" srcset=\"https:\/\/iode.tech\/wp-content\/uploads\/2024\/07\/iode-FP4-1000x1000-1.png 1000w, https:\/\/iode.tech\/wp-content\/uploads\/2024\/07\/iode-FP4-1000x1000-1-300x300.png 300w, https:\/\/iode.tech\/wp-content\/uploads\/2024\/07\/iode-FP4-1000x1000-1-150x150.png 150w, https:\/\/iode.tech\/wp-content\/uploads\/2024\/07\/iode-FP4-1000x1000-1-768x768.png 768w\" sizes=\"auto, (max-width: 1000px) 100vw, 1000px\" \/><\/figure><\/div>\n\n\n\n<h2 class=\"wp-block-heading has-text-align-center\">Nous incluons une magnifique coque de t\u00e9l\u00e9phone en bois de notre partenaire fran\u00e7ais.<\/h2>\n\n\n\n<div class=\"wp-block-media-text is-stacked-on-mobile\" style=\"grid-template-columns:30% auto\"><figure class=\"wp-block-media-text__media\"><img loading=\"lazy\" decoding=\"async\" width=\"1000\" height=\"1000\" src=\"https:\/\/iode.tech\/wp-content\/uploads\/2024\/11\/Pixel-7-wood-phone-case.png\" alt=\"\" class=\"wp-image-35266 size-full\" srcset=\"https:\/\/iode.tech\/wp-content\/uploads\/2024\/11\/Pixel-7-wood-phone-case.png 1000w, https:\/\/iode.tech\/wp-content\/uploads\/2024\/11\/Pixel-7-wood-phone-case-300x300.png 300w, https:\/\/iode.tech\/wp-content\/uploads\/2024\/11\/Pixel-7-wood-phone-case-150x150.png 150w, https:\/\/iode.tech\/wp-content\/uploads\/2024\/11\/Pixel-7-wood-phone-case-768x768.png 768w\" sizes=\"auto, (max-width: 1000px) 100vw, 1000px\" \/><\/figure><div class=\"wp-block-media-text__content\">\n<p>Notre partenaire fran\u00e7ais est activement engag\u00e9 dans une<a href=\"https:\/\/www.coque-en-bois.fr\/pages\/notre-histoire\"> d\u00e9marche socialement responsable<\/a>. A travers ses dossiers, il s&rsquo;agit de soutenir les principes de l&rsquo;\u00e9conomie circulaire et de promouvoir le savoir-faire fran\u00e7ais. Travailler avec des partenaires fran\u00e7ais est une valeur \u00e0 laquelle ils sont particuli\u00e8rement attach\u00e9s.<\/p>\n<\/div><\/div>\n\n\n\n<h2 class=\"wp-block-heading has-text-align-center\">Nous utilisons un minimum d&#8217;emballage et nous livrons par l&rsquo;interm\u00e9diaire d&rsquo;un partenaire soucieux de l&rsquo;environnement.<\/h2>\n\n\n\n<div class=\"wp-block-media-text has-media-on-the-right is-stacked-on-mobile\" style=\"grid-template-columns:auto 30%\"><div class=\"wp-block-media-text__content\">\n<p>Une fois que vous avez achet\u00e9 un appareil et les accessoires souhait\u00e9s, nous mettons votre commande dans un emballage \u00e9co-con\u00e7u par notre partenaire de livraison fran\u00e7ais La Poste. Depuis plus de 20 ans, La Poste s&rsquo;engage \u00e0 r\u00e9duire son <a href=\"https:\/\/www.laposte.fr\/agir-pour-la-planete\">impact sur l&rsquo;environnement<\/a>, de l&#8217;emballage aux solutions de livraison. <\/p>\n\n\n\n<p>Votre commande est maintenant exp\u00e9di\u00e9e ! Dans quelques jours, elle devrait arriver devant votre porte.<\/p>\n<\/div><figure class=\"wp-block-media-text__media\"><img loading=\"lazy\" decoding=\"async\" width=\"1000\" height=\"1000\" src=\"https:\/\/iode.tech\/wp-content\/uploads\/2024\/11\/iode-mi-packaging-1000x1000-1.jpg\" alt=\"\" class=\"wp-image-35291 size-full\" srcset=\"https:\/\/iode.tech\/wp-content\/uploads\/2024\/11\/iode-mi-packaging-1000x1000-1.jpg 1000w, https:\/\/iode.tech\/wp-content\/uploads\/2024\/11\/iode-mi-packaging-1000x1000-1-300x300.jpg 300w, https:\/\/iode.tech\/wp-content\/uploads\/2024\/11\/iode-mi-packaging-1000x1000-1-150x150.jpg 150w, https:\/\/iode.tech\/wp-content\/uploads\/2024\/11\/iode-mi-packaging-1000x1000-1-768x768.jpg 768w\" sizes=\"auto, (max-width: 1000px) 100vw, 1000px\" \/><\/figure><\/div>\n\n\n\n<h2 class=\"wp-block-heading has-text-align-center\">Fin de vie<\/h2>\n\n\n\n<div class=\"wp-block-media-text is-stacked-on-mobile\" style=\"grid-template-columns:30% auto\"><figure class=\"wp-block-media-text__media\"><img loading=\"lazy\" decoding=\"async\" width=\"1024\" height=\"574\" src=\"https:\/\/iode.tech\/wp-content\/uploads\/2024\/11\/1105900_bacf84e3f02e3625b4bd9ba7074e1379.jpg\" alt=\"\" class=\"wp-image-35272 size-full\" srcset=\"https:\/\/iode.tech\/wp-content\/uploads\/2024\/11\/1105900_bacf84e3f02e3625b4bd9ba7074e1379.jpg 1024w, https:\/\/iode.tech\/wp-content\/uploads\/2024\/11\/1105900_bacf84e3f02e3625b4bd9ba7074e1379-300x168.jpg 300w, https:\/\/iode.tech\/wp-content\/uploads\/2024\/11\/1105900_bacf84e3f02e3625b4bd9ba7074e1379-768x431.jpg 768w\" sizes=\"auto, (max-width: 1024px) 100vw, 1024px\" \/><\/figure><div class=\"wp-block-media-text__content\">\n<p>Qu&rsquo;en est-il de ce vieux t\u00e9l\u00e9phone que vous n&rsquo;utilisez plus parce qu&rsquo;il est cass\u00e9 ou parce que vous \u00eates pass\u00e9 \u00e0 iod\u00e9OS ? Tout d&rsquo;abord, si l&rsquo;appareil est encore utilisable, vous pouvez essayer d&rsquo;installer iod\u00e9OS dessus et lui donner une seconde vie. Mais si votre t\u00e9l\u00e9phone est tout simplement trop vieux ou a besoin d&rsquo;\u00eatre reconditionn\u00e9, vous pouvez le vendre ou le donner \u00e0 un reconditionneur professionnel qui le recyclera. Bien que l&rsquo;on nous demande souvent si nous pouvons reprendre les t\u00e9l\u00e9phones, nous ne le faisons pas actuellement, sauf exception dans notre <a href=\"https:\/\/blog.iode.tech\/fr\/want-to-get-iodeos-installed-on-your-phone-want-to-be-advised-before-buying-a-iode-phone-come-meet-us-in-toulouse\/\">atelier \u00e0 Toulouse<\/a>.<\/p>\n<\/div><\/div>\n","protected":false},"excerpt":{"rendered":"<p>Chez iod\u00e9, non seulement nous concevons et d\u00e9veloppons des solutions pour prot\u00e9ger votre vie priv\u00e9e et votre s\u00e9curit\u00e9 en ligne, mais nous nous effor\u00e7ons \u00e9galement de r\u00e9duire notre empreinte carbone, ainsi que la v\u00f4tre. D\u00e9couvrons ce que iod\u00e9 fait pour \u00eatre plus durable tout au long du cycle de vie de chaque appareil que nous &#8230; <a title=\"Durabilit\u00e9\" class=\"read-more\" href=\"https:\/\/iode.tech\/fr\/durabilite\/\" aria-label=\"En savoir plus sur Durabilit\u00e9\">Lire plus<\/a><\/p>\n","protected":false},"author":2,"featured_media":0,"parent":0,"menu_order":0,"comment_status":"closed","ping_status":"closed","template":"","meta":{"footnotes":""},"class_list":["post-34825","page","type-page","status-publish"],"yoast_head":"<!-- This site is optimized with the Yoast SEO plugin v27.3 - https:\/\/yoast.com\/product\/yoast-seo-wordpress\/ -->\n<title>Durabilit\u00e9 - iod\u00e9<\/title>\n<meta name=\"description\" content=\"D\u00e9couvrons ce que iod\u00e9 fait pour \u00eatre plus durable tout au long du cycle de vie de chaque appareil que nous vendons.\" \/>\n<meta name=\"robots\" content=\"index, follow, max-snippet:-1, max-image-preview:large, max-video-preview:-1\" \/>\n<link rel=\"canonical\" href=\"https:\/\/iode.tech\/fr\/durabilite\/\" \/>\n<meta property=\"og:locale\" content=\"fr_FR\" \/>\n<meta property=\"og:type\" content=\"article\" \/>\n<meta property=\"og:title\" content=\"Durabilit\u00e9 - iod\u00e9\" \/>\n<meta property=\"og:description\" content=\"D\u00e9couvrons ce que iod\u00e9 fait pour \u00eatre plus durable tout au long du cycle de vie de chaque appareil que nous vendons.\" \/>\n<meta property=\"og:url\" content=\"https:\/\/iode.tech\/fr\/durabilite\/\" \/>\n<meta property=\"og:site_name\" content=\"iod\u00e9\" \/>\n<meta property=\"article:modified_time\" content=\"2025-05-28T15:11:09+00:00\" \/>\n<meta property=\"og:image\" content=\"https:\/\/iode.tech\/wp-content\/uploads\/2024\/06\/iodeos-400x400-1.png\" \/>\n\t<meta property=\"og:image:width\" content=\"400\" \/>\n\t<meta property=\"og:image:height\" content=\"400\" \/>\n\t<meta property=\"og:image:type\" content=\"image\/png\" \/>\n<meta name=\"twitter:card\" content=\"summary_large_image\" \/>\n<meta name=\"twitter:label1\" content=\"Dur\u00e9e de lecture estim\u00e9e\" \/>\n\t<meta name=\"twitter:data1\" content=\"4 minutes\" \/>\n<script type=\"application\/ld+json\" class=\"yoast-schema-graph\">{\"@context\":\"https:\\\/\\\/schema.org\",\"@graph\":[{\"@type\":\"WebPage\",\"@id\":\"https:\\\/\\\/iode.tech\\\/fr\\\/durabilite\\\/\",\"url\":\"https:\\\/\\\/iode.tech\\\/fr\\\/durabilite\\\/\",\"name\":\"Durabilit\u00e9 - iod\u00e9\",\"isPartOf\":{\"@id\":\"https:\\\/\\\/iode.tech\\\/fr\\\/#website\"},\"primaryImageOfPage\":{\"@id\":\"https:\\\/\\\/iode.tech\\\/fr\\\/durabilite\\\/#primaryimage\"},\"image\":{\"@id\":\"https:\\\/\\\/iode.tech\\\/fr\\\/durabilite\\\/#primaryimage\"},\"thumbnailUrl\":\"https:\\\/\\\/iode.tech\\\/wp-content\\\/uploads\\\/2024\\\/06\\\/iodeos-400x400-1.png\",\"datePublished\":\"2024-07-11T08:49:13+00:00\",\"dateModified\":\"2025-05-28T15:11:09+00:00\",\"description\":\"D\u00e9couvrons ce que iod\u00e9 fait pour \u00eatre plus durable tout au long du cycle de vie de chaque appareil que nous vendons.\",\"breadcrumb\":{\"@id\":\"https:\\\/\\\/iode.tech\\\/fr\\\/durabilite\\\/#breadcrumb\"},\"inLanguage\":\"fr-FR\",\"potentialAction\":[{\"@type\":\"ReadAction\",\"target\":[\"https:\\\/\\\/iode.tech\\\/fr\\\/durabilite\\\/\"]}]},{\"@type\":\"ImageObject\",\"inLanguage\":\"fr-FR\",\"@id\":\"https:\\\/\\\/iode.tech\\\/fr\\\/durabilite\\\/#primaryimage\",\"url\":\"https:\\\/\\\/iode.tech\\\/wp-content\\\/uploads\\\/2024\\\/06\\\/iodeos-400x400-1.png\",\"contentUrl\":\"https:\\\/\\\/iode.tech\\\/wp-content\\\/uploads\\\/2024\\\/06\\\/iodeos-400x400-1.png\"},{\"@type\":\"BreadcrumbList\",\"@id\":\"https:\\\/\\\/iode.tech\\\/fr\\\/durabilite\\\/#breadcrumb\",\"itemListElement\":[{\"@type\":\"ListItem\",\"position\":1,\"name\":\"Accueil\",\"item\":\"https:\\\/\\\/iode.tech\\\/fr\\\/\"},{\"@type\":\"ListItem\",\"position\":2,\"name\":\"Durabilit\u00e9\"}]},{\"@type\":\"WebSite\",\"@id\":\"https:\\\/\\\/iode.tech\\\/fr\\\/#website\",\"url\":\"https:\\\/\\\/iode.tech\\\/fr\\\/\",\"name\":\"iod\u00e9\",\"description\":\"Soyez plus smart que votre t\u00e9l\u00e9phone.\",\"publisher\":{\"@id\":\"https:\\\/\\\/iode.tech\\\/fr\\\/#organization\"},\"potentialAction\":[{\"@type\":\"SearchAction\",\"target\":{\"@type\":\"EntryPoint\",\"urlTemplate\":\"https:\\\/\\\/iode.tech\\\/fr\\\/?s={search_term_string}\"},\"query-input\":{\"@type\":\"PropertyValueSpecification\",\"valueRequired\":true,\"valueName\":\"search_term_string\"}}],\"inLanguage\":\"fr-FR\"},{\"@type\":\"Organization\",\"@id\":\"https:\\\/\\\/iode.tech\\\/fr\\\/#organization\",\"name\":\"iod\u00e9\",\"url\":\"https:\\\/\\\/iode.tech\\\/fr\\\/\",\"logo\":{\"@type\":\"ImageObject\",\"inLanguage\":\"fr-FR\",\"@id\":\"https:\\\/\\\/iode.tech\\\/fr\\\/#\\\/schema\\\/logo\\\/image\\\/\",\"url\":\"https:\\\/\\\/iode.tech\\\/wp-content\\\/uploads\\\/2024\\\/06\\\/logo_iode_white_367x134.png\",\"contentUrl\":\"https:\\\/\\\/iode.tech\\\/wp-content\\\/uploads\\\/2024\\\/06\\\/logo_iode_white_367x134.png\",\"width\":367,\"height\":134,\"caption\":\"iod\u00e9\"},\"image\":{\"@id\":\"https:\\\/\\\/iode.tech\\\/fr\\\/#\\\/schema\\\/logo\\\/image\\\/\"}}]}<\/script>\n<!-- \/ Yoast SEO plugin. -->","yoast_head_json":{"title":"Durabilit\u00e9 - iod\u00e9","description":"D\u00e9couvrons ce que iod\u00e9 fait pour \u00eatre plus durable tout au long du cycle de vie de chaque appareil que nous vendons.","robots":{"index":"index","follow":"follow","max-snippet":"max-snippet:-1","max-image-preview":"max-image-preview:large","max-video-preview":"max-video-preview:-1"},"canonical":"https:\/\/iode.tech\/fr\/durabilite\/","og_locale":"fr_FR","og_type":"article","og_title":"Durabilit\u00e9 - iod\u00e9","og_description":"D\u00e9couvrons ce que iod\u00e9 fait pour \u00eatre plus durable tout au long du cycle de vie de chaque appareil que nous vendons.","og_url":"https:\/\/iode.tech\/fr\/durabilite\/","og_site_name":"iod\u00e9","article_modified_time":"2025-05-28T15:11:09+00:00","og_image":[{"width":400,"height":400,"url":"https:\/\/iode.tech\/wp-content\/uploads\/2024\/06\/iodeos-400x400-1.png","type":"image\/png"}],"twitter_card":"summary_large_image","twitter_misc":{"Dur\u00e9e de lecture estim\u00e9e":"4 minutes"},"schema":{"@context":"https:\/\/schema.org","@graph":[{"@type":"WebPage","@id":"https:\/\/iode.tech\/fr\/durabilite\/","url":"https:\/\/iode.tech\/fr\/durabilite\/","name":"Durabilit\u00e9 - iod\u00e9","isPartOf":{"@id":"https:\/\/iode.tech\/fr\/#website"},"primaryImageOfPage":{"@id":"https:\/\/iode.tech\/fr\/durabilite\/#primaryimage"},"image":{"@id":"https:\/\/iode.tech\/fr\/durabilite\/#primaryimage"},"thumbnailUrl":"https:\/\/iode.tech\/wp-content\/uploads\/2024\/06\/iodeos-400x400-1.png","datePublished":"2024-07-11T08:49:13+00:00","dateModified":"2025-05-28T15:11:09+00:00","description":"D\u00e9couvrons ce que iod\u00e9 fait pour \u00eatre plus durable tout au long du cycle de vie de chaque appareil que nous vendons.","breadcrumb":{"@id":"https:\/\/iode.tech\/fr\/durabilite\/#breadcrumb"},"inLanguage":"fr-FR","potentialAction":[{"@type":"ReadAction","target":["https:\/\/iode.tech\/fr\/durabilite\/"]}]},{"@type":"ImageObject","inLanguage":"fr-FR","@id":"https:\/\/iode.tech\/fr\/durabilite\/#primaryimage","url":"https:\/\/iode.tech\/wp-content\/uploads\/2024\/06\/iodeos-400x400-1.png","contentUrl":"https:\/\/iode.tech\/wp-content\/uploads\/2024\/06\/iodeos-400x400-1.png"},{"@type":"BreadcrumbList","@id":"https:\/\/iode.tech\/fr\/durabilite\/#breadcrumb","itemListElement":[{"@type":"ListItem","position":1,"name":"Accueil","item":"https:\/\/iode.tech\/fr\/"},{"@type":"ListItem","position":2,"name":"Durabilit\u00e9"}]},{"@type":"WebSite","@id":"https:\/\/iode.tech\/fr\/#website","url":"https:\/\/iode.tech\/fr\/","name":"iod\u00e9","description":"Soyez plus smart que votre t\u00e9l\u00e9phone.","publisher":{"@id":"https:\/\/iode.tech\/fr\/#organization"},"potentialAction":[{"@type":"SearchAction","target":{"@type":"EntryPoint","urlTemplate":"https:\/\/iode.tech\/fr\/?s={search_term_string}"},"query-input":{"@type":"PropertyValueSpecification","valueRequired":true,"valueName":"search_term_string"}}],"inLanguage":"fr-FR"},{"@type":"Organization","@id":"https:\/\/iode.tech\/fr\/#organization","name":"iod\u00e9","url":"https:\/\/iode.tech\/fr\/","logo":{"@type":"ImageObject","inLanguage":"fr-FR","@id":"https:\/\/iode.tech\/fr\/#\/schema\/logo\/image\/","url":"https:\/\/iode.tech\/wp-content\/uploads\/2024\/06\/logo_iode_white_367x134.png","contentUrl":"https:\/\/iode.tech\/wp-content\/uploads\/2024\/06\/logo_iode_white_367x134.png","width":367,"height":134,"caption":"iod\u00e9"},"image":{"@id":"https:\/\/iode.tech\/fr\/#\/schema\/logo\/image\/"}}]}},"_links":{"self":[{"href":"https:\/\/iode.tech\/fr\/wp-json\/wp\/v2\/pages\/34825","targetHints":{"allow":["GET"]}}],"collection":[{"href":"https:\/\/iode.tech\/fr\/wp-json\/wp\/v2\/pages"}],"about":[{"href":"https:\/\/iode.tech\/fr\/wp-json\/wp\/v2\/types\/page"}],"author":[{"embeddable":true,"href":"https:\/\/iode.tech\/fr\/wp-json\/wp\/v2\/users\/2"}],"replies":[{"embeddable":true,"href":"https:\/\/iode.tech\/fr\/wp-json\/wp\/v2\/comments?post=34825"}],"version-history":[{"count":4,"href":"https:\/\/iode.tech\/fr\/wp-json\/wp\/v2\/pages\/34825\/revisions"}],"predecessor-version":[{"id":55763,"href":"https:\/\/iode.tech\/fr\/wp-json\/wp\/v2\/pages\/34825\/revisions\/55763"}],"wp:attachment":[{"href":"https:\/\/iode.tech\/fr\/wp-json\/wp\/v2\/media?parent=34825"}],"curies":[{"name":"wp","href":"https:\/\/api.w.org\/{rel}","templated":true}]}}