{"id":34673,"date":"2024-07-10T10:52:21","date_gmt":"2024-07-10T08:52:21","guid":{"rendered":"https:\/\/dev.iode.tech\/?page_id=34673"},"modified":"2024-09-26T18:48:44","modified_gmt":"2024-09-26T16:48:44","slug":"affiliation","status":"publish","type":"page","link":"https:\/\/iode.tech\/fr\/affiliation\/","title":{"rendered":"Programme d&rsquo;affiliation"},"content":{"rendered":"\n<p>En tant que client iod\u00e9, vous soutenez notre mission qui consiste \u00e0 rendre votre t\u00e9l\u00e9phone portable plus s\u00fbr et plus priv\u00e9. En tant que client iod\u00e9, vous soutenez \u00e9galement notre mission pour un monde plus durable.<br>Alors pourquoi ne pas partager les revenus et vous soutenir en retour, vous qui \u00eates notre meilleur partenaire ? Bonne nouvelle\u2026. Vous \u00eates d\u00e9j\u00e0 affili\u00e9 ! D\u00e8s maintenant, vous pouvez promouvoir iod\u00e9 et gagner de l\u2019argent.<\/p>\n\n\n\n<p><\/p>\n\n\n\n<h2 class=\"wp-block-heading\"><strong><strong>Combien ?<\/strong><\/strong><\/h2>\n\n\n<div class=\"gb-grid-wrapper gb-grid-wrapper-41c2604d\">\n<div class=\"gb-grid-column gb-grid-column-734d4966\"><div class=\"gb-container gb-container-734d4966\">\n\n<h3 class=\"wp-block-heading has-text-align-center has-text-color has-link-color wp-elements-59c7e4a17a04a63baec75a02398b231c\" style=\"color:#4caf50\">50% de commission sur les abonnements Premium<\/h3>\n\n<\/div><\/div>\n\n<div class=\"gb-grid-column gb-grid-column-b9cdbce2\"><div class=\"gb-container gb-container-b9cdbce2\">\n\n<h3 class=\"wp-block-heading has-text-align-center has-text-color has-link-color wp-elements-ad98d667112a7a1a60e565a594584c11\" style=\"color:#4caf50\">+30\u20ac par smartphone iod\u00e9 vendu<br><\/h3>\n\n<\/div><\/div>\n<\/div>\n\n<div class=\"gb-grid-wrapper gb-grid-wrapper-28999f3a\">\n<div class=\"gb-grid-column gb-grid-column-c7b8ee0b\"><div class=\"gb-container gb-container-c7b8ee0b\">\n<div class=\"wp-block-image\">\n<figure class=\"aligncenter size-full\"><img loading=\"lazy\" decoding=\"async\" width=\"400\" height=\"400\" src=\"https:\/\/iode.tech\/wp-content\/uploads\/2024\/09\/iodeos-premium-family-EN-400x400-1.png\" alt=\"\" class=\"wp-image-35200\" srcset=\"https:\/\/iode.tech\/wp-content\/uploads\/2024\/09\/iodeos-premium-family-EN-400x400-1.png 400w, https:\/\/iode.tech\/wp-content\/uploads\/2024\/09\/iodeos-premium-family-EN-400x400-1-300x300.png 300w, https:\/\/iode.tech\/wp-content\/uploads\/2024\/09\/iodeos-premium-family-EN-400x400-1-150x150.png 150w\" sizes=\"auto, (max-width: 400px) 100vw, 400px\" \/><\/figure>\n<\/div>\n<\/div><\/div>\n\n<div class=\"gb-grid-column gb-grid-column-2cc927ef\"><div class=\"gb-container gb-container-2cc927ef\">\n<div class=\"wp-block-image\">\n<figure class=\"aligncenter size-full\"><img loading=\"lazy\" decoding=\"async\" width=\"400\" height=\"400\" src=\"https:\/\/iode.tech\/wp-content\/uploads\/2024\/09\/iode-Fairphone-4-packaging-1000x1000-1-400x400-1.jpg\" alt=\"\" class=\"wp-image-35203\" srcset=\"https:\/\/iode.tech\/wp-content\/uploads\/2024\/09\/iode-Fairphone-4-packaging-1000x1000-1-400x400-1.jpg 400w, https:\/\/iode.tech\/wp-content\/uploads\/2024\/09\/iode-Fairphone-4-packaging-1000x1000-1-400x400-1-300x300.jpg 300w, https:\/\/iode.tech\/wp-content\/uploads\/2024\/09\/iode-Fairphone-4-packaging-1000x1000-1-400x400-1-150x150.jpg 150w\" sizes=\"auto, (max-width: 400px) 100vw, 400px\" \/><\/figure>\n<\/div>\n<\/div><\/div>\n<\/div>\n\n<div class=\"gb-grid-wrapper gb-grid-wrapper-fb39e25e\">\n<div class=\"gb-grid-column gb-grid-column-3749d8f1\"><div class=\"gb-container gb-container-3749d8f1\">\n\n<p><\/p>\n\n\n\n<p class=\"has-text-align-center\">Partagez 50% des revenus avec iod\u00e9 sur tous les abonnements <a href=\"https:\/\/iode.tech\/fr\/shop\/iodeos-premium-fr\/\">iod\u00e9OS Premium<\/a>. Pendant toute leur dur\u00e9e de vie.<\/p>\n\n<\/div><\/div>\n\n<div class=\"gb-grid-column gb-grid-column-7b142df6\"><div class=\"gb-container gb-container-7b142df6\">\n\n<p><\/p>\n\n\n\n<p class=\"has-text-align-center\">Recommandez un<a href=\"https:\/\/iode.tech\/fr\/shop\"> t\u00e9l\u00e9phone iod\u00e9<\/a> \u00e0 un ami, \u00e0 un membre de votre famille ou \u00e0 votre communaut\u00e9 et recevez 30\u20ac de r\u00e9duction !<\/p>\n\n<\/div><\/div>\n<\/div>\n\n\n<h2 class=\"wp-block-heading\"><strong>Comment ?<\/strong><\/h2>\n\n\n\n<h3 class=\"wp-block-heading has-text-align-center has-text-color has-link-color wp-elements-c6898bc7666af74b07948fac399fe08c\" style=\"color:#4caf50\">1. Connectez-vous<br><\/h3>\n\n\n\n<div class=\"wp-block-media-text is-stacked-on-mobile\" style=\"grid-template-columns:28% auto\"><figure class=\"wp-block-media-text__media\"><img loading=\"lazy\" decoding=\"async\" width=\"363\" height=\"256\" src=\"https:\/\/iode.tech\/wp-content\/uploads\/2024\/09\/login-fr.png\" alt=\"\" class=\"wp-image-35228 size-full\" srcset=\"https:\/\/iode.tech\/wp-content\/uploads\/2024\/09\/login-fr.png 363w, https:\/\/iode.tech\/wp-content\/uploads\/2024\/09\/login-fr-300x212.png 300w\" sizes=\"auto, (max-width: 363px) 100vw, 363px\" \/><\/figure><div class=\"wp-block-media-text__content\">\n<p>Connectez-vous \u00e0 votre <a href=\"https:\/\/iode.tech\/mon-compte\">compte iod\u00e9<\/a>.<\/p>\n\n\n\n<p>Pour rappel, pour cr\u00e9er un compte, vous devez \u00eatre abonn\u00e9 \u00e0 iod\u00e9OS Premium, ou avoir d\u00e9j\u00e0 achet\u00e9 un t\u00e9l\u00e9phone iod\u00e9 par le pass\u00e9.<\/p>\n<\/div><\/div>\n\n\n\n<p><\/p>\n\n\n\n<h3 class=\"wp-block-heading has-text-align-center has-text-color has-link-color wp-elements-1ca1119602775daa766911f885a102ad\" style=\"color:#4caf50\">2. Partagez<br><\/h3>\n\n\n\n<div class=\"wp-block-media-text is-stacked-on-mobile\"><figure class=\"wp-block-media-text__media\"><img loading=\"lazy\" decoding=\"async\" width=\"788\" height=\"243\" src=\"https:\/\/iode.tech\/wp-content\/uploads\/2024\/09\/share-affiliate.png\" alt=\"\" class=\"wp-image-35210 size-full\" srcset=\"https:\/\/iode.tech\/wp-content\/uploads\/2024\/09\/share-affiliate.png 788w, https:\/\/iode.tech\/wp-content\/uploads\/2024\/09\/share-affiliate-300x93.png 300w, https:\/\/iode.tech\/wp-content\/uploads\/2024\/09\/share-affiliate-768x237.png 768w\" sizes=\"auto, (max-width: 788px) 100vw, 788px\" \/><\/figure><div class=\"wp-block-media-text__content\">\n<p><strong>Customize<\/strong> your affiliate name, <strong>copy<\/strong> your referral link, and <strong>share<\/strong> it to your audience!<\/p>\n<\/div><\/div>\n\n\n\n<p><\/p>\n\n\n\n<h3 class=\"wp-block-heading has-text-align-center has-text-color has-link-color wp-elements-664c41e253ee4e66cb70cbc94a3012b2\" style=\"color:#4caf50\">3. Gagnez<br><\/h3>\n\n\n\n<div class=\"wp-block-media-text is-stacked-on-mobile\"><figure class=\"wp-block-media-text__media\"><img loading=\"lazy\" decoding=\"async\" width=\"1024\" height=\"212\" src=\"https:\/\/iode.tech\/wp-content\/uploads\/2024\/09\/affiliate_report-1024x212.png\" alt=\"\" class=\"wp-image-35213 size-full\" srcset=\"https:\/\/iode.tech\/wp-content\/uploads\/2024\/09\/affiliate_report-1024x212.png 1024w, https:\/\/iode.tech\/wp-content\/uploads\/2024\/09\/affiliate_report-300x62.png 300w, https:\/\/iode.tech\/wp-content\/uploads\/2024\/09\/affiliate_report-768x159.png 768w, https:\/\/iode.tech\/wp-content\/uploads\/2024\/09\/affiliate_report.png 1099w\" sizes=\"auto, (max-width: 1024px) 100vw, 1024px\" \/><\/figure><div class=\"wp-block-media-text__content\">\n<p><strong>Observez<\/strong> votre rapport de ventes directement depuis votre panneau d\u2019affiliation et <strong>gagnez<\/strong> de l\u2019argent.<\/p>\n<\/div><\/div>\n\n\n\n<p><\/p>\n\n\n\n<h2 class=\"wp-block-heading\"><strong>Why?<\/strong><\/h2>\n\n\n<div class=\"gb-grid-wrapper gb-grid-wrapper-4079c2d7\">\n<div class=\"gb-grid-column gb-grid-column-b4038a93\"><div class=\"gb-container gb-container-b4038a93\">\n\n<h3 class=\"wp-block-heading has-text-align-center has-text-color has-link-color wp-elements-eeac559c14e66f04918ccbd425220d21\" style=\"color:#4caf50\">De confiance<\/h3>\n\n<\/div><\/div>\n\n<div class=\"gb-grid-column gb-grid-column-57883cb4\"><div class=\"gb-container gb-container-57883cb4\">\n\n<h3 class=\"wp-block-heading has-text-align-center has-text-color has-link-color wp-elements-736d19ed0c35a69c32a9262ef38bdade\" style=\"color:#4caf50\">Commissions \u00e9lev\u00e9es<br><\/h3>\n\n<\/div><\/div>\n\n<div class=\"gb-grid-column gb-grid-column-adffe226\"><div class=\"gb-container gb-container-adffe226\">\n\n<h3 class=\"wp-block-heading has-text-align-center has-text-color has-link-color wp-elements-5372882399ab7ea06e1bd732005e3fbc\" style=\"color:#4caf50\">Facile<\/h3>\n\n<\/div><\/div>\n<\/div>\n\n<div class=\"gb-grid-wrapper gb-grid-wrapper-60bc3787\">\n<div class=\"gb-grid-column gb-grid-column-6b9d1334\"><div class=\"gb-container gb-container-6b9d1334\">\n<div class=\"wp-block-image\">\n<figure class=\"aligncenter size-full\"><img loading=\"lazy\" decoding=\"async\" width=\"150\" height=\"150\" src=\"https:\/\/iode.tech\/wp-content\/uploads\/2024\/09\/trusted-150x150-1.png\" alt=\"\" class=\"wp-image-35217\"\/><\/figure>\n<\/div>\n<\/div><\/div>\n\n<div class=\"gb-grid-column gb-grid-column-7c11baff\"><div class=\"gb-container gb-container-7c11baff\">\n<div class=\"wp-block-image\">\n<figure class=\"aligncenter size-full\"><img loading=\"lazy\" decoding=\"async\" width=\"150\" height=\"150\" src=\"https:\/\/iode.tech\/wp-content\/uploads\/2024\/09\/cash-150x150-1.png\" alt=\"\" class=\"wp-image-35220\"\/><\/figure>\n<\/div>\n<\/div><\/div>\n\n<div class=\"gb-grid-column gb-grid-column-7e82645a\"><div class=\"gb-container gb-container-7e82645a\">\n<div class=\"wp-block-image\">\n<figure class=\"aligncenter size-full\"><img loading=\"lazy\" decoding=\"async\" width=\"150\" height=\"150\" src=\"https:\/\/iode.tech\/wp-content\/uploads\/2024\/09\/easy-150x150-2.png\" alt=\"\" class=\"wp-image-35224\"\/><\/figure>\n<\/div>\n<\/div><\/div>\n<\/div>\n\n<div class=\"gb-grid-wrapper gb-grid-wrapper-fdf487ef\">\n<div class=\"gb-grid-column gb-grid-column-0b6a880a\"><div class=\"gb-container gb-container-0b6a880a\">\n\n<p class=\"has-text-align-center\">iod\u00e9 is a trusted name when it comes to privacy. Users prefer iod\u00e9, and recommending iod\u00e9 is credible.<\/p>\n\n<\/div><\/div>\n\n<div class=\"gb-grid-column gb-grid-column-5af1afe5\"><div class=\"gb-container gb-container-5af1afe5\">\n\n<p class=\"has-text-align-center\">iod\u00e9 provides some of the highest commission rates.<\/p>\n\n<\/div><\/div>\n\n<div class=\"gb-grid-column gb-grid-column-e17e6ed5\"><div class=\"gb-container gb-container-e17e6ed5\">\n\n<p class=\"has-text-align-center\">Get started in minutes, start earning in three simple steps.<\/p>\n\n<\/div><\/div>\n<\/div>","protected":false},"excerpt":{"rendered":"<p>En tant que client iod\u00e9, vous soutenez notre mission qui consiste \u00e0 rendre votre t\u00e9l\u00e9phone portable plus s\u00fbr et plus priv\u00e9. En tant que client iod\u00e9, vous soutenez \u00e9galement notre mission pour un monde plus durable.Alors pourquoi ne pas partager les revenus et vous soutenir en retour, vous qui \u00eates notre meilleur partenaire ? Bonne &#8230; <a title=\"Programme d&rsquo;affiliation\" class=\"read-more\" href=\"https:\/\/iode.tech\/fr\/affiliation\/\" aria-label=\"En savoir plus sur Programme d&rsquo;affiliation\">Lire plus<\/a><\/p>\n","protected":false},"author":2,"featured_media":0,"parent":0,"menu_order":0,"comment_status":"closed","ping_status":"closed","template":"","meta":{"footnotes":""},"class_list":["post-34673","page","type-page","status-publish"],"yoast_head":"<!-- This site is optimized with the Yoast SEO plugin v27.4 - https:\/\/yoast.com\/product\/yoast-seo-wordpress\/ -->\n<title>Programme d&#039;affiliation - iod\u00e9<\/title>\n<meta name=\"robots\" content=\"index, follow, max-snippet:-1, max-image-preview:large, max-video-preview:-1\" \/>\n<link rel=\"canonical\" href=\"https:\/\/iode.tech\/affiliates\/\" \/>\n<meta property=\"og:locale\" content=\"fr_FR\" \/>\n<meta property=\"og:type\" content=\"article\" \/>\n<meta property=\"og:title\" content=\"Programme d&#039;affiliation - iod\u00e9\" \/>\n<meta property=\"og:description\" content=\"En tant que client iod\u00e9, vous soutenez notre mission qui consiste \u00e0 rendre votre t\u00e9l\u00e9phone portable plus s\u00fbr et plus priv\u00e9. En tant que client iod\u00e9, vous soutenez \u00e9galement notre mission pour un monde plus durable.Alors pourquoi ne pas partager les revenus et vous soutenir en retour, vous qui \u00eates notre meilleur partenaire ? Bonne ... Lire plus\" \/>\n<meta property=\"og:url\" content=\"https:\/\/iode.tech\/affiliates\/\" \/>\n<meta property=\"og:site_name\" content=\"iod\u00e9\" \/>\n<meta property=\"article:modified_time\" content=\"2024-09-26T16:48:44+00:00\" \/>\n<meta property=\"og:image\" content=\"https:\/\/iode.tech\/wp-content\/uploads\/2024\/09\/iodeos-premium-family-EN-400x400-1.png\" \/>\n<meta name=\"twitter:card\" content=\"summary_large_image\" \/>\n<meta name=\"twitter:label1\" content=\"Dur\u00e9e de lecture estim\u00e9e\" \/>\n\t<meta name=\"twitter:data1\" content=\"3 minutes\" \/>\n<script type=\"application\/ld+json\" class=\"yoast-schema-graph\">{\"@context\":\"https:\\\/\\\/schema.org\",\"@graph\":[{\"@type\":\"WebPage\",\"@id\":\"https:\\\/\\\/iode.tech\\\/affiliates\\\/\",\"url\":\"https:\\\/\\\/iode.tech\\\/affiliates\\\/\",\"name\":\"Programme d'affiliation - iod\u00e9\",\"isPartOf\":{\"@id\":\"https:\\\/\\\/iode.tech\\\/fr\\\/#website\"},\"primaryImageOfPage\":{\"@id\":\"https:\\\/\\\/iode.tech\\\/affiliates\\\/#primaryimage\"},\"image\":{\"@id\":\"https:\\\/\\\/iode.tech\\\/affiliates\\\/#primaryimage\"},\"thumbnailUrl\":\"https:\\\/\\\/iode.tech\\\/wp-content\\\/uploads\\\/2024\\\/09\\\/iodeos-premium-family-EN-400x400-1.png\",\"datePublished\":\"2024-07-10T08:52:21+00:00\",\"dateModified\":\"2024-09-26T16:48:44+00:00\",\"breadcrumb\":{\"@id\":\"https:\\\/\\\/iode.tech\\\/affiliates\\\/#breadcrumb\"},\"inLanguage\":\"fr-FR\",\"potentialAction\":[{\"@type\":\"ReadAction\",\"target\":[\"https:\\\/\\\/iode.tech\\\/affiliates\\\/\"]}]},{\"@type\":\"ImageObject\",\"inLanguage\":\"fr-FR\",\"@id\":\"https:\\\/\\\/iode.tech\\\/affiliates\\\/#primaryimage\",\"url\":\"https:\\\/\\\/iode.tech\\\/wp-content\\\/uploads\\\/2024\\\/09\\\/iodeos-premium-family-EN-400x400-1.png\",\"contentUrl\":\"https:\\\/\\\/iode.tech\\\/wp-content\\\/uploads\\\/2024\\\/09\\\/iodeos-premium-family-EN-400x400-1.png\"},{\"@type\":\"BreadcrumbList\",\"@id\":\"https:\\\/\\\/iode.tech\\\/affiliates\\\/#breadcrumb\",\"itemListElement\":[{\"@type\":\"ListItem\",\"position\":1,\"name\":\"Accueil\",\"item\":\"https:\\\/\\\/iode.tech\\\/fr\\\/\"},{\"@type\":\"ListItem\",\"position\":2,\"name\":\"Programme d&#8217;affiliation\"}]},{\"@type\":\"WebSite\",\"@id\":\"https:\\\/\\\/iode.tech\\\/fr\\\/#website\",\"url\":\"https:\\\/\\\/iode.tech\\\/fr\\\/\",\"name\":\"iod\u00e9\",\"description\":\"Soyez plus smart que votre t\u00e9l\u00e9phone.\",\"publisher\":{\"@id\":\"https:\\\/\\\/iode.tech\\\/fr\\\/#organization\"},\"potentialAction\":[{\"@type\":\"SearchAction\",\"target\":{\"@type\":\"EntryPoint\",\"urlTemplate\":\"https:\\\/\\\/iode.tech\\\/fr\\\/?s={search_term_string}\"},\"query-input\":{\"@type\":\"PropertyValueSpecification\",\"valueRequired\":true,\"valueName\":\"search_term_string\"}}],\"inLanguage\":\"fr-FR\"},{\"@type\":\"Organization\",\"@id\":\"https:\\\/\\\/iode.tech\\\/fr\\\/#organization\",\"name\":\"iod\u00e9\",\"url\":\"https:\\\/\\\/iode.tech\\\/fr\\\/\",\"logo\":{\"@type\":\"ImageObject\",\"inLanguage\":\"fr-FR\",\"@id\":\"https:\\\/\\\/iode.tech\\\/fr\\\/#\\\/schema\\\/logo\\\/image\\\/\",\"url\":\"https:\\\/\\\/iode.tech\\\/wp-content\\\/uploads\\\/2024\\\/06\\\/logo_iode_white_367x134.png\",\"contentUrl\":\"https:\\\/\\\/iode.tech\\\/wp-content\\\/uploads\\\/2024\\\/06\\\/logo_iode_white_367x134.png\",\"width\":367,\"height\":134,\"caption\":\"iod\u00e9\"},\"image\":{\"@id\":\"https:\\\/\\\/iode.tech\\\/fr\\\/#\\\/schema\\\/logo\\\/image\\\/\"}}]}<\/script>\n<!-- \/ Yoast SEO plugin. -->","yoast_head_json":{"title":"Programme d'affiliation - iod\u00e9","robots":{"index":"index","follow":"follow","max-snippet":"max-snippet:-1","max-image-preview":"max-image-preview:large","max-video-preview":"max-video-preview:-1"},"canonical":"https:\/\/iode.tech\/affiliates\/","og_locale":"fr_FR","og_type":"article","og_title":"Programme d'affiliation - iod\u00e9","og_description":"En tant que client iod\u00e9, vous soutenez notre mission qui consiste \u00e0 rendre votre t\u00e9l\u00e9phone portable plus s\u00fbr et plus priv\u00e9. En tant que client iod\u00e9, vous soutenez \u00e9galement notre mission pour un monde plus durable.Alors pourquoi ne pas partager les revenus et vous soutenir en retour, vous qui \u00eates notre meilleur partenaire ? Bonne ... Lire plus","og_url":"https:\/\/iode.tech\/affiliates\/","og_site_name":"iod\u00e9","article_modified_time":"2024-09-26T16:48:44+00:00","og_image":[{"url":"https:\/\/iode.tech\/wp-content\/uploads\/2024\/09\/iodeos-premium-family-EN-400x400-1.png","type":"","width":"","height":""}],"twitter_card":"summary_large_image","twitter_misc":{"Dur\u00e9e de lecture estim\u00e9e":"3 minutes"},"schema":{"@context":"https:\/\/schema.org","@graph":[{"@type":"WebPage","@id":"https:\/\/iode.tech\/affiliates\/","url":"https:\/\/iode.tech\/affiliates\/","name":"Programme d'affiliation - iod\u00e9","isPartOf":{"@id":"https:\/\/iode.tech\/fr\/#website"},"primaryImageOfPage":{"@id":"https:\/\/iode.tech\/affiliates\/#primaryimage"},"image":{"@id":"https:\/\/iode.tech\/affiliates\/#primaryimage"},"thumbnailUrl":"https:\/\/iode.tech\/wp-content\/uploads\/2024\/09\/iodeos-premium-family-EN-400x400-1.png","datePublished":"2024-07-10T08:52:21+00:00","dateModified":"2024-09-26T16:48:44+00:00","breadcrumb":{"@id":"https:\/\/iode.tech\/affiliates\/#breadcrumb"},"inLanguage":"fr-FR","potentialAction":[{"@type":"ReadAction","target":["https:\/\/iode.tech\/affiliates\/"]}]},{"@type":"ImageObject","inLanguage":"fr-FR","@id":"https:\/\/iode.tech\/affiliates\/#primaryimage","url":"https:\/\/iode.tech\/wp-content\/uploads\/2024\/09\/iodeos-premium-family-EN-400x400-1.png","contentUrl":"https:\/\/iode.tech\/wp-content\/uploads\/2024\/09\/iodeos-premium-family-EN-400x400-1.png"},{"@type":"BreadcrumbList","@id":"https:\/\/iode.tech\/affiliates\/#breadcrumb","itemListElement":[{"@type":"ListItem","position":1,"name":"Accueil","item":"https:\/\/iode.tech\/fr\/"},{"@type":"ListItem","position":2,"name":"Programme d&#8217;affiliation"}]},{"@type":"WebSite","@id":"https:\/\/iode.tech\/fr\/#website","url":"https:\/\/iode.tech\/fr\/","name":"iod\u00e9","description":"Soyez plus smart que votre t\u00e9l\u00e9phone.","publisher":{"@id":"https:\/\/iode.tech\/fr\/#organization"},"potentialAction":[{"@type":"SearchAction","target":{"@type":"EntryPoint","urlTemplate":"https:\/\/iode.tech\/fr\/?s={search_term_string}"},"query-input":{"@type":"PropertyValueSpecification","valueRequired":true,"valueName":"search_term_string"}}],"inLanguage":"fr-FR"},{"@type":"Organization","@id":"https:\/\/iode.tech\/fr\/#organization","name":"iod\u00e9","url":"https:\/\/iode.tech\/fr\/","logo":{"@type":"ImageObject","inLanguage":"fr-FR","@id":"https:\/\/iode.tech\/fr\/#\/schema\/logo\/image\/","url":"https:\/\/iode.tech\/wp-content\/uploads\/2024\/06\/logo_iode_white_367x134.png","contentUrl":"https:\/\/iode.tech\/wp-content\/uploads\/2024\/06\/logo_iode_white_367x134.png","width":367,"height":134,"caption":"iod\u00e9"},"image":{"@id":"https:\/\/iode.tech\/fr\/#\/schema\/logo\/image\/"}}]}},"_links":{"self":[{"href":"https:\/\/iode.tech\/fr\/wp-json\/wp\/v2\/pages\/34673","targetHints":{"allow":["GET"]}}],"collection":[{"href":"https:\/\/iode.tech\/fr\/wp-json\/wp\/v2\/pages"}],"about":[{"href":"https:\/\/iode.tech\/fr\/wp-json\/wp\/v2\/types\/page"}],"author":[{"embeddable":true,"href":"https:\/\/iode.tech\/fr\/wp-json\/wp\/v2\/users\/2"}],"replies":[{"embeddable":true,"href":"https:\/\/iode.tech\/fr\/wp-json\/wp\/v2\/comments?post=34673"}],"version-history":[{"count":7,"href":"https:\/\/iode.tech\/fr\/wp-json\/wp\/v2\/pages\/34673\/revisions"}],"predecessor-version":[{"id":35245,"href":"https:\/\/iode.tech\/fr\/wp-json\/wp\/v2\/pages\/34673\/revisions\/35245"}],"wp:attachment":[{"href":"https:\/\/iode.tech\/fr\/wp-json\/wp\/v2\/media?parent=34673"}],"curies":[{"name":"wp","href":"https:\/\/api.w.org\/{rel}","templated":true}]}}