{"id":283,"date":"2024-06-26T15:50:34","date_gmt":"2024-06-26T13:50:34","guid":{"rendered":"https:\/\/dev.iode.tech\/protect-your-data\/"},"modified":"2024-06-26T16:07:22","modified_gmt":"2024-06-26T14:07:22","slug":"protegez-vos-donnees","status":"publish","type":"page","link":"https:\/\/iode.tech\/fr\/protegez-vos-donnees\/","title":{"rendered":"Prot\u00e9gez vos donn\u00e9es"},"content":{"rendered":"\n<p class=\"has-text-align-center\">Une \u00e9tude r\u00e9alis\u00e9e en 2018 a montr\u00e9 qu\u2019un smartphone\u00a0<strong>Android dormant<\/strong>\u00a0(avec le navigateur chrome ouvert en arri\u00e8re plan)\u00a0<strong>partageait sa localisation \u00e0 Google 340 fois en 24h<\/strong>. <em>Source:\u00a0<a href=\"https:\/\/digitalcontentnext.org\/blog\/2018\/08\/21\/google-data-collection-research\/\" target=\"_blank\" rel=\"noreferrer noopener\">Digital Content Next \u2013 Prof. Douglas C. Schmidt, Vanderbilt University, August 2018<\/a><\/em><\/p>\n\n\n<div class=\"wp-block-image\">\n<figure class=\"aligncenter size-full\"><img loading=\"lazy\" decoding=\"async\" width=\"789\" height=\"434\" src=\"https:\/\/dev.iode.tech\/wp-content\/uploads\/2024\/06\/google_data_collection.png\" alt=\"\" class=\"wp-image-273\" srcset=\"https:\/\/iode.tech\/wp-content\/uploads\/2024\/06\/google_data_collection.png 789w, https:\/\/iode.tech\/wp-content\/uploads\/2024\/06\/google_data_collection-300x165.png 300w, https:\/\/iode.tech\/wp-content\/uploads\/2024\/06\/google_data_collection-768x422.png 768w\" sizes=\"auto, (max-width: 789px) 100vw, 789px\" \/><\/figure>\n<\/div>\n\n\n<p><\/p>\n\n\n\n<p class=\"has-text-align-center\">D\u2019apr\u00e8s une autre \u00e9tude r\u00e9alis\u00e9e en 2018, sur 1<strong>00 000 applications Android test\u00e9es<\/strong>,\u00a0<strong>88.4%<\/strong>\u00a0contenaient des\u00a0<strong>mouchards Google<\/strong>, et\u00a0\u00a0<strong>42.55%<\/strong>\u00a0des\u00a0<strong>mouchards Facebook<\/strong>.<\/p>\n\n\n\n<p class=\"has-text-align-center\"><em>Source:&nbsp;<a href=\"https:\/\/arxiv.org\/pdf\/1804.03603.pdf\" target=\"_blank\" rel=\"noreferrer noopener\">Third Party Tracking in the Mobile Ecosystem \u2013 Reuben Binns, Ulrik Lyngs, Max Van Kleek, Jun Zhao, Timothy Libert\u2217, Nigel Shadbolt \u2013 Oxford University.<\/a><\/em><\/p>\n\n\n<div class=\"wp-block-image\">\n<figure class=\"aligncenter size-full\"><img loading=\"lazy\" decoding=\"async\" width=\"300\" height=\"232\" src=\"https:\/\/dev.iode.tech\/wp-content\/uploads\/2024\/06\/google_facebook_tracking-300x232-1.png\" alt=\"Discover how tech firms collect, process and sell your data, oftentimes without you even knowing. iod\u00e9OS helps to protect you against that.\" class=\"wp-image-276\"\/><\/figure>\n<\/div>\n\n\n<p><\/p>\n\n\n\n<p class=\"has-text-align-center\">Ces entreprises acqui\u00e8rent ainsi une\u00a0<strong>connaissance tr\u00e8s fine<\/strong>\u00a0<strong>de vos comportements et de vos int\u00e9r\u00eats<\/strong>\u00a0qui pr\u00e9sente une grande\u00a0<strong>valeur<\/strong>\u00a0pour tous les\u00a0<strong>annonceurs<\/strong>. Google est le premier acteur mondial du march\u00e9 de la publicit\u00e9.<\/p>\n\n\n\n<p class=\"has-text-align-center\">Mais il y a\u00a0<strong>pire que<\/strong>\u00a0les\u00a0<strong>pubs invasives.<\/strong>\u00a0D\u2019autres\u00a0<strong>acteurs, peu scrupuleux,<\/strong>\u00a0peuvent aussi\u00a0<strong>capter<\/strong>\u00a0vos\u00a0<strong>donn\u00e9es<\/strong>\u00a0personnelles via vos applications \u00e0 des fins de\u00a0<strong>manipulation<\/strong>\u00a0ou d\u2019<strong>escroquerie<\/strong>.<\/p>\n","protected":false},"excerpt":{"rendered":"<p>Une \u00e9tude r\u00e9alis\u00e9e en 2018 a montr\u00e9 qu\u2019un smartphone\u00a0Android dormant\u00a0(avec le navigateur chrome ouvert en arri\u00e8re plan)\u00a0partageait sa localisation \u00e0 Google 340 fois en 24h. Source:\u00a0Digital Content Next \u2013 Prof. Douglas C. Schmidt, Vanderbilt University, August 2018 D\u2019apr\u00e8s une autre \u00e9tude r\u00e9alis\u00e9e en 2018, sur 100 000 applications Android test\u00e9es,\u00a088.4%\u00a0contenaient des\u00a0mouchards Google, et\u00a0\u00a042.55%\u00a0des\u00a0mouchards Facebook. Source:&nbsp;Third &#8230; <a title=\"Prot\u00e9gez vos donn\u00e9es\" class=\"read-more\" href=\"https:\/\/iode.tech\/fr\/protegez-vos-donnees\/\" aria-label=\"En savoir plus sur Prot\u00e9gez vos donn\u00e9es\">Lire plus<\/a><\/p>\n","protected":false},"author":2,"featured_media":0,"parent":0,"menu_order":0,"comment_status":"closed","ping_status":"closed","template":"","meta":{"footnotes":""},"class_list":["post-283","page","type-page","status-publish"],"yoast_head":"<!-- This site is optimized with the Yoast SEO plugin v27.5 - https:\/\/yoast.com\/product\/yoast-seo-wordpress\/ -->\n<title>Prot\u00e9gez vos donn\u00e9es - iod\u00e9<\/title>\n<meta name=\"description\" content=\"D\u00e9couvrez comment les entreprises technologiques collectent, traitent et vendent vos donn\u00e9es, souvent \u00e0 votre insu. iod\u00e9OS vous aide \u00e0 vous prot\u00e9ger contre cela.\" \/>\n<meta name=\"robots\" content=\"index, follow, max-snippet:-1, max-image-preview:large, max-video-preview:-1\" \/>\n<link rel=\"canonical\" href=\"https:\/\/iode.tech\/protect-your-data\/\" \/>\n<meta property=\"og:locale\" content=\"fr_FR\" \/>\n<meta property=\"og:type\" content=\"article\" \/>\n<meta property=\"og:title\" content=\"Prot\u00e9gez vos donn\u00e9es - iod\u00e9\" \/>\n<meta property=\"og:description\" content=\"D\u00e9couvrez comment les entreprises technologiques collectent, traitent et vendent vos donn\u00e9es, souvent \u00e0 votre insu. iod\u00e9OS vous aide \u00e0 vous prot\u00e9ger contre cela.\" \/>\n<meta property=\"og:url\" content=\"https:\/\/iode.tech\/protect-your-data\/\" \/>\n<meta property=\"og:site_name\" content=\"iod\u00e9\" \/>\n<meta property=\"article:modified_time\" content=\"2024-06-26T14:07:22+00:00\" \/>\n<meta property=\"og:image\" content=\"https:\/\/dev.iode.tech\/wp-content\/uploads\/2024\/06\/google_data_collection.png\" \/>\n<meta name=\"twitter:card\" content=\"summary_large_image\" \/>\n<meta name=\"twitter:label1\" content=\"Dur\u00e9e de lecture estim\u00e9e\" \/>\n\t<meta name=\"twitter:data1\" content=\"2 minutes\" \/>\n<script type=\"application\/ld+json\" class=\"yoast-schema-graph\">{\"@context\":\"https:\\\/\\\/schema.org\",\"@graph\":[{\"@type\":\"WebPage\",\"@id\":\"https:\\\/\\\/iode.tech\\\/protect-your-data\\\/\",\"url\":\"https:\\\/\\\/iode.tech\\\/protect-your-data\\\/\",\"name\":\"Prot\u00e9gez vos donn\u00e9es - iod\u00e9\",\"isPartOf\":{\"@id\":\"https:\\\/\\\/iode.tech\\\/fr\\\/#website\"},\"primaryImageOfPage\":{\"@id\":\"https:\\\/\\\/iode.tech\\\/protect-your-data\\\/#primaryimage\"},\"image\":{\"@id\":\"https:\\\/\\\/iode.tech\\\/protect-your-data\\\/#primaryimage\"},\"thumbnailUrl\":\"https:\\\/\\\/dev.iode.tech\\\/wp-content\\\/uploads\\\/2024\\\/06\\\/google_data_collection.png\",\"datePublished\":\"2024-06-26T13:50:34+00:00\",\"dateModified\":\"2024-06-26T14:07:22+00:00\",\"description\":\"D\u00e9couvrez comment les entreprises technologiques collectent, traitent et vendent vos donn\u00e9es, souvent \u00e0 votre insu. iod\u00e9OS vous aide \u00e0 vous prot\u00e9ger contre cela.\",\"breadcrumb\":{\"@id\":\"https:\\\/\\\/iode.tech\\\/protect-your-data\\\/#breadcrumb\"},\"inLanguage\":\"fr-FR\",\"potentialAction\":[{\"@type\":\"ReadAction\",\"target\":[\"https:\\\/\\\/iode.tech\\\/protect-your-data\\\/\"]}]},{\"@type\":\"ImageObject\",\"inLanguage\":\"fr-FR\",\"@id\":\"https:\\\/\\\/iode.tech\\\/protect-your-data\\\/#primaryimage\",\"url\":\"https:\\\/\\\/dev.iode.tech\\\/wp-content\\\/uploads\\\/2024\\\/06\\\/google_data_collection.png\",\"contentUrl\":\"https:\\\/\\\/dev.iode.tech\\\/wp-content\\\/uploads\\\/2024\\\/06\\\/google_data_collection.png\"},{\"@type\":\"BreadcrumbList\",\"@id\":\"https:\\\/\\\/iode.tech\\\/protect-your-data\\\/#breadcrumb\",\"itemListElement\":[{\"@type\":\"ListItem\",\"position\":1,\"name\":\"Accueil\",\"item\":\"https:\\\/\\\/iode.tech\\\/fr\\\/\"},{\"@type\":\"ListItem\",\"position\":2,\"name\":\"Prot\u00e9gez vos donn\u00e9es\"}]},{\"@type\":\"WebSite\",\"@id\":\"https:\\\/\\\/iode.tech\\\/fr\\\/#website\",\"url\":\"https:\\\/\\\/iode.tech\\\/fr\\\/\",\"name\":\"iod\u00e9\",\"description\":\"Soyez plus smart que votre t\u00e9l\u00e9phone.\",\"publisher\":{\"@id\":\"https:\\\/\\\/iode.tech\\\/fr\\\/#organization\"},\"potentialAction\":[{\"@type\":\"SearchAction\",\"target\":{\"@type\":\"EntryPoint\",\"urlTemplate\":\"https:\\\/\\\/iode.tech\\\/fr\\\/?s={search_term_string}\"},\"query-input\":{\"@type\":\"PropertyValueSpecification\",\"valueRequired\":true,\"valueName\":\"search_term_string\"}}],\"inLanguage\":\"fr-FR\"},{\"@type\":\"Organization\",\"@id\":\"https:\\\/\\\/iode.tech\\\/fr\\\/#organization\",\"name\":\"iod\u00e9\",\"url\":\"https:\\\/\\\/iode.tech\\\/fr\\\/\",\"logo\":{\"@type\":\"ImageObject\",\"inLanguage\":\"fr-FR\",\"@id\":\"https:\\\/\\\/iode.tech\\\/fr\\\/#\\\/schema\\\/logo\\\/image\\\/\",\"url\":\"https:\\\/\\\/iode.tech\\\/wp-content\\\/uploads\\\/2024\\\/06\\\/logo_iode_white_367x134.png\",\"contentUrl\":\"https:\\\/\\\/iode.tech\\\/wp-content\\\/uploads\\\/2024\\\/06\\\/logo_iode_white_367x134.png\",\"width\":367,\"height\":134,\"caption\":\"iod\u00e9\"},\"image\":{\"@id\":\"https:\\\/\\\/iode.tech\\\/fr\\\/#\\\/schema\\\/logo\\\/image\\\/\"}}]}<\/script>\n<!-- \/ Yoast SEO plugin. -->","yoast_head_json":{"title":"Prot\u00e9gez vos donn\u00e9es - iod\u00e9","description":"D\u00e9couvrez comment les entreprises technologiques collectent, traitent et vendent vos donn\u00e9es, souvent \u00e0 votre insu. iod\u00e9OS vous aide \u00e0 vous prot\u00e9ger contre cela.","robots":{"index":"index","follow":"follow","max-snippet":"max-snippet:-1","max-image-preview":"max-image-preview:large","max-video-preview":"max-video-preview:-1"},"canonical":"https:\/\/iode.tech\/protect-your-data\/","og_locale":"fr_FR","og_type":"article","og_title":"Prot\u00e9gez vos donn\u00e9es - iod\u00e9","og_description":"D\u00e9couvrez comment les entreprises technologiques collectent, traitent et vendent vos donn\u00e9es, souvent \u00e0 votre insu. iod\u00e9OS vous aide \u00e0 vous prot\u00e9ger contre cela.","og_url":"https:\/\/iode.tech\/protect-your-data\/","og_site_name":"iod\u00e9","article_modified_time":"2024-06-26T14:07:22+00:00","og_image":[{"url":"https:\/\/dev.iode.tech\/wp-content\/uploads\/2024\/06\/google_data_collection.png","type":"","width":"","height":""}],"twitter_card":"summary_large_image","twitter_misc":{"Dur\u00e9e de lecture estim\u00e9e":"2 minutes"},"schema":{"@context":"https:\/\/schema.org","@graph":[{"@type":"WebPage","@id":"https:\/\/iode.tech\/protect-your-data\/","url":"https:\/\/iode.tech\/protect-your-data\/","name":"Prot\u00e9gez vos donn\u00e9es - iod\u00e9","isPartOf":{"@id":"https:\/\/iode.tech\/fr\/#website"},"primaryImageOfPage":{"@id":"https:\/\/iode.tech\/protect-your-data\/#primaryimage"},"image":{"@id":"https:\/\/iode.tech\/protect-your-data\/#primaryimage"},"thumbnailUrl":"https:\/\/dev.iode.tech\/wp-content\/uploads\/2024\/06\/google_data_collection.png","datePublished":"2024-06-26T13:50:34+00:00","dateModified":"2024-06-26T14:07:22+00:00","description":"D\u00e9couvrez comment les entreprises technologiques collectent, traitent et vendent vos donn\u00e9es, souvent \u00e0 votre insu. iod\u00e9OS vous aide \u00e0 vous prot\u00e9ger contre cela.","breadcrumb":{"@id":"https:\/\/iode.tech\/protect-your-data\/#breadcrumb"},"inLanguage":"fr-FR","potentialAction":[{"@type":"ReadAction","target":["https:\/\/iode.tech\/protect-your-data\/"]}]},{"@type":"ImageObject","inLanguage":"fr-FR","@id":"https:\/\/iode.tech\/protect-your-data\/#primaryimage","url":"https:\/\/dev.iode.tech\/wp-content\/uploads\/2024\/06\/google_data_collection.png","contentUrl":"https:\/\/dev.iode.tech\/wp-content\/uploads\/2024\/06\/google_data_collection.png"},{"@type":"BreadcrumbList","@id":"https:\/\/iode.tech\/protect-your-data\/#breadcrumb","itemListElement":[{"@type":"ListItem","position":1,"name":"Accueil","item":"https:\/\/iode.tech\/fr\/"},{"@type":"ListItem","position":2,"name":"Prot\u00e9gez vos donn\u00e9es"}]},{"@type":"WebSite","@id":"https:\/\/iode.tech\/fr\/#website","url":"https:\/\/iode.tech\/fr\/","name":"iod\u00e9","description":"Soyez plus smart que votre t\u00e9l\u00e9phone.","publisher":{"@id":"https:\/\/iode.tech\/fr\/#organization"},"potentialAction":[{"@type":"SearchAction","target":{"@type":"EntryPoint","urlTemplate":"https:\/\/iode.tech\/fr\/?s={search_term_string}"},"query-input":{"@type":"PropertyValueSpecification","valueRequired":true,"valueName":"search_term_string"}}],"inLanguage":"fr-FR"},{"@type":"Organization","@id":"https:\/\/iode.tech\/fr\/#organization","name":"iod\u00e9","url":"https:\/\/iode.tech\/fr\/","logo":{"@type":"ImageObject","inLanguage":"fr-FR","@id":"https:\/\/iode.tech\/fr\/#\/schema\/logo\/image\/","url":"https:\/\/iode.tech\/wp-content\/uploads\/2024\/06\/logo_iode_white_367x134.png","contentUrl":"https:\/\/iode.tech\/wp-content\/uploads\/2024\/06\/logo_iode_white_367x134.png","width":367,"height":134,"caption":"iod\u00e9"},"image":{"@id":"https:\/\/iode.tech\/fr\/#\/schema\/logo\/image\/"}}]}},"_links":{"self":[{"href":"https:\/\/iode.tech\/fr\/wp-json\/wp\/v2\/pages\/283","targetHints":{"allow":["GET"]}}],"collection":[{"href":"https:\/\/iode.tech\/fr\/wp-json\/wp\/v2\/pages"}],"about":[{"href":"https:\/\/iode.tech\/fr\/wp-json\/wp\/v2\/types\/page"}],"author":[{"embeddable":true,"href":"https:\/\/iode.tech\/fr\/wp-json\/wp\/v2\/users\/2"}],"replies":[{"embeddable":true,"href":"https:\/\/iode.tech\/fr\/wp-json\/wp\/v2\/comments?post=283"}],"version-history":[{"count":3,"href":"https:\/\/iode.tech\/fr\/wp-json\/wp\/v2\/pages\/283\/revisions"}],"predecessor-version":[{"id":287,"href":"https:\/\/iode.tech\/fr\/wp-json\/wp\/v2\/pages\/283\/revisions\/287"}],"wp:attachment":[{"href":"https:\/\/iode.tech\/fr\/wp-json\/wp\/v2\/media?parent=283"}],"curies":[{"name":"wp","href":"https:\/\/api.w.org\/{rel}","templated":true}]}}