{"id":651,"date":"2024-07-05T07:59:32","date_gmt":"2024-07-05T05:59:32","guid":{"rendered":"https:\/\/dev.iode.tech\/?page_id=651"},"modified":"2024-07-05T08:32:05","modified_gmt":"2024-07-05T06:32:05","slug":"handy-gebraucht-kaufen","status":"publish","type":"page","link":"https:\/\/iode.tech\/de\/handy-gebraucht-kaufen\/","title":{"rendered":"Handy gebraucht kaufen"},"content":{"rendered":"\n<p>Immer mehr Menschen m\u00f6chten ein Handy gebraucht kaufen und nicht alle zwei Jahre ein neues Ger\u00e4t anschaffen m\u00fcssen. Zum Gl\u00fcck gibt es Alternativen, die preislich und im Bezug auf die Umwelt mehr Sinn machen. Handys gebraucht zu kaufen ist einfach schlau, da sie einwandfrei funktionieren und je nach Zustand so gut wie keine Gebrauchsspuren vorweisen.<\/p>\n\n\n\n<p>Die Kosten f\u00fcr neue Smartphones sind manchmal astronomisch hoch und die Hersteller setzen f\u00fcr ihre Flaggschiffe sehr hohe Preise an. Genau dadurch ergibt sich jedoch die Chance, Geld zu sparen. Das gro\u00dfe Sparpotenzial entsteht dadurch, das neue Smartphones die Vorg\u00e4ngermodelle abl\u00f6sen und der Preis der \u00e4lteren Ger\u00e4te dann stark sinkt. Technisch sind gebrauchte Smartphones dennoch High-End, k\u00f6nnen aber nun zu g\u00fcnstigen Preisen erworben werden.<\/p>\n\n\n<div class=\"wp-block-image\">\n<figure class=\"alignright size-full\" id=\"attachment_26612\"><a href=\"https:\/\/iode.tech\/de\/shop-de\/\"><img loading=\"lazy\" decoding=\"async\" width=\"400\" height=\"400\" src=\"https:\/\/dev.iode.tech\/wp-content\/uploads\/2024\/07\/A52S_1000x1000-400x400-1.png\" alt=\"\" class=\"wp-image-652\" srcset=\"https:\/\/iode.tech\/wp-content\/uploads\/2024\/07\/A52S_1000x1000-400x400-1.png 400w, https:\/\/iode.tech\/wp-content\/uploads\/2024\/07\/A52S_1000x1000-400x400-1-300x300.png 300w, https:\/\/iode.tech\/wp-content\/uploads\/2024\/07\/A52S_1000x1000-400x400-1-150x150.png 150w\" sizes=\"auto, (max-width: 400px) 100vw, 400px\" \/><\/a><figcaption class=\"wp-element-caption\">Handy gebraucht kaufen: iod\u00e9 Samsung Galaxy A52s 5G<\/figcaption><\/figure>\n<\/div>\n\n\n<h2 class=\"wp-block-heading\">Handys gebraucht kaufen ist nachhaltig und umweltfreundlich<\/h2>\n\n\n\n<p>Die Nachfrage f\u00fcr gebrauchte gebrauchte Telefone steigt, denn immer mehr Menschen achten auf die Umwelt-Aspekte bei ihren Kaufentscheidungen. Mit Wegwerf-Konsum haben wir die Natur und damit auch uns selbst in eine bedrohliche Lage gebracht. Die Produktion von Smartphones ben\u00f6tigt viele seltene Rohstoffe. Dass die Ger\u00e4te dann alle 2-3 Jahre durch neue ersetzt werden sollen, ist nicht nachhaltig und auf Dauer nicht tragbar.<\/p>\n\n\n\n<p>Langfristig k\u00f6nnen wir einen wichtigen Beitrag zum reduzieren von Emissionen und zum Schutz der Erde leisten, indem wir Handys l\u00e4nger nutzen. In der Kreislaufwirtschaft k\u00f6nnen Ressourcen geschont werden da wir die Lebensdauer von Ger\u00e4ten verl\u00e4ngern und ihnen ein zweites Leben schenken.<\/p>\n\n\n\n<p>Wir machen es dir leicht, Verantwortung f\u00fcr die Umwelt zu \u00fcbernehmen. So tr\u00e4gst du mit dem Kauf eines gepr\u00fcften, gebrauchten Mobiltelefons zu mehr Nachhaltigkeit bei und sparst gleichzeitig eine Menge Geld. Aufbereitete Handys sind eine klimafreundliche Alternative zu neuen Ger\u00e4ten und helfen, die Umwelt zu schonen. Mit dem Kauf eines gebrauchten Smartphones leistest du ein wichtiges Engagement f\u00fcr die Umwelt und begrenzt die Verschwendung elektronischer Ger\u00e4te und das Entstehen von Elektroschott und gibst ein starkes Signal daf\u00fcr, dass das Recycling von Handys auch von Nutzern positiv aufgenommen wird.<\/p>\n\n\n\n<p>Den Nachhaltigkeitsaspekt haben inzwischen auch ein paar Smartphone Hersteller aufgegriffen. So produzieren Firmen wie <a href=\"https:\/\/www.fairphone.com\/de\/\" target=\"_blank\" rel=\"noreferrer noopener\">Fairphone<\/a>, <a href=\"https:\/\/myteracube.com\/\" target=\"_blank\" rel=\"noreferrer noopener\">Teracube<\/a> oder <a href=\"https:\/\/www.shift.eco\/\" target=\"_blank\" rel=\"noreferrer noopener\">Shift<\/a> Smartphones, die aus recycelten Materialien hergestellt werden, modular aufgebaut sind und sehr gut repariert werden k\u00f6nnen. Diese Ger\u00e4te findest du auch in unserem Shop, hierbei handelt es sich um Neuware.<\/p>\n\n\n\n<h2 class=\"wp-block-heading\">Handy gebraucht kaufen bei iod\u00e9: Deine Vorteile auf einen Blick<\/h2>\n\n\n\n<ul class=\"wp-block-list\">\n<li>Gro\u00dfe Auswahl an gebrauchten Smartphones ohne Vertrag ohne Simlock<\/li>\n\n\n\n<li>Jedes Ger\u00e4t in unserem Shop ist ohne SIMlock, du kannst also deinen Mobilfunkanbieter frei w\u00e4hlen, bist nicht an einen Vertrag gebunden und kannst dich f\u00fcr Vertrag oder Prepaid entscheiden<\/li>\n\n\n\n<li>Wir haben auch Dual-SIM Smartphones im Angebot<\/li>\n\n\n\n<li>Preise oft g\u00fcnstiger als Neuware<\/li>\n\n\n\n<li>Gebrauchte Handys mit Garantie \u2013 12 Monate Garantie auf refurbished Smartphones, 2-5 Jahre Garantie auf neue Smartphones<\/li>\n\n\n\n<li>Bekannte Handy-Marken wie Samsung, Google Pixel, Xiaomi, OnePlus, Fairphone, Teracube und Shift<\/li>\n\n\n\n<li>Versicherter Versand<\/li>\n\n\n\n<li>30 Tage R\u00fcckgaberecht<\/li>\n\n\n\n<li>Kostenloser Versand<\/li>\n\n\n\n<li>Kein Konto zur Bestellung n\u00f6tig<\/li>\n\n\n\n<li>100% funktionsf\u00e4hige Smartphones<\/li>\n\n\n\n<li>Zertifizierte Akkulaufzeit<\/li>\n\n\n\n<li>In Frankreich general\u00fcberholt<\/li>\n\n\n\n<li>Versand innerhalb von 4-7 Werktagen innerhalb Europas<\/li>\n\n\n\n<li>Sicher und risikolos zahlen mit Kreditkarte, Bank\u00fcberweisung PayPal oder Kryptonw\u00e4hrungen<\/li>\n\n\n\n<li>Warenbestand in Echtzeit \u2013 Alle als \u201cvorr\u00e4tig\u201d gekennzeichneten Ger\u00e4te sind tats\u00e4chlich auf Lager. Wenn dein Wunschhandy gerade nicht verf\u00fcgbar ist, kannst du dich auf die Warteliste eintragen um eine E-Mail zu erhalten, sobald es verf\u00fcgbar ist<\/li>\n\n\n\n<li>Mit Zubeh\u00f6r \u2013 w\u00e4hle zu deinem Smartphone noch USB-C Kabel, Ladeger\u00e4t, Kopfh\u00f6rer oder unsere sch\u00f6ne iod\u00e9 Handyh\u00fclle aus<\/li>\n\n\n\n<li>L\u00e4ngere Lebensdauer \u2013 Unsere Smartphones werden mindestens 4 Jahre lang mit Software- und Sicherheits-Updates f\u00fcr jede Version von iod\u00e9OS beliefert<\/li>\n\n\n\n<li>Sch\u00fctze deine Daten \u2013 alle Ger\u00e4te kommen mit der neuesten Version unseres privatsph\u00e4refreundlichen Android iod\u00e9OS vorinstalliert<\/li>\n<\/ul>\n\n\n\n<h2 class=\"wp-block-heading\">Unsere Tipps f\u00fcr den Check nach dem Kauf eines runderneuerten Handys<\/h2>\n\n\n\n<p>Je nach gew\u00e4hltem Zustand sind unsere gebrauchten Handys wie neu. Dennoch empfehlen wir dir, dein Ger\u00e4t nach Erhalt erst einmal durch zu checken. So kannst du direkt die Funktionsf\u00e4higkeit sicherstellen, wie es einem auch in einem Gesch\u00e4ft vor Ort m\u00f6glich w\u00e4re. Und falls doch mal etwas sein sollte, kannst du von unserem 30-t\u00e4gigen R\u00fcckgaberecht Gebrauch machen.<br>Auf diese Punkte solltest du besonders achten:<\/p>\n\n\n\n<p><strong>Zustand:<\/strong> Stimmt der angegebene \u00e4sthetische Zustand mit dem \u00fcberein, was du bekommen hast? Mache dir ein Bild von Kratzern oder Gebrauchsspuren und sag uns gern Bescheid, wenn dir etwas nicht gef\u00e4llt.<\/p>\n\n\n\n<p><strong>Akku:<\/strong> Wir ersetzen die Akkus durch neue, sobald ihre Ladekapazit\u00e4t unter 85% f\u00e4llt. Am Besten l\u00e4dst du den Akku komplett auf und nutzt das Smartphone einen Tag lang, um zu pr\u00fcfen dass die Akkuleistung noch gut ist.<\/p>\n\n\n\n<p><strong>Kn\u00f6pfe:<\/strong> Funktionieren alle Kn\u00f6pfe? Checke einmal durch, ob sich der Powerknopf, der Home-Button und die Lautst\u00e4rketasten einwandfrei dr\u00fccken lassen.<\/p>\n\n\n\n<p><strong>Anschl\u00fcsse:<\/strong> Pr\u00fcfe, ob die sich die Kabel problemlos in die Buchsen f\u00fcr USB-C Ladekabel und Klinke-Kopfh\u00f6rerkabel stecken lassen und die Kabel auch stabil stecken bleiben.<\/p>\n\n\n\n<p><strong>Zubeh\u00f6r:<\/strong> Ist das mitgelieferte Zubeh\u00f6r vollst\u00e4ndig und funktionst\u00fcchtig? Unsere USB-C Kabel, Ladeger\u00e4te, Kopfh\u00f6rer und iod\u00e9 Handyh\u00fclle sind Neuware und sollten daher keine M\u00e4ngel aufweisen. Sollte dir dennoch mal ein Defekt auffallen, gib uns einfach Bescheid und wir sorgen schnellstm\u00f6glich f\u00fcr Ersatz.<\/p>\n\n\n\n<h2 class=\"wp-block-heading\">Top-Qualit\u00e4t der Second Hand Handys von iod\u00e9: Unser Versprechen an dich<\/h2>\n\n\n\n<p>Wir arbeiten mit Partnerunternehmen aus Europa, die unsere Smartphone general\u00fcberholen. Die 2. Hand Handys werden von Experten professionell wiederaufbereitet und einer strikten Qualit\u00e4tskontrolle unterzogen. Alle Arbeiten wird von speziell ausgebildeten Fachkr\u00e4ften ausgef\u00fchrt, welche regelm\u00e4\u00dfig fortgebildet werden um bei den aufw\u00e4ndigen Testverfahren stets auf dem neuesten Stand zu sein.<\/p>\n\n\n\n<p>Unsere refurbished Handys werden auf optische M\u00e4ngel wie Kratzer oder Br\u00fcche im Display und Geh\u00e4use untersucht. Die Hardware wird an mehr als 40 Kontrollpunkten gepr\u00fcft, gereinigt und technisch wiederaufbereitet und gelangt erst in unseren Shop, wenn die erneuerten Handys voll funktionsf\u00e4hig und von verl\u00e4sslicher Qualit\u00e4t sind. Die Tests sind an die jeweiligen Marken und Modelle angepasst und werden mit professionellem Werkzeug von Smartphone-Herstellern durchgef\u00fchrt.<\/p>\n\n\n\n<p>Zu einem erstklassigen technischen Zustand nach unseren Qualit\u00e4tsstandards z\u00e4hlt nat\u00fcrlich der Akku. Die Akkus werden durch neue ersetzt, sobald ihre Ladekapazit\u00e4t unter 85% f\u00e4llt. Auch andere Verschlei\u00dfteile werden wenn n\u00f6tig durch neue, vom Hersteller zertifizierte Komponenten ersetzt. Im Gegensatz zu einem Privatkauf \u00fcber Kleinanzeigen geben wir dir 12 Monate Gew\u00e4hrleistung auf refurbished Smartphones und 2-5 Jahre Gew\u00e4hrleistung auf neue Smartphones.<\/p>\n\n\n\n<p>Alle Daten vom Vorbesitzer sind nat\u00fcrlich von den Ger\u00e4ten gel\u00f6scht und du erh\u00e4ltst dein Handy runderneuert von uns, mit der neuesten Version unseres privatsph\u00e4refreundlichen Android iod\u00e9OS vorinstalliert.<\/p>\n\n\n\n<h2 class=\"wp-block-heading\">Handy gebraucht kaufen: Das bedeuten die Zust\u00e4nde<\/h2>\n\n\n\n<p>\u00dcber den genauen Zustand der reparierten Handys informieren wir dich auf der Artikelseite nat\u00fcrlich vollkommen transparent. Schlie\u00dflich wollen wir, dass unsere Kunden, die gebrauchte Handys kaufen, sich uneingeschr\u00e4nkt auf ihr Ger\u00e4t verlassen k\u00f6nnen. Unser Qualit\u00e4tsversprechen ist, dass die runderneuerte Handys technisch in einem Zustand sind, in dem sie von Neuger\u00e4ten nicht mehr zu unterscheiden sind.<\/p>\n\n\n\n<p>Bei unseren general\u00fcberholen Smartphones kannst du zwischen zwei \u00e4sthetischen Zust\u00e4nden w\u00e4hlen:<\/p>\n\n\n\n<p><strong>A &amp; B<\/strong>. Die Bewertung in A oder B wird nach der Wiederaufbereitung des Ger\u00e4ts vorgenommen. Alle von uns verkauften Telefone sind zu 100% funktionst\u00fcchtig, unabh\u00e4ngig vom \u00e4sthetischen Zustand.<\/p>\n\n\n\n<p><strong>Zustand A:<\/strong> Das Ger\u00e4t ist in einem guten Zustand. Es hat unter Umst\u00e4nden sehr kleine Kratzer am Geh\u00e4use oder dem Bildschirm, die zu sehen sind, wenn das Ger\u00e4t angeschaltet ist.<\/p>\n\n\n\n<p><strong>Zustand B:<\/strong> Das Ger\u00e4t hat sichtbare Kratzer. Diese haben jedoch keine Auswirkung auf die Funktionst\u00fcchtigkeit des Ger\u00e4ts.<\/p>\n\n\n\n<p>Die Ger\u00e4te von <strong>Fairphone, Teracube und Shift<\/strong> in unserem Shop sind <strong>Neuware<\/strong> und (bis auf die Installation unseres Android Betriebssystems iod\u00e9OS) noch v\u00f6llig unbenutzt und werden in der <strong>Originalverpackung<\/strong> geliefert.<\/p>\n\n\n\n<p><a href=\"https:\/\/iode.tech\/de\/shop\/\"><strong>Jetzt Handy gebraucht kaufen<\/strong><\/a><\/p>\n","protected":false},"excerpt":{"rendered":"<p>Immer mehr Menschen m\u00f6chten ein Handy gebraucht kaufen und nicht alle zwei Jahre ein neues Ger\u00e4t anschaffen m\u00fcssen. Zum Gl\u00fcck gibt es Alternativen, die preislich und im Bezug auf die Umwelt mehr Sinn machen. Handys gebraucht zu kaufen ist einfach schlau, da sie einwandfrei funktionieren und je nach Zustand so gut wie keine Gebrauchsspuren vorweisen. &#8230; <a title=\"Handy gebraucht kaufen\" class=\"read-more\" href=\"https:\/\/iode.tech\/de\/handy-gebraucht-kaufen\/\" aria-label=\"Mehr Informationen \u00fcber Handy gebraucht kaufen\">Weiterlesen &#8230;<\/a><\/p>\n","protected":false},"author":2,"featured_media":0,"parent":0,"menu_order":0,"comment_status":"closed","ping_status":"closed","template":"","meta":{"footnotes":""},"class_list":["post-651","page","type-page","status-publish"],"yoast_head":"<!-- This site is optimized with the Yoast SEO plugin v27.4 - https:\/\/yoast.com\/product\/yoast-seo-wordpress\/ -->\n<title>Handy gebraucht kaufen - iod\u00e9<\/title>\n<meta name=\"description\" content=\"Immer mehr Menschen m\u00f6chten ein Handy gebraucht kaufen kaufen, weil es preislich und im Bezug auf die Umwelt mehr Sinn macht\" \/>\n<meta name=\"robots\" content=\"index, follow, max-snippet:-1, max-image-preview:large, max-video-preview:-1\" \/>\n<link rel=\"canonical\" href=\"https:\/\/iode.tech\/buy-a-used-smartphone\/\" \/>\n<meta property=\"og:locale\" content=\"de_DE\" \/>\n<meta property=\"og:type\" content=\"article\" \/>\n<meta property=\"og:title\" content=\"Handy gebraucht kaufen - iod\u00e9\" \/>\n<meta property=\"og:description\" content=\"Immer mehr Menschen m\u00f6chten ein Handy gebraucht kaufen kaufen, weil es preislich und im Bezug auf die Umwelt mehr Sinn macht\" \/>\n<meta property=\"og:url\" content=\"https:\/\/iode.tech\/buy-a-used-smartphone\/\" \/>\n<meta property=\"og:site_name\" content=\"iod\u00e9\" \/>\n<meta property=\"article:modified_time\" content=\"2024-07-05T06:32:05+00:00\" \/>\n<meta property=\"og:image\" content=\"https:\/\/dev.iode.tech\/wp-content\/uploads\/2024\/07\/A52S_1000x1000-400x400-1.png\" \/>\n<meta name=\"twitter:card\" content=\"summary_large_image\" \/>\n<meta name=\"twitter:label1\" content=\"Gesch\u00e4tzte Lesezeit\" \/>\n\t<meta name=\"twitter:data1\" content=\"6\u00a0Minuten\" \/>\n<script type=\"application\/ld+json\" class=\"yoast-schema-graph\">{\"@context\":\"https:\\\/\\\/schema.org\",\"@graph\":[{\"@type\":\"WebPage\",\"@id\":\"https:\\\/\\\/iode.tech\\\/buy-a-used-smartphone\\\/\",\"url\":\"https:\\\/\\\/iode.tech\\\/buy-a-used-smartphone\\\/\",\"name\":\"Handy gebraucht kaufen - iod\u00e9\",\"isPartOf\":{\"@id\":\"https:\\\/\\\/iode.tech\\\/fr\\\/#website\"},\"primaryImageOfPage\":{\"@id\":\"https:\\\/\\\/iode.tech\\\/buy-a-used-smartphone\\\/#primaryimage\"},\"image\":{\"@id\":\"https:\\\/\\\/iode.tech\\\/buy-a-used-smartphone\\\/#primaryimage\"},\"thumbnailUrl\":\"https:\\\/\\\/dev.iode.tech\\\/wp-content\\\/uploads\\\/2024\\\/07\\\/A52S_1000x1000-400x400-1.png\",\"datePublished\":\"2024-07-05T05:59:32+00:00\",\"dateModified\":\"2024-07-05T06:32:05+00:00\",\"description\":\"Immer mehr Menschen m\u00f6chten ein Handy gebraucht kaufen kaufen, weil es preislich und im Bezug auf die Umwelt mehr Sinn macht\",\"breadcrumb\":{\"@id\":\"https:\\\/\\\/iode.tech\\\/buy-a-used-smartphone\\\/#breadcrumb\"},\"inLanguage\":\"de\",\"potentialAction\":[{\"@type\":\"ReadAction\",\"target\":[\"https:\\\/\\\/iode.tech\\\/buy-a-used-smartphone\\\/\"]}]},{\"@type\":\"ImageObject\",\"inLanguage\":\"de\",\"@id\":\"https:\\\/\\\/iode.tech\\\/buy-a-used-smartphone\\\/#primaryimage\",\"url\":\"https:\\\/\\\/dev.iode.tech\\\/wp-content\\\/uploads\\\/2024\\\/07\\\/A52S_1000x1000-400x400-1.png\",\"contentUrl\":\"https:\\\/\\\/dev.iode.tech\\\/wp-content\\\/uploads\\\/2024\\\/07\\\/A52S_1000x1000-400x400-1.png\"},{\"@type\":\"BreadcrumbList\",\"@id\":\"https:\\\/\\\/iode.tech\\\/buy-a-used-smartphone\\\/#breadcrumb\",\"itemListElement\":[{\"@type\":\"ListItem\",\"position\":1,\"name\":\"Accueil\",\"item\":\"https:\\\/\\\/iode.tech\\\/de\\\/\"},{\"@type\":\"ListItem\",\"position\":2,\"name\":\"Handy gebraucht kaufen\"}]},{\"@type\":\"WebSite\",\"@id\":\"https:\\\/\\\/iode.tech\\\/fr\\\/#website\",\"url\":\"https:\\\/\\\/iode.tech\\\/fr\\\/\",\"name\":\"iod\u00e9\",\"description\":\"Sei smarter als dein Telefon.\",\"publisher\":{\"@id\":\"https:\\\/\\\/iode.tech\\\/fr\\\/#organization\"},\"potentialAction\":[{\"@type\":\"SearchAction\",\"target\":{\"@type\":\"EntryPoint\",\"urlTemplate\":\"https:\\\/\\\/iode.tech\\\/fr\\\/?s={search_term_string}\"},\"query-input\":{\"@type\":\"PropertyValueSpecification\",\"valueRequired\":true,\"valueName\":\"search_term_string\"}}],\"inLanguage\":\"de\"},{\"@type\":\"Organization\",\"@id\":\"https:\\\/\\\/iode.tech\\\/fr\\\/#organization\",\"name\":\"iod\u00e9\",\"url\":\"https:\\\/\\\/iode.tech\\\/fr\\\/\",\"logo\":{\"@type\":\"ImageObject\",\"inLanguage\":\"de\",\"@id\":\"https:\\\/\\\/iode.tech\\\/fr\\\/#\\\/schema\\\/logo\\\/image\\\/\",\"url\":\"https:\\\/\\\/iode.tech\\\/wp-content\\\/uploads\\\/2024\\\/06\\\/logo_iode_white_367x134.png\",\"contentUrl\":\"https:\\\/\\\/iode.tech\\\/wp-content\\\/uploads\\\/2024\\\/06\\\/logo_iode_white_367x134.png\",\"width\":367,\"height\":134,\"caption\":\"iod\u00e9\"},\"image\":{\"@id\":\"https:\\\/\\\/iode.tech\\\/fr\\\/#\\\/schema\\\/logo\\\/image\\\/\"}}]}<\/script>\n<!-- \/ Yoast SEO plugin. -->","yoast_head_json":{"title":"Handy gebraucht kaufen - iod\u00e9","description":"Immer mehr Menschen m\u00f6chten ein Handy gebraucht kaufen kaufen, weil es preislich und im Bezug auf die Umwelt mehr Sinn macht","robots":{"index":"index","follow":"follow","max-snippet":"max-snippet:-1","max-image-preview":"max-image-preview:large","max-video-preview":"max-video-preview:-1"},"canonical":"https:\/\/iode.tech\/buy-a-used-smartphone\/","og_locale":"de_DE","og_type":"article","og_title":"Handy gebraucht kaufen - iod\u00e9","og_description":"Immer mehr Menschen m\u00f6chten ein Handy gebraucht kaufen kaufen, weil es preislich und im Bezug auf die Umwelt mehr Sinn macht","og_url":"https:\/\/iode.tech\/buy-a-used-smartphone\/","og_site_name":"iod\u00e9","article_modified_time":"2024-07-05T06:32:05+00:00","og_image":[{"url":"https:\/\/dev.iode.tech\/wp-content\/uploads\/2024\/07\/A52S_1000x1000-400x400-1.png","type":"","width":"","height":""}],"twitter_card":"summary_large_image","twitter_misc":{"Gesch\u00e4tzte Lesezeit":"6\u00a0Minuten"},"schema":{"@context":"https:\/\/schema.org","@graph":[{"@type":"WebPage","@id":"https:\/\/iode.tech\/buy-a-used-smartphone\/","url":"https:\/\/iode.tech\/buy-a-used-smartphone\/","name":"Handy gebraucht kaufen - iod\u00e9","isPartOf":{"@id":"https:\/\/iode.tech\/fr\/#website"},"primaryImageOfPage":{"@id":"https:\/\/iode.tech\/buy-a-used-smartphone\/#primaryimage"},"image":{"@id":"https:\/\/iode.tech\/buy-a-used-smartphone\/#primaryimage"},"thumbnailUrl":"https:\/\/dev.iode.tech\/wp-content\/uploads\/2024\/07\/A52S_1000x1000-400x400-1.png","datePublished":"2024-07-05T05:59:32+00:00","dateModified":"2024-07-05T06:32:05+00:00","description":"Immer mehr Menschen m\u00f6chten ein Handy gebraucht kaufen kaufen, weil es preislich und im Bezug auf die Umwelt mehr Sinn macht","breadcrumb":{"@id":"https:\/\/iode.tech\/buy-a-used-smartphone\/#breadcrumb"},"inLanguage":"de","potentialAction":[{"@type":"ReadAction","target":["https:\/\/iode.tech\/buy-a-used-smartphone\/"]}]},{"@type":"ImageObject","inLanguage":"de","@id":"https:\/\/iode.tech\/buy-a-used-smartphone\/#primaryimage","url":"https:\/\/dev.iode.tech\/wp-content\/uploads\/2024\/07\/A52S_1000x1000-400x400-1.png","contentUrl":"https:\/\/dev.iode.tech\/wp-content\/uploads\/2024\/07\/A52S_1000x1000-400x400-1.png"},{"@type":"BreadcrumbList","@id":"https:\/\/iode.tech\/buy-a-used-smartphone\/#breadcrumb","itemListElement":[{"@type":"ListItem","position":1,"name":"Accueil","item":"https:\/\/iode.tech\/de\/"},{"@type":"ListItem","position":2,"name":"Handy gebraucht kaufen"}]},{"@type":"WebSite","@id":"https:\/\/iode.tech\/fr\/#website","url":"https:\/\/iode.tech\/fr\/","name":"iod\u00e9","description":"Sei smarter als dein Telefon.","publisher":{"@id":"https:\/\/iode.tech\/fr\/#organization"},"potentialAction":[{"@type":"SearchAction","target":{"@type":"EntryPoint","urlTemplate":"https:\/\/iode.tech\/fr\/?s={search_term_string}"},"query-input":{"@type":"PropertyValueSpecification","valueRequired":true,"valueName":"search_term_string"}}],"inLanguage":"de"},{"@type":"Organization","@id":"https:\/\/iode.tech\/fr\/#organization","name":"iod\u00e9","url":"https:\/\/iode.tech\/fr\/","logo":{"@type":"ImageObject","inLanguage":"de","@id":"https:\/\/iode.tech\/fr\/#\/schema\/logo\/image\/","url":"https:\/\/iode.tech\/wp-content\/uploads\/2024\/06\/logo_iode_white_367x134.png","contentUrl":"https:\/\/iode.tech\/wp-content\/uploads\/2024\/06\/logo_iode_white_367x134.png","width":367,"height":134,"caption":"iod\u00e9"},"image":{"@id":"https:\/\/iode.tech\/fr\/#\/schema\/logo\/image\/"}}]}},"_links":{"self":[{"href":"https:\/\/iode.tech\/de\/wp-json\/wp\/v2\/pages\/651","targetHints":{"allow":["GET"]}}],"collection":[{"href":"https:\/\/iode.tech\/de\/wp-json\/wp\/v2\/pages"}],"about":[{"href":"https:\/\/iode.tech\/de\/wp-json\/wp\/v2\/types\/page"}],"author":[{"embeddable":true,"href":"https:\/\/iode.tech\/de\/wp-json\/wp\/v2\/users\/2"}],"replies":[{"embeddable":true,"href":"https:\/\/iode.tech\/de\/wp-json\/wp\/v2\/comments?post=651"}],"version-history":[{"count":1,"href":"https:\/\/iode.tech\/de\/wp-json\/wp\/v2\/pages\/651\/revisions"}],"predecessor-version":[{"id":655,"href":"https:\/\/iode.tech\/de\/wp-json\/wp\/v2\/pages\/651\/revisions\/655"}],"wp:attachment":[{"href":"https:\/\/iode.tech\/de\/wp-json\/wp\/v2\/media?parent=651"}],"curies":[{"name":"wp","href":"https:\/\/api.w.org\/{rel}","templated":true}]}}