{"id":645,"date":"2024-07-04T15:00:04","date_gmt":"2024-07-04T13:00:04","guid":{"rendered":"https:\/\/dev.iode.tech\/donations\/"},"modified":"2024-11-26T12:26:20","modified_gmt":"2024-11-26T11:26:20","slug":"spenden","status":"publish","type":"page","link":"https:\/\/iode.tech\/de\/spenden\/","title":{"rendered":"Spenden"},"content":{"rendered":"\n<p>iod\u00e9 freut sich \u00fcber Spenden!<\/p>\n\n\n\n<p>Wie du vielleicht wei\u00dft, generiert iod\u00e9 Einkommen ausschlie\u00dflich aus dem Verkauf von Smartphones. Das Betriebssystem das wir entwickeln, <a href=\"https:\/\/gitlab.com\/iode\">iod\u00e9OS<\/a>, stellen wir kostenlos zur Verf\u00fcgung. Du kannst es <a href=\"https:\/\/iode.tech\/de\/installation-iodeos\/\">hier<\/a> downloaden und installieren. Es ist einer unserer Kernwerte, den Zugang zu mehr Sicherheit und Privatsph\u00e4re f\u00fcr jeden so einfach wie m\u00f6glich zu machen.<\/p>\n\n\n\n<p>Wenn du unsere Arbeit und die Arbeit vieler Open-Source-Beitragender aus aller Welt auf unserem Weg zu einer privatsph\u00e4refreundlichen und nachhaltigen Zukunft unterst\u00fctzen m\u00f6chtest, kannst du uns hier finanziell etwas beisteuern:<\/p>\n\n\n\n<p><\/p>\n\n\n\n<div class=\"wp-block-buttons is-layout-flex wp-block-buttons-is-layout-flex\">\n<div class=\"wp-block-button background-color: var(--accent-1)\"><a class=\"wp-block-button__link has-accent-background-color has-background wp-element-button\" href=\"https:\/\/www.paypal.com\/donate\/?hosted_button_id=LNTT4WFSCZQH2\" style=\"border-radius:22px\">Spenden via Paypal<\/a><\/div>\n<\/div>\n\n\n\n<p><\/p>\n\n\n\n<div class=\"wp-block-buttons is-layout-flex wp-block-buttons-is-layout-flex\">\n<div class=\"wp-block-button background-color: var(--accent-2)\"><a class=\"wp-block-button__link has-accent-2-background-color has-background wp-element-button\" href=\"https:\/\/buy.stripe.com\/eVa165fpg8Cn7w4fYY\" style=\"border-radius:22px\">Spenden via Stripe<\/a><\/div>\n<\/div>\n\n\n\n<p><\/p>\n\n\n\n<div class=\"wp-block-buttons is-layout-flex wp-block-buttons-is-layout-flex\">\n<div class=\"wp-block-button background-color: var(--accent-2)\"><a class=\"wp-block-button__link has-accent-3-background-color has-background wp-element-button\" href=\"https:\/\/commerce.coinbase.com\/checkout\/ca2e5c42-d2a1-41dc-ae48-175a05a035d6\" style=\"border-radius:22px\">Spenden via Kryptow\u00e4hrungen<\/a><\/div>\n<\/div>\n\n\n\n<p><\/p>\n\n\n\n<div class=\"wp-block-group is-nowrap is-layout-flex wp-container-core-group-is-layout-ad2f72ca wp-block-group-is-layout-flex\">\n<details class=\"wp-block-details is-layout-flow wp-block-details-is-layout-flow\"><summary>Spenden per Bank-\u00dcberweisung<\/summary>\n<p>iod\u00e9 technologies<strong><br>IBAN: <\/strong>FR76 1807 9313 9502 9572 4594 147<br><strong>BIC\/SWIFT: <\/strong>CCDFFRPPXXX<\/p>\n<\/details>\n<\/div>\n\n\n\n<p><\/p>\n\n\n\n<p>Vielen Dank f\u00fcr eure Unterst\u00fctzung und euer Vertrauen in uns.<\/p>\n\n\n\n<p>Das iod\u00e9 Team<\/p>\n","protected":false},"excerpt":{"rendered":"<p>iod\u00e9 freut sich \u00fcber Spenden! Wie du vielleicht wei\u00dft, generiert iod\u00e9 Einkommen ausschlie\u00dflich aus dem Verkauf von Smartphones. Das Betriebssystem das wir entwickeln, iod\u00e9OS, stellen wir kostenlos zur Verf\u00fcgung. Du kannst es hier downloaden und installieren. Es ist einer unserer Kernwerte, den Zugang zu mehr Sicherheit und Privatsph\u00e4re f\u00fcr jeden so einfach wie m\u00f6glich zu &#8230; <a title=\"Spenden\" class=\"read-more\" href=\"https:\/\/iode.tech\/de\/spenden\/\" aria-label=\"Mehr Informationen \u00fcber Spenden\">Weiterlesen &#8230;<\/a><\/p>\n","protected":false},"author":2,"featured_media":0,"parent":0,"menu_order":0,"comment_status":"closed","ping_status":"closed","template":"","meta":{"footnotes":""},"class_list":["post-645","page","type-page","status-publish"],"yoast_head":"<!-- This site is optimized with the Yoast SEO plugin v27.4 - https:\/\/yoast.com\/product\/yoast-seo-wordpress\/ -->\n<title>Spenden - iod\u00e9<\/title>\n<meta name=\"description\" content=\"Finde heraus, wie du unser Projekt unterst\u00fctzen kannst\" \/>\n<meta name=\"robots\" content=\"index, follow, max-snippet:-1, max-image-preview:large, max-video-preview:-1\" \/>\n<link rel=\"canonical\" href=\"https:\/\/iode.tech\/donations\/\" \/>\n<meta property=\"og:locale\" content=\"de_DE\" \/>\n<meta property=\"og:type\" content=\"article\" \/>\n<meta property=\"og:title\" content=\"Spenden - iod\u00e9\" \/>\n<meta property=\"og:description\" content=\"Finde heraus, wie du unser Projekt unterst\u00fctzen kannst\" \/>\n<meta property=\"og:url\" content=\"https:\/\/iode.tech\/donations\/\" \/>\n<meta property=\"og:site_name\" content=\"iod\u00e9\" \/>\n<meta property=\"article:modified_time\" content=\"2024-11-26T11:26:20+00:00\" \/>\n<meta name=\"twitter:card\" content=\"summary_large_image\" \/>\n<meta name=\"twitter:label1\" content=\"Gesch\u00e4tzte Lesezeit\" \/>\n\t<meta name=\"twitter:data1\" content=\"1\u00a0Minute\" \/>\n<script type=\"application\/ld+json\" class=\"yoast-schema-graph\">{\"@context\":\"https:\\\/\\\/schema.org\",\"@graph\":[{\"@type\":\"WebPage\",\"@id\":\"https:\\\/\\\/iode.tech\\\/donations\\\/\",\"url\":\"https:\\\/\\\/iode.tech\\\/donations\\\/\",\"name\":\"Spenden - iod\u00e9\",\"isPartOf\":{\"@id\":\"https:\\\/\\\/iode.tech\\\/fr\\\/#website\"},\"datePublished\":\"2024-07-04T13:00:04+00:00\",\"dateModified\":\"2024-11-26T11:26:20+00:00\",\"description\":\"Finde heraus, wie du unser Projekt unterst\u00fctzen kannst\",\"breadcrumb\":{\"@id\":\"https:\\\/\\\/iode.tech\\\/donations\\\/#breadcrumb\"},\"inLanguage\":\"de\",\"potentialAction\":[{\"@type\":\"ReadAction\",\"target\":[\"https:\\\/\\\/iode.tech\\\/donations\\\/\"]}]},{\"@type\":\"BreadcrumbList\",\"@id\":\"https:\\\/\\\/iode.tech\\\/donations\\\/#breadcrumb\",\"itemListElement\":[{\"@type\":\"ListItem\",\"position\":1,\"name\":\"Accueil\",\"item\":\"https:\\\/\\\/iode.tech\\\/de\\\/\"},{\"@type\":\"ListItem\",\"position\":2,\"name\":\"Spenden\"}]},{\"@type\":\"WebSite\",\"@id\":\"https:\\\/\\\/iode.tech\\\/fr\\\/#website\",\"url\":\"https:\\\/\\\/iode.tech\\\/fr\\\/\",\"name\":\"iod\u00e9\",\"description\":\"Sei smarter als dein Telefon.\",\"publisher\":{\"@id\":\"https:\\\/\\\/iode.tech\\\/fr\\\/#organization\"},\"potentialAction\":[{\"@type\":\"SearchAction\",\"target\":{\"@type\":\"EntryPoint\",\"urlTemplate\":\"https:\\\/\\\/iode.tech\\\/fr\\\/?s={search_term_string}\"},\"query-input\":{\"@type\":\"PropertyValueSpecification\",\"valueRequired\":true,\"valueName\":\"search_term_string\"}}],\"inLanguage\":\"de\"},{\"@type\":\"Organization\",\"@id\":\"https:\\\/\\\/iode.tech\\\/fr\\\/#organization\",\"name\":\"iod\u00e9\",\"url\":\"https:\\\/\\\/iode.tech\\\/fr\\\/\",\"logo\":{\"@type\":\"ImageObject\",\"inLanguage\":\"de\",\"@id\":\"https:\\\/\\\/iode.tech\\\/fr\\\/#\\\/schema\\\/logo\\\/image\\\/\",\"url\":\"https:\\\/\\\/iode.tech\\\/wp-content\\\/uploads\\\/2024\\\/06\\\/logo_iode_white_367x134.png\",\"contentUrl\":\"https:\\\/\\\/iode.tech\\\/wp-content\\\/uploads\\\/2024\\\/06\\\/logo_iode_white_367x134.png\",\"width\":367,\"height\":134,\"caption\":\"iod\u00e9\"},\"image\":{\"@id\":\"https:\\\/\\\/iode.tech\\\/fr\\\/#\\\/schema\\\/logo\\\/image\\\/\"}}]}<\/script>\n<!-- \/ Yoast SEO plugin. -->","yoast_head_json":{"title":"Spenden - iod\u00e9","description":"Finde heraus, wie du unser Projekt unterst\u00fctzen kannst","robots":{"index":"index","follow":"follow","max-snippet":"max-snippet:-1","max-image-preview":"max-image-preview:large","max-video-preview":"max-video-preview:-1"},"canonical":"https:\/\/iode.tech\/donations\/","og_locale":"de_DE","og_type":"article","og_title":"Spenden - iod\u00e9","og_description":"Finde heraus, wie du unser Projekt unterst\u00fctzen kannst","og_url":"https:\/\/iode.tech\/donations\/","og_site_name":"iod\u00e9","article_modified_time":"2024-11-26T11:26:20+00:00","twitter_card":"summary_large_image","twitter_misc":{"Gesch\u00e4tzte Lesezeit":"1\u00a0Minute"},"schema":{"@context":"https:\/\/schema.org","@graph":[{"@type":"WebPage","@id":"https:\/\/iode.tech\/donations\/","url":"https:\/\/iode.tech\/donations\/","name":"Spenden - iod\u00e9","isPartOf":{"@id":"https:\/\/iode.tech\/fr\/#website"},"datePublished":"2024-07-04T13:00:04+00:00","dateModified":"2024-11-26T11:26:20+00:00","description":"Finde heraus, wie du unser Projekt unterst\u00fctzen kannst","breadcrumb":{"@id":"https:\/\/iode.tech\/donations\/#breadcrumb"},"inLanguage":"de","potentialAction":[{"@type":"ReadAction","target":["https:\/\/iode.tech\/donations\/"]}]},{"@type":"BreadcrumbList","@id":"https:\/\/iode.tech\/donations\/#breadcrumb","itemListElement":[{"@type":"ListItem","position":1,"name":"Accueil","item":"https:\/\/iode.tech\/de\/"},{"@type":"ListItem","position":2,"name":"Spenden"}]},{"@type":"WebSite","@id":"https:\/\/iode.tech\/fr\/#website","url":"https:\/\/iode.tech\/fr\/","name":"iod\u00e9","description":"Sei smarter als dein Telefon.","publisher":{"@id":"https:\/\/iode.tech\/fr\/#organization"},"potentialAction":[{"@type":"SearchAction","target":{"@type":"EntryPoint","urlTemplate":"https:\/\/iode.tech\/fr\/?s={search_term_string}"},"query-input":{"@type":"PropertyValueSpecification","valueRequired":true,"valueName":"search_term_string"}}],"inLanguage":"de"},{"@type":"Organization","@id":"https:\/\/iode.tech\/fr\/#organization","name":"iod\u00e9","url":"https:\/\/iode.tech\/fr\/","logo":{"@type":"ImageObject","inLanguage":"de","@id":"https:\/\/iode.tech\/fr\/#\/schema\/logo\/image\/","url":"https:\/\/iode.tech\/wp-content\/uploads\/2024\/06\/logo_iode_white_367x134.png","contentUrl":"https:\/\/iode.tech\/wp-content\/uploads\/2024\/06\/logo_iode_white_367x134.png","width":367,"height":134,"caption":"iod\u00e9"},"image":{"@id":"https:\/\/iode.tech\/fr\/#\/schema\/logo\/image\/"}}]}},"_links":{"self":[{"href":"https:\/\/iode.tech\/de\/wp-json\/wp\/v2\/pages\/645","targetHints":{"allow":["GET"]}}],"collection":[{"href":"https:\/\/iode.tech\/de\/wp-json\/wp\/v2\/pages"}],"about":[{"href":"https:\/\/iode.tech\/de\/wp-json\/wp\/v2\/types\/page"}],"author":[{"embeddable":true,"href":"https:\/\/iode.tech\/de\/wp-json\/wp\/v2\/users\/2"}],"replies":[{"embeddable":true,"href":"https:\/\/iode.tech\/de\/wp-json\/wp\/v2\/comments?post=645"}],"version-history":[{"count":6,"href":"https:\/\/iode.tech\/de\/wp-json\/wp\/v2\/pages\/645\/revisions"}],"predecessor-version":[{"id":35352,"href":"https:\/\/iode.tech\/de\/wp-json\/wp\/v2\/pages\/645\/revisions\/35352"}],"wp:attachment":[{"href":"https:\/\/iode.tech\/de\/wp-json\/wp\/v2\/media?parent=645"}],"curies":[{"name":"wp","href":"https:\/\/api.w.org\/{rel}","templated":true}]}}