{"id":632,"date":"2024-07-04T14:32:32","date_gmt":"2024-07-04T12:32:32","guid":{"rendered":"https:\/\/dev.iode.tech\/installation\/"},"modified":"2026-01-21T18:15:44","modified_gmt":"2026-01-21T17:15:44","slug":"installation","status":"publish","type":"page","link":"https:\/\/iode.tech\/de\/installation\/","title":{"rendered":"Installation"},"content":{"rendered":"\n<h2 class=\"wp-block-heading\">Automatisch (\u00fcber unser Installationsprogramm)<\/h2>\n\n\n\n<figure class=\"wp-block-video\"><video height=\"1080\" style=\"aspect-ratio: 1920 \/ 1080;\" width=\"1920\" controls src=\"https:\/\/iode.tech\/wp-content\/uploads\/2025\/01\/iodeOS-installer-2.mp4\"><\/video><\/figure>\n\n\n\n<p><\/p>\n\n\n\n<p>iod\u00e9OS ist mit wenigen Klicks installierbar! Der Installer ist f\u00fcr die meisten unserer hier aufgef\u00fchrten <a href=\"https:\/\/iode.tech\/de\/offiziell-von-iodeos-unterstutzte-gerate\/\">mehr als 60<\/a> <a href=\"https:\/\/iode.tech\/de\/offiziell-von-iodeos-unterstutzte-gerate\/\">offiziellen Ger\u00e4te<\/a> verf\u00fcgbar.<\/p>\n\n\n\n<div class=\"wp-block-columns is-layout-flex wp-container-core-columns-is-layout-9d6595d7 wp-block-columns-is-layout-flex\">\n<div class=\"wp-block-column is-vertically-aligned-center is-layout-flow wp-block-column-is-layout-flow\">\n<a class=\"gb-button gb-button-b0b24184 gb-button-text\" href=\"https:\/\/gitlab.iode.tech\/ota\/ota\/-\/blob\/master\/installer\/iodeOS-installer-v0.3.0-windows.zip?ref_type=heads\">Installationsprogramm f\u00fcr Windows herunterladen<\/a>\n<\/div>\n\n\n\n<div class=\"wp-block-column is-layout-flow wp-block-column-is-layout-flow\">\n<a class=\"gb-button gb-button-e7c02d5e gb-button-text\" href=\"https:\/\/gitlab.iode.tech\/ota\/ota\/-\/blob\/master\/installer\/iodeOS-installer-v0.3.0-linux.tgz?ref_type=heads\">Installationsprogramm f\u00fcr Linux herunterladen<\/a>\n<\/div>\n<\/div>\n\n\n\n<div style=\"height:100px\" aria-hidden=\"true\" class=\"wp-block-spacer\"><\/div>\n\n\n\n<h2 class=\"wp-block-heading\">Manuell (\u00fcber die Entwicklungswerkzeuge der Android-Plattform)<\/h2>\n\n\n\n<p>Wenn du iod\u00e9OS manuell installieren m\u00f6chtest, findest du hier eine <a href=\"https:\/\/gitlab.iode.tech\/ota\/ota\">alternative M\u00f6glichkeit zur Installation<\/a> von iod\u00e9OS.<\/p>\n\n\n\n<p><\/p>\n\n\n\n<p><strong>Bitte beachten: Die eigenst\u00e4ndige Installation von iod\u00e9OS (automatisch oder manuell) ist nicht ohne Risiko und iod\u00e9 kann nicht f\u00fcr Sch\u00e4den verantwortlich gemacht werden, die durch die Installation entstehen.<\/strong><\/p>\n\n\n\n<p><\/p>\n\n\n\n<p><em>iod\u00e9 ist ein Open-Source-Gemeinschaftsprojekt, das auf deine Beitr\u00e4ge angewiesen ist!<\/em><\/p>\n\n\n\n<ul class=\"wp-block-list\">\n<li><a href=\"https:\/\/gitlab.iode.tech\/ota\/ota\/-\/tree\/master\/beta?ref_type=heads\"><em>Beta-Tester werden<\/em><\/a><\/li>\n\n\n\n<li><em><a href=\"https:\/\/iode.tech\/de\/spenden\/\">an das Projekt spenden<\/a><\/em><\/li>\n\n\n\n<li><em><a href=\"https:\/\/gitlab.com\/iode\/os\/public\/manifests\/android\/-\/blob\/v3-staging\/README.md\">iod\u00e9OS f\u00fcr ein nicht unterst\u00fctztes Ger\u00e4t entwickeln<\/a><\/em><\/li>\n<\/ul>\n","protected":false},"excerpt":{"rendered":"<p>Automatisch (\u00fcber unser Installationsprogramm) iod\u00e9OS ist mit wenigen Klicks installierbar! Der Installer ist f\u00fcr die meisten unserer hier aufgef\u00fchrten mehr als 60 offiziellen Ger\u00e4te verf\u00fcgbar. Manuell (\u00fcber die Entwicklungswerkzeuge der Android-Plattform) Wenn du iod\u00e9OS manuell installieren m\u00f6chtest, findest du hier eine alternative M\u00f6glichkeit zur Installation von iod\u00e9OS. Bitte beachten: Die eigenst\u00e4ndige Installation von iod\u00e9OS (automatisch &#8230; <a title=\"Installation\" class=\"read-more\" href=\"https:\/\/iode.tech\/de\/installation\/\" aria-label=\"Mehr Informationen \u00fcber Installation\">Weiterlesen &#8230;<\/a><\/p>\n","protected":false},"author":2,"featured_media":0,"parent":0,"menu_order":0,"comment_status":"closed","ping_status":"closed","template":"","meta":{"footnotes":""},"class_list":["post-632","page","type-page","status-publish"],"yoast_head":"<!-- This site is optimized with the Yoast SEO plugin v27.4 - https:\/\/yoast.com\/product\/yoast-seo-wordpress\/ -->\n<title>Installation - iod\u00e9<\/title>\n<meta name=\"robots\" content=\"index, follow, max-snippet:-1, max-image-preview:large, max-video-preview:-1\" \/>\n<link rel=\"canonical\" href=\"https:\/\/iode.tech\/de\/installation\/\" \/>\n<meta property=\"og:locale\" content=\"de_DE\" \/>\n<meta property=\"og:type\" content=\"article\" \/>\n<meta property=\"og:title\" content=\"Installation - iod\u00e9\" \/>\n<meta property=\"og:description\" content=\"Automatisch (\u00fcber unser Installationsprogramm) iod\u00e9OS ist mit wenigen Klicks installierbar! Der Installer ist f\u00fcr die meisten unserer hier aufgef\u00fchrten mehr als 60 offiziellen Ger\u00e4te verf\u00fcgbar. Manuell (\u00fcber die Entwicklungswerkzeuge der Android-Plattform) Wenn du iod\u00e9OS manuell installieren m\u00f6chtest, findest du hier eine alternative M\u00f6glichkeit zur Installation von iod\u00e9OS. Bitte beachten: Die eigenst\u00e4ndige Installation von iod\u00e9OS (automatisch ... Weiterlesen ...\" \/>\n<meta property=\"og:url\" content=\"https:\/\/iode.tech\/de\/installation\/\" \/>\n<meta property=\"og:site_name\" content=\"iod\u00e9\" \/>\n<meta property=\"article:modified_time\" content=\"2026-01-21T17:15:44+00:00\" \/>\n<meta name=\"twitter:card\" content=\"summary_large_image\" \/>\n<meta name=\"twitter:label1\" content=\"Gesch\u00e4tzte Lesezeit\" \/>\n\t<meta name=\"twitter:data1\" content=\"1\u00a0Minute\" \/>\n<script type=\"application\/ld+json\" class=\"yoast-schema-graph\">{\"@context\":\"https:\\\/\\\/schema.org\",\"@graph\":[{\"@type\":\"WebPage\",\"@id\":\"https:\\\/\\\/iode.tech\\\/de\\\/installation\\\/\",\"url\":\"https:\\\/\\\/iode.tech\\\/de\\\/installation\\\/\",\"name\":\"Installation - iod\u00e9\",\"isPartOf\":{\"@id\":\"https:\\\/\\\/iode.tech\\\/fr\\\/#website\"},\"datePublished\":\"2024-07-04T12:32:32+00:00\",\"dateModified\":\"2026-01-21T17:15:44+00:00\",\"breadcrumb\":{\"@id\":\"https:\\\/\\\/iode.tech\\\/de\\\/installation\\\/#breadcrumb\"},\"inLanguage\":\"de\",\"potentialAction\":[{\"@type\":\"ReadAction\",\"target\":[\"https:\\\/\\\/iode.tech\\\/de\\\/installation\\\/\"]}]},{\"@type\":\"BreadcrumbList\",\"@id\":\"https:\\\/\\\/iode.tech\\\/de\\\/installation\\\/#breadcrumb\",\"itemListElement\":[{\"@type\":\"ListItem\",\"position\":1,\"name\":\"Accueil\",\"item\":\"https:\\\/\\\/iode.tech\\\/de\\\/\"},{\"@type\":\"ListItem\",\"position\":2,\"name\":\"Installation\"}]},{\"@type\":\"WebSite\",\"@id\":\"https:\\\/\\\/iode.tech\\\/fr\\\/#website\",\"url\":\"https:\\\/\\\/iode.tech\\\/fr\\\/\",\"name\":\"iod\u00e9\",\"description\":\"Sei smarter als dein Telefon.\",\"publisher\":{\"@id\":\"https:\\\/\\\/iode.tech\\\/fr\\\/#organization\"},\"potentialAction\":[{\"@type\":\"SearchAction\",\"target\":{\"@type\":\"EntryPoint\",\"urlTemplate\":\"https:\\\/\\\/iode.tech\\\/fr\\\/?s={search_term_string}\"},\"query-input\":{\"@type\":\"PropertyValueSpecification\",\"valueRequired\":true,\"valueName\":\"search_term_string\"}}],\"inLanguage\":\"de\"},{\"@type\":\"Organization\",\"@id\":\"https:\\\/\\\/iode.tech\\\/fr\\\/#organization\",\"name\":\"iod\u00e9\",\"url\":\"https:\\\/\\\/iode.tech\\\/fr\\\/\",\"logo\":{\"@type\":\"ImageObject\",\"inLanguage\":\"de\",\"@id\":\"https:\\\/\\\/iode.tech\\\/fr\\\/#\\\/schema\\\/logo\\\/image\\\/\",\"url\":\"https:\\\/\\\/iode.tech\\\/wp-content\\\/uploads\\\/2024\\\/06\\\/logo_iode_white_367x134.png\",\"contentUrl\":\"https:\\\/\\\/iode.tech\\\/wp-content\\\/uploads\\\/2024\\\/06\\\/logo_iode_white_367x134.png\",\"width\":367,\"height\":134,\"caption\":\"iod\u00e9\"},\"image\":{\"@id\":\"https:\\\/\\\/iode.tech\\\/fr\\\/#\\\/schema\\\/logo\\\/image\\\/\"}}]}<\/script>\n<!-- \/ Yoast SEO plugin. -->","yoast_head_json":{"title":"Installation - iod\u00e9","robots":{"index":"index","follow":"follow","max-snippet":"max-snippet:-1","max-image-preview":"max-image-preview:large","max-video-preview":"max-video-preview:-1"},"canonical":"https:\/\/iode.tech\/de\/installation\/","og_locale":"de_DE","og_type":"article","og_title":"Installation - iod\u00e9","og_description":"Automatisch (\u00fcber unser Installationsprogramm) iod\u00e9OS ist mit wenigen Klicks installierbar! Der Installer ist f\u00fcr die meisten unserer hier aufgef\u00fchrten mehr als 60 offiziellen Ger\u00e4te verf\u00fcgbar. Manuell (\u00fcber die Entwicklungswerkzeuge der Android-Plattform) Wenn du iod\u00e9OS manuell installieren m\u00f6chtest, findest du hier eine alternative M\u00f6glichkeit zur Installation von iod\u00e9OS. Bitte beachten: Die eigenst\u00e4ndige Installation von iod\u00e9OS (automatisch ... Weiterlesen ...","og_url":"https:\/\/iode.tech\/de\/installation\/","og_site_name":"iod\u00e9","article_modified_time":"2026-01-21T17:15:44+00:00","twitter_card":"summary_large_image","twitter_misc":{"Gesch\u00e4tzte Lesezeit":"1\u00a0Minute"},"schema":{"@context":"https:\/\/schema.org","@graph":[{"@type":"WebPage","@id":"https:\/\/iode.tech\/de\/installation\/","url":"https:\/\/iode.tech\/de\/installation\/","name":"Installation - iod\u00e9","isPartOf":{"@id":"https:\/\/iode.tech\/fr\/#website"},"datePublished":"2024-07-04T12:32:32+00:00","dateModified":"2026-01-21T17:15:44+00:00","breadcrumb":{"@id":"https:\/\/iode.tech\/de\/installation\/#breadcrumb"},"inLanguage":"de","potentialAction":[{"@type":"ReadAction","target":["https:\/\/iode.tech\/de\/installation\/"]}]},{"@type":"BreadcrumbList","@id":"https:\/\/iode.tech\/de\/installation\/#breadcrumb","itemListElement":[{"@type":"ListItem","position":1,"name":"Accueil","item":"https:\/\/iode.tech\/de\/"},{"@type":"ListItem","position":2,"name":"Installation"}]},{"@type":"WebSite","@id":"https:\/\/iode.tech\/fr\/#website","url":"https:\/\/iode.tech\/fr\/","name":"iod\u00e9","description":"Sei smarter als dein Telefon.","publisher":{"@id":"https:\/\/iode.tech\/fr\/#organization"},"potentialAction":[{"@type":"SearchAction","target":{"@type":"EntryPoint","urlTemplate":"https:\/\/iode.tech\/fr\/?s={search_term_string}"},"query-input":{"@type":"PropertyValueSpecification","valueRequired":true,"valueName":"search_term_string"}}],"inLanguage":"de"},{"@type":"Organization","@id":"https:\/\/iode.tech\/fr\/#organization","name":"iod\u00e9","url":"https:\/\/iode.tech\/fr\/","logo":{"@type":"ImageObject","inLanguage":"de","@id":"https:\/\/iode.tech\/fr\/#\/schema\/logo\/image\/","url":"https:\/\/iode.tech\/wp-content\/uploads\/2024\/06\/logo_iode_white_367x134.png","contentUrl":"https:\/\/iode.tech\/wp-content\/uploads\/2024\/06\/logo_iode_white_367x134.png","width":367,"height":134,"caption":"iod\u00e9"},"image":{"@id":"https:\/\/iode.tech\/fr\/#\/schema\/logo\/image\/"}}]}},"_links":{"self":[{"href":"https:\/\/iode.tech\/de\/wp-json\/wp\/v2\/pages\/632","targetHints":{"allow":["GET"]}}],"collection":[{"href":"https:\/\/iode.tech\/de\/wp-json\/wp\/v2\/pages"}],"about":[{"href":"https:\/\/iode.tech\/de\/wp-json\/wp\/v2\/types\/page"}],"author":[{"embeddable":true,"href":"https:\/\/iode.tech\/de\/wp-json\/wp\/v2\/users\/2"}],"replies":[{"embeddable":true,"href":"https:\/\/iode.tech\/de\/wp-json\/wp\/v2\/comments?post=632"}],"version-history":[{"count":10,"href":"https:\/\/iode.tech\/de\/wp-json\/wp\/v2\/pages\/632\/revisions"}],"predecessor-version":[{"id":56603,"href":"https:\/\/iode.tech\/de\/wp-json\/wp\/v2\/pages\/632\/revisions\/56603"}],"wp:attachment":[{"href":"https:\/\/iode.tech\/de\/wp-json\/wp\/v2\/media?parent=632"}],"curies":[{"name":"wp","href":"https:\/\/api.w.org\/{rel}","templated":true}]}}