{"id":573,"date":"2024-07-04T09:23:24","date_gmt":"2024-07-04T07:23:24","guid":{"rendered":"https:\/\/dev.iode.tech\/offres-demploi\/"},"modified":"2025-03-13T14:23:08","modified_gmt":"2025-03-13T13:23:08","slug":"jobs","status":"publish","type":"page","link":"https:\/\/iode.tech\/de\/jobs\/","title":{"rendered":"Jobs"},"content":{"rendered":"\n<div class=\"wp-block-media-text has-media-on-the-right is-stacked-on-mobile\" style=\"grid-template-columns:auto 40%\"><div class=\"wp-block-media-text__content\">\n<h3 class=\"wp-block-heading\">Komm zu iod\u00e9<\/h3>\n\n\n\n<p>F\u00fcr diejenigen, die sich der Herausforderung stellen, ist die Arbeit bei iod\u00e9 eine Chance, zum Aufbau einer besseren Welt beizutragen, in einem Unternehmen, das sich verpflichtet hat, den Menschen vor den Profit zu stellen.<\/p>\n<\/div><figure class=\"wp-block-media-text__media\"><img loading=\"lazy\" decoding=\"async\" width=\"1024\" height=\"608\" src=\"https:\/\/iode.tech\/wp-content\/uploads\/2025\/02\/undraw_hello_ccwj-1024x608.png\" alt=\"\" class=\"wp-image-35777 size-full\" srcset=\"https:\/\/iode.tech\/wp-content\/uploads\/2025\/02\/undraw_hello_ccwj-1024x608.png 1024w, https:\/\/iode.tech\/wp-content\/uploads\/2025\/02\/undraw_hello_ccwj-300x178.png 300w, https:\/\/iode.tech\/wp-content\/uploads\/2025\/02\/undraw_hello_ccwj-768x456.png 768w, https:\/\/iode.tech\/wp-content\/uploads\/2025\/02\/undraw_hello_ccwj-1536x911.png 1536w, https:\/\/iode.tech\/wp-content\/uploads\/2025\/02\/undraw_hello_ccwj.png 1761w\" sizes=\"auto, (max-width: 1024px) 100vw, 1024px\" \/><\/figure><\/div>\n\n\n<div class=\"gb-container gb-container-89383bc6\">\n\n<div class=\"wp-block-columns is-layout-flex wp-container-core-columns-is-layout-9d6595d7 wp-block-columns-is-layout-flex\">\n<div class=\"wp-block-column is-layout-flow wp-block-column-is-layout-flow\">\n<div style=\"height:100px\" aria-hidden=\"true\" class=\"wp-block-spacer\"><\/div>\n\n\n\n<div class=\"wp-block-columns is-layout-flex wp-container-core-columns-is-layout-9d6595d7 wp-block-columns-is-layout-flex\">\n<div class=\"wp-block-column is-layout-flow wp-block-column-is-layout-flow\" style=\"flex-basis:50%\">\n<div class=\"wp-block-group is-content-justification-center is-nowrap is-layout-flex wp-container-core-group-is-layout-94bc23d7 wp-block-group-is-layout-flex\">\n<a class=\"gb-button gb-button-8f045cfb gb-button-text\" href=\"mailto:jobs@iode.tech\">Mitmachen<\/a>\n<\/div>\n<\/div>\n\n\n\n<div class=\"wp-block-column is-layout-flow wp-block-column-is-layout-flow\" style=\"flex-basis:50%\">\n<div class=\"wp-block-group is-content-justification-center is-nowrap is-layout-flex wp-container-core-group-is-layout-94bc23d7 wp-block-group-is-layout-flex\">\n<a class=\"gb-button gb-button-6e213dfd gb-button-text\" href=\"https:\/\/www.linkedin.com\/company\/iod%C3%A9-tech\/\">Kontaktiere uns auf Linkedin<\/a>\n<\/div>\n<\/div>\n<\/div>\n<\/div>\n<\/div>\n\n<\/div>","protected":false},"excerpt":{"rendered":"<p>Komm zu iod\u00e9 F\u00fcr diejenigen, die sich der Herausforderung stellen, ist die Arbeit bei iod\u00e9 eine Chance, zum Aufbau einer besseren Welt beizutragen, in einem Unternehmen, das sich verpflichtet hat, den Menschen vor den Profit zu stellen.<\/p>\n","protected":false},"author":2,"featured_media":0,"parent":0,"menu_order":0,"comment_status":"closed","ping_status":"closed","template":"","meta":{"footnotes":""},"class_list":["post-573","page","type-page","status-publish"],"yoast_head":"<!-- This site is optimized with the Yoast SEO plugin v27.3 - https:\/\/yoast.com\/product\/yoast-seo-wordpress\/ -->\n<title>Jobs - iod\u00e9<\/title>\n<meta name=\"robots\" content=\"index, follow, max-snippet:-1, max-image-preview:large, max-video-preview:-1\" \/>\n<link rel=\"canonical\" href=\"https:\/\/iode.tech\/de\/jobs\/\" \/>\n<meta property=\"og:locale\" content=\"de_DE\" \/>\n<meta property=\"og:type\" content=\"article\" \/>\n<meta property=\"og:title\" content=\"Jobs - iod\u00e9\" \/>\n<meta property=\"og:description\" content=\"Komm zu iod\u00e9 F\u00fcr diejenigen, die sich der Herausforderung stellen, ist die Arbeit bei iod\u00e9 eine Chance, zum Aufbau einer besseren Welt beizutragen, in einem Unternehmen, das sich verpflichtet hat, den Menschen vor den Profit zu stellen.\" \/>\n<meta property=\"og:url\" content=\"https:\/\/iode.tech\/de\/jobs\/\" \/>\n<meta property=\"og:site_name\" content=\"iod\u00e9\" \/>\n<meta property=\"article:modified_time\" content=\"2025-03-13T13:23:08+00:00\" \/>\n<meta property=\"og:image\" content=\"https:\/\/iode.tech\/wp-content\/uploads\/2025\/02\/undraw_hello_ccwj.png\" \/>\n\t<meta property=\"og:image:width\" content=\"1761\" \/>\n\t<meta property=\"og:image:height\" content=\"1045\" \/>\n\t<meta property=\"og:image:type\" content=\"image\/png\" \/>\n<meta name=\"twitter:card\" content=\"summary_large_image\" \/>\n<meta name=\"twitter:label1\" content=\"Gesch\u00e4tzte Lesezeit\" \/>\n\t<meta name=\"twitter:data1\" content=\"1\u00a0Minute\" \/>\n<script type=\"application\/ld+json\" class=\"yoast-schema-graph\">{\"@context\":\"https:\\\/\\\/schema.org\",\"@graph\":[{\"@type\":\"WebPage\",\"@id\":\"https:\\\/\\\/iode.tech\\\/de\\\/jobs\\\/\",\"url\":\"https:\\\/\\\/iode.tech\\\/de\\\/jobs\\\/\",\"name\":\"Jobs - iod\u00e9\",\"isPartOf\":{\"@id\":\"https:\\\/\\\/iode.tech\\\/fr\\\/#website\"},\"primaryImageOfPage\":{\"@id\":\"https:\\\/\\\/iode.tech\\\/de\\\/jobs\\\/#primaryimage\"},\"image\":{\"@id\":\"https:\\\/\\\/iode.tech\\\/de\\\/jobs\\\/#primaryimage\"},\"thumbnailUrl\":\"https:\\\/\\\/iode.tech\\\/wp-content\\\/uploads\\\/2025\\\/02\\\/undraw_hello_ccwj-1024x608.png\",\"datePublished\":\"2024-07-04T07:23:24+00:00\",\"dateModified\":\"2025-03-13T13:23:08+00:00\",\"breadcrumb\":{\"@id\":\"https:\\\/\\\/iode.tech\\\/de\\\/jobs\\\/#breadcrumb\"},\"inLanguage\":\"de\",\"potentialAction\":[{\"@type\":\"ReadAction\",\"target\":[\"https:\\\/\\\/iode.tech\\\/de\\\/jobs\\\/\"]}]},{\"@type\":\"ImageObject\",\"inLanguage\":\"de\",\"@id\":\"https:\\\/\\\/iode.tech\\\/de\\\/jobs\\\/#primaryimage\",\"url\":\"https:\\\/\\\/iode.tech\\\/wp-content\\\/uploads\\\/2025\\\/02\\\/undraw_hello_ccwj-1024x608.png\",\"contentUrl\":\"https:\\\/\\\/iode.tech\\\/wp-content\\\/uploads\\\/2025\\\/02\\\/undraw_hello_ccwj-1024x608.png\"},{\"@type\":\"BreadcrumbList\",\"@id\":\"https:\\\/\\\/iode.tech\\\/de\\\/jobs\\\/#breadcrumb\",\"itemListElement\":[{\"@type\":\"ListItem\",\"position\":1,\"name\":\"Accueil\",\"item\":\"https:\\\/\\\/iode.tech\\\/de\\\/\"},{\"@type\":\"ListItem\",\"position\":2,\"name\":\"Jobs\"}]},{\"@type\":\"WebSite\",\"@id\":\"https:\\\/\\\/iode.tech\\\/fr\\\/#website\",\"url\":\"https:\\\/\\\/iode.tech\\\/fr\\\/\",\"name\":\"iod\u00e9\",\"description\":\"Sei smarter als dein Telefon.\",\"publisher\":{\"@id\":\"https:\\\/\\\/iode.tech\\\/fr\\\/#organization\"},\"potentialAction\":[{\"@type\":\"SearchAction\",\"target\":{\"@type\":\"EntryPoint\",\"urlTemplate\":\"https:\\\/\\\/iode.tech\\\/fr\\\/?s={search_term_string}\"},\"query-input\":{\"@type\":\"PropertyValueSpecification\",\"valueRequired\":true,\"valueName\":\"search_term_string\"}}],\"inLanguage\":\"de\"},{\"@type\":\"Organization\",\"@id\":\"https:\\\/\\\/iode.tech\\\/fr\\\/#organization\",\"name\":\"iod\u00e9\",\"url\":\"https:\\\/\\\/iode.tech\\\/fr\\\/\",\"logo\":{\"@type\":\"ImageObject\",\"inLanguage\":\"de\",\"@id\":\"https:\\\/\\\/iode.tech\\\/fr\\\/#\\\/schema\\\/logo\\\/image\\\/\",\"url\":\"https:\\\/\\\/iode.tech\\\/wp-content\\\/uploads\\\/2024\\\/06\\\/logo_iode_white_367x134.png\",\"contentUrl\":\"https:\\\/\\\/iode.tech\\\/wp-content\\\/uploads\\\/2024\\\/06\\\/logo_iode_white_367x134.png\",\"width\":367,\"height\":134,\"caption\":\"iod\u00e9\"},\"image\":{\"@id\":\"https:\\\/\\\/iode.tech\\\/fr\\\/#\\\/schema\\\/logo\\\/image\\\/\"}}]}<\/script>\n<!-- \/ Yoast SEO plugin. -->","yoast_head_json":{"title":"Jobs - iod\u00e9","robots":{"index":"index","follow":"follow","max-snippet":"max-snippet:-1","max-image-preview":"max-image-preview:large","max-video-preview":"max-video-preview:-1"},"canonical":"https:\/\/iode.tech\/de\/jobs\/","og_locale":"de_DE","og_type":"article","og_title":"Jobs - iod\u00e9","og_description":"Komm zu iod\u00e9 F\u00fcr diejenigen, die sich der Herausforderung stellen, ist die Arbeit bei iod\u00e9 eine Chance, zum Aufbau einer besseren Welt beizutragen, in einem Unternehmen, das sich verpflichtet hat, den Menschen vor den Profit zu stellen.","og_url":"https:\/\/iode.tech\/de\/jobs\/","og_site_name":"iod\u00e9","article_modified_time":"2025-03-13T13:23:08+00:00","og_image":[{"width":1761,"height":1045,"url":"https:\/\/iode.tech\/wp-content\/uploads\/2025\/02\/undraw_hello_ccwj.png","type":"image\/png"}],"twitter_card":"summary_large_image","twitter_misc":{"Gesch\u00e4tzte Lesezeit":"1\u00a0Minute"},"schema":{"@context":"https:\/\/schema.org","@graph":[{"@type":"WebPage","@id":"https:\/\/iode.tech\/de\/jobs\/","url":"https:\/\/iode.tech\/de\/jobs\/","name":"Jobs - iod\u00e9","isPartOf":{"@id":"https:\/\/iode.tech\/fr\/#website"},"primaryImageOfPage":{"@id":"https:\/\/iode.tech\/de\/jobs\/#primaryimage"},"image":{"@id":"https:\/\/iode.tech\/de\/jobs\/#primaryimage"},"thumbnailUrl":"https:\/\/iode.tech\/wp-content\/uploads\/2025\/02\/undraw_hello_ccwj-1024x608.png","datePublished":"2024-07-04T07:23:24+00:00","dateModified":"2025-03-13T13:23:08+00:00","breadcrumb":{"@id":"https:\/\/iode.tech\/de\/jobs\/#breadcrumb"},"inLanguage":"de","potentialAction":[{"@type":"ReadAction","target":["https:\/\/iode.tech\/de\/jobs\/"]}]},{"@type":"ImageObject","inLanguage":"de","@id":"https:\/\/iode.tech\/de\/jobs\/#primaryimage","url":"https:\/\/iode.tech\/wp-content\/uploads\/2025\/02\/undraw_hello_ccwj-1024x608.png","contentUrl":"https:\/\/iode.tech\/wp-content\/uploads\/2025\/02\/undraw_hello_ccwj-1024x608.png"},{"@type":"BreadcrumbList","@id":"https:\/\/iode.tech\/de\/jobs\/#breadcrumb","itemListElement":[{"@type":"ListItem","position":1,"name":"Accueil","item":"https:\/\/iode.tech\/de\/"},{"@type":"ListItem","position":2,"name":"Jobs"}]},{"@type":"WebSite","@id":"https:\/\/iode.tech\/fr\/#website","url":"https:\/\/iode.tech\/fr\/","name":"iod\u00e9","description":"Sei smarter als dein Telefon.","publisher":{"@id":"https:\/\/iode.tech\/fr\/#organization"},"potentialAction":[{"@type":"SearchAction","target":{"@type":"EntryPoint","urlTemplate":"https:\/\/iode.tech\/fr\/?s={search_term_string}"},"query-input":{"@type":"PropertyValueSpecification","valueRequired":true,"valueName":"search_term_string"}}],"inLanguage":"de"},{"@type":"Organization","@id":"https:\/\/iode.tech\/fr\/#organization","name":"iod\u00e9","url":"https:\/\/iode.tech\/fr\/","logo":{"@type":"ImageObject","inLanguage":"de","@id":"https:\/\/iode.tech\/fr\/#\/schema\/logo\/image\/","url":"https:\/\/iode.tech\/wp-content\/uploads\/2024\/06\/logo_iode_white_367x134.png","contentUrl":"https:\/\/iode.tech\/wp-content\/uploads\/2024\/06\/logo_iode_white_367x134.png","width":367,"height":134,"caption":"iod\u00e9"},"image":{"@id":"https:\/\/iode.tech\/fr\/#\/schema\/logo\/image\/"}}]}},"_links":{"self":[{"href":"https:\/\/iode.tech\/de\/wp-json\/wp\/v2\/pages\/573","targetHints":{"allow":["GET"]}}],"collection":[{"href":"https:\/\/iode.tech\/de\/wp-json\/wp\/v2\/pages"}],"about":[{"href":"https:\/\/iode.tech\/de\/wp-json\/wp\/v2\/types\/page"}],"author":[{"embeddable":true,"href":"https:\/\/iode.tech\/de\/wp-json\/wp\/v2\/users\/2"}],"replies":[{"embeddable":true,"href":"https:\/\/iode.tech\/de\/wp-json\/wp\/v2\/comments?post=573"}],"version-history":[{"count":2,"href":"https:\/\/iode.tech\/de\/wp-json\/wp\/v2\/pages\/573\/revisions"}],"predecessor-version":[{"id":36337,"href":"https:\/\/iode.tech\/de\/wp-json\/wp\/v2\/pages\/573\/revisions\/36337"}],"wp:attachment":[{"href":"https:\/\/iode.tech\/de\/wp-json\/wp\/v2\/media?parent=573"}],"curies":[{"name":"wp","href":"https:\/\/api.w.org\/{rel}","templated":true}]}}