{"id":56647,"date":"2026-03-07T14:44:19","date_gmt":"2026-03-07T13:44:19","guid":{"rendered":"https:\/\/iode.tech\/beta\/"},"modified":"2026-04-08T20:35:45","modified_gmt":"2026-04-08T18:35:45","slug":"beta","status":"publish","type":"page","link":"https:\/\/iode.tech\/de\/beta\/","title":{"rendered":"iod\u00e9OS Beta"},"content":{"rendered":"\n<h2 class=\"wp-block-heading\">Willkommen, Beta-Tester!<\/h2>\n\n\n\n<p>Vielen Dank, dass du hilfst, iod\u00e9OS zu verbessern! Vor jedem offiziellen Release testet unser Team neue Versionen, um sicherzustellen, dass alles reibungslos funktioniert. Dein Feedback als Beta-Tester ist unsch\u00e4tzbar wertvoll, um iod\u00e9OS f\u00fcr alle besser zu machen.<\/p>\n\n\n<div class=\"wp-block-image\">\n<figure class=\"alignright size-full\"><img loading=\"lazy\" decoding=\"async\" width=\"461\" height=\"1024\" src=\"https:\/\/iode.tech\/wp-content\/uploads\/2026\/04\/image.png\" alt=\"\" class=\"wp-image-56696\" srcset=\"https:\/\/iode.tech\/wp-content\/uploads\/2026\/04\/image.png 461w, https:\/\/iode.tech\/wp-content\/uploads\/2026\/04\/image-135x300.png 135w\" sizes=\"auto, (max-width: 461px) 100vw, 461px\" \/><\/figure>\n<\/div>\n\n\n<ol class=\"wp-block-list\">\n<li>\u00d6ffne die Updater-App auf deinem Ger\u00e4t. <\/li>\n\n\n\n<li>Gehe zu den Einstellungen. <\/li>\n\n\n\n<li><strong>Aktiviere den Schalter \u201eBeta-Versionen anzeigen\u201c.<\/strong> <\/li>\n\n\n\n<li>Fertig! Beta-Updates werden nun neben den stabilen Versionen angezeigt.<\/li>\n<\/ol>\n\n\n\n<h2 class=\"wp-block-heading\">Wie du einen vorherigen Updater deinstallierst<\/h2>\n\n\n\n<p>Falls du Probleme bei der Installation eines neuen Updaters hast, musst du m\u00f6glicherweise die vorherige Version zuerst deinstallieren:<\/p>\n\n\n\n<ol class=\"wp-block-list\">\n<li>\u00d6ffne die <strong>App-Informationen<\/strong>, indem du das Updater-Symbol lange dr\u00fcckst.<\/li>\n\n\n\n<li>Tippe auf das Drei-Punkte-Men\u00fc oben rechts.<\/li>\n\n\n\n<li>W\u00e4hle <strong>Updates deinstallieren<\/strong>.<\/li>\n\n\n\n<li>Alternativ kannst du den Befehl verwenden: <code>adb uninstall org.lineageos.updater<\/code>.<\/li>\n<\/ol>\n\n\n\n<h2 class=\"wp-block-heading\">Wie du Feedback gibst<\/h2>\n\n\n\n<p>Du erh\u00e4ltst Benachrichtigungen, wenn neue Beta-Updates bereit zur Installation sind. Falls du Probleme feststellst, melde sie bitte \u00fcber:<\/p>\n\n\n\n<ul class=\"wp-block-list\">\n<li><strong><a href=\"https:\/\/t.me\/joinchat\/Nj4irBYAM--abzWN-F1pKg#\" target=\"_blank\" rel=\"noreferrer noopener\">Telegram-Gruppe<\/a><\/strong> \u2013 Tritt unserer Community f\u00fcr schnellen Support bei.<\/li>\n\n\n\n<li><strong><a href=\"https:\/\/matrix.to\/#\/#iodeOS:matrix.org\" target=\"_blank\" rel=\"noreferrer noopener\">Matrix-Gruppe (#iodeOS:matrix.org)<\/a><\/strong> \u2013 Vernetze dich mit anderen Testern und Entwicklern.<\/li>\n\n\n\n<li>Oder unser <a href=\"https:\/\/community.iode.tech\" target=\"_blank\" rel=\"noreferrer noopener\">Community-Forum<\/a><\/li>\n<\/ul>\n\n\n\n<p>Wenn alles perfekt funktioniert, genie\u00dfe einfach den fr\u00fchen Zugang zu den neuen Funktionen!<\/p>\n","protected":false},"excerpt":{"rendered":"<p>Willkommen, Beta-Tester! Vielen Dank, dass du hilfst, iod\u00e9OS zu verbessern! Vor jedem offiziellen Release testet unser Team neue Versionen, um sicherzustellen, dass alles reibungslos funktioniert. Dein Feedback als Beta-Tester ist unsch\u00e4tzbar wertvoll, um iod\u00e9OS f\u00fcr alle besser zu machen. Wie du einen vorherigen Updater deinstallierst Falls du Probleme bei der Installation eines neuen Updaters hast, &#8230; <a title=\"iod\u00e9OS Beta\" class=\"read-more\" href=\"https:\/\/iode.tech\/de\/beta\/\" aria-label=\"Mehr Informationen \u00fcber iod\u00e9OS Beta\">Weiterlesen &#8230;<\/a><\/p>\n","protected":false},"author":2,"featured_media":0,"parent":0,"menu_order":0,"comment_status":"closed","ping_status":"closed","template":"","meta":{"footnotes":""},"class_list":["post-56647","page","type-page","status-publish"],"yoast_head":"<!-- This site is optimized with the Yoast SEO plugin v27.4 - https:\/\/yoast.com\/product\/yoast-seo-wordpress\/ -->\n<title>iod\u00e9OS Beta - iod\u00e9<\/title>\n<meta name=\"description\" content=\"Werde iod\u00e9OS-Beta-Tester und erhalte fr\u00fchen Zugriff auf neue Funktionen! Teste Updates vor dem Release und hilf mit, die Zukunft von iod\u00e9OS zu gestalten. Mach jetzt mit und trage zu einem intelligenteren, datenschutzfreundlichen Android-Erlebnis bei.\" \/>\n<meta name=\"robots\" content=\"index, follow, max-snippet:-1, max-image-preview:large, max-video-preview:-1\" \/>\n<link rel=\"canonical\" href=\"https:\/\/iode.tech\/de\/beta\/\" \/>\n<meta property=\"og:locale\" content=\"de_DE\" \/>\n<meta property=\"og:type\" content=\"article\" \/>\n<meta property=\"og:title\" content=\"iod\u00e9OS Beta - iod\u00e9\" \/>\n<meta property=\"og:description\" content=\"Werde iod\u00e9OS-Beta-Tester und erhalte fr\u00fchen Zugriff auf neue Funktionen! Teste Updates vor dem Release und hilf mit, die Zukunft von iod\u00e9OS zu gestalten. Mach jetzt mit und trage zu einem intelligenteren, datenschutzfreundlichen Android-Erlebnis bei.\" \/>\n<meta property=\"og:url\" content=\"https:\/\/iode.tech\/de\/beta\/\" \/>\n<meta property=\"og:site_name\" content=\"iod\u00e9\" \/>\n<meta property=\"article:modified_time\" content=\"2026-04-08T18:35:45+00:00\" \/>\n<meta property=\"og:image\" content=\"https:\/\/iode.tech\/wp-content\/uploads\/2026\/04\/image.png\" \/>\n\t<meta property=\"og:image:width\" content=\"461\" \/>\n\t<meta property=\"og:image:height\" content=\"1024\" \/>\n\t<meta property=\"og:image:type\" content=\"image\/png\" \/>\n<meta name=\"twitter:card\" content=\"summary_large_image\" \/>\n<meta name=\"twitter:label1\" content=\"Gesch\u00e4tzte Lesezeit\" \/>\n\t<meta name=\"twitter:data1\" content=\"1\u00a0Minute\" \/>\n<script type=\"application\/ld+json\" class=\"yoast-schema-graph\">{\"@context\":\"https:\\\/\\\/schema.org\",\"@graph\":[{\"@type\":\"WebPage\",\"@id\":\"https:\\\/\\\/iode.tech\\\/de\\\/beta\\\/\",\"url\":\"https:\\\/\\\/iode.tech\\\/de\\\/beta\\\/\",\"name\":\"iod\u00e9OS Beta - iod\u00e9\",\"isPartOf\":{\"@id\":\"https:\\\/\\\/iode.tech\\\/fr\\\/#website\"},\"primaryImageOfPage\":{\"@id\":\"https:\\\/\\\/iode.tech\\\/de\\\/beta\\\/#primaryimage\"},\"image\":{\"@id\":\"https:\\\/\\\/iode.tech\\\/de\\\/beta\\\/#primaryimage\"},\"thumbnailUrl\":\"https:\\\/\\\/iode.tech\\\/wp-content\\\/uploads\\\/2026\\\/04\\\/image.png\",\"datePublished\":\"2026-03-07T13:44:19+00:00\",\"dateModified\":\"2026-04-08T18:35:45+00:00\",\"description\":\"Werde iod\u00e9OS-Beta-Tester und erhalte fr\u00fchen Zugriff auf neue Funktionen! Teste Updates vor dem Release und hilf mit, die Zukunft von iod\u00e9OS zu gestalten. Mach jetzt mit und trage zu einem intelligenteren, datenschutzfreundlichen Android-Erlebnis bei.\",\"breadcrumb\":{\"@id\":\"https:\\\/\\\/iode.tech\\\/de\\\/beta\\\/#breadcrumb\"},\"inLanguage\":\"de\",\"potentialAction\":[{\"@type\":\"ReadAction\",\"target\":[\"https:\\\/\\\/iode.tech\\\/de\\\/beta\\\/\"]}]},{\"@type\":\"ImageObject\",\"inLanguage\":\"de\",\"@id\":\"https:\\\/\\\/iode.tech\\\/de\\\/beta\\\/#primaryimage\",\"url\":\"https:\\\/\\\/iode.tech\\\/wp-content\\\/uploads\\\/2026\\\/04\\\/image.png\",\"contentUrl\":\"https:\\\/\\\/iode.tech\\\/wp-content\\\/uploads\\\/2026\\\/04\\\/image.png\"},{\"@type\":\"BreadcrumbList\",\"@id\":\"https:\\\/\\\/iode.tech\\\/de\\\/beta\\\/#breadcrumb\",\"itemListElement\":[{\"@type\":\"ListItem\",\"position\":1,\"name\":\"Accueil\",\"item\":\"https:\\\/\\\/iode.tech\\\/de\\\/\"},{\"@type\":\"ListItem\",\"position\":2,\"name\":\"iod\u00e9OS Beta\"}]},{\"@type\":\"WebSite\",\"@id\":\"https:\\\/\\\/iode.tech\\\/fr\\\/#website\",\"url\":\"https:\\\/\\\/iode.tech\\\/fr\\\/\",\"name\":\"iod\u00e9\",\"description\":\"Sei smarter als dein Telefon.\",\"publisher\":{\"@id\":\"https:\\\/\\\/iode.tech\\\/fr\\\/#organization\"},\"potentialAction\":[{\"@type\":\"SearchAction\",\"target\":{\"@type\":\"EntryPoint\",\"urlTemplate\":\"https:\\\/\\\/iode.tech\\\/fr\\\/?s={search_term_string}\"},\"query-input\":{\"@type\":\"PropertyValueSpecification\",\"valueRequired\":true,\"valueName\":\"search_term_string\"}}],\"inLanguage\":\"de\"},{\"@type\":\"Organization\",\"@id\":\"https:\\\/\\\/iode.tech\\\/fr\\\/#organization\",\"name\":\"iod\u00e9\",\"url\":\"https:\\\/\\\/iode.tech\\\/fr\\\/\",\"logo\":{\"@type\":\"ImageObject\",\"inLanguage\":\"de\",\"@id\":\"https:\\\/\\\/iode.tech\\\/fr\\\/#\\\/schema\\\/logo\\\/image\\\/\",\"url\":\"https:\\\/\\\/iode.tech\\\/wp-content\\\/uploads\\\/2024\\\/06\\\/logo_iode_white_367x134.png\",\"contentUrl\":\"https:\\\/\\\/iode.tech\\\/wp-content\\\/uploads\\\/2024\\\/06\\\/logo_iode_white_367x134.png\",\"width\":367,\"height\":134,\"caption\":\"iod\u00e9\"},\"image\":{\"@id\":\"https:\\\/\\\/iode.tech\\\/fr\\\/#\\\/schema\\\/logo\\\/image\\\/\"}}]}<\/script>\n<!-- \/ Yoast SEO plugin. -->","yoast_head_json":{"title":"iod\u00e9OS Beta - iod\u00e9","description":"Werde iod\u00e9OS-Beta-Tester und erhalte fr\u00fchen Zugriff auf neue Funktionen! Teste Updates vor dem Release und hilf mit, die Zukunft von iod\u00e9OS zu gestalten. Mach jetzt mit und trage zu einem intelligenteren, datenschutzfreundlichen Android-Erlebnis bei.","robots":{"index":"index","follow":"follow","max-snippet":"max-snippet:-1","max-image-preview":"max-image-preview:large","max-video-preview":"max-video-preview:-1"},"canonical":"https:\/\/iode.tech\/de\/beta\/","og_locale":"de_DE","og_type":"article","og_title":"iod\u00e9OS Beta - iod\u00e9","og_description":"Werde iod\u00e9OS-Beta-Tester und erhalte fr\u00fchen Zugriff auf neue Funktionen! Teste Updates vor dem Release und hilf mit, die Zukunft von iod\u00e9OS zu gestalten. Mach jetzt mit und trage zu einem intelligenteren, datenschutzfreundlichen Android-Erlebnis bei.","og_url":"https:\/\/iode.tech\/de\/beta\/","og_site_name":"iod\u00e9","article_modified_time":"2026-04-08T18:35:45+00:00","og_image":[{"width":461,"height":1024,"url":"https:\/\/iode.tech\/wp-content\/uploads\/2026\/04\/image.png","type":"image\/png"}],"twitter_card":"summary_large_image","twitter_misc":{"Gesch\u00e4tzte Lesezeit":"1\u00a0Minute"},"schema":{"@context":"https:\/\/schema.org","@graph":[{"@type":"WebPage","@id":"https:\/\/iode.tech\/de\/beta\/","url":"https:\/\/iode.tech\/de\/beta\/","name":"iod\u00e9OS Beta - iod\u00e9","isPartOf":{"@id":"https:\/\/iode.tech\/fr\/#website"},"primaryImageOfPage":{"@id":"https:\/\/iode.tech\/de\/beta\/#primaryimage"},"image":{"@id":"https:\/\/iode.tech\/de\/beta\/#primaryimage"},"thumbnailUrl":"https:\/\/iode.tech\/wp-content\/uploads\/2026\/04\/image.png","datePublished":"2026-03-07T13:44:19+00:00","dateModified":"2026-04-08T18:35:45+00:00","description":"Werde iod\u00e9OS-Beta-Tester und erhalte fr\u00fchen Zugriff auf neue Funktionen! Teste Updates vor dem Release und hilf mit, die Zukunft von iod\u00e9OS zu gestalten. Mach jetzt mit und trage zu einem intelligenteren, datenschutzfreundlichen Android-Erlebnis bei.","breadcrumb":{"@id":"https:\/\/iode.tech\/de\/beta\/#breadcrumb"},"inLanguage":"de","potentialAction":[{"@type":"ReadAction","target":["https:\/\/iode.tech\/de\/beta\/"]}]},{"@type":"ImageObject","inLanguage":"de","@id":"https:\/\/iode.tech\/de\/beta\/#primaryimage","url":"https:\/\/iode.tech\/wp-content\/uploads\/2026\/04\/image.png","contentUrl":"https:\/\/iode.tech\/wp-content\/uploads\/2026\/04\/image.png"},{"@type":"BreadcrumbList","@id":"https:\/\/iode.tech\/de\/beta\/#breadcrumb","itemListElement":[{"@type":"ListItem","position":1,"name":"Accueil","item":"https:\/\/iode.tech\/de\/"},{"@type":"ListItem","position":2,"name":"iod\u00e9OS Beta"}]},{"@type":"WebSite","@id":"https:\/\/iode.tech\/fr\/#website","url":"https:\/\/iode.tech\/fr\/","name":"iod\u00e9","description":"Sei smarter als dein Telefon.","publisher":{"@id":"https:\/\/iode.tech\/fr\/#organization"},"potentialAction":[{"@type":"SearchAction","target":{"@type":"EntryPoint","urlTemplate":"https:\/\/iode.tech\/fr\/?s={search_term_string}"},"query-input":{"@type":"PropertyValueSpecification","valueRequired":true,"valueName":"search_term_string"}}],"inLanguage":"de"},{"@type":"Organization","@id":"https:\/\/iode.tech\/fr\/#organization","name":"iod\u00e9","url":"https:\/\/iode.tech\/fr\/","logo":{"@type":"ImageObject","inLanguage":"de","@id":"https:\/\/iode.tech\/fr\/#\/schema\/logo\/image\/","url":"https:\/\/iode.tech\/wp-content\/uploads\/2024\/06\/logo_iode_white_367x134.png","contentUrl":"https:\/\/iode.tech\/wp-content\/uploads\/2024\/06\/logo_iode_white_367x134.png","width":367,"height":134,"caption":"iod\u00e9"},"image":{"@id":"https:\/\/iode.tech\/fr\/#\/schema\/logo\/image\/"}}]}},"_links":{"self":[{"href":"https:\/\/iode.tech\/de\/wp-json\/wp\/v2\/pages\/56647","targetHints":{"allow":["GET"]}}],"collection":[{"href":"https:\/\/iode.tech\/de\/wp-json\/wp\/v2\/pages"}],"about":[{"href":"https:\/\/iode.tech\/de\/wp-json\/wp\/v2\/types\/page"}],"author":[{"embeddable":true,"href":"https:\/\/iode.tech\/de\/wp-json\/wp\/v2\/users\/2"}],"replies":[{"embeddable":true,"href":"https:\/\/iode.tech\/de\/wp-json\/wp\/v2\/comments?post=56647"}],"version-history":[{"count":5,"href":"https:\/\/iode.tech\/de\/wp-json\/wp\/v2\/pages\/56647\/revisions"}],"predecessor-version":[{"id":56704,"href":"https:\/\/iode.tech\/de\/wp-json\/wp\/v2\/pages\/56647\/revisions\/56704"}],"wp:attachment":[{"href":"https:\/\/iode.tech\/de\/wp-json\/wp\/v2\/media?parent=56647"}],"curies":[{"name":"wp","href":"https:\/\/api.w.org\/{rel}","templated":true}]}}