{"id":556,"date":"2024-07-04T09:07:00","date_gmt":"2024-07-04T07:07:00","guid":{"rendered":"https:\/\/dev.iode.tech\/mentions-legales\/"},"modified":"2026-02-03T15:02:26","modified_gmt":"2026-02-03T14:02:26","slug":"impressum","status":"publish","type":"page","link":"https:\/\/iode.tech\/de\/impressum\/","title":{"rendered":"Impressum"},"content":{"rendered":"\n<p id=\"content\">iod\u00e9 technologies SAS<\/p>\n\n\n\n<p>Umsatzsteuer-Identifikationsnummer: FR56902577675<\/p>\n\n\n\n<p>17 rue du mont vallier<\/p>\n\n\n\n<p>31320 Pechbusque<\/p>\n\n\n\n<p>France<\/p>\n\n\n\n<h3 class=\"wp-block-heading\">Kontakt<\/h3>\n\n\n\n<p>E-Mail-Adresse:<\/p>\n\n\n\n<p>support[@]iode.tech<\/p>\n\n\n\n<h3 class=\"wp-block-heading\">Vertretungsberechtigte Person<\/h3>\n\n\n\n<p>M. Antoine Maurino ( Gesch\u00e4ftsf\u00fchrer)<\/p>\n\n\n\n<h3 class=\"wp-block-heading\">Inhaltlich verantwortlich<\/h3>\n\n\n\n<p>M. Antoine Maurino (Adresse wie oben)<\/p>\n\n\n\n<h3 class=\"wp-block-heading\">Angaben zum Unternehmen<\/h3>\n\n\n\n<p>Umsatzsteuer Identifikationsnummer (USt-ID):<\/p>\n\n\n\n<p>Angaben folgen in K\u00fcrze<\/p>\n\n\n\n<p><a href=\"https:\/\/iode.tech\/de\/allgemeine-geschaeftsbedingungen\/\">A<\/a><a href=\"https:\/\/iode.tech\/de\/allgemeine-geschaeftsbedingungen\/\">llgemeine Gesch\u00e4ftsbedingungen<\/a><\/p>\n\n\n\n<h3 class=\"wp-block-heading\">Online-Streitbeilegung (OS)<\/h3>\n\n\n\n<p>Online-Streitbeilegung: Die Europ\u00e4ische Kommission stellt eine Plattform zur Online-Streitbeilegung (OS) bereit, die Sie unter <a href=\"https:\/\/ec.europa.eu\/consumers\/odr\/\" target=\"_blank\" rel=\"noreferrer noopener\">https:\/\/ec.europa.eu\/consumers\/odr\/<\/a> finden. Verbraucher haben die M\u00f6glichkeit, diese Plattform f\u00fcr die Beilegung ihrer Streitigkeiten zu nutzen.<\/p>\n\n\n\n<h3 class=\"wp-block-heading\">Soziale Medien\/Onlinepr\u00e4senzen<\/h3>\n\n\n\n<p>Dieses Impressum gilt auch f\u00fcr folgende Soziale Medien\/Onlinepr\u00e4senzen:<\/p>\n\n\n\n<p><a href=\"https:\/\/www.youtube.com\/channel\/UC3Z5N-_L1BjoN_-Kv40aaNw\">https:\/\/www.youtube.com\/channel\/UC3Z5N-_L1BjoN_-Kv40aaNw<\/a><\/p>\n\n\n\n<p><a href=\"https:\/\/www.facebook.com\/iodephones\">https:\/\/www.facebook.com\/iodephones<\/a><\/p>\n\n\n\n<p><a href=\"https:\/\/www.instagram.com\/iodetech\">https:\/\/www.instagram.com\/iodetech<\/a><\/p>\n\n\n\n<p><a href=\"https:\/\/www.twitter.com\/iode_tech\">https:\/\/www.twitter.com\/iode_tech<\/a><\/p>\n\n\n\n<p><a href=\"https:\/\/mastodon.online\/@iode\">https:\/\/mastodon.online\/@iode<\/a><\/p>\n\n\n\n<p><a href=\"https:\/\/community.iode.tech\">https:\/\/community.iode.tech<\/a><\/p>\n\n\n\n<p><a href=\"https:\/\/gitlab.com\/iode\">https:\/\/gitlab.com\/iode<\/a><\/p>\n\n\n\n<h3 class=\"wp-block-heading\">Webhost<\/h3>\n\n\n\n<p>OVH<\/p>\n\n\n\n<p>RCS Roubaix \u2013 Tourcoing<\/p>\n\n\n\n<p>424 761 419 00045<\/p>\n\n\n\n<p>Code APE 6202A<\/p>\n\n\n\n<p>Si\u00e8ge social: 2 rue Kellermann<\/p>\n\n\n\n<p>59 100 Roubaix<\/p>\n\n\n\n<p>France<\/p>\n","protected":false},"excerpt":{"rendered":"<p>iod\u00e9 technologies SAS Umsatzsteuer-Identifikationsnummer: FR56902577675 17 rue du mont vallier 31320 Pechbusque France Kontakt E-Mail-Adresse: support[@]iode.tech Vertretungsberechtigte Person M. Antoine Maurino ( Gesch\u00e4ftsf\u00fchrer) Inhaltlich verantwortlich M. Antoine Maurino (Adresse wie oben) Angaben zum Unternehmen Umsatzsteuer Identifikationsnummer (USt-ID): Angaben folgen in K\u00fcrze Allgemeine Gesch\u00e4ftsbedingungen Online-Streitbeilegung (OS) Online-Streitbeilegung: Die Europ\u00e4ische Kommission stellt eine Plattform zur Online-Streitbeilegung (OS) &#8230; <a title=\"Impressum\" class=\"read-more\" href=\"https:\/\/iode.tech\/de\/impressum\/\" aria-label=\"Mehr Informationen \u00fcber Impressum\">Weiterlesen &#8230;<\/a><\/p>\n","protected":false},"author":2,"featured_media":0,"parent":0,"menu_order":0,"comment_status":"closed","ping_status":"closed","template":"","meta":{"footnotes":""},"class_list":["post-556","page","type-page","status-publish"],"yoast_head":"<!-- This site is optimized with the Yoast SEO plugin v27.4 - https:\/\/yoast.com\/product\/yoast-seo-wordpress\/ -->\n<title>Impressum - iod\u00e9<\/title>\n<meta name=\"robots\" content=\"index, follow, max-snippet:-1, max-image-preview:large, max-video-preview:-1\" \/>\n<link rel=\"canonical\" href=\"https:\/\/iode.tech\/de\/impressum\/\" \/>\n<meta property=\"og:locale\" content=\"de_DE\" \/>\n<meta property=\"og:type\" content=\"article\" \/>\n<meta property=\"og:title\" content=\"Impressum - iod\u00e9\" \/>\n<meta property=\"og:description\" content=\"iod\u00e9 technologies SAS Umsatzsteuer-Identifikationsnummer: FR56902577675 17 rue du mont vallier 31320 Pechbusque France Kontakt E-Mail-Adresse: support[@]iode.tech Vertretungsberechtigte Person M. Antoine Maurino ( Gesch\u00e4ftsf\u00fchrer) Inhaltlich verantwortlich M. Antoine Maurino (Adresse wie oben) Angaben zum Unternehmen Umsatzsteuer Identifikationsnummer (USt-ID): Angaben folgen in K\u00fcrze Allgemeine Gesch\u00e4ftsbedingungen Online-Streitbeilegung (OS) Online-Streitbeilegung: Die Europ\u00e4ische Kommission stellt eine Plattform zur Online-Streitbeilegung (OS) ... Weiterlesen ...\" \/>\n<meta property=\"og:url\" content=\"https:\/\/iode.tech\/de\/impressum\/\" \/>\n<meta property=\"og:site_name\" content=\"iod\u00e9\" \/>\n<meta property=\"article:modified_time\" content=\"2026-02-03T14:02:26+00:00\" \/>\n<meta name=\"twitter:card\" content=\"summary_large_image\" \/>\n<meta name=\"twitter:label1\" content=\"Gesch\u00e4tzte Lesezeit\" \/>\n\t<meta name=\"twitter:data1\" content=\"1\u00a0Minute\" \/>\n<script type=\"application\/ld+json\" class=\"yoast-schema-graph\">{\"@context\":\"https:\\\/\\\/schema.org\",\"@graph\":[{\"@type\":\"WebPage\",\"@id\":\"https:\\\/\\\/iode.tech\\\/de\\\/impressum\\\/\",\"url\":\"https:\\\/\\\/iode.tech\\\/de\\\/impressum\\\/\",\"name\":\"Impressum - iod\u00e9\",\"isPartOf\":{\"@id\":\"https:\\\/\\\/iode.tech\\\/fr\\\/#website\"},\"datePublished\":\"2024-07-04T07:07:00+00:00\",\"dateModified\":\"2026-02-03T14:02:26+00:00\",\"breadcrumb\":{\"@id\":\"https:\\\/\\\/iode.tech\\\/de\\\/impressum\\\/#breadcrumb\"},\"inLanguage\":\"de\",\"potentialAction\":[{\"@type\":\"ReadAction\",\"target\":[\"https:\\\/\\\/iode.tech\\\/de\\\/impressum\\\/\"]}]},{\"@type\":\"BreadcrumbList\",\"@id\":\"https:\\\/\\\/iode.tech\\\/de\\\/impressum\\\/#breadcrumb\",\"itemListElement\":[{\"@type\":\"ListItem\",\"position\":1,\"name\":\"Accueil\",\"item\":\"https:\\\/\\\/iode.tech\\\/de\\\/\"},{\"@type\":\"ListItem\",\"position\":2,\"name\":\"Impressum\"}]},{\"@type\":\"WebSite\",\"@id\":\"https:\\\/\\\/iode.tech\\\/fr\\\/#website\",\"url\":\"https:\\\/\\\/iode.tech\\\/fr\\\/\",\"name\":\"iod\u00e9\",\"description\":\"Sei smarter als dein Telefon.\",\"publisher\":{\"@id\":\"https:\\\/\\\/iode.tech\\\/fr\\\/#organization\"},\"potentialAction\":[{\"@type\":\"SearchAction\",\"target\":{\"@type\":\"EntryPoint\",\"urlTemplate\":\"https:\\\/\\\/iode.tech\\\/fr\\\/?s={search_term_string}\"},\"query-input\":{\"@type\":\"PropertyValueSpecification\",\"valueRequired\":true,\"valueName\":\"search_term_string\"}}],\"inLanguage\":\"de\"},{\"@type\":\"Organization\",\"@id\":\"https:\\\/\\\/iode.tech\\\/fr\\\/#organization\",\"name\":\"iod\u00e9\",\"url\":\"https:\\\/\\\/iode.tech\\\/fr\\\/\",\"logo\":{\"@type\":\"ImageObject\",\"inLanguage\":\"de\",\"@id\":\"https:\\\/\\\/iode.tech\\\/fr\\\/#\\\/schema\\\/logo\\\/image\\\/\",\"url\":\"https:\\\/\\\/iode.tech\\\/wp-content\\\/uploads\\\/2024\\\/06\\\/logo_iode_white_367x134.png\",\"contentUrl\":\"https:\\\/\\\/iode.tech\\\/wp-content\\\/uploads\\\/2024\\\/06\\\/logo_iode_white_367x134.png\",\"width\":367,\"height\":134,\"caption\":\"iod\u00e9\"},\"image\":{\"@id\":\"https:\\\/\\\/iode.tech\\\/fr\\\/#\\\/schema\\\/logo\\\/image\\\/\"}}]}<\/script>\n<!-- \/ Yoast SEO plugin. -->","yoast_head_json":{"title":"Impressum - iod\u00e9","robots":{"index":"index","follow":"follow","max-snippet":"max-snippet:-1","max-image-preview":"max-image-preview:large","max-video-preview":"max-video-preview:-1"},"canonical":"https:\/\/iode.tech\/de\/impressum\/","og_locale":"de_DE","og_type":"article","og_title":"Impressum - iod\u00e9","og_description":"iod\u00e9 technologies SAS Umsatzsteuer-Identifikationsnummer: FR56902577675 17 rue du mont vallier 31320 Pechbusque France Kontakt E-Mail-Adresse: support[@]iode.tech Vertretungsberechtigte Person M. Antoine Maurino ( Gesch\u00e4ftsf\u00fchrer) Inhaltlich verantwortlich M. Antoine Maurino (Adresse wie oben) Angaben zum Unternehmen Umsatzsteuer Identifikationsnummer (USt-ID): Angaben folgen in K\u00fcrze Allgemeine Gesch\u00e4ftsbedingungen Online-Streitbeilegung (OS) Online-Streitbeilegung: Die Europ\u00e4ische Kommission stellt eine Plattform zur Online-Streitbeilegung (OS) ... Weiterlesen ...","og_url":"https:\/\/iode.tech\/de\/impressum\/","og_site_name":"iod\u00e9","article_modified_time":"2026-02-03T14:02:26+00:00","twitter_card":"summary_large_image","twitter_misc":{"Gesch\u00e4tzte Lesezeit":"1\u00a0Minute"},"schema":{"@context":"https:\/\/schema.org","@graph":[{"@type":"WebPage","@id":"https:\/\/iode.tech\/de\/impressum\/","url":"https:\/\/iode.tech\/de\/impressum\/","name":"Impressum - iod\u00e9","isPartOf":{"@id":"https:\/\/iode.tech\/fr\/#website"},"datePublished":"2024-07-04T07:07:00+00:00","dateModified":"2026-02-03T14:02:26+00:00","breadcrumb":{"@id":"https:\/\/iode.tech\/de\/impressum\/#breadcrumb"},"inLanguage":"de","potentialAction":[{"@type":"ReadAction","target":["https:\/\/iode.tech\/de\/impressum\/"]}]},{"@type":"BreadcrumbList","@id":"https:\/\/iode.tech\/de\/impressum\/#breadcrumb","itemListElement":[{"@type":"ListItem","position":1,"name":"Accueil","item":"https:\/\/iode.tech\/de\/"},{"@type":"ListItem","position":2,"name":"Impressum"}]},{"@type":"WebSite","@id":"https:\/\/iode.tech\/fr\/#website","url":"https:\/\/iode.tech\/fr\/","name":"iod\u00e9","description":"Sei smarter als dein Telefon.","publisher":{"@id":"https:\/\/iode.tech\/fr\/#organization"},"potentialAction":[{"@type":"SearchAction","target":{"@type":"EntryPoint","urlTemplate":"https:\/\/iode.tech\/fr\/?s={search_term_string}"},"query-input":{"@type":"PropertyValueSpecification","valueRequired":true,"valueName":"search_term_string"}}],"inLanguage":"de"},{"@type":"Organization","@id":"https:\/\/iode.tech\/fr\/#organization","name":"iod\u00e9","url":"https:\/\/iode.tech\/fr\/","logo":{"@type":"ImageObject","inLanguage":"de","@id":"https:\/\/iode.tech\/fr\/#\/schema\/logo\/image\/","url":"https:\/\/iode.tech\/wp-content\/uploads\/2024\/06\/logo_iode_white_367x134.png","contentUrl":"https:\/\/iode.tech\/wp-content\/uploads\/2024\/06\/logo_iode_white_367x134.png","width":367,"height":134,"caption":"iod\u00e9"},"image":{"@id":"https:\/\/iode.tech\/fr\/#\/schema\/logo\/image\/"}}]}},"_links":{"self":[{"href":"https:\/\/iode.tech\/de\/wp-json\/wp\/v2\/pages\/556","targetHints":{"allow":["GET"]}}],"collection":[{"href":"https:\/\/iode.tech\/de\/wp-json\/wp\/v2\/pages"}],"about":[{"href":"https:\/\/iode.tech\/de\/wp-json\/wp\/v2\/types\/page"}],"author":[{"embeddable":true,"href":"https:\/\/iode.tech\/de\/wp-json\/wp\/v2\/users\/2"}],"replies":[{"embeddable":true,"href":"https:\/\/iode.tech\/de\/wp-json\/wp\/v2\/comments?post=556"}],"version-history":[{"count":2,"href":"https:\/\/iode.tech\/de\/wp-json\/wp\/v2\/pages\/556\/revisions"}],"predecessor-version":[{"id":56620,"href":"https:\/\/iode.tech\/de\/wp-json\/wp\/v2\/pages\/556\/revisions\/56620"}],"wp:attachment":[{"href":"https:\/\/iode.tech\/de\/wp-json\/wp\/v2\/media?parent=556"}],"curies":[{"name":"wp","href":"https:\/\/api.w.org\/{rel}","templated":true}]}}