{"id":546,"date":"2024-07-04T08:59:56","date_gmt":"2024-07-04T06:59:56","guid":{"rendered":"https:\/\/dev.iode.tech\/privacy-policy\/"},"modified":"2024-07-10T20:02:29","modified_gmt":"2024-07-10T18:02:29","slug":"datenschutzerklaerung","status":"publish","type":"page","link":"https:\/\/iode.tech\/de\/datenschutzerklaerung\/","title":{"rendered":"Datenschutzerkl\u00e4rung"},"content":{"rendered":"\n<h2 class=\"wp-block-heading\">1. Pr\u00e4ambel<\/h2>\n\n\n\n<p>iod\u00e9 legt besonderen Wert auf die Wahrung der Privatsph\u00e4re und den Schutz personenbezogener Daten. Die vorliegende Datenschutzerkl\u00e4rung informiert Sie \u00fcber die Verpflichtungen und Ma\u00dfnahmen iod\u00e9s f\u00fcr den Schutz Ihrer personenbezogen Daten.<\/p>\n\n\n\n<p>Diese Datenschutzerkl\u00e4rung wird gegebenenfalls an die gesetzlichen Bestimmungen und das Regelwerk der franz\u00f6sischen Nationalen Kommission f\u00fcr Informatik und Freiheiten (CNIL) angepasst.<\/p>\n\n\n\n<h2 class=\"wp-block-heading\">2. Geltungsbereich<\/h2>\n\n\n\n<p>Diese Datenschutzerkl\u00e4rung gilt f\u00fcr alle Verarbeitungen von personenbezogenen Daten durch iod\u00e9 und betrifft Besucher und Kunden der Webseite iode.tech, Nutzer von iod\u00e9-Ger\u00e4ten sowie externe Personen (insbesondere Partner, Bewerber, Lieferanten, Internetnutzer).<\/p>\n\n\n\n<h2 class=\"wp-block-heading\">3. Erhobene Daten<\/h2>\n\n\n\n<p>Prinzipiell k\u00f6nnen Sie mit iod\u00e9 in Kontakt treten und unsere Website iode.tech besuchen, ohne uns dabei personenbezogene Daten zu \u00fcbermitteln.<\/p>\n\n\n\n<p>Um Ihnen bestimmte Dienstleistungen anbieten zu k\u00f6nnen, kann iod\u00e9 Sie jedoch um die Angabe pers\u00f6nlicher Daten (Name, Adresse, Telefonnummer, E-Mail-Adresse etc.) bitten, z.B., um auf Ihre Kontaktanfrage reagieren zu k\u00f6nnen, damit Sie ein pers\u00f6nliches Konto einrichten oder einen unserer Dienste abonnieren k\u00f6nnen, damit wir Ihre Bewerbung bearbeiten oder Ihre Bestellungen auf unserer Plattform verwalten k\u00f6nnen.<\/p>\n\n\n\n<p>In jedem Fall stellt iod\u00e9 sicher, nur solche Daten zu sammeln und zu verarbeiten, die f\u00fcr den jeweiligen Zweck unbedingt erforderlich sind (Datenminimierung).<\/p>\n\n\n\n<p>Alle \u00fcber iode.tech erhobenen Daten werden in \u00dcbereinstimmung mit der Datenschutzgrundverordnung (DSGVO) verarbeitet.<\/p>\n\n\n\n<h2 class=\"wp-block-heading\">4. Zwecke der Datenerhebung<\/h2>\n\n\n\n<p>Die von iod\u00e9 durchgef\u00fchrten Datenverarbeitungen erfolgen zu bestimmten und legitimen Zwecken.<\/p>\n\n\n\n<p>Ihre Daten werden ausschlie\u00dflich zu folgenden Zwecken verarbeitet:<\/p>\n\n\n\n<ul class=\"wp-block-list\">\n<li>Die Verwaltung Ihrer Eink\u00e4ufe auf unserer Plattform,<\/li>\n\n\n\n<li>die Beantwortung Ihrer Kontaktanfragen,<\/li>\n\n\n\n<li>die Bearbeitung Ihrer Bewerbung.<\/li>\n<\/ul>\n\n\n\n<h2 class=\"wp-block-heading\">5. Weitergabe der Daten<\/h2>\n\n\n\n<p>iod\u00e9 gibt Ihre personenbezogenen Daten nur an bestimmte, befugte Empf\u00e4nger weiter.<\/p>\n\n\n\n<p>Wenn Sie eine Zahlung auf unserer Online-Plattform t\u00e4tigen, k\u00f6nnen Sie dies auf drei verschiedene Arten tun:<\/p>\n\n\n\n<ul class=\"wp-block-list\">\n<li>\u00dcber das Formular. Wir verwenden den Drittanbieterdienst \u201eStripe\u201c f\u00fcr die Abwicklung und Validierung der Zahlung. Weitere Informationen \u00fcber die Datenschutzrichtlinie von Stripe unter folgendem Link: https:\/\/stripe.com\/de\/privacy<\/li>\n\n\n\n<li>direkt \u00fcber \u201ePaypal\u201c. Weitere Informationen zu den Datenschutzrichtlinien von Paypal unter folgendem Link: https:\/\/www.paypal.com\/webapps\/mpp\/ua\/privacy-full<\/li>\n\n\n\n<li>in Kryptow\u00e4hrungen \u00fcber \u201eCoinbase\u201c. Weitere Informationen \u00fcber die Richtlinien. zum Datenschutz von Coinbase unter folgendem Link: https:\/\/commerce.coinbase.com\/legal\/privacy-policy\/.<\/li>\n<\/ul>\n\n\n\n<p>Au\u00dfer an diese Dienstleister geben wir keine Informationen weiter, \u00fcber die Sie identifiziert werden k\u00f6nnen. Als Besucher der Webseite k\u00f6nnen Sie die Angabe von personenbezogenen Daten jederzeit verweigern, wobei Sie dann bestimmte Funktionen der Plattform, wie z. B. den Kauf eines Smartphones, nicht nutzen k\u00f6nnen.<\/p>\n\n\n\n<h2 class=\"wp-block-heading\">6. Datenspeicherung<\/h2>\n\n\n\n<p>iod\u00e9 speichert Ihre Daten in \u00dcbereinstimmung mit den gesetzlichen Vorgaben und nur so lange, wie es f\u00fcr den jeweiligen Zweck, f\u00fcr die sie erhoben wurden, notwendig ist.<\/p>\n\n\n\n<h2 class=\"wp-block-heading\">7. Datensicherheit<\/h2>\n\n\n\n<p>iod\u00e9 gew\u00e4hrleistet die Sicherheit Ihrer pers\u00f6nlichen Daten durch physische und technische Schutzma\u00dfnahmen.<\/p>\n\n\n\n<h2 class=\"wp-block-heading\">8. Ihre Rechte<\/h2>\n\n\n\n<p>Nach den gesetzlichen Vorgaben haben Sie das Recht auf Zugang zu Ihren Daten, das Recht auf Berichtigung und L\u00f6schung Ihrer Daten, das Recht auf Einschr\u00e4nkung der Datenverarbeitung, das Recht auf \u00dcbertragbarkeit Ihrer Daten sowie das Recht auf die Bestimmung \u00fcber die Zukunft Ihrer Daten. Diese Rechte k\u00f6nnen Sie gegen\u00fcber dem Datenschutzbeauftragten geltend machen, den Sie per E-Mail an support@iode.tech oder postalisch unter der folgenden Adresse erreichen: 17 rue du mont vallier, 31320 Pechbusque, Frankreich.<\/p>\n\n\n\n<h2 class=\"wp-block-heading\">9. Kontakt<\/h2>\n\n\n\n<p>F\u00fcr alle Anfragen zur Umsetzung des Datenschutzes durch iod\u00e9 k\u00f6nnen Sie sich an support@iode.tech wenden.<\/p>\n","protected":false},"excerpt":{"rendered":"<p>1. Pr\u00e4ambel iod\u00e9 legt besonderen Wert auf die Wahrung der Privatsph\u00e4re und den Schutz personenbezogener Daten. Die vorliegende Datenschutzerkl\u00e4rung informiert Sie \u00fcber die Verpflichtungen und Ma\u00dfnahmen iod\u00e9s f\u00fcr den Schutz Ihrer personenbezogen Daten. Diese Datenschutzerkl\u00e4rung wird gegebenenfalls an die gesetzlichen Bestimmungen und das Regelwerk der franz\u00f6sischen Nationalen Kommission f\u00fcr Informatik und Freiheiten (CNIL) angepasst. 2. &#8230; <a title=\"Datenschutzerkl\u00e4rung\" class=\"read-more\" href=\"https:\/\/iode.tech\/de\/datenschutzerklaerung\/\" aria-label=\"Mehr Informationen \u00fcber Datenschutzerkl\u00e4rung\">Weiterlesen &#8230;<\/a><\/p>\n","protected":false},"author":2,"featured_media":0,"parent":0,"menu_order":0,"comment_status":"closed","ping_status":"closed","template":"","meta":{"footnotes":""},"class_list":["post-546","page","type-page","status-publish"],"yoast_head":"<!-- This site is optimized with the Yoast SEO plugin v27.3 - https:\/\/yoast.com\/product\/yoast-seo-wordpress\/ -->\n<title>Datenschutzerkl\u00e4rung - iod\u00e9<\/title>\n<meta name=\"robots\" content=\"index, follow, max-snippet:-1, max-image-preview:large, max-video-preview:-1\" \/>\n<link rel=\"canonical\" href=\"https:\/\/iode.tech\/privacy-policy\/\" \/>\n<meta property=\"og:locale\" content=\"de_DE\" \/>\n<meta property=\"og:type\" content=\"article\" \/>\n<meta property=\"og:title\" content=\"Datenschutzerkl\u00e4rung - iod\u00e9\" \/>\n<meta property=\"og:description\" content=\"1. Pr\u00e4ambel iod\u00e9 legt besonderen Wert auf die Wahrung der Privatsph\u00e4re und den Schutz personenbezogener Daten. Die vorliegende Datenschutzerkl\u00e4rung informiert Sie \u00fcber die Verpflichtungen und Ma\u00dfnahmen iod\u00e9s f\u00fcr den Schutz Ihrer personenbezogen Daten. Diese Datenschutzerkl\u00e4rung wird gegebenenfalls an die gesetzlichen Bestimmungen und das Regelwerk der franz\u00f6sischen Nationalen Kommission f\u00fcr Informatik und Freiheiten (CNIL) angepasst. 2. ... Weiterlesen ...\" \/>\n<meta property=\"og:url\" content=\"https:\/\/iode.tech\/privacy-policy\/\" \/>\n<meta property=\"og:site_name\" content=\"iod\u00e9\" \/>\n<meta property=\"article:modified_time\" content=\"2024-07-10T18:02:29+00:00\" \/>\n<meta name=\"twitter:card\" content=\"summary_large_image\" \/>\n<meta name=\"twitter:label1\" content=\"Gesch\u00e4tzte Lesezeit\" \/>\n\t<meta name=\"twitter:data1\" content=\"3\u00a0Minuten\" \/>\n<script type=\"application\/ld+json\" class=\"yoast-schema-graph\">{\"@context\":\"https:\\\/\\\/schema.org\",\"@graph\":[{\"@type\":\"WebPage\",\"@id\":\"https:\\\/\\\/iode.tech\\\/privacy-policy\\\/\",\"url\":\"https:\\\/\\\/iode.tech\\\/privacy-policy\\\/\",\"name\":\"Datenschutzerkl\u00e4rung - iod\u00e9\",\"isPartOf\":{\"@id\":\"https:\\\/\\\/iode.tech\\\/fr\\\/#website\"},\"datePublished\":\"2024-07-04T06:59:56+00:00\",\"dateModified\":\"2024-07-10T18:02:29+00:00\",\"breadcrumb\":{\"@id\":\"https:\\\/\\\/iode.tech\\\/privacy-policy\\\/#breadcrumb\"},\"inLanguage\":\"de\",\"potentialAction\":[{\"@type\":\"ReadAction\",\"target\":[\"https:\\\/\\\/iode.tech\\\/privacy-policy\\\/\"]}]},{\"@type\":\"BreadcrumbList\",\"@id\":\"https:\\\/\\\/iode.tech\\\/privacy-policy\\\/#breadcrumb\",\"itemListElement\":[{\"@type\":\"ListItem\",\"position\":1,\"name\":\"Accueil\",\"item\":\"https:\\\/\\\/iode.tech\\\/de\\\/\"},{\"@type\":\"ListItem\",\"position\":2,\"name\":\"Datenschutzerkl\u00e4rung\"}]},{\"@type\":\"WebSite\",\"@id\":\"https:\\\/\\\/iode.tech\\\/fr\\\/#website\",\"url\":\"https:\\\/\\\/iode.tech\\\/fr\\\/\",\"name\":\"iod\u00e9\",\"description\":\"Sei smarter als dein Telefon.\",\"publisher\":{\"@id\":\"https:\\\/\\\/iode.tech\\\/fr\\\/#organization\"},\"potentialAction\":[{\"@type\":\"SearchAction\",\"target\":{\"@type\":\"EntryPoint\",\"urlTemplate\":\"https:\\\/\\\/iode.tech\\\/fr\\\/?s={search_term_string}\"},\"query-input\":{\"@type\":\"PropertyValueSpecification\",\"valueRequired\":true,\"valueName\":\"search_term_string\"}}],\"inLanguage\":\"de\"},{\"@type\":\"Organization\",\"@id\":\"https:\\\/\\\/iode.tech\\\/fr\\\/#organization\",\"name\":\"iod\u00e9\",\"url\":\"https:\\\/\\\/iode.tech\\\/fr\\\/\",\"logo\":{\"@type\":\"ImageObject\",\"inLanguage\":\"de\",\"@id\":\"https:\\\/\\\/iode.tech\\\/fr\\\/#\\\/schema\\\/logo\\\/image\\\/\",\"url\":\"https:\\\/\\\/iode.tech\\\/wp-content\\\/uploads\\\/2024\\\/06\\\/logo_iode_white_367x134.png\",\"contentUrl\":\"https:\\\/\\\/iode.tech\\\/wp-content\\\/uploads\\\/2024\\\/06\\\/logo_iode_white_367x134.png\",\"width\":367,\"height\":134,\"caption\":\"iod\u00e9\"},\"image\":{\"@id\":\"https:\\\/\\\/iode.tech\\\/fr\\\/#\\\/schema\\\/logo\\\/image\\\/\"}}]}<\/script>\n<!-- \/ Yoast SEO plugin. -->","yoast_head_json":{"title":"Datenschutzerkl\u00e4rung - iod\u00e9","robots":{"index":"index","follow":"follow","max-snippet":"max-snippet:-1","max-image-preview":"max-image-preview:large","max-video-preview":"max-video-preview:-1"},"canonical":"https:\/\/iode.tech\/privacy-policy\/","og_locale":"de_DE","og_type":"article","og_title":"Datenschutzerkl\u00e4rung - iod\u00e9","og_description":"1. Pr\u00e4ambel iod\u00e9 legt besonderen Wert auf die Wahrung der Privatsph\u00e4re und den Schutz personenbezogener Daten. Die vorliegende Datenschutzerkl\u00e4rung informiert Sie \u00fcber die Verpflichtungen und Ma\u00dfnahmen iod\u00e9s f\u00fcr den Schutz Ihrer personenbezogen Daten. Diese Datenschutzerkl\u00e4rung wird gegebenenfalls an die gesetzlichen Bestimmungen und das Regelwerk der franz\u00f6sischen Nationalen Kommission f\u00fcr Informatik und Freiheiten (CNIL) angepasst. 2. ... Weiterlesen ...","og_url":"https:\/\/iode.tech\/privacy-policy\/","og_site_name":"iod\u00e9","article_modified_time":"2024-07-10T18:02:29+00:00","twitter_card":"summary_large_image","twitter_misc":{"Gesch\u00e4tzte Lesezeit":"3\u00a0Minuten"},"schema":{"@context":"https:\/\/schema.org","@graph":[{"@type":"WebPage","@id":"https:\/\/iode.tech\/privacy-policy\/","url":"https:\/\/iode.tech\/privacy-policy\/","name":"Datenschutzerkl\u00e4rung - iod\u00e9","isPartOf":{"@id":"https:\/\/iode.tech\/fr\/#website"},"datePublished":"2024-07-04T06:59:56+00:00","dateModified":"2024-07-10T18:02:29+00:00","breadcrumb":{"@id":"https:\/\/iode.tech\/privacy-policy\/#breadcrumb"},"inLanguage":"de","potentialAction":[{"@type":"ReadAction","target":["https:\/\/iode.tech\/privacy-policy\/"]}]},{"@type":"BreadcrumbList","@id":"https:\/\/iode.tech\/privacy-policy\/#breadcrumb","itemListElement":[{"@type":"ListItem","position":1,"name":"Accueil","item":"https:\/\/iode.tech\/de\/"},{"@type":"ListItem","position":2,"name":"Datenschutzerkl\u00e4rung"}]},{"@type":"WebSite","@id":"https:\/\/iode.tech\/fr\/#website","url":"https:\/\/iode.tech\/fr\/","name":"iod\u00e9","description":"Sei smarter als dein Telefon.","publisher":{"@id":"https:\/\/iode.tech\/fr\/#organization"},"potentialAction":[{"@type":"SearchAction","target":{"@type":"EntryPoint","urlTemplate":"https:\/\/iode.tech\/fr\/?s={search_term_string}"},"query-input":{"@type":"PropertyValueSpecification","valueRequired":true,"valueName":"search_term_string"}}],"inLanguage":"de"},{"@type":"Organization","@id":"https:\/\/iode.tech\/fr\/#organization","name":"iod\u00e9","url":"https:\/\/iode.tech\/fr\/","logo":{"@type":"ImageObject","inLanguage":"de","@id":"https:\/\/iode.tech\/fr\/#\/schema\/logo\/image\/","url":"https:\/\/iode.tech\/wp-content\/uploads\/2024\/06\/logo_iode_white_367x134.png","contentUrl":"https:\/\/iode.tech\/wp-content\/uploads\/2024\/06\/logo_iode_white_367x134.png","width":367,"height":134,"caption":"iod\u00e9"},"image":{"@id":"https:\/\/iode.tech\/fr\/#\/schema\/logo\/image\/"}}]}},"_links":{"self":[{"href":"https:\/\/iode.tech\/de\/wp-json\/wp\/v2\/pages\/546","targetHints":{"allow":["GET"]}}],"collection":[{"href":"https:\/\/iode.tech\/de\/wp-json\/wp\/v2\/pages"}],"about":[{"href":"https:\/\/iode.tech\/de\/wp-json\/wp\/v2\/types\/page"}],"author":[{"embeddable":true,"href":"https:\/\/iode.tech\/de\/wp-json\/wp\/v2\/users\/2"}],"replies":[{"embeddable":true,"href":"https:\/\/iode.tech\/de\/wp-json\/wp\/v2\/comments?post=546"}],"version-history":[{"count":1,"href":"https:\/\/iode.tech\/de\/wp-json\/wp\/v2\/pages\/546\/revisions"}],"predecessor-version":[{"id":548,"href":"https:\/\/iode.tech\/de\/wp-json\/wp\/v2\/pages\/546\/revisions\/548"}],"wp:attachment":[{"href":"https:\/\/iode.tech\/de\/wp-json\/wp\/v2\/media?parent=546"}],"curies":[{"name":"wp","href":"https:\/\/api.w.org\/{rel}","templated":true}]}}