{"id":36378,"date":"2025-02-11T11:33:06","date_gmt":"2025-02-11T10:33:06","guid":{"rendered":"https:\/\/iode.tech\/partners\/"},"modified":"2025-03-28T10:02:50","modified_gmt":"2025-03-28T09:02:50","slug":"partner-unternehmen","status":"publish","type":"page","link":"https:\/\/iode.tech\/de\/partner-unternehmen\/","title":{"rendered":"Partner"},"content":{"rendered":"\n<div class=\"wp-block-media-text is-stacked-on-mobile\" style=\"grid-template-columns:25% auto\"><figure class=\"wp-block-media-text__media\"><img loading=\"lazy\" decoding=\"async\" width=\"380\" height=\"230\" src=\"https:\/\/iode.tech\/wp-content\/uploads\/2025\/02\/brax-1.png\" alt=\"\" class=\"wp-image-35697 size-full\" srcset=\"https:\/\/iode.tech\/wp-content\/uploads\/2025\/02\/brax-1.png 380w, https:\/\/iode.tech\/wp-content\/uploads\/2025\/02\/brax-1-300x182.png 300w\" sizes=\"auto, (max-width: 380px) 100vw, 380px\" \/><\/figure><div class=\"wp-block-media-text__content\">\n<p>Brax-Telefone sind unsere neueste Erg\u00e4nzung. Wir haben uns f\u00fcr die Zusammenarbeit mit Braxtech und Lunr entschieden, um Ger\u00e4te herauszubringen, bei denen der Datenschutz an erster Stelle steht. W\u00e4hrend die meisten Hersteller Standard-Android mit all den Problemen, die Google mit sich bringt, in das Betriebssystem einbauen, ist Braxtech der erste Hersteller, der seine Telefone von Grund auf degoogelt, und das zu einem sehr g\u00fcnstigen Preis.<\/p>\n<\/div><\/div>\n\n\n\n<div class=\"wp-block-media-text has-media-on-the-right is-stacked-on-mobile\" style=\"grid-template-columns:auto 20%\"><div class=\"wp-block-media-text__content\">\n<p>Shiftphones sind auf Nachhaltigkeit, ethische Produktion und Transparenz ausgerichtet. Das modulare Design von Shiftphone erm\u00f6glicht es den Nutzern, ihre Ger\u00e4te zu reparieren und aufzur\u00fcsten, was den Elektroschrott erheblich reduziert und die Lebensdauer ihrer Produkte verl\u00e4ngert. Das Unternehmen legt au\u00dferdem gro\u00dfen Wert auf die Verwendung recycelbarer Materialien und arbeitet daran, seinen CO2-Fu\u00dfabdruck in allen Bereichen zu minimieren. Im sozialen Bereich setzt sich Shift f\u00fcr faire Arbeitsbedingungen ein, indem es mit Lieferanten zusammenarbeitet, die sich an hohe Arbeitsstandards und ethische Praktiken halten. Shift pflegt eine Kultur der Offenheit, bezieht Kunden und Stakeholder in Entscheidungsprozesse ein und sorgt f\u00fcr Transparenz in allen Aspekten der Produktion und der Nachhaltigkeitsberichterstattung.<\/p>\n<\/div><figure class=\"wp-block-media-text__media\"><img loading=\"lazy\" decoding=\"async\" width=\"280\" height=\"280\" src=\"https:\/\/iode.tech\/wp-content\/uploads\/2025\/02\/shift.png\" alt=\"\" class=\"wp-image-35627 size-full\" srcset=\"https:\/\/iode.tech\/wp-content\/uploads\/2025\/02\/shift.png 280w, https:\/\/iode.tech\/wp-content\/uploads\/2025\/02\/shift-150x150.png 150w\" sizes=\"auto, (max-width: 280px) 100vw, 280px\" \/><\/figure><\/div>\n\n\n\n<div style=\"height:35px\" aria-hidden=\"true\" class=\"wp-block-spacer\"><\/div>\n\n\n\n<div class=\"wp-block-media-text is-stacked-on-mobile\" style=\"grid-template-columns:20% auto\"><figure class=\"wp-block-media-text__media\"><img loading=\"lazy\" decoding=\"async\" width=\"1024\" height=\"139\" src=\"https:\/\/iode.tech\/wp-content\/uploads\/2025\/02\/Fairphone_logo.svg_-1024x139.png\" alt=\"\" class=\"wp-image-35624 size-full\" srcset=\"https:\/\/iode.tech\/wp-content\/uploads\/2025\/02\/Fairphone_logo.svg_-1024x139.png 1024w, https:\/\/iode.tech\/wp-content\/uploads\/2025\/02\/Fairphone_logo.svg_-300x41.png 300w, https:\/\/iode.tech\/wp-content\/uploads\/2025\/02\/Fairphone_logo.svg_-768x104.png 768w, https:\/\/iode.tech\/wp-content\/uploads\/2025\/02\/Fairphone_logo.svg_.png 1200w\" sizes=\"auto, (max-width: 1024px) 100vw, 1024px\" \/><\/figure><div class=\"wp-block-media-text__content\">\n<p>Das in den Niederlanden ans\u00e4ssige Unternehmen Fairphone hat sich als Vorreiter unter den Smartphone-Herstellern f\u00fcr seine ethischen Praktiken und seine Umweltverantwortung etabliert. Das modulare Design verl\u00e4ngert den Lebenszyklus des Ger\u00e4ts, reduziert den Elektroschrott und bevorzugt die Verwendung von recycelten und konfliktfreien Materialien wie Fairtrade-Gold und Kobalt aus verantwortungsvollen Quellen. In sozialer Hinsicht legt das Unternehmen Wert auf faire Arbeitsbedingungen, indem es Partnerschaften mit Lieferanten eingeht, die die Rechte der Arbeitnehmer achten und in Initiativen zur Verbesserung der L\u00f6hne und Arbeitsbedingungen in der Lieferkette investieren. Die Ger\u00e4te des Unternehmens sind die einzigen, die im ifixit-Repairability-Score die Note 10 von 10 erhalten haben.<\/p>\n<\/div><\/div>\n\n\n\n<div class=\"wp-block-media-text has-media-on-the-right is-stacked-on-mobile\" style=\"grid-template-columns:auto 20%\"><div class=\"wp-block-media-text__content\">\n<p>Unser franz\u00f6sischer Partner \u201eCoque en Bois\u201c engagiert sich aktiv f\u00fcr einen <a href=\"https:\/\/www.coque-en-bois.fr\/pages\/notre-histoire\">sozial verantwortlichen Ansatz<\/a>. Mit ihren Smartphone-H\u00fcllen wollen sie die Grunds\u00e4tze der Kreislaufwirtschaft unterst\u00fctzen und das franz\u00f6sische Know-how f\u00f6rdern. Die Zusammenarbeit mit franz\u00f6sischen Partnern ist ihnen ein besonderes Anliegen.<\/p>\n<\/div><figure class=\"wp-block-media-text__media\"><img loading=\"lazy\" decoding=\"async\" width=\"1024\" height=\"1024\" src=\"https:\/\/iode.tech\/wp-content\/uploads\/2025\/02\/coque-en-bois-1024x1024.jpg\" alt=\"\" class=\"wp-image-35618 size-full\" srcset=\"https:\/\/iode.tech\/wp-content\/uploads\/2025\/02\/coque-en-bois-1024x1024.jpg 1024w, https:\/\/iode.tech\/wp-content\/uploads\/2025\/02\/coque-en-bois-300x300.jpg 300w, https:\/\/iode.tech\/wp-content\/uploads\/2025\/02\/coque-en-bois-150x150.jpg 150w, https:\/\/iode.tech\/wp-content\/uploads\/2025\/02\/coque-en-bois-768x768.jpg 768w, https:\/\/iode.tech\/wp-content\/uploads\/2025\/02\/coque-en-bois-1536x1536.jpg 1536w, https:\/\/iode.tech\/wp-content\/uploads\/2025\/02\/coque-en-bois.jpg 1952w\" sizes=\"auto, (max-width: 1024px) 100vw, 1024px\" \/><\/figure><\/div>\n\n\n\n<div class=\"wp-block-media-text is-stacked-on-mobile\" style=\"grid-template-columns:20% auto\"><figure class=\"wp-block-media-text__media\"><img loading=\"lazy\" decoding=\"async\" width=\"567\" height=\"425\" src=\"https:\/\/iode.tech\/wp-content\/uploads\/2025\/02\/Logo-laposte.png\" alt=\"\" class=\"wp-image-35615 size-full\" srcset=\"https:\/\/iode.tech\/wp-content\/uploads\/2025\/02\/Logo-laposte.png 567w, https:\/\/iode.tech\/wp-content\/uploads\/2025\/02\/Logo-laposte-300x225.png 300w\" sizes=\"auto, (max-width: 567px) 100vw, 567px\" \/><\/figure><div class=\"wp-block-media-text__content\">\n<p>Seit \u00fcber 20 Jahren engagiert sich La Poste, unser franz\u00f6sischer Zustellpartner, f\u00fcr die <a href=\"https:\/\/www.laposte.fr\/agir-pour-la-planete\">Reduzierung der Umweltauswirkungen<\/a>, von der Verpackung bis zu den Zustelll\u00f6sungen.<\/p>\n<\/div><\/div>\n\n\n\n<div class=\"wp-block-media-text has-media-on-the-right is-stacked-on-mobile\" style=\"grid-template-columns:auto 20%\"><div class=\"wp-block-media-text__content\">\n<p>Die beste Ressourcennutzung f\u00fcr den Bau von Smartphones ist das Ger\u00e4t, das bereits existiert! Die strengen Bewertungsstandards von Dipli und die transparente Ger\u00e4tehistorie stellen sicher, dass wir zuverl\u00e4ssige Hardware erhalten, so dass wir eine einj\u00e4hrige Garantie auf alle unsere wiederaufbereiteten Smartphones und Tablets geben k\u00f6nnen. Durch die Nutzung von Dipli k\u00f6nnen wir unser Engagement f\u00fcr Nachhaltigkeit verst\u00e4rken, da ihr Fokus auf die Kreislaufwirtschaft nahtlos mit unserer Vision \u00fcbereinstimmt, Elektroschrott zu reduzieren und umweltfreundliche Technologiel\u00f6sungen zu f\u00f6rdern.<\/p>\n<\/div><figure class=\"wp-block-media-text__media\"><img loading=\"lazy\" decoding=\"async\" width=\"225\" height=\"225\" src=\"https:\/\/iode.tech\/wp-content\/uploads\/2025\/02\/dipli.jpg\" alt=\"\" class=\"wp-image-35758 size-full\" srcset=\"https:\/\/iode.tech\/wp-content\/uploads\/2025\/02\/dipli.jpg 225w, https:\/\/iode.tech\/wp-content\/uploads\/2025\/02\/dipli-150x150.jpg 150w\" sizes=\"auto, (max-width: 225px) 100vw, 225px\" \/><\/figure><\/div>\n\n\n\n<p><br><\/p>\n\n\n\n<div class=\"wp-block-media-text is-stacked-on-mobile\" style=\"grid-template-columns:18% auto\"><figure class=\"wp-block-media-text__media\"><img loading=\"lazy\" decoding=\"async\" width=\"940\" height=\"940\" src=\"https:\/\/iode.tech\/wp-content\/uploads\/2025\/02\/setup-your-ovh-cloud.webp\" alt=\"\" class=\"wp-image-35755 size-full\" srcset=\"https:\/\/iode.tech\/wp-content\/uploads\/2025\/02\/setup-your-ovh-cloud.webp 940w, https:\/\/iode.tech\/wp-content\/uploads\/2025\/02\/setup-your-ovh-cloud-300x300.webp 300w, https:\/\/iode.tech\/wp-content\/uploads\/2025\/02\/setup-your-ovh-cloud-150x150.webp 150w, https:\/\/iode.tech\/wp-content\/uploads\/2025\/02\/setup-your-ovh-cloud-768x768.webp 768w\" sizes=\"auto, (max-width: 940px) 100vw, 940px\" \/><\/figure><div class=\"wp-block-media-text__content\">\n<p>Wir hosten den Code auf unserer eigenen <a href=\"https:\/\/about.gitlab.com\/environmental-social-governance\/\">Gitlab-Instanz<\/a> bei <a href=\"https:\/\/corporate.ovhcloud.com\/en\/sustainability\/environment\/\">OVHCloud<\/a> in Frankreich. OVH trifft alle notwendigen Vorkehrungen, um die Sicherheit und Vertraulichkeit der verarbeiteten personenbezogenen <a href=\"https:\/\/www.ovhcloud.com\/en-gb\/personal-data-protection\/security\/\">Daten<\/a> zu gew\u00e4hrleisten und zu verhindern, dass sie besch\u00e4digt werden oder Dritte darauf zugreifen k\u00f6nnen. Hier kannst du mehr dar\u00fcber lesen.<\/p>\n<\/div><\/div>\n\n\n\n<div style=\"height:100px\" aria-hidden=\"true\" class=\"wp-block-spacer\"><\/div>\n\n\n\n<div class=\"wp-block-media-text is-stacked-on-mobile\" style=\"grid-template-columns:40% auto\"><figure class=\"wp-block-media-text__media\"><img loading=\"lazy\" decoding=\"async\" width=\"1024\" height=\"930\" src=\"https:\/\/iode.tech\/wp-content\/uploads\/2025\/03\/undraw_sharing-knowledge_pu0e-1024x930.png\" alt=\"\" class=\"wp-image-36368 size-full\" srcset=\"https:\/\/iode.tech\/wp-content\/uploads\/2025\/03\/undraw_sharing-knowledge_pu0e-1024x930.png 1024w, https:\/\/iode.tech\/wp-content\/uploads\/2025\/03\/undraw_sharing-knowledge_pu0e-300x272.png 300w, https:\/\/iode.tech\/wp-content\/uploads\/2025\/03\/undraw_sharing-knowledge_pu0e-768x698.png 768w, https:\/\/iode.tech\/wp-content\/uploads\/2025\/03\/undraw_sharing-knowledge_pu0e.png 1166w\" sizes=\"auto, (max-width: 1024px) 100vw, 1024px\" \/><\/figure><div class=\"wp-block-media-text__content\">\n<h3 class=\"wp-block-heading\">Werde Partner<\/h3>\n\n\n\n<p>Egal, ob du ein Wiederverk\u00e4ufer, ein Hersteller, ein Influencer oder ein Medienhaus sind, das f\u00fcr iod\u00e9 werben m\u00f6chte, nimm gerne Kontakt mit uns auf!<br><\/p>\n\n\n<div class=\"gb-container gb-container-51de98c5\">\n\n<div class=\"wp-block-columns are-vertically-aligned-center is-layout-flex wp-container-core-columns-is-layout-9d6595d7 wp-block-columns-is-layout-flex\">\n<div class=\"wp-block-column is-vertically-aligned-center is-layout-flow wp-block-column-is-layout-flow\" style=\"flex-basis:100%\">\n<a class=\"gb-button gb-button-194544af gb-button-text\" href=\"mailto:partnerships@iode.tech\">Kontakt aufnehmen<\/a>\n<\/div>\n<\/div>\n\n<\/div><\/div><\/div>\n","protected":false},"excerpt":{"rendered":"<p>Brax-Telefone sind unsere neueste Erg\u00e4nzung. Wir haben uns f\u00fcr die Zusammenarbeit mit Braxtech und Lunr entschieden, um Ger\u00e4te herauszubringen, bei denen der Datenschutz an erster Stelle steht. W\u00e4hrend die meisten Hersteller Standard-Android mit all den Problemen, die Google mit sich bringt, in das Betriebssystem einbauen, ist Braxtech der erste Hersteller, der seine Telefone von Grund &#8230; <a title=\"Partner\" class=\"read-more\" href=\"https:\/\/iode.tech\/de\/partner-unternehmen\/\" aria-label=\"Mehr Informationen \u00fcber Partner\">Weiterlesen &#8230;<\/a><\/p>\n","protected":false},"author":2,"featured_media":0,"parent":0,"menu_order":0,"comment_status":"closed","ping_status":"closed","template":"","meta":{"footnotes":""},"class_list":["post-36378","page","type-page","status-publish"],"yoast_head":"<!-- This site is optimized with the Yoast SEO plugin v27.3 - https:\/\/yoast.com\/product\/yoast-seo-wordpress\/ -->\n<title>Partner - iod\u00e9<\/title>\n<meta name=\"description\" content=\"Bei iod\u00e9 arbeiten wir mit den richtigen Partnern zusammen, die dieselben Werte teilen und f\u00f6rdern wie wir selbst.\" \/>\n<meta name=\"robots\" content=\"index, follow, max-snippet:-1, max-image-preview:large, max-video-preview:-1\" \/>\n<link rel=\"canonical\" href=\"https:\/\/iode.tech\/de\/partner-unternehmen\/\" \/>\n<meta property=\"og:locale\" content=\"de_DE\" \/>\n<meta property=\"og:type\" content=\"article\" \/>\n<meta property=\"og:title\" content=\"Partner - iod\u00e9\" \/>\n<meta property=\"og:description\" content=\"Bei iod\u00e9 arbeiten wir mit den richtigen Partnern zusammen, die dieselben Werte teilen und f\u00f6rdern wie wir selbst.\" \/>\n<meta property=\"og:url\" content=\"https:\/\/iode.tech\/de\/partner-unternehmen\/\" \/>\n<meta property=\"og:site_name\" content=\"iod\u00e9\" \/>\n<meta property=\"article:modified_time\" content=\"2025-03-28T09:02:50+00:00\" \/>\n<meta property=\"og:image\" content=\"https:\/\/iode.tech\/wp-content\/uploads\/2025\/02\/brax-1.png\" \/>\n\t<meta property=\"og:image:width\" content=\"380\" \/>\n\t<meta property=\"og:image:height\" content=\"230\" \/>\n\t<meta property=\"og:image:type\" content=\"image\/png\" \/>\n<meta name=\"twitter:card\" content=\"summary_large_image\" \/>\n<meta name=\"twitter:label1\" content=\"Gesch\u00e4tzte Lesezeit\" \/>\n\t<meta name=\"twitter:data1\" content=\"4\u00a0Minuten\" \/>\n<script type=\"application\/ld+json\" class=\"yoast-schema-graph\">{\"@context\":\"https:\\\/\\\/schema.org\",\"@graph\":[{\"@type\":\"WebPage\",\"@id\":\"https:\\\/\\\/iode.tech\\\/de\\\/partner-unternehmen\\\/\",\"url\":\"https:\\\/\\\/iode.tech\\\/de\\\/partner-unternehmen\\\/\",\"name\":\"Partner - iod\u00e9\",\"isPartOf\":{\"@id\":\"https:\\\/\\\/iode.tech\\\/fr\\\/#website\"},\"primaryImageOfPage\":{\"@id\":\"https:\\\/\\\/iode.tech\\\/de\\\/partner-unternehmen\\\/#primaryimage\"},\"image\":{\"@id\":\"https:\\\/\\\/iode.tech\\\/de\\\/partner-unternehmen\\\/#primaryimage\"},\"thumbnailUrl\":\"https:\\\/\\\/iode.tech\\\/wp-content\\\/uploads\\\/2025\\\/02\\\/brax-1.png\",\"datePublished\":\"2025-02-11T10:33:06+00:00\",\"dateModified\":\"2025-03-28T09:02:50+00:00\",\"description\":\"Bei iod\u00e9 arbeiten wir mit den richtigen Partnern zusammen, die dieselben Werte teilen und f\u00f6rdern wie wir selbst.\",\"breadcrumb\":{\"@id\":\"https:\\\/\\\/iode.tech\\\/de\\\/partner-unternehmen\\\/#breadcrumb\"},\"inLanguage\":\"de\",\"potentialAction\":[{\"@type\":\"ReadAction\",\"target\":[\"https:\\\/\\\/iode.tech\\\/de\\\/partner-unternehmen\\\/\"]}]},{\"@type\":\"ImageObject\",\"inLanguage\":\"de\",\"@id\":\"https:\\\/\\\/iode.tech\\\/de\\\/partner-unternehmen\\\/#primaryimage\",\"url\":\"https:\\\/\\\/iode.tech\\\/wp-content\\\/uploads\\\/2025\\\/02\\\/brax-1.png\",\"contentUrl\":\"https:\\\/\\\/iode.tech\\\/wp-content\\\/uploads\\\/2025\\\/02\\\/brax-1.png\"},{\"@type\":\"BreadcrumbList\",\"@id\":\"https:\\\/\\\/iode.tech\\\/de\\\/partner-unternehmen\\\/#breadcrumb\",\"itemListElement\":[{\"@type\":\"ListItem\",\"position\":1,\"name\":\"Accueil\",\"item\":\"https:\\\/\\\/iode.tech\\\/de\\\/\"},{\"@type\":\"ListItem\",\"position\":2,\"name\":\"Partner\"}]},{\"@type\":\"WebSite\",\"@id\":\"https:\\\/\\\/iode.tech\\\/fr\\\/#website\",\"url\":\"https:\\\/\\\/iode.tech\\\/fr\\\/\",\"name\":\"iod\u00e9\",\"description\":\"Sei smarter als dein Telefon.\",\"publisher\":{\"@id\":\"https:\\\/\\\/iode.tech\\\/fr\\\/#organization\"},\"potentialAction\":[{\"@type\":\"SearchAction\",\"target\":{\"@type\":\"EntryPoint\",\"urlTemplate\":\"https:\\\/\\\/iode.tech\\\/fr\\\/?s={search_term_string}\"},\"query-input\":{\"@type\":\"PropertyValueSpecification\",\"valueRequired\":true,\"valueName\":\"search_term_string\"}}],\"inLanguage\":\"de\"},{\"@type\":\"Organization\",\"@id\":\"https:\\\/\\\/iode.tech\\\/fr\\\/#organization\",\"name\":\"iod\u00e9\",\"url\":\"https:\\\/\\\/iode.tech\\\/fr\\\/\",\"logo\":{\"@type\":\"ImageObject\",\"inLanguage\":\"de\",\"@id\":\"https:\\\/\\\/iode.tech\\\/fr\\\/#\\\/schema\\\/logo\\\/image\\\/\",\"url\":\"https:\\\/\\\/iode.tech\\\/wp-content\\\/uploads\\\/2024\\\/06\\\/logo_iode_white_367x134.png\",\"contentUrl\":\"https:\\\/\\\/iode.tech\\\/wp-content\\\/uploads\\\/2024\\\/06\\\/logo_iode_white_367x134.png\",\"width\":367,\"height\":134,\"caption\":\"iod\u00e9\"},\"image\":{\"@id\":\"https:\\\/\\\/iode.tech\\\/fr\\\/#\\\/schema\\\/logo\\\/image\\\/\"}}]}<\/script>\n<!-- \/ Yoast SEO plugin. -->","yoast_head_json":{"title":"Partner - iod\u00e9","description":"Bei iod\u00e9 arbeiten wir mit den richtigen Partnern zusammen, die dieselben Werte teilen und f\u00f6rdern wie wir selbst.","robots":{"index":"index","follow":"follow","max-snippet":"max-snippet:-1","max-image-preview":"max-image-preview:large","max-video-preview":"max-video-preview:-1"},"canonical":"https:\/\/iode.tech\/de\/partner-unternehmen\/","og_locale":"de_DE","og_type":"article","og_title":"Partner - iod\u00e9","og_description":"Bei iod\u00e9 arbeiten wir mit den richtigen Partnern zusammen, die dieselben Werte teilen und f\u00f6rdern wie wir selbst.","og_url":"https:\/\/iode.tech\/de\/partner-unternehmen\/","og_site_name":"iod\u00e9","article_modified_time":"2025-03-28T09:02:50+00:00","og_image":[{"width":380,"height":230,"url":"https:\/\/iode.tech\/wp-content\/uploads\/2025\/02\/brax-1.png","type":"image\/png"}],"twitter_card":"summary_large_image","twitter_misc":{"Gesch\u00e4tzte Lesezeit":"4\u00a0Minuten"},"schema":{"@context":"https:\/\/schema.org","@graph":[{"@type":"WebPage","@id":"https:\/\/iode.tech\/de\/partner-unternehmen\/","url":"https:\/\/iode.tech\/de\/partner-unternehmen\/","name":"Partner - iod\u00e9","isPartOf":{"@id":"https:\/\/iode.tech\/fr\/#website"},"primaryImageOfPage":{"@id":"https:\/\/iode.tech\/de\/partner-unternehmen\/#primaryimage"},"image":{"@id":"https:\/\/iode.tech\/de\/partner-unternehmen\/#primaryimage"},"thumbnailUrl":"https:\/\/iode.tech\/wp-content\/uploads\/2025\/02\/brax-1.png","datePublished":"2025-02-11T10:33:06+00:00","dateModified":"2025-03-28T09:02:50+00:00","description":"Bei iod\u00e9 arbeiten wir mit den richtigen Partnern zusammen, die dieselben Werte teilen und f\u00f6rdern wie wir selbst.","breadcrumb":{"@id":"https:\/\/iode.tech\/de\/partner-unternehmen\/#breadcrumb"},"inLanguage":"de","potentialAction":[{"@type":"ReadAction","target":["https:\/\/iode.tech\/de\/partner-unternehmen\/"]}]},{"@type":"ImageObject","inLanguage":"de","@id":"https:\/\/iode.tech\/de\/partner-unternehmen\/#primaryimage","url":"https:\/\/iode.tech\/wp-content\/uploads\/2025\/02\/brax-1.png","contentUrl":"https:\/\/iode.tech\/wp-content\/uploads\/2025\/02\/brax-1.png"},{"@type":"BreadcrumbList","@id":"https:\/\/iode.tech\/de\/partner-unternehmen\/#breadcrumb","itemListElement":[{"@type":"ListItem","position":1,"name":"Accueil","item":"https:\/\/iode.tech\/de\/"},{"@type":"ListItem","position":2,"name":"Partner"}]},{"@type":"WebSite","@id":"https:\/\/iode.tech\/fr\/#website","url":"https:\/\/iode.tech\/fr\/","name":"iod\u00e9","description":"Sei smarter als dein Telefon.","publisher":{"@id":"https:\/\/iode.tech\/fr\/#organization"},"potentialAction":[{"@type":"SearchAction","target":{"@type":"EntryPoint","urlTemplate":"https:\/\/iode.tech\/fr\/?s={search_term_string}"},"query-input":{"@type":"PropertyValueSpecification","valueRequired":true,"valueName":"search_term_string"}}],"inLanguage":"de"},{"@type":"Organization","@id":"https:\/\/iode.tech\/fr\/#organization","name":"iod\u00e9","url":"https:\/\/iode.tech\/fr\/","logo":{"@type":"ImageObject","inLanguage":"de","@id":"https:\/\/iode.tech\/fr\/#\/schema\/logo\/image\/","url":"https:\/\/iode.tech\/wp-content\/uploads\/2024\/06\/logo_iode_white_367x134.png","contentUrl":"https:\/\/iode.tech\/wp-content\/uploads\/2024\/06\/logo_iode_white_367x134.png","width":367,"height":134,"caption":"iod\u00e9"},"image":{"@id":"https:\/\/iode.tech\/fr\/#\/schema\/logo\/image\/"}}]}},"_links":{"self":[{"href":"https:\/\/iode.tech\/de\/wp-json\/wp\/v2\/pages\/36378","targetHints":{"allow":["GET"]}}],"collection":[{"href":"https:\/\/iode.tech\/de\/wp-json\/wp\/v2\/pages"}],"about":[{"href":"https:\/\/iode.tech\/de\/wp-json\/wp\/v2\/types\/page"}],"author":[{"embeddable":true,"href":"https:\/\/iode.tech\/de\/wp-json\/wp\/v2\/users\/2"}],"replies":[{"embeddable":true,"href":"https:\/\/iode.tech\/de\/wp-json\/wp\/v2\/comments?post=36378"}],"version-history":[{"count":5,"href":"https:\/\/iode.tech\/de\/wp-json\/wp\/v2\/pages\/36378\/revisions"}],"predecessor-version":[{"id":36388,"href":"https:\/\/iode.tech\/de\/wp-json\/wp\/v2\/pages\/36378\/revisions\/36388"}],"wp:attachment":[{"href":"https:\/\/iode.tech\/de\/wp-json\/wp\/v2\/media?parent=36378"}],"curies":[{"name":"wp","href":"https:\/\/api.w.org\/{rel}","templated":true}]}}