{"id":35939,"date":"2025-02-04T10:19:06","date_gmt":"2025-02-04T09:19:06","guid":{"rendered":"https:\/\/iode.tech\/smartphones-and-tablets\/"},"modified":"2025-03-20T12:52:56","modified_gmt":"2025-03-20T11:52:56","slug":"smartphones-und-tablets","status":"publish","type":"page","link":"https:\/\/iode.tech\/de\/smartphones-und-tablets\/","title":{"rendered":"iod\u00e9 smartphones und tablets"},"content":{"rendered":"\n<p>Ethik und Umweltschutz liegen uns sehr am Herzen. Die Lieferkette in der Technologiebranche ist alles andere als unproblematisch: Konfliktmetalle, Giftm\u00fcll, schreckliche Arbeitsbedingungen, ganz zu schweigen von der kurzen Lebensdauer der meisten Ger\u00e4te aufgrund geplanter Obsoleszenz. Und obwohl iod\u00e9OS in erster Linie zur L\u00f6sung des Datenschutzproblems geschaffen wurde, wollen wir, dass Ger\u00e4te l\u00e4nger halten, als vom Hersteller vorgesehen, und wo immer m\u00f6glich zu einer ethischen Herstellung beitragen. Wir arbeiten, wenn es geht, mit lokalen Akteuren und ethischen Herstellern zusammen, die sich f\u00fcr faire Arbeitsbedingungen einsetzen und ein hohes Ma\u00df an Reparierbarkeit der von uns verkauften Ger\u00e4te anstreben.<\/p>\n\n\n\n<h2 class=\"wp-block-heading\">Neue smartphones<\/h2>\n\n\n\n<div class=\"wp-block-columns is-layout-flex wp-container-core-columns-is-layout-9d6595d7 wp-block-columns-is-layout-flex\">\n<div class=\"wp-block-column is-layout-flow wp-block-column-is-layout-flow\"><div class=\"wp-block-image\">\n<figure class=\"aligncenter size-full is-resized\"><img loading=\"lazy\" decoding=\"async\" width=\"249\" height=\"249\" src=\"https:\/\/iode.tech\/wp-content\/uploads\/2025\/02\/tool.png\" alt=\"\" class=\"wp-image-35830\" style=\"width:auto;height:80px\" srcset=\"https:\/\/iode.tech\/wp-content\/uploads\/2025\/02\/tool.png 249w, https:\/\/iode.tech\/wp-content\/uploads\/2025\/02\/tool-150x150.png 150w\" sizes=\"auto, (max-width: 249px) 100vw, 249px\" \/><\/figure>\n<\/div>\n\n\n<div style=\"height:20px\" aria-hidden=\"true\" class=\"wp-block-spacer\"><\/div>\n\n\n\n<h5 class=\"gb-headline gb-headline-b7351dab gb-headline-text\">Modulares &amp; reparaturf\u00e4higes design<\/h5>\n\n\n\n<p class=\"has-text-align-center\">Unsere neuen iod\u00e9-Smartphones zeichnen sich durch ihre modulare Bauweise aus, die den einfachen Austausch von Komponenten, wie z. B. des Akkus, erm\u00f6glicht. In Verbindung mit einer verl\u00e4ngerten Garantie wird ihre Lebensdauer verl\u00e4ngert.<\/p>\n<\/div>\n\n\n\n<div class=\"wp-block-column is-layout-flow wp-block-column-is-layout-flow\"><div class=\"wp-block-image\">\n<figure class=\"aligncenter size-full is-resized\"><img loading=\"lazy\" decoding=\"async\" width=\"266\" height=\"226\" src=\"https:\/\/iode.tech\/wp-content\/uploads\/2025\/02\/fair.png\" alt=\"\" class=\"wp-image-35834\" style=\"width:auto;height:80px\"\/><\/figure>\n<\/div>\n\n\n<div style=\"height:20px\" aria-hidden=\"true\" class=\"wp-block-spacer\"><\/div>\n\n\n\n<h5 class=\"gb-headline gb-headline-e0a1683d gb-headline-text\">Fair Trade Produktion<\/h5>\n\n\n\n<p class=\"has-text-align-center\">Die Hersteller unserer neuen Smartphones setzen faire Handelspraktiken in der Lieferkette ein.<\/p>\n<\/div>\n\n\n\n<div class=\"wp-block-column is-layout-flow wp-block-column-is-layout-flow\"><div class=\"wp-block-image\">\n<figure class=\"aligncenter size-full is-resized\"><img loading=\"lazy\" decoding=\"async\" width=\"251\" height=\"243\" src=\"https:\/\/iode.tech\/wp-content\/uploads\/2025\/02\/recycled.png\" alt=\"\" class=\"wp-image-35837\" style=\"width:auto;height:80px\"\/><\/figure>\n<\/div>\n\n\n<div style=\"height:20px\" aria-hidden=\"true\" class=\"wp-block-spacer\"><\/div>\n\n\n\n<h5 class=\"gb-headline gb-headline-59522453 gb-headline-text\">Recycelte Materialien<\/h5>\n\n\n\n<p class=\"has-text-align-center\">Unsere neuen Smartphones werden teilweise aus umweltfreundlichen Materialien wie recyceltem Kunststoff hergestellt.<\/p>\n<\/div>\n<\/div>\n\n\n\n<p>Wir bei iod\u00e9 haben eine ethische Entscheidung getroffen, um mit Smartphone-Herstellern zusammenzuarbeiten. Du kannst im Folgenden mehr \u00fcber die sozialen und \u00f6kologischen Ma\u00dfnahmen von <a href=\"https:\/\/www.fairphone.com\/wp-content\/uploads\/2024\/06\/Fairphone-2023-Impact-Report-.pdf\">Fairphone<\/a>, <a href=\"https:\/\/www.shift.eco\/en\/impact\/\">Shift <\/a>und <a href=\"https:\/\/myteracube.com\/pages\/about-new\">Teracube<\/a> lesen.<\/p>\n\n\n<div class=\"gb-container gb-container-f17f3bc7\">\n\n<div class=\"wp-block-columns are-vertically-aligned-center is-layout-flex wp-container-core-columns-is-layout-9d6595d7 wp-block-columns-is-layout-flex\">\n<div class=\"wp-block-column is-vertically-aligned-center is-layout-flow wp-block-column-is-layout-flow\" style=\"flex-basis:100%\"><\/div>\n<\/div>\n\n<\/div>\n\n\n<h2 class=\"wp-block-heading\">Wiederaufbereitete Smartphones und Tablets<\/h2>\n\n\n\n<div class=\"wp-block-columns is-layout-flex wp-container-core-columns-is-layout-9d6595d7 wp-block-columns-is-layout-flex\">\n<div class=\"wp-block-column is-layout-flow wp-block-column-is-layout-flow\"><div class=\"wp-block-image\">\n<figure class=\"aligncenter size-full is-resized\"><img loading=\"lazy\" decoding=\"async\" width=\"238\" height=\"287\" src=\"https:\/\/iode.tech\/wp-content\/uploads\/2025\/02\/location.png\" alt=\"\" class=\"wp-image-35841\" style=\"width:auto;height:80px\"\/><\/figure>\n<\/div>\n\n\n<div style=\"height:20px\" aria-hidden=\"true\" class=\"wp-block-spacer\"><\/div>\n\n\n\n<h5 class=\"gb-headline gb-headline-7bd14ff1 gb-headline-text\">General\u00fcberholt in Europa<\/h5>\n\n\n\n<p class=\"has-text-align-center\">Unsere general\u00fcberholten Smartphones werden von professionellen Partnerunternehmen general\u00fcberholt. Wir beziehen unsere Ger\u00e4te nur in Europa.<\/p>\n<\/div>\n\n\n\n<div class=\"wp-block-column is-layout-flow wp-block-column-is-layout-flow\"><div class=\"wp-block-image\">\n<figure class=\"aligncenter size-full is-resized\"><img loading=\"lazy\" decoding=\"async\" width=\"247\" height=\"317\" src=\"https:\/\/iode.tech\/wp-content\/uploads\/2025\/02\/control-points.png\" alt=\"\" class=\"wp-image-35845\" style=\"width:auto;height:80px\" srcset=\"https:\/\/iode.tech\/wp-content\/uploads\/2025\/02\/control-points.png 247w, https:\/\/iode.tech\/wp-content\/uploads\/2025\/02\/control-points-234x300.png 234w\" sizes=\"auto, (max-width: 247px) 100vw, 247px\" \/><\/figure>\n<\/div>\n\n\n<div style=\"height:20px\" aria-hidden=\"true\" class=\"wp-block-spacer\"><\/div>\n\n\n\n<h5 class=\"gb-headline gb-headline-ab7302f6 gb-headline-text\">40+ Kontrollpunkte<\/h5>\n\n\n\n<p class=\"has-text-align-center\">Die Ger\u00e4te werden an \u00fcber 40 Pr\u00fcfpunkten getestet.<\/p>\n\n\n\n<p class=\"has-text-align-center\">Die Tests sind auf jede Marke und jedes Modell abgestimmt und werden mit professionellen Ger\u00e4ten und Werkzeugen durchgef\u00fchrt.<\/p>\n<\/div>\n\n\n\n<div class=\"wp-block-column is-layout-flow wp-block-column-is-layout-flow\"><div class=\"wp-block-image\">\n<figure class=\"aligncenter size-full is-resized\"><img loading=\"lazy\" decoding=\"async\" width=\"196\" height=\"322\" src=\"https:\/\/iode.tech\/wp-content\/uploads\/2025\/02\/battery.png\" alt=\"\" class=\"wp-image-35848\" style=\"width:auto;height:80px\" srcset=\"https:\/\/iode.tech\/wp-content\/uploads\/2025\/02\/battery.png 196w, https:\/\/iode.tech\/wp-content\/uploads\/2025\/02\/battery-183x300.png 183w\" sizes=\"auto, (max-width: 196px) 100vw, 196px\" \/><\/figure>\n<\/div>\n\n\n<div style=\"height:20px\" aria-hidden=\"true\" class=\"wp-block-spacer\"><\/div>\n\n\n\n<h5 class=\"gb-headline gb-headline-6efb464d gb-headline-text\">Zertifizierte Akkulaufzeit<\/h5>\n\n\n\n<p class=\"has-text-align-center\">Die Batterie ist einer der wichtigsten zu \u00fcberpr\u00fcfenden Punkte. Sie wird durch eine neue ersetzt, wenn ihr Ladezustand weniger als 80 % betr\u00e4gt.<\/p>\n<\/div>\n<\/div>\n\n\n\n<p>Seit unseren Anf\u00e4ngen im Jahr 2021 haben wir unser Angebot an general\u00fcberholten Ger\u00e4ten (Handys und Tablets) kontinuierlich erweitert. Wir bieten mehr als 40 general\u00fcberholte Modelle von vielen Marken wie Google, Motorola, OnePlus, Samsung, Sony und Xiaomi an.<\/p>\n\n\n<div class=\"gb-container gb-container-51de98c5\">\n\n<div class=\"wp-block-columns are-vertically-aligned-center is-layout-flex wp-container-core-columns-is-layout-9d6595d7 wp-block-columns-is-layout-flex\">\n<div class=\"wp-block-column is-vertically-aligned-center is-layout-flow wp-block-column-is-layout-flow\" style=\"flex-basis:100%\">\n<a class=\"gb-button gb-button-194544af gb-button-text\" href=\"https:\/\/shop.iode.tech\/de\/\">Besuche unseren Shop<\/a>\n<\/div>\n<\/div>\n\n<\/div>\n\n\n<details class=\"wp-block-details is-layout-flow wp-block-details-is-layout-flow\"><summary>Wo kann man iod\u00e9 Smartphones kaufen?<\/summary>\n<p><a href=\"https:\/\/shop.iode.tech\/de\/product\/software-de\/iodeos-premium\/?switch-subscription=22495&amp;item=5105&amp;_wcsnonce=2700de81e6&amp;auto-switch=true\">iod\u00e9OS Premium<\/a> ist auf der ganzen Welt erh\u00e4ltlich.<br>Wir liefern iod\u00e9-Smartphones in die Europ\u00e4ische Union (EU) sowie in die folgenden L\u00e4nder in Europa: Schweiz, Norwegen, Vereinigtes K\u00f6nigreich (UK)<\/p>\n<\/details>\n\n\n\n<details class=\"wp-block-details is-layout-flow wp-block-details-is-layout-flow\"><summary>Was bedeutet \u201eZertifizierte Akkulaufzeit\u201c?<\/summary>\n<p>Unsere europ\u00e4ischen Refurbisher-Partner f\u00fchren Hardware-Tests an mehr als 40 Kontrollpunkten durch, darunter auch der Akku. Die Testverfahren werden f\u00fcr jede Marke und jedes Modell mit vom Smartphone-Hersteller zertifizierten Werkzeugen angepasst.<\/p>\n\n\n\n<p>Der Akku hat eine Mindestkapazit\u00e4t von 80 %, mit maximal 700 Ladezyklen. Alle unsere iod\u00e9-Ger\u00e4te werden getestet und sind zu 100 % funktionsf\u00e4hig, unabh\u00e4ngig von ihrer \u00e4sthetischen Qualit\u00e4t.<\/p>\n<\/details>\n\n\n\n<details class=\"wp-block-details is-layout-flow wp-block-details-is-layout-flow\"><summary>Worin besteht der Unterschied zwischen den verschiedenen \u00e4sthetischen Graden?<\/summary>\n<p>Unsere wiederaufbereiteten Handys und Tablets von iod\u00e9 werden in 2 \u00e4sthetischen Graden angeboten: A und B. Bevor die Unterschiede zwischen den beiden Klassen erkl\u00e4rt werden, ist darauf hinzuweisen, dass die \u00e4sthetische Bewertung eines Telefons erst nach seiner Wiederaufbereitung erfolgt. Das bedeutet, dass das Telefon unabh\u00e4ngig von seiner Qualit\u00e4t zu <strong>100 % funktionsf\u00e4hig<\/strong> ist.<\/p>\n\n\n\n<p>Grad A: Ger\u00e4t in gutem Zustand. Es weist Mikrokratzer auf dem Geh\u00e4use oder dem Bildschirm auf, die nicht sichtbar sind, wenn es eingeschaltet ist.<\/p>\n\n\n\n<p>Grad B: Ger\u00e4t mit st\u00e4rkeren Kratzern. Sie haben keine Auswirkung auf die Nutzung des Telefons.<\/p>\n<\/details>\n\n\n\n<details class=\"wp-block-details is-layout-flow wp-block-details-is-layout-flow\"><summary>Wie lang ist die Garantiezeit f\u00fcr die Hardware?<\/summary>\n<p>Das h\u00e4ngt vom jeweiligen Modell ab. Unsere general\u00fcberholten iod\u00e9-Telefone werden mit einer 1-Jahres-Garantie geliefert, w\u00e4hrend die Garantie f\u00fcr neue iod\u00e9-Modelle verl\u00e4ngert wird:<\/p>\n\n\n\n<ul class=\"wp-block-list\">\n<li>Shift6mq wird mit einer 2-j\u00e4hrigen Garantie geliefert <strong>\u2713<\/strong><\/li>\n\n\n\n<li>Fairphone 4 und 5 mit 5 Jahren Garantie <strong>\u2713<\/strong><\/li>\n<\/ul>\n\n\n\n<p>Diese Garantiezeit unterscheidet sich von der f\u00fcr Software-Updates (weitere Informationen findest du in den FAQs unter \u201eWie lang ist die Garantiezeit f\u00fcr Software-Updates?\u201c).<\/p>\n<\/details>\n\n\n\n<details class=\"wp-block-details is-layout-flow wp-block-details-is-layout-flow\"><summary>Wie kann ich ein iod\u00e9 Smartphone bestellen?<\/summary>\n<p>iod\u00e9 Smartphones sind online \u00fcber unseren <a href=\"https:\/\/shop.iode.tech\/de\/\">Online Shop<\/a> erh\u00e4ltlich. Du kannst mit Kreditkarte, Paypal, Sofort\u00fcberweisung und sogar mit Kryptow\u00e4hrungen bezahlen.<\/p>\n\n\n\n<p>Du kannst auch ein iod\u00e9 Smartphone bei \u201eL&#8217;atelier du Smartphone\u201c, einem lokalen Gesch\u00e4ft in Toulouse, Frankreich, oder bei \u201eProxystore\u201c in Leipzig, Deutschland, kaufen.<\/p>\n\n\n\n<p>F\u00fcr <a href=\"https:\/\/iode.tech\/de\/organisationen\/\">Organisationen<\/a> k\u00f6nnen Sie per Bank\u00fcberweisung bestellen. Besuchen Sie unsere Seite und setzen Sie sich mit uns in Verbindung.<\/p>\n<\/details>\n\n\n\n<details class=\"wp-block-details is-layout-flow wp-block-details-is-layout-flow\"><summary>Kann ich ein iod\u00e9-Telefon f\u00fcr mein Kind kaufen?<\/summary>\n<p>Ja!<\/p>\n\n\n\n<p>iod\u00e9OS verf\u00fcgt \u00fcber spezielle Funktionen, um Jugendliche vor Spionage zu sch\u00fctzen: Dazu geh\u00f6ren Passwortschutz, Inhalte f\u00fcr Erwachsene und Netzsperren. Wir haben hier <a href=\"https:\/\/blog.iode.tech\/de\/wie-du-deine-kinder-davor-schuetzt-auf-dem-smartphone-ausspioniert-zu-werden\/\">einen Artikel<\/a> dar\u00fcber geschrieben und <a href=\"https:\/\/blog.iode.tech\/de\/wie-du-ein-iode-smartphone-einrichtest-um-dein-kind-zu-schuetzen\/\">beschreiben hier<\/a> die Einrichtung eines iod\u00e9-Handys f\u00fcr Kinder.<\/p>\n<\/details>\n","protected":false},"excerpt":{"rendered":"<p>Ethik und Umweltschutz liegen uns sehr am Herzen. Die Lieferkette in der Technologiebranche ist alles andere als unproblematisch: Konfliktmetalle, Giftm\u00fcll, schreckliche Arbeitsbedingungen, ganz zu schweigen von der kurzen Lebensdauer der meisten Ger\u00e4te aufgrund geplanter Obsoleszenz. Und obwohl iod\u00e9OS in erster Linie zur L\u00f6sung des Datenschutzproblems geschaffen wurde, wollen wir, dass Ger\u00e4te l\u00e4nger halten, als vom &#8230; <a title=\"iod\u00e9 smartphones und tablets\" class=\"read-more\" href=\"https:\/\/iode.tech\/de\/smartphones-und-tablets\/\" aria-label=\"Mehr Informationen \u00fcber iod\u00e9 smartphones und tablets\">Weiterlesen &#8230;<\/a><\/p>\n","protected":false},"author":5,"featured_media":0,"parent":0,"menu_order":0,"comment_status":"closed","ping_status":"closed","template":"","meta":{"footnotes":""},"class_list":["post-35939","page","type-page","status-publish"],"yoast_head":"<!-- This site is optimized with the Yoast SEO plugin v27.4 - https:\/\/yoast.com\/product\/yoast-seo-wordpress\/ -->\n<title>iod\u00e9 smartphones und tablets - iod\u00e9<\/title>\n<meta name=\"robots\" content=\"index, follow, max-snippet:-1, max-image-preview:large, max-video-preview:-1\" \/>\n<link rel=\"canonical\" href=\"https:\/\/iode.tech\/de\/smartphones-und-tablets\/\" \/>\n<meta property=\"og:locale\" content=\"de_DE\" \/>\n<meta property=\"og:type\" content=\"article\" \/>\n<meta property=\"og:title\" content=\"iod\u00e9 smartphones und tablets - iod\u00e9\" \/>\n<meta property=\"og:description\" content=\"Ethik und Umweltschutz liegen uns sehr am Herzen. Die Lieferkette in der Technologiebranche ist alles andere als unproblematisch: Konfliktmetalle, Giftm\u00fcll, schreckliche Arbeitsbedingungen, ganz zu schweigen von der kurzen Lebensdauer der meisten Ger\u00e4te aufgrund geplanter Obsoleszenz. Und obwohl iod\u00e9OS in erster Linie zur L\u00f6sung des Datenschutzproblems geschaffen wurde, wollen wir, dass Ger\u00e4te l\u00e4nger halten, als vom ... Weiterlesen ...\" \/>\n<meta property=\"og:url\" content=\"https:\/\/iode.tech\/de\/smartphones-und-tablets\/\" \/>\n<meta property=\"og:site_name\" content=\"iod\u00e9\" \/>\n<meta property=\"article:modified_time\" content=\"2025-03-20T11:52:56+00:00\" \/>\n<meta property=\"og:image\" content=\"https:\/\/iode.tech\/wp-content\/uploads\/2025\/02\/tool.png\" \/>\n\t<meta property=\"og:image:width\" content=\"249\" \/>\n\t<meta property=\"og:image:height\" content=\"249\" \/>\n\t<meta property=\"og:image:type\" content=\"image\/png\" \/>\n<meta name=\"twitter:card\" content=\"summary_large_image\" \/>\n<meta name=\"twitter:label1\" content=\"Gesch\u00e4tzte Lesezeit\" \/>\n\t<meta name=\"twitter:data1\" content=\"5\u00a0Minuten\" \/>\n<script type=\"application\/ld+json\" class=\"yoast-schema-graph\">{\"@context\":\"https:\\\/\\\/schema.org\",\"@graph\":[{\"@type\":\"WebPage\",\"@id\":\"https:\\\/\\\/iode.tech\\\/de\\\/smartphones-und-tablets\\\/\",\"url\":\"https:\\\/\\\/iode.tech\\\/de\\\/smartphones-und-tablets\\\/\",\"name\":\"iod\u00e9 smartphones und tablets - iod\u00e9\",\"isPartOf\":{\"@id\":\"https:\\\/\\\/iode.tech\\\/fr\\\/#website\"},\"primaryImageOfPage\":{\"@id\":\"https:\\\/\\\/iode.tech\\\/de\\\/smartphones-und-tablets\\\/#primaryimage\"},\"image\":{\"@id\":\"https:\\\/\\\/iode.tech\\\/de\\\/smartphones-und-tablets\\\/#primaryimage\"},\"thumbnailUrl\":\"https:\\\/\\\/iode.tech\\\/wp-content\\\/uploads\\\/2025\\\/02\\\/tool.png\",\"datePublished\":\"2025-02-04T09:19:06+00:00\",\"dateModified\":\"2025-03-20T11:52:56+00:00\",\"breadcrumb\":{\"@id\":\"https:\\\/\\\/iode.tech\\\/de\\\/smartphones-und-tablets\\\/#breadcrumb\"},\"inLanguage\":\"de\",\"potentialAction\":[{\"@type\":\"ReadAction\",\"target\":[\"https:\\\/\\\/iode.tech\\\/de\\\/smartphones-und-tablets\\\/\"]}]},{\"@type\":\"ImageObject\",\"inLanguage\":\"de\",\"@id\":\"https:\\\/\\\/iode.tech\\\/de\\\/smartphones-und-tablets\\\/#primaryimage\",\"url\":\"https:\\\/\\\/iode.tech\\\/wp-content\\\/uploads\\\/2025\\\/02\\\/tool.png\",\"contentUrl\":\"https:\\\/\\\/iode.tech\\\/wp-content\\\/uploads\\\/2025\\\/02\\\/tool.png\"},{\"@type\":\"BreadcrumbList\",\"@id\":\"https:\\\/\\\/iode.tech\\\/de\\\/smartphones-und-tablets\\\/#breadcrumb\",\"itemListElement\":[{\"@type\":\"ListItem\",\"position\":1,\"name\":\"Accueil\",\"item\":\"https:\\\/\\\/iode.tech\\\/de\\\/\"},{\"@type\":\"ListItem\",\"position\":2,\"name\":\"iod\u00e9 smartphones und tablets\"}]},{\"@type\":\"WebSite\",\"@id\":\"https:\\\/\\\/iode.tech\\\/fr\\\/#website\",\"url\":\"https:\\\/\\\/iode.tech\\\/fr\\\/\",\"name\":\"iod\u00e9\",\"description\":\"Sei smarter als dein Telefon.\",\"publisher\":{\"@id\":\"https:\\\/\\\/iode.tech\\\/fr\\\/#organization\"},\"potentialAction\":[{\"@type\":\"SearchAction\",\"target\":{\"@type\":\"EntryPoint\",\"urlTemplate\":\"https:\\\/\\\/iode.tech\\\/fr\\\/?s={search_term_string}\"},\"query-input\":{\"@type\":\"PropertyValueSpecification\",\"valueRequired\":true,\"valueName\":\"search_term_string\"}}],\"inLanguage\":\"de\"},{\"@type\":\"Organization\",\"@id\":\"https:\\\/\\\/iode.tech\\\/fr\\\/#organization\",\"name\":\"iod\u00e9\",\"url\":\"https:\\\/\\\/iode.tech\\\/fr\\\/\",\"logo\":{\"@type\":\"ImageObject\",\"inLanguage\":\"de\",\"@id\":\"https:\\\/\\\/iode.tech\\\/fr\\\/#\\\/schema\\\/logo\\\/image\\\/\",\"url\":\"https:\\\/\\\/iode.tech\\\/wp-content\\\/uploads\\\/2024\\\/06\\\/logo_iode_white_367x134.png\",\"contentUrl\":\"https:\\\/\\\/iode.tech\\\/wp-content\\\/uploads\\\/2024\\\/06\\\/logo_iode_white_367x134.png\",\"width\":367,\"height\":134,\"caption\":\"iod\u00e9\"},\"image\":{\"@id\":\"https:\\\/\\\/iode.tech\\\/fr\\\/#\\\/schema\\\/logo\\\/image\\\/\"}}]}<\/script>\n<!-- \/ Yoast SEO plugin. -->","yoast_head_json":{"title":"iod\u00e9 smartphones und tablets - iod\u00e9","robots":{"index":"index","follow":"follow","max-snippet":"max-snippet:-1","max-image-preview":"max-image-preview:large","max-video-preview":"max-video-preview:-1"},"canonical":"https:\/\/iode.tech\/de\/smartphones-und-tablets\/","og_locale":"de_DE","og_type":"article","og_title":"iod\u00e9 smartphones und tablets - iod\u00e9","og_description":"Ethik und Umweltschutz liegen uns sehr am Herzen. Die Lieferkette in der Technologiebranche ist alles andere als unproblematisch: Konfliktmetalle, Giftm\u00fcll, schreckliche Arbeitsbedingungen, ganz zu schweigen von der kurzen Lebensdauer der meisten Ger\u00e4te aufgrund geplanter Obsoleszenz. Und obwohl iod\u00e9OS in erster Linie zur L\u00f6sung des Datenschutzproblems geschaffen wurde, wollen wir, dass Ger\u00e4te l\u00e4nger halten, als vom ... Weiterlesen ...","og_url":"https:\/\/iode.tech\/de\/smartphones-und-tablets\/","og_site_name":"iod\u00e9","article_modified_time":"2025-03-20T11:52:56+00:00","og_image":[{"width":249,"height":249,"url":"https:\/\/iode.tech\/wp-content\/uploads\/2025\/02\/tool.png","type":"image\/png"}],"twitter_card":"summary_large_image","twitter_misc":{"Gesch\u00e4tzte Lesezeit":"5\u00a0Minuten"},"schema":{"@context":"https:\/\/schema.org","@graph":[{"@type":"WebPage","@id":"https:\/\/iode.tech\/de\/smartphones-und-tablets\/","url":"https:\/\/iode.tech\/de\/smartphones-und-tablets\/","name":"iod\u00e9 smartphones und tablets - iod\u00e9","isPartOf":{"@id":"https:\/\/iode.tech\/fr\/#website"},"primaryImageOfPage":{"@id":"https:\/\/iode.tech\/de\/smartphones-und-tablets\/#primaryimage"},"image":{"@id":"https:\/\/iode.tech\/de\/smartphones-und-tablets\/#primaryimage"},"thumbnailUrl":"https:\/\/iode.tech\/wp-content\/uploads\/2025\/02\/tool.png","datePublished":"2025-02-04T09:19:06+00:00","dateModified":"2025-03-20T11:52:56+00:00","breadcrumb":{"@id":"https:\/\/iode.tech\/de\/smartphones-und-tablets\/#breadcrumb"},"inLanguage":"de","potentialAction":[{"@type":"ReadAction","target":["https:\/\/iode.tech\/de\/smartphones-und-tablets\/"]}]},{"@type":"ImageObject","inLanguage":"de","@id":"https:\/\/iode.tech\/de\/smartphones-und-tablets\/#primaryimage","url":"https:\/\/iode.tech\/wp-content\/uploads\/2025\/02\/tool.png","contentUrl":"https:\/\/iode.tech\/wp-content\/uploads\/2025\/02\/tool.png"},{"@type":"BreadcrumbList","@id":"https:\/\/iode.tech\/de\/smartphones-und-tablets\/#breadcrumb","itemListElement":[{"@type":"ListItem","position":1,"name":"Accueil","item":"https:\/\/iode.tech\/de\/"},{"@type":"ListItem","position":2,"name":"iod\u00e9 smartphones und tablets"}]},{"@type":"WebSite","@id":"https:\/\/iode.tech\/fr\/#website","url":"https:\/\/iode.tech\/fr\/","name":"iod\u00e9","description":"Sei smarter als dein Telefon.","publisher":{"@id":"https:\/\/iode.tech\/fr\/#organization"},"potentialAction":[{"@type":"SearchAction","target":{"@type":"EntryPoint","urlTemplate":"https:\/\/iode.tech\/fr\/?s={search_term_string}"},"query-input":{"@type":"PropertyValueSpecification","valueRequired":true,"valueName":"search_term_string"}}],"inLanguage":"de"},{"@type":"Organization","@id":"https:\/\/iode.tech\/fr\/#organization","name":"iod\u00e9","url":"https:\/\/iode.tech\/fr\/","logo":{"@type":"ImageObject","inLanguage":"de","@id":"https:\/\/iode.tech\/fr\/#\/schema\/logo\/image\/","url":"https:\/\/iode.tech\/wp-content\/uploads\/2024\/06\/logo_iode_white_367x134.png","contentUrl":"https:\/\/iode.tech\/wp-content\/uploads\/2024\/06\/logo_iode_white_367x134.png","width":367,"height":134,"caption":"iod\u00e9"},"image":{"@id":"https:\/\/iode.tech\/fr\/#\/schema\/logo\/image\/"}}]}},"_links":{"self":[{"href":"https:\/\/iode.tech\/de\/wp-json\/wp\/v2\/pages\/35939","targetHints":{"allow":["GET"]}}],"collection":[{"href":"https:\/\/iode.tech\/de\/wp-json\/wp\/v2\/pages"}],"about":[{"href":"https:\/\/iode.tech\/de\/wp-json\/wp\/v2\/types\/page"}],"author":[{"embeddable":true,"href":"https:\/\/iode.tech\/de\/wp-json\/wp\/v2\/users\/5"}],"replies":[{"embeddable":true,"href":"https:\/\/iode.tech\/de\/wp-json\/wp\/v2\/comments?post=35939"}],"version-history":[{"count":2,"href":"https:\/\/iode.tech\/de\/wp-json\/wp\/v2\/pages\/35939\/revisions"}],"predecessor-version":[{"id":36348,"href":"https:\/\/iode.tech\/de\/wp-json\/wp\/v2\/pages\/35939\/revisions\/36348"}],"wp:attachment":[{"href":"https:\/\/iode.tech\/de\/wp-json\/wp\/v2\/media?parent=35939"}],"curies":[{"name":"wp","href":"https:\/\/api.w.org\/{rel}","templated":true}]}}