{"id":35372,"date":"2024-12-20T18:31:17","date_gmt":"2024-12-20T17:31:17","guid":{"rendered":"https:\/\/iode.tech\/?page_id=35372"},"modified":"2024-12-20T19:09:23","modified_gmt":"2024-12-20T18:09:23","slug":"geschenkgutscheine","status":"publish","type":"page","link":"https:\/\/iode.tech\/de\/geschenkgutscheine\/","title":{"rendered":"Geschenkgutscheine"},"content":{"rendered":"\n<h2 class=\"wp-block-heading has-text-align-center\">Verschenke Privatsph\u00e4re mit iod\u00e9 Geschenkgutscheinen<\/h2>\n\n\n\n<p class=\"has-text-align-center\">Du kannst zwischen Geschenkgutscheinen f\u00fcr Premium-Abos, Premium-Familienabos und Rabattcodes f\u00fcr Smartphones w\u00e4hlen.<\/p>\n\n\n<div class=\"gb-container gb-container-35d0b95c alignwide\">\n\n<div class=\"wp-block-columns alignwide is-layout-flex wp-container-core-columns-is-layout-829b1d53 wp-block-columns-is-layout-flex\" style=\"margin-bottom:0\">\n<div class=\"wp-block-column has-base-background-color has-text-color has-background has-link-color wp-elements-d866ac93e5090c37096807f35b95254c is-layout-flow wp-block-column-is-layout-flow\" style=\"color:#000000;padding-top:2em;padding-right:2em;padding-bottom:2em;padding-left:2em\">\n<figure class=\"wp-block-image size-full\"><img decoding=\"async\" src=\"https:\/\/shop.iode.tech\/wp-content\/uploads\/2023\/07\/iodeos_premium.png\" alt=\"iod\u00e9OS premium\" class=\"wp-image-25111\"\/><\/figure>\n\n\n\n<p><\/p>\n\n\n\n<p class=\"has-normal-font-size\" style=\"line-height:1.5\"><strong>Verschenke ein <\/strong><br><strong>iod\u00e9OS Premium <\/strong><br><strong>Abonnement<\/strong><\/p>\n\n\n\n<hr class=\"wp-block-separator has-text-color has-css-opacity has-background is-style-wide\" style=\"background-color:#000000;color:#000000\"\/>\n\n\n\n<ul class=\"wp-block-list has-normal-font-size\">\n<li>Google-frei<\/li>\n\n\n\n<li>Over-The-Air Sicherheitsupdates<\/li>\n\n\n\n<li>Privatsph\u00e4refreundliche vorinstallierte Apps<\/li>\n\n\n\n<li>Deinstallierbare Apps<\/li>\n\n\n\n<li>Standard Werbeblocker<\/li>\n\n\n\n<li>Verst\u00e4rkter Werbeblocker<\/li>\n\n\n\n<li>Blocker f\u00fcr Erwachsenen-Inhalte<\/li>\n\n\n\n<li>Blocker f\u00fcr soziale Medien<\/li>\n\n\n\n<li>Benutzerdefiniertes Blockieren und Backup Funktion<\/li>\n\n\n\n<li>Bis zu 2 Ger\u00e4te gleichzeitig verbinden<\/li>\n<\/ul>\n\n\n\n<div style=\"height:9px\" aria-hidden=\"true\" class=\"wp-block-spacer\"><\/div>\n\n\n\n<div class=\"wp-block-buttons is-vertical is-content-justification-center is-layout-flex wp-container-core-buttons-is-layout-9a7cdcfd wp-block-buttons-is-layout-flex\">\n<div class=\"wp-block-button has-custom-width wp-block-button__width-100 is-style-outline is-style-outline--1\"><a class=\"wp-block-button__link has-base-3-color has-accent-2-background-color has-text-color has-background wp-element-button\" href=\"https:\/\/iode.tech\/de\/geschenkgutscheine\/#kaufen\" style=\"border-radius:10px\">Verschenke 6 Monate f\u00fcr 24\u20ac<\/a><\/div>\n<\/div>\n<\/div>\n\n\n\n<div class=\"wp-block-column has-base-background-color has-text-color has-background has-link-color wp-elements-e5096a5cbc6f836226ae124ca8d82692 is-layout-flow wp-block-column-is-layout-flow\" style=\"color:#000000;padding-top:2em;padding-right:2em;padding-bottom:2em;padding-left:2em\">\n<figure class=\"wp-block-image size-full\"><img decoding=\"async\" src=\"https:\/\/shop.iode.tech\/wp-content\/uploads\/2023\/07\/iodeos-premium-family-EN.png\" alt=\"iod\u00e9OS premium family\" class=\"wp-image-25107\"\/><\/figure>\n\n\n\n<p><\/p>\n\n\n\n<p class=\"has-normal-font-size\" style=\"line-height:1.5\"><strong><strong><strong>Verschenke ein iod\u00e9OS Premium Familie Abonnement<\/strong><\/strong><\/strong><\/p>\n\n\n\n<hr class=\"wp-block-separator has-css-opacity is-style-wide\"\/>\n\n\n\n<ul class=\"wp-block-list has-normal-font-size\">\n<li>Google-frei<\/li>\n\n\n\n<li>Over-The-Air Sicherheitsupdates<\/li>\n\n\n\n<li>Privatsph\u00e4refreundliche vorinstallierte Apps<\/li>\n\n\n\n<li>Deinstallierbare Apps<\/li>\n\n\n\n<li>Standard Werbeblocker<\/li>\n\n\n\n<li>Verst\u00e4rkter Werbeblocker<\/li>\n\n\n\n<li>Blocker f\u00fcr Erwachsenen-Inhalte<\/li>\n\n\n\n<li>Blocker f\u00fcr soziale Medien<\/li>\n\n\n\n<li>Benutzerdefiniertes Blockieren und Backup Funktion<\/li>\n\n\n\n<li>Bis zu 6 Ger\u00e4te gleichzeitig verbinden<\/li>\n<\/ul>\n\n\n\n<div style=\"height:9px\" aria-hidden=\"true\" class=\"wp-block-spacer\"><\/div>\n\n\n\n<div class=\"wp-block-buttons is-horizontal is-content-justification-center is-layout-flex wp-container-core-buttons-is-layout-937ffba9 wp-block-buttons-is-layout-flex\">\n<div class=\"wp-block-button has-custom-width wp-block-button__width-100 is-style-outline is-style-outline--2\"><a class=\"wp-block-button__link has-white-color has-accent-2-background-color has-text-color has-background wp-element-button\" href=\"https:\/\/iode.tech\/de\/geschenkgutscheine\/#kaufen\" style=\"border-radius:10px\">Verschenke 6 Monate f\u00fcr 42\u20ac<\/a><\/div>\n<\/div>\n<\/div>\n\n\n\n<div class=\"wp-block-column has-base-background-color has-text-color has-background has-link-color wp-elements-69f4536c1cf47be7fa5130f76e16c681 is-layout-flow wp-block-column-is-layout-flow\" style=\"color:#000000;padding-top:2em;padding-right:2em;padding-bottom:2em;padding-left:2em\">\n<figure class=\"wp-block-image size-full\"><img decoding=\"async\" src=\"https:\/\/shop.iode.tech\/wp-content\/uploads\/2023\/09\/FP5-iode-1000x1000-1.png\" alt=\"iod\u00e9 Fairphone 5\" class=\"wp-image-26876\"\/><\/figure>\n\n\n\n<p><\/p>\n\n\n\n<p class=\"has-normal-font-size\"><strong><strong><strong>Verschenke einen Rabatt auf eine Smartphone-Bestellung<\/strong><\/strong><\/strong><\/p>\n\n\n\n<hr class=\"wp-block-separator has-css-opacity is-style-wide\"\/>\n\n\n\n<ul class=\"wp-block-list has-normal-font-size\">\n<li>W\u00e4hle aus \u00fcber 30 Telefonmodellen<\/li>\n\n\n\n<li>neue und general\u00fcberholte Ger\u00e4te<\/li>\n\n\n\n<li>iod\u00e9OS vorinstalliert<\/li>\n\n\n\n<li>Google-frei<\/li>\n\n\n\n<li>Over-The-Air Sicherheitsupdates<\/li>\n\n\n\n<li>Datenschutzfreundliche vorinstallierte Apps<\/li>\n\n\n\n<li>Deinstallierbare Apps<\/li>\n\n\n\n<li>Standardm\u00e4\u00dfiger Schutz vor Werbeblockern<\/li>\n<\/ul>\n\n\n\n<div style=\"height:153px\" aria-hidden=\"true\" class=\"wp-block-spacer\"><\/div>\n\n\n\n<div class=\"wp-block-buttons is-horizontal is-content-justification-center is-layout-flex wp-container-core-buttons-is-layout-499968f5 wp-block-buttons-is-layout-flex\">\n<div class=\"wp-block-button has-custom-width wp-block-button__width-100 is-style-outline is-style-outline--3\"><a class=\"wp-block-button__link has-white-color has-accent-2-background-color has-text-color has-background wp-element-button\" href=\"https:\/\/iode.tech\/de\/geschenkgutscheine\/#kaufen\" style=\"border-radius:10px\">Verschenke einen 40\u20ac Rabatt<\/a><\/div>\n<\/div>\n<\/div>\n<\/div>\n\n\n\n<div style=\"height:22px\" aria-hidden=\"true\" class=\"wp-block-spacer\"><\/div>\n\n\n\n<p class=\"has-text-align-center\">Oder<\/p>\n\n\n\n<div class=\"wp-block-buttons is-vertical is-content-justification-center is-layout-flex wp-container-core-buttons-is-layout-9a7cdcfd wp-block-buttons-is-layout-flex\">\n<div class=\"wp-block-button has-custom-width wp-block-button__width-50 is-style-outline is-style-outline--4\"><a class=\"wp-block-button__link has-base-3-color has-accent-2-background-color has-text-color has-background wp-element-button\" href=\"https:\/\/iode.tech\/de\/geschenkgutscheine\/#kaufen\" style=\"border-radius:10px\">Gestalte dein eigenes Geschenk<\/a><\/div>\n<\/div>\n\n<\/div>\n\n\n<h2 class=\"wp-block-heading has-text-align-center\" id=\"kaufen\">Und so funktioniert es:<\/h2>\n\n\n\n<p class=\"has-text-align-center\">Sobald du dich f\u00fcr einen Geschenkgutschein entschieden hast, spende mit einer der folgenden Zahlungsarten. Schreib uns au\u00dferdem eine E-Mail mit dem gezahlten Betrag. Sobald die Zahlung bei uns eingegangen ist, senden wir dir einen einmaligen Code, den der Beschenkte in unserem Shop einl\u00f6sen kann.<\/p>\n\n\n<div class=\"gb-container gb-container-e91f0320 alignwide\">\n<div class=\"gb-grid-wrapper gb-grid-wrapper-49d34d53\">\n<div class=\"gb-grid-column gb-grid-column-fcead7e4\"><div class=\"gb-container gb-container-fcead7e4\"><\/div><\/div>\n\n<div class=\"gb-grid-column gb-grid-column-38d85d5e\"><div class=\"gb-container gb-container-38d85d5e\">\n\n<p><\/p>\n\n\n\n<div class=\"wp-block-buttons is-layout-flex wp-block-buttons-is-layout-flex\">\n<div class=\"wp-block-button background-color: var(--accent-1)\"><a class=\"wp-block-button__link has-accent-background-color has-background wp-element-button\" href=\"https:\/\/www.paypal.com\/donate\/?hosted_button_id=LNTT4WFSCZQH2\" style=\"border-radius:22px\">Zahlen via Paypal<\/a><\/div>\n<\/div>\n\n\n\n<p><\/p>\n\n\n\n<div class=\"wp-block-buttons is-layout-flex wp-block-buttons-is-layout-flex\">\n<div class=\"wp-block-button background-color: var(--accent-2)\"><a class=\"wp-block-button__link has-accent-2-background-color has-background wp-element-button\" href=\"https:\/\/buy.stripe.com\/eVa165fpg8Cn7w4fYY\" style=\"border-radius:22px\">Zahlen via Stripe<\/a><\/div>\n<\/div>\n\n\n\n<p><\/p>\n\n\n\n<div class=\"wp-block-buttons is-layout-flex wp-block-buttons-is-layout-flex\">\n<div class=\"wp-block-button background-color: var(--accent-2)\"><a class=\"wp-block-button__link has-accent-3-background-color has-background wp-element-button\" href=\"https:\/\/commerce.coinbase.com\/checkout\/ca2e5c42-d2a1-41dc-ae48-175a05a035d6\" style=\"border-radius:22px\">Zahlen via Kryptow\u00e4hrungen<\/a><\/div>\n<\/div>\n\n\n\n<p><\/p>\n\n\n\n<div class=\"wp-block-group details is-nowrap is-layout-flex wp-container-core-group-is-layout-ad2f72ca wp-block-group-is-layout-flex\">\n<details class=\"wp-block-details is-layout-flow wp-block-details-is-layout-flow\"><summary>Zahlen via Bank\u00fcberweisung<\/summary>\n<p>iod\u00e9 technologies<strong><br>IBAN: <\/strong>FR76 1807 9313 9502 9572 4594 147<br><strong>BIC\/SWIFT: <\/strong>CCDFFRPPXXX<\/p>\n<\/details>\n<\/div>\n\n\n\n<p><\/p>\n\n<\/div><\/div>\n\n<div class=\"gb-grid-column gb-grid-column-011dc67f\"><div class=\"gb-container gb-container-011dc67f\"><\/div><\/div>\n<\/div>\n<\/div>","protected":false},"excerpt":{"rendered":"<p>Verschenke Privatsph\u00e4re mit iod\u00e9 Geschenkgutscheinen Du kannst zwischen Geschenkgutscheinen f\u00fcr Premium-Abos, Premium-Familienabos und Rabattcodes f\u00fcr Smartphones w\u00e4hlen. Verschenke ein iod\u00e9OS Premium Abonnement Verschenke ein iod\u00e9OS Premium Familie Abonnement Verschenke einen Rabatt auf eine Smartphone-Bestellung Oder Und so funktioniert es: Sobald du dich f\u00fcr einen Geschenkgutschein entschieden hast, spende mit einer der folgenden Zahlungsarten. Schreib uns &#8230; <a title=\"Geschenkgutscheine\" class=\"read-more\" href=\"https:\/\/iode.tech\/de\/geschenkgutscheine\/\" aria-label=\"Mehr Informationen \u00fcber Geschenkgutscheine\">Weiterlesen &#8230;<\/a><\/p>\n","protected":false},"author":2,"featured_media":0,"parent":0,"menu_order":0,"comment_status":"closed","ping_status":"closed","template":"","meta":{"footnotes":""},"class_list":["post-35372","page","type-page","status-publish"],"yoast_head":"<!-- This site is optimized with the Yoast SEO plugin v27.3 - https:\/\/yoast.com\/product\/yoast-seo-wordpress\/ -->\n<title>Geschenkgutscheine - iod\u00e9<\/title>\n<meta name=\"description\" content=\"Verschenke Privatsph\u00e4re mit iod\u00e9 Geschenkgutscheinen. W\u00e4hle zwischen Premium-Abos, Premium-Familienabos und Rabattcodes f\u00fcr Smartphones.\" \/>\n<meta name=\"robots\" content=\"index, follow, max-snippet:-1, max-image-preview:large, max-video-preview:-1\" \/>\n<link rel=\"canonical\" href=\"https:\/\/iode.tech\/gift-cards\/\" \/>\n<meta property=\"og:locale\" content=\"de_DE\" \/>\n<meta property=\"og:type\" content=\"article\" \/>\n<meta property=\"og:title\" content=\"Geschenkgutscheine - iod\u00e9\" \/>\n<meta property=\"og:description\" content=\"Verschenke Privatsph\u00e4re mit iod\u00e9 Geschenkgutscheinen. W\u00e4hle zwischen Premium-Abos, Premium-Familienabos und Rabattcodes f\u00fcr Smartphones.\" \/>\n<meta property=\"og:url\" content=\"https:\/\/iode.tech\/gift-cards\/\" \/>\n<meta property=\"og:site_name\" content=\"iod\u00e9\" \/>\n<meta property=\"article:modified_time\" content=\"2024-12-20T18:09:23+00:00\" \/>\n<meta property=\"og:image\" content=\"https:\/\/shop.iode.tech\/wp-content\/uploads\/2023\/07\/iodeos_premium.png\" \/>\n<meta name=\"twitter:card\" content=\"summary_large_image\" \/>\n<meta name=\"twitter:label1\" content=\"Gesch\u00e4tzte Lesezeit\" \/>\n\t<meta name=\"twitter:data1\" content=\"2\u00a0Minuten\" \/>\n<script type=\"application\/ld+json\" class=\"yoast-schema-graph\">{\"@context\":\"https:\\\/\\\/schema.org\",\"@graph\":[{\"@type\":\"WebPage\",\"@id\":\"https:\\\/\\\/iode.tech\\\/gift-cards\\\/\",\"url\":\"https:\\\/\\\/iode.tech\\\/gift-cards\\\/\",\"name\":\"Geschenkgutscheine - iod\u00e9\",\"isPartOf\":{\"@id\":\"https:\\\/\\\/iode.tech\\\/fr\\\/#website\"},\"primaryImageOfPage\":{\"@id\":\"https:\\\/\\\/iode.tech\\\/gift-cards\\\/#primaryimage\"},\"image\":{\"@id\":\"https:\\\/\\\/iode.tech\\\/gift-cards\\\/#primaryimage\"},\"thumbnailUrl\":\"https:\\\/\\\/shop.iode.tech\\\/wp-content\\\/uploads\\\/2023\\\/07\\\/iodeos_premium.png\",\"datePublished\":\"2024-12-20T17:31:17+00:00\",\"dateModified\":\"2024-12-20T18:09:23+00:00\",\"description\":\"Verschenke Privatsph\u00e4re mit iod\u00e9 Geschenkgutscheinen. W\u00e4hle zwischen Premium-Abos, Premium-Familienabos und Rabattcodes f\u00fcr Smartphones.\",\"breadcrumb\":{\"@id\":\"https:\\\/\\\/iode.tech\\\/gift-cards\\\/#breadcrumb\"},\"inLanguage\":\"de\",\"potentialAction\":[{\"@type\":\"ReadAction\",\"target\":[\"https:\\\/\\\/iode.tech\\\/gift-cards\\\/\"]}]},{\"@type\":\"ImageObject\",\"inLanguage\":\"de\",\"@id\":\"https:\\\/\\\/iode.tech\\\/gift-cards\\\/#primaryimage\",\"url\":\"https:\\\/\\\/shop.iode.tech\\\/wp-content\\\/uploads\\\/2023\\\/07\\\/iodeos_premium.png\",\"contentUrl\":\"https:\\\/\\\/shop.iode.tech\\\/wp-content\\\/uploads\\\/2023\\\/07\\\/iodeos_premium.png\"},{\"@type\":\"BreadcrumbList\",\"@id\":\"https:\\\/\\\/iode.tech\\\/gift-cards\\\/#breadcrumb\",\"itemListElement\":[{\"@type\":\"ListItem\",\"position\":1,\"name\":\"Accueil\",\"item\":\"https:\\\/\\\/iode.tech\\\/de\\\/\"},{\"@type\":\"ListItem\",\"position\":2,\"name\":\"Geschenkgutscheine\"}]},{\"@type\":\"WebSite\",\"@id\":\"https:\\\/\\\/iode.tech\\\/fr\\\/#website\",\"url\":\"https:\\\/\\\/iode.tech\\\/fr\\\/\",\"name\":\"iod\u00e9\",\"description\":\"Sei smarter als dein Telefon.\",\"publisher\":{\"@id\":\"https:\\\/\\\/iode.tech\\\/fr\\\/#organization\"},\"potentialAction\":[{\"@type\":\"SearchAction\",\"target\":{\"@type\":\"EntryPoint\",\"urlTemplate\":\"https:\\\/\\\/iode.tech\\\/fr\\\/?s={search_term_string}\"},\"query-input\":{\"@type\":\"PropertyValueSpecification\",\"valueRequired\":true,\"valueName\":\"search_term_string\"}}],\"inLanguage\":\"de\"},{\"@type\":\"Organization\",\"@id\":\"https:\\\/\\\/iode.tech\\\/fr\\\/#organization\",\"name\":\"iod\u00e9\",\"url\":\"https:\\\/\\\/iode.tech\\\/fr\\\/\",\"logo\":{\"@type\":\"ImageObject\",\"inLanguage\":\"de\",\"@id\":\"https:\\\/\\\/iode.tech\\\/fr\\\/#\\\/schema\\\/logo\\\/image\\\/\",\"url\":\"https:\\\/\\\/iode.tech\\\/wp-content\\\/uploads\\\/2024\\\/06\\\/logo_iode_white_367x134.png\",\"contentUrl\":\"https:\\\/\\\/iode.tech\\\/wp-content\\\/uploads\\\/2024\\\/06\\\/logo_iode_white_367x134.png\",\"width\":367,\"height\":134,\"caption\":\"iod\u00e9\"},\"image\":{\"@id\":\"https:\\\/\\\/iode.tech\\\/fr\\\/#\\\/schema\\\/logo\\\/image\\\/\"}}]}<\/script>\n<!-- \/ Yoast SEO plugin. -->","yoast_head_json":{"title":"Geschenkgutscheine - iod\u00e9","description":"Verschenke Privatsph\u00e4re mit iod\u00e9 Geschenkgutscheinen. W\u00e4hle zwischen Premium-Abos, Premium-Familienabos und Rabattcodes f\u00fcr Smartphones.","robots":{"index":"index","follow":"follow","max-snippet":"max-snippet:-1","max-image-preview":"max-image-preview:large","max-video-preview":"max-video-preview:-1"},"canonical":"https:\/\/iode.tech\/gift-cards\/","og_locale":"de_DE","og_type":"article","og_title":"Geschenkgutscheine - iod\u00e9","og_description":"Verschenke Privatsph\u00e4re mit iod\u00e9 Geschenkgutscheinen. W\u00e4hle zwischen Premium-Abos, Premium-Familienabos und Rabattcodes f\u00fcr Smartphones.","og_url":"https:\/\/iode.tech\/gift-cards\/","og_site_name":"iod\u00e9","article_modified_time":"2024-12-20T18:09:23+00:00","og_image":[{"url":"https:\/\/shop.iode.tech\/wp-content\/uploads\/2023\/07\/iodeos_premium.png","type":"","width":"","height":""}],"twitter_card":"summary_large_image","twitter_misc":{"Gesch\u00e4tzte Lesezeit":"2\u00a0Minuten"},"schema":{"@context":"https:\/\/schema.org","@graph":[{"@type":"WebPage","@id":"https:\/\/iode.tech\/gift-cards\/","url":"https:\/\/iode.tech\/gift-cards\/","name":"Geschenkgutscheine - iod\u00e9","isPartOf":{"@id":"https:\/\/iode.tech\/fr\/#website"},"primaryImageOfPage":{"@id":"https:\/\/iode.tech\/gift-cards\/#primaryimage"},"image":{"@id":"https:\/\/iode.tech\/gift-cards\/#primaryimage"},"thumbnailUrl":"https:\/\/shop.iode.tech\/wp-content\/uploads\/2023\/07\/iodeos_premium.png","datePublished":"2024-12-20T17:31:17+00:00","dateModified":"2024-12-20T18:09:23+00:00","description":"Verschenke Privatsph\u00e4re mit iod\u00e9 Geschenkgutscheinen. W\u00e4hle zwischen Premium-Abos, Premium-Familienabos und Rabattcodes f\u00fcr Smartphones.","breadcrumb":{"@id":"https:\/\/iode.tech\/gift-cards\/#breadcrumb"},"inLanguage":"de","potentialAction":[{"@type":"ReadAction","target":["https:\/\/iode.tech\/gift-cards\/"]}]},{"@type":"ImageObject","inLanguage":"de","@id":"https:\/\/iode.tech\/gift-cards\/#primaryimage","url":"https:\/\/shop.iode.tech\/wp-content\/uploads\/2023\/07\/iodeos_premium.png","contentUrl":"https:\/\/shop.iode.tech\/wp-content\/uploads\/2023\/07\/iodeos_premium.png"},{"@type":"BreadcrumbList","@id":"https:\/\/iode.tech\/gift-cards\/#breadcrumb","itemListElement":[{"@type":"ListItem","position":1,"name":"Accueil","item":"https:\/\/iode.tech\/de\/"},{"@type":"ListItem","position":2,"name":"Geschenkgutscheine"}]},{"@type":"WebSite","@id":"https:\/\/iode.tech\/fr\/#website","url":"https:\/\/iode.tech\/fr\/","name":"iod\u00e9","description":"Sei smarter als dein Telefon.","publisher":{"@id":"https:\/\/iode.tech\/fr\/#organization"},"potentialAction":[{"@type":"SearchAction","target":{"@type":"EntryPoint","urlTemplate":"https:\/\/iode.tech\/fr\/?s={search_term_string}"},"query-input":{"@type":"PropertyValueSpecification","valueRequired":true,"valueName":"search_term_string"}}],"inLanguage":"de"},{"@type":"Organization","@id":"https:\/\/iode.tech\/fr\/#organization","name":"iod\u00e9","url":"https:\/\/iode.tech\/fr\/","logo":{"@type":"ImageObject","inLanguage":"de","@id":"https:\/\/iode.tech\/fr\/#\/schema\/logo\/image\/","url":"https:\/\/iode.tech\/wp-content\/uploads\/2024\/06\/logo_iode_white_367x134.png","contentUrl":"https:\/\/iode.tech\/wp-content\/uploads\/2024\/06\/logo_iode_white_367x134.png","width":367,"height":134,"caption":"iod\u00e9"},"image":{"@id":"https:\/\/iode.tech\/fr\/#\/schema\/logo\/image\/"}}]}},"_links":{"self":[{"href":"https:\/\/iode.tech\/de\/wp-json\/wp\/v2\/pages\/35372","targetHints":{"allow":["GET"]}}],"collection":[{"href":"https:\/\/iode.tech\/de\/wp-json\/wp\/v2\/pages"}],"about":[{"href":"https:\/\/iode.tech\/de\/wp-json\/wp\/v2\/types\/page"}],"author":[{"embeddable":true,"href":"https:\/\/iode.tech\/de\/wp-json\/wp\/v2\/users\/2"}],"replies":[{"embeddable":true,"href":"https:\/\/iode.tech\/de\/wp-json\/wp\/v2\/comments?post=35372"}],"version-history":[{"count":4,"href":"https:\/\/iode.tech\/de\/wp-json\/wp\/v2\/pages\/35372\/revisions"}],"predecessor-version":[{"id":35383,"href":"https:\/\/iode.tech\/de\/wp-json\/wp\/v2\/pages\/35372\/revisions\/35383"}],"wp:attachment":[{"href":"https:\/\/iode.tech\/de\/wp-json\/wp\/v2\/media?parent=35372"}],"curies":[{"name":"wp","href":"https:\/\/api.w.org\/{rel}","templated":true}]}}