{"id":34827,"date":"2024-07-11T10:49:13","date_gmt":"2024-07-11T08:49:13","guid":{"rendered":"https:\/\/iode.tech\/?page_id=34827"},"modified":"2024-11-13T13:32:05","modified_gmt":"2024-11-13T12:32:05","slug":"nachhaltigkeit","status":"publish","type":"page","link":"https:\/\/iode.tech\/de\/nachhaltigkeit\/","title":{"rendered":"Was macht iod\u00e9 nachhaltig?"},"content":{"rendered":"\n<p>Wir bei iod\u00e9 entwerfen und entwickeln nicht nur L\u00f6sungen zum Schutz deiner Online-Daten und Sicherheit, sondern arbeiten auch hart daran, unseren und deinen \u00f6kologischen Fu\u00dfabdruck zu verringern. Lass uns dir zeigen, was iod\u00e9 unternimmt, um w\u00e4hrend des gesamten Lebenszyklus eines von uns verkauften Ger\u00e4ts nachhaltiger zu sein.<\/p>\n\n\n\n<h2 class=\"wp-block-heading has-text-align-center\">Unsere Reise beginnt mit dem Betriebssystem selbst:<\/h2>\n\n\n\n<div class=\"wp-block-media-text is-stacked-on-mobile\" style=\"grid-template-columns:30% auto\"><figure class=\"wp-block-media-text__media\"><img loading=\"lazy\" decoding=\"async\" width=\"400\" height=\"400\" src=\"https:\/\/iode.tech\/wp-content\/uploads\/2024\/06\/iodeos-400x400-1.png\" alt=\"iod\u00e9OS\" class=\"wp-image-383 size-full\" srcset=\"https:\/\/iode.tech\/wp-content\/uploads\/2024\/06\/iodeos-400x400-1.png 400w, https:\/\/iode.tech\/wp-content\/uploads\/2024\/06\/iodeos-400x400-1-300x300.png 300w, https:\/\/iode.tech\/wp-content\/uploads\/2024\/06\/iodeos-400x400-1-150x150.png 150w\" sizes=\"auto, (max-width: 400px) 100vw, 400px\" \/><\/figure><div class=\"wp-block-media-text__content\">\n<p>iod\u00e9OS ist ein <a href=\"https:\/\/gitlab.iode.tech\/\">Open-Source-Betriebssystem<\/a> auf Android-Basis, das zum Schutz deiner pers\u00f6nlichen Daten entwickelt wurde. Wir hosten den Code auf unserer eigenen <a href=\"https:\/\/about.gitlab.com\/environmental-social-governance\/\">Gitlab-Instanz <\/a>bei <a href=\"https:\/\/corporate.ovhcloud.com\/de\/sustainability\/environment\/\" target=\"_blank\" rel=\"noreferrer noopener\">OVHCloud <\/a>in Frankreich. Unseren Code \u00f6ffentlich zug\u00e4nglich zu machen, ist einer der Kernwerte von iod\u00e9: Es ist nicht nur eine Garantie f\u00fcr Transparenz und Ethik &#8211; <a href=\"https:\/\/blog.iode.tech\/de\/wie-open-source-die-nachhaltigkeit-beeinflussen-kann\/\" target=\"_blank\" rel=\"noreferrer noopener\">Open Source ist auch nachhaltiger<\/a>.<\/p>\n\n\n\n<p>Fast alle Hersteller von Android-Telefonen f\u00fcllen das Standard-Betriebssystem mit Bloatware. Die meisten dieser Apps laufen im Hintergrund, auch wenn sie nicht erw\u00fcnscht sind, und k\u00f6nnen nicht deinstalliert werden. iod\u00e9OS ist ein leichtgewichtiges Betriebssystem, das nur <a href=\"https:\/\/blog.iode.tech\/de\/warum-du-die-freiheit-haben-solltest-vorinstallierte-apps-zu-deinstallieren-und-wie-du-dies-mit-iodeos-tun-kannst\/\" target=\"_blank\" rel=\"noreferrer noopener\">die Apps ausf\u00fchrt, die du ausw\u00e4hlst<\/a>. Systeme, die weniger Ressourcen verbrauchen, verbrauchen weniger Energie und weniger Akkuzyklen, was den \u00f6kologischen Fu\u00dfabdruck verringert und die Lebensdauer des Ger\u00e4ts verl\u00e4ngert.<\/p>\n<\/div><\/div>\n\n\n\n<h2 class=\"wp-block-heading has-text-align-center\">Ein ethisches Telefon, das du mit vorinstalliertem iod\u00e9OS bestellen kannst<\/h2>\n\n\n\n<div class=\"wp-block-media-text has-media-on-the-right is-stacked-on-mobile\" style=\"grid-template-columns:auto 30%\"><div class=\"wp-block-media-text__content\">\n<p>Wir arbeiten mit Herstellern und professionellen Refurbishern zusammen, die sich der Umwelt verpflichtet f\u00fchlen, um <a href=\"https:\/\/shop.iode.tech\/de\"><strong>neue und general\u00fcberholte<\/strong> Telefone<\/a> mit vorinstalliertem iod\u00e9OS anzubieten.<\/p>\n\n\n\n<p>Bei unseren neuen Handys achten wir auf ein modulares Design, Materialien aus fairen Quellen und soziale Verantwortung. Weitere Informationen \u00fcber unsere Hersteller findest du <a href=\"https:\/\/www.fairphone.com\/de\/impact-report\" target=\"_blank\" rel=\"noreferrer noopener\">hier<\/a>, <a href=\"https:\/\/myteracube.com\/pages\/about-us-new\" target=\"_blank\" rel=\"noreferrer noopener\">hier <\/a>und <a href=\"https:\/\/myteracube.com\/pages\/about-us-new\">hier<\/a>.<\/p>\n\n\n\n<p>Die Herstellung eines Smartphones verursacht immer noch den gr\u00f6\u00dften Teil des \u00f6kologischen Fu\u00dfabdrucks, mehr als seine Nutzung. Deshalb raten wir dazu, stattdessen ein general\u00fcberholtes Handy zu kaufen und ihm ein zweites Leben zu geben. Unsere Partner sind in Frankreich ans\u00e4ssig, und die wiederaufbereiteten Handys stammen aus Europa, die meisten davon aus Frankreich.<\/p>\n<\/div><figure class=\"wp-block-media-text__media\"><img loading=\"lazy\" decoding=\"async\" width=\"1000\" height=\"1000\" src=\"https:\/\/iode.tech\/wp-content\/uploads\/2024\/07\/iode-FP4-1000x1000-1.png\" alt=\"iod\u00e9 FP4\" class=\"wp-image-34752 size-full\" srcset=\"https:\/\/iode.tech\/wp-content\/uploads\/2024\/07\/iode-FP4-1000x1000-1.png 1000w, https:\/\/iode.tech\/wp-content\/uploads\/2024\/07\/iode-FP4-1000x1000-1-300x300.png 300w, https:\/\/iode.tech\/wp-content\/uploads\/2024\/07\/iode-FP4-1000x1000-1-150x150.png 150w, https:\/\/iode.tech\/wp-content\/uploads\/2024\/07\/iode-FP4-1000x1000-1-768x768.png 768w\" sizes=\"auto, (max-width: 1000px) 100vw, 1000px\" \/><\/figure><\/div>\n\n\n\n<h2 class=\"wp-block-heading has-text-align-center\">Wir legen eine sch\u00f6ne Holzh\u00fclle von unserem franz\u00f6sischen Partner bei<\/h2>\n\n\n\n<div class=\"wp-block-media-text is-stacked-on-mobile\" style=\"grid-template-columns:30% auto\"><figure class=\"wp-block-media-text__media\"><img loading=\"lazy\" decoding=\"async\" width=\"1000\" height=\"1000\" src=\"https:\/\/iode.tech\/wp-content\/uploads\/2024\/11\/Pixel-7-wood-phone-case.png\" alt=\"\" class=\"wp-image-35266 size-full\" srcset=\"https:\/\/iode.tech\/wp-content\/uploads\/2024\/11\/Pixel-7-wood-phone-case.png 1000w, https:\/\/iode.tech\/wp-content\/uploads\/2024\/11\/Pixel-7-wood-phone-case-300x300.png 300w, https:\/\/iode.tech\/wp-content\/uploads\/2024\/11\/Pixel-7-wood-phone-case-150x150.png 150w, https:\/\/iode.tech\/wp-content\/uploads\/2024\/11\/Pixel-7-wood-phone-case-768x768.png 768w\" sizes=\"auto, (max-width: 1000px) 100vw, 1000px\" \/><\/figure><div class=\"wp-block-media-text__content\">\n<p>Unser franz\u00f6sischer Partner engagiert sich aktiv f\u00fcr einen<a href=\"https:\/\/www.coque-en-bois.fr\/pages\/notre-histoire\" target=\"_blank\" rel=\"noreferrer noopener\"> sozial verantwortlichen Ansatz<\/a>. Mit ihren H\u00fcllen wollen sie die Grunds\u00e4tze der Kreislaufwirtschaft unterst\u00fctzen und franz\u00f6sisches Know-how f\u00f6rdern. Die Zusammenarbeit mit franz\u00f6sischen Partnern ist ein besonderes Anliegen.<\/p>\n<\/div><\/div>\n\n\n\n<h2 class=\"wp-block-heading has-text-align-center\">Wir verwenden minimale Verpackungen und liefern \u00fcber einen umweltbewussten Partner.<\/h2>\n\n\n\n<div class=\"wp-block-media-text has-media-on-the-right is-stacked-on-mobile\" style=\"grid-template-columns:auto 30%\"><div class=\"wp-block-media-text__content\">\n<p>Sobald du ein Ger\u00e4t und das gew\u00fcnschte Zubeh\u00f6r gekauft hast, verpacken wir deine Bestellung in einer umweltfreundlichen Verpackung unseres franz\u00f6sischen Versandpartners La Poste. Seit \u00fcber 20 Jahren setzt sich La Poste f\u00fcr die Reduzierung der <a href=\"https:\/\/www.laposte.fr\/agir-pour-la-planete\" target=\"_blank\" rel=\"noreferrer noopener\">Umweltbelastung<\/a> ein, von der Verpackung bis hin zu den Versandl\u00f6sungen. Deine Bestellung wird nun versendet! In wenigen Tagen sollte sie bei dir an der Haust\u00fcr ankommen.<\/p>\n<\/div><figure class=\"wp-block-media-text__media\"><img loading=\"lazy\" decoding=\"async\" width=\"1000\" height=\"1000\" src=\"https:\/\/iode.tech\/wp-content\/uploads\/2024\/11\/iode-mi-packaging-1000x1000-1.jpg\" alt=\"\" class=\"wp-image-35291 size-full\" srcset=\"https:\/\/iode.tech\/wp-content\/uploads\/2024\/11\/iode-mi-packaging-1000x1000-1.jpg 1000w, https:\/\/iode.tech\/wp-content\/uploads\/2024\/11\/iode-mi-packaging-1000x1000-1-300x300.jpg 300w, https:\/\/iode.tech\/wp-content\/uploads\/2024\/11\/iode-mi-packaging-1000x1000-1-150x150.jpg 150w, https:\/\/iode.tech\/wp-content\/uploads\/2024\/11\/iode-mi-packaging-1000x1000-1-768x768.jpg 768w\" sizes=\"auto, (max-width: 1000px) 100vw, 1000px\" \/><\/figure><\/div>\n\n\n\n<h2 class=\"wp-block-heading has-text-align-center\">Ende der Lebensdauer<\/h2>\n\n\n\n<div class=\"wp-block-media-text is-stacked-on-mobile\" style=\"grid-template-columns:30% auto\"><figure class=\"wp-block-media-text__media\"><img loading=\"lazy\" decoding=\"async\" width=\"1024\" height=\"574\" src=\"https:\/\/iode.tech\/wp-content\/uploads\/2024\/11\/1105900_bacf84e3f02e3625b4bd9ba7074e1379.jpg\" alt=\"\" class=\"wp-image-35272 size-full\" srcset=\"https:\/\/iode.tech\/wp-content\/uploads\/2024\/11\/1105900_bacf84e3f02e3625b4bd9ba7074e1379.jpg 1024w, https:\/\/iode.tech\/wp-content\/uploads\/2024\/11\/1105900_bacf84e3f02e3625b4bd9ba7074e1379-300x168.jpg 300w, https:\/\/iode.tech\/wp-content\/uploads\/2024\/11\/1105900_bacf84e3f02e3625b4bd9ba7074e1379-768x431.jpg 768w\" sizes=\"auto, (max-width: 1024px) 100vw, 1024px\" \/><\/figure><div class=\"wp-block-media-text__content\">\n<p>Was ist nun mit dem alten Telefon, das du nicht mehr benutzen kannst, weil es kaputt ist oder weil du auf iod\u00e9OS umgestiegen bist? Wenn das Ger\u00e4t noch brauchbar ist, kannst du versuchen, iod\u00e9OS darauf zu installieren und ihm ein zweites Leben zu geben. Wenn dein Handy aber einfach zu alt ist oder \u00fcberholt werden muss, solltest du es verkaufen oder an einen professionellen Aufbereiter spenden, der es recycelt. Und obwohl wir h\u00e4ufig gefragt werden, ob wir Handys zur\u00fccknehmen k\u00f6nnen, bieten wir das derzeit leider nicht an, abgesehen von einigen gelegentlichen Ausnahmen in unserem <a href=\"https:\/\/blog.iode.tech\/de\/du-willst-iodeos-auf-deinem-handy-installieren-lassen-du-mochtest-dich-vor-dem-kauf-eines-iode-handys-beraten-lassen-besuche-uns-in-toulouse\/\">Gesch\u00e4ft<\/a> in Toulouse.<\/p>\n<\/div><\/div>\n\n\n\n<p><\/p>\n","protected":false},"excerpt":{"rendered":"<p>Wir bei iod\u00e9 entwerfen und entwickeln nicht nur L\u00f6sungen zum Schutz deiner Online-Daten und Sicherheit, sondern arbeiten auch hart daran, unseren und deinen \u00f6kologischen Fu\u00dfabdruck zu verringern. Lass uns dir zeigen, was iod\u00e9 unternimmt, um w\u00e4hrend des gesamten Lebenszyklus eines von uns verkauften Ger\u00e4ts nachhaltiger zu sein. Unsere Reise beginnt mit dem Betriebssystem selbst: iod\u00e9OS &#8230; <a title=\"Was macht iod\u00e9 nachhaltig?\" class=\"read-more\" href=\"https:\/\/iode.tech\/de\/nachhaltigkeit\/\" aria-label=\"Mehr Informationen \u00fcber Was macht iod\u00e9 nachhaltig?\">Weiterlesen &#8230;<\/a><\/p>\n","protected":false},"author":2,"featured_media":0,"parent":0,"menu_order":0,"comment_status":"closed","ping_status":"closed","template":"","meta":{"footnotes":""},"class_list":["post-34827","page","type-page","status-publish"],"yoast_head":"<!-- This site is optimized with the Yoast SEO plugin v27.4 - https:\/\/yoast.com\/product\/yoast-seo-wordpress\/ -->\n<title>Was macht iod\u00e9 nachhaltig? - iod\u00e9<\/title>\n<meta name=\"description\" content=\"Wir entwickeln L\u00f6sungen f\u00fcr Online-Datenschutz und streben nach mehr Nachhaltigkeit w\u00e4hrend des Lebenszyklus von jedem Ger\u00e4t, das wir verkaufen.\" \/>\n<meta name=\"robots\" content=\"index, follow, max-snippet:-1, max-image-preview:large, max-video-preview:-1\" \/>\n<link rel=\"canonical\" href=\"https:\/\/iode.tech\/de\/nachhaltigkeit\/\" \/>\n<meta property=\"og:locale\" content=\"de_DE\" \/>\n<meta property=\"og:type\" content=\"article\" \/>\n<meta property=\"og:title\" content=\"Was macht iod\u00e9 nachhaltig? - iod\u00e9\" \/>\n<meta property=\"og:description\" content=\"Wir entwickeln L\u00f6sungen f\u00fcr Online-Datenschutz und streben nach mehr Nachhaltigkeit w\u00e4hrend des Lebenszyklus von jedem Ger\u00e4t, das wir verkaufen.\" \/>\n<meta property=\"og:url\" content=\"https:\/\/iode.tech\/de\/nachhaltigkeit\/\" \/>\n<meta property=\"og:site_name\" content=\"iod\u00e9\" \/>\n<meta property=\"article:modified_time\" content=\"2024-11-13T12:32:05+00:00\" \/>\n<meta property=\"og:image\" content=\"https:\/\/iode.tech\/wp-content\/uploads\/2024\/06\/iodeos-400x400-1.png\" \/>\n<meta name=\"twitter:card\" content=\"summary_large_image\" \/>\n<meta name=\"twitter:label1\" content=\"Gesch\u00e4tzte Lesezeit\" \/>\n\t<meta name=\"twitter:data1\" content=\"4\u00a0Minuten\" \/>\n<script type=\"application\/ld+json\" class=\"yoast-schema-graph\">{\"@context\":\"https:\\\/\\\/schema.org\",\"@graph\":[{\"@type\":\"WebPage\",\"@id\":\"https:\\\/\\\/iode.tech\\\/de\\\/nachhaltigkeit\\\/\",\"url\":\"https:\\\/\\\/iode.tech\\\/de\\\/nachhaltigkeit\\\/\",\"name\":\"Was macht iod\u00e9 nachhaltig? - iod\u00e9\",\"isPartOf\":{\"@id\":\"https:\\\/\\\/iode.tech\\\/fr\\\/#website\"},\"primaryImageOfPage\":{\"@id\":\"https:\\\/\\\/iode.tech\\\/de\\\/nachhaltigkeit\\\/#primaryimage\"},\"image\":{\"@id\":\"https:\\\/\\\/iode.tech\\\/de\\\/nachhaltigkeit\\\/#primaryimage\"},\"thumbnailUrl\":\"https:\\\/\\\/iode.tech\\\/wp-content\\\/uploads\\\/2024\\\/06\\\/iodeos-400x400-1.png\",\"datePublished\":\"2024-07-11T08:49:13+00:00\",\"dateModified\":\"2024-11-13T12:32:05+00:00\",\"description\":\"Wir entwickeln L\u00f6sungen f\u00fcr Online-Datenschutz und streben nach mehr Nachhaltigkeit w\u00e4hrend des Lebenszyklus von jedem Ger\u00e4t, das wir verkaufen.\",\"breadcrumb\":{\"@id\":\"https:\\\/\\\/iode.tech\\\/de\\\/nachhaltigkeit\\\/#breadcrumb\"},\"inLanguage\":\"de\",\"potentialAction\":[{\"@type\":\"ReadAction\",\"target\":[\"https:\\\/\\\/iode.tech\\\/de\\\/nachhaltigkeit\\\/\"]}]},{\"@type\":\"ImageObject\",\"inLanguage\":\"de\",\"@id\":\"https:\\\/\\\/iode.tech\\\/de\\\/nachhaltigkeit\\\/#primaryimage\",\"url\":\"https:\\\/\\\/iode.tech\\\/wp-content\\\/uploads\\\/2024\\\/06\\\/iodeos-400x400-1.png\",\"contentUrl\":\"https:\\\/\\\/iode.tech\\\/wp-content\\\/uploads\\\/2024\\\/06\\\/iodeos-400x400-1.png\"},{\"@type\":\"BreadcrumbList\",\"@id\":\"https:\\\/\\\/iode.tech\\\/de\\\/nachhaltigkeit\\\/#breadcrumb\",\"itemListElement\":[{\"@type\":\"ListItem\",\"position\":1,\"name\":\"Accueil\",\"item\":\"https:\\\/\\\/iode.tech\\\/de\\\/\"},{\"@type\":\"ListItem\",\"position\":2,\"name\":\"Was macht iod\u00e9 nachhaltig?\"}]},{\"@type\":\"WebSite\",\"@id\":\"https:\\\/\\\/iode.tech\\\/fr\\\/#website\",\"url\":\"https:\\\/\\\/iode.tech\\\/fr\\\/\",\"name\":\"iod\u00e9\",\"description\":\"Sei smarter als dein Telefon.\",\"publisher\":{\"@id\":\"https:\\\/\\\/iode.tech\\\/fr\\\/#organization\"},\"potentialAction\":[{\"@type\":\"SearchAction\",\"target\":{\"@type\":\"EntryPoint\",\"urlTemplate\":\"https:\\\/\\\/iode.tech\\\/fr\\\/?s={search_term_string}\"},\"query-input\":{\"@type\":\"PropertyValueSpecification\",\"valueRequired\":true,\"valueName\":\"search_term_string\"}}],\"inLanguage\":\"de\"},{\"@type\":\"Organization\",\"@id\":\"https:\\\/\\\/iode.tech\\\/fr\\\/#organization\",\"name\":\"iod\u00e9\",\"url\":\"https:\\\/\\\/iode.tech\\\/fr\\\/\",\"logo\":{\"@type\":\"ImageObject\",\"inLanguage\":\"de\",\"@id\":\"https:\\\/\\\/iode.tech\\\/fr\\\/#\\\/schema\\\/logo\\\/image\\\/\",\"url\":\"https:\\\/\\\/iode.tech\\\/wp-content\\\/uploads\\\/2024\\\/06\\\/logo_iode_white_367x134.png\",\"contentUrl\":\"https:\\\/\\\/iode.tech\\\/wp-content\\\/uploads\\\/2024\\\/06\\\/logo_iode_white_367x134.png\",\"width\":367,\"height\":134,\"caption\":\"iod\u00e9\"},\"image\":{\"@id\":\"https:\\\/\\\/iode.tech\\\/fr\\\/#\\\/schema\\\/logo\\\/image\\\/\"}}]}<\/script>\n<!-- \/ Yoast SEO plugin. -->","yoast_head_json":{"title":"Was macht iod\u00e9 nachhaltig? - iod\u00e9","description":"Wir entwickeln L\u00f6sungen f\u00fcr Online-Datenschutz und streben nach mehr Nachhaltigkeit w\u00e4hrend des Lebenszyklus von jedem Ger\u00e4t, das wir verkaufen.","robots":{"index":"index","follow":"follow","max-snippet":"max-snippet:-1","max-image-preview":"max-image-preview:large","max-video-preview":"max-video-preview:-1"},"canonical":"https:\/\/iode.tech\/de\/nachhaltigkeit\/","og_locale":"de_DE","og_type":"article","og_title":"Was macht iod\u00e9 nachhaltig? - iod\u00e9","og_description":"Wir entwickeln L\u00f6sungen f\u00fcr Online-Datenschutz und streben nach mehr Nachhaltigkeit w\u00e4hrend des Lebenszyklus von jedem Ger\u00e4t, das wir verkaufen.","og_url":"https:\/\/iode.tech\/de\/nachhaltigkeit\/","og_site_name":"iod\u00e9","article_modified_time":"2024-11-13T12:32:05+00:00","og_image":[{"url":"https:\/\/iode.tech\/wp-content\/uploads\/2024\/06\/iodeos-400x400-1.png","type":"","width":"","height":""}],"twitter_card":"summary_large_image","twitter_misc":{"Gesch\u00e4tzte Lesezeit":"4\u00a0Minuten"},"schema":{"@context":"https:\/\/schema.org","@graph":[{"@type":"WebPage","@id":"https:\/\/iode.tech\/de\/nachhaltigkeit\/","url":"https:\/\/iode.tech\/de\/nachhaltigkeit\/","name":"Was macht iod\u00e9 nachhaltig? - iod\u00e9","isPartOf":{"@id":"https:\/\/iode.tech\/fr\/#website"},"primaryImageOfPage":{"@id":"https:\/\/iode.tech\/de\/nachhaltigkeit\/#primaryimage"},"image":{"@id":"https:\/\/iode.tech\/de\/nachhaltigkeit\/#primaryimage"},"thumbnailUrl":"https:\/\/iode.tech\/wp-content\/uploads\/2024\/06\/iodeos-400x400-1.png","datePublished":"2024-07-11T08:49:13+00:00","dateModified":"2024-11-13T12:32:05+00:00","description":"Wir entwickeln L\u00f6sungen f\u00fcr Online-Datenschutz und streben nach mehr Nachhaltigkeit w\u00e4hrend des Lebenszyklus von jedem Ger\u00e4t, das wir verkaufen.","breadcrumb":{"@id":"https:\/\/iode.tech\/de\/nachhaltigkeit\/#breadcrumb"},"inLanguage":"de","potentialAction":[{"@type":"ReadAction","target":["https:\/\/iode.tech\/de\/nachhaltigkeit\/"]}]},{"@type":"ImageObject","inLanguage":"de","@id":"https:\/\/iode.tech\/de\/nachhaltigkeit\/#primaryimage","url":"https:\/\/iode.tech\/wp-content\/uploads\/2024\/06\/iodeos-400x400-1.png","contentUrl":"https:\/\/iode.tech\/wp-content\/uploads\/2024\/06\/iodeos-400x400-1.png"},{"@type":"BreadcrumbList","@id":"https:\/\/iode.tech\/de\/nachhaltigkeit\/#breadcrumb","itemListElement":[{"@type":"ListItem","position":1,"name":"Accueil","item":"https:\/\/iode.tech\/de\/"},{"@type":"ListItem","position":2,"name":"Was macht iod\u00e9 nachhaltig?"}]},{"@type":"WebSite","@id":"https:\/\/iode.tech\/fr\/#website","url":"https:\/\/iode.tech\/fr\/","name":"iod\u00e9","description":"Sei smarter als dein Telefon.","publisher":{"@id":"https:\/\/iode.tech\/fr\/#organization"},"potentialAction":[{"@type":"SearchAction","target":{"@type":"EntryPoint","urlTemplate":"https:\/\/iode.tech\/fr\/?s={search_term_string}"},"query-input":{"@type":"PropertyValueSpecification","valueRequired":true,"valueName":"search_term_string"}}],"inLanguage":"de"},{"@type":"Organization","@id":"https:\/\/iode.tech\/fr\/#organization","name":"iod\u00e9","url":"https:\/\/iode.tech\/fr\/","logo":{"@type":"ImageObject","inLanguage":"de","@id":"https:\/\/iode.tech\/fr\/#\/schema\/logo\/image\/","url":"https:\/\/iode.tech\/wp-content\/uploads\/2024\/06\/logo_iode_white_367x134.png","contentUrl":"https:\/\/iode.tech\/wp-content\/uploads\/2024\/06\/logo_iode_white_367x134.png","width":367,"height":134,"caption":"iod\u00e9"},"image":{"@id":"https:\/\/iode.tech\/fr\/#\/schema\/logo\/image\/"}}]}},"_links":{"self":[{"href":"https:\/\/iode.tech\/de\/wp-json\/wp\/v2\/pages\/34827","targetHints":{"allow":["GET"]}}],"collection":[{"href":"https:\/\/iode.tech\/de\/wp-json\/wp\/v2\/pages"}],"about":[{"href":"https:\/\/iode.tech\/de\/wp-json\/wp\/v2\/types\/page"}],"author":[{"embeddable":true,"href":"https:\/\/iode.tech\/de\/wp-json\/wp\/v2\/users\/2"}],"replies":[{"embeddable":true,"href":"https:\/\/iode.tech\/de\/wp-json\/wp\/v2\/comments?post=34827"}],"version-history":[{"count":13,"href":"https:\/\/iode.tech\/de\/wp-json\/wp\/v2\/pages\/34827\/revisions"}],"predecessor-version":[{"id":35323,"href":"https:\/\/iode.tech\/de\/wp-json\/wp\/v2\/pages\/34827\/revisions\/35323"}],"wp:attachment":[{"href":"https:\/\/iode.tech\/de\/wp-json\/wp\/v2\/media?parent=34827"}],"curies":[{"name":"wp","href":"https:\/\/api.w.org\/{rel}","templated":true}]}}