{"id":34677,"date":"2024-07-10T10:52:21","date_gmt":"2024-07-10T08:52:21","guid":{"rendered":"https:\/\/dev.iode.tech\/you-are-already-affiliate\/"},"modified":"2024-09-24T09:30:29","modified_gmt":"2024-09-24T07:30:29","slug":"partner","status":"publish","type":"page","link":"https:\/\/iode.tech\/de\/partner\/","title":{"rendered":"Affiliate Programm"},"content":{"rendered":"\n<p>Als iod\u00e9-Nutzer unterst\u00fctzt du unsere Mission, Smartphones sicherer und privater zu machen. Auch unterst\u00fctzt du unsere Mission eine nachhaltigere Welt zu gestalten.<\/p>\n\n\n\n<p>Warum also nicht die Einnahmen teilen und dich, unseren besten gleichgesinnten Partner, unterst\u00fctzen? Nun, gute Nachrichten\u2026 Du bist bereits ein Partner! Von nun an kannst du f\u00fcr iod\u00e9 werben und Geld verdienen.<\/p>\n\n\n\n<p><\/p>\n\n\n\n<h2 class=\"wp-block-heading\"><strong><strong><strong>Wie viel<\/strong>?<\/strong><\/strong><\/h2>\n\n\n<div class=\"gb-grid-wrapper gb-grid-wrapper-41c2604d\">\n<div class=\"gb-grid-column gb-grid-column-734d4966\"><div class=\"gb-container gb-container-734d4966\">\n\n<h3 class=\"wp-block-heading has-text-align-center has-text-color has-link-color wp-elements-5cbafa694e40b085b4bdd488aa6c8948\" style=\"color:#4caf50\">50% Provision auf Premium Abos<\/h3>\n\n<\/div><\/div>\n\n<div class=\"gb-grid-column gb-grid-column-b9cdbce2\"><div class=\"gb-container gb-container-b9cdbce2\">\n\n<h3 class=\"wp-block-heading has-text-align-center has-text-color has-link-color wp-elements-2fb1a4931f5a78645bb34b9a7b107578\" style=\"color:#4caf50\">+30 \u20ac pro verkauftem iod\u00e9 Smartphone<br><\/h3>\n\n<\/div><\/div>\n<\/div>\n\n<div class=\"gb-grid-wrapper gb-grid-wrapper-28999f3a\">\n<div class=\"gb-grid-column gb-grid-column-c7b8ee0b\"><div class=\"gb-container gb-container-c7b8ee0b\">\n<div class=\"wp-block-image\">\n<figure class=\"aligncenter size-full\"><img loading=\"lazy\" decoding=\"async\" width=\"400\" height=\"400\" src=\"https:\/\/iode.tech\/wp-content\/uploads\/2024\/09\/iodeos-premium-family-EN-400x400-1.png\" alt=\"\" class=\"wp-image-35201\" srcset=\"https:\/\/iode.tech\/wp-content\/uploads\/2024\/09\/iodeos-premium-family-EN-400x400-1.png 400w, https:\/\/iode.tech\/wp-content\/uploads\/2024\/09\/iodeos-premium-family-EN-400x400-1-300x300.png 300w, https:\/\/iode.tech\/wp-content\/uploads\/2024\/09\/iodeos-premium-family-EN-400x400-1-150x150.png 150w\" sizes=\"auto, (max-width: 400px) 100vw, 400px\" \/><\/figure>\n<\/div>\n<\/div><\/div>\n\n<div class=\"gb-grid-column gb-grid-column-2cc927ef\"><div class=\"gb-container gb-container-2cc927ef\">\n<div class=\"wp-block-image\">\n<figure class=\"aligncenter size-full\"><img loading=\"lazy\" decoding=\"async\" width=\"400\" height=\"400\" src=\"https:\/\/iode.tech\/wp-content\/uploads\/2024\/09\/iode-Fairphone-4-packaging-1000x1000-1-400x400-1.jpg\" alt=\"\" class=\"wp-image-35204\" srcset=\"https:\/\/iode.tech\/wp-content\/uploads\/2024\/09\/iode-Fairphone-4-packaging-1000x1000-1-400x400-1.jpg 400w, https:\/\/iode.tech\/wp-content\/uploads\/2024\/09\/iode-Fairphone-4-packaging-1000x1000-1-400x400-1-300x300.jpg 300w, https:\/\/iode.tech\/wp-content\/uploads\/2024\/09\/iode-Fairphone-4-packaging-1000x1000-1-400x400-1-150x150.jpg 150w\" sizes=\"auto, (max-width: 400px) 100vw, 400px\" \/><\/figure>\n<\/div>\n<\/div><\/div>\n<\/div>\n\n<div class=\"gb-grid-wrapper gb-grid-wrapper-fb39e25e\">\n<div class=\"gb-grid-column gb-grid-column-3749d8f1\"><div class=\"gb-container gb-container-3749d8f1\">\n\n<p><\/p>\n\n\n\n<p class=\"has-text-align-center\">Du bekommst 50% der Einnahmen von allen<a href=\"https:\/\/iode.tech\/de\/shop\/iodeos-premium-de\/\"> iod\u00e9OS Premium-Abonnements<\/a> die durch dich abgeschlossen werden. F\u00fcr ihre gesamte Lebensdauer.<\/p>\n\n<\/div><\/div>\n\n<div class=\"gb-grid-column gb-grid-column-7b142df6\"><div class=\"gb-container gb-container-7b142df6\">\n\n<p><\/p>\n\n\n\n<p class=\"has-text-align-center\">Empfehlen ein<a href=\"https:\/\/iode.tech\/de\/shop\"> iod\u00e9 Telefon<\/a> an einen Freund, ein Familienmitglied oder an deine Zielgruppe und erhalte 30\u20ac Cashback!<\/p>\n\n<\/div><\/div>\n<\/div>\n\n\n<h2 class=\"wp-block-heading\"><strong><strong>Wie<\/strong>?<\/strong><\/h2>\n\n\n\n<h3 class=\"wp-block-heading has-text-align-center has-text-color has-link-color wp-elements-dba00572df5646a7a6e02855c98df313\" style=\"color:#4caf50\">1. Login<br><\/h3>\n\n\n\n<div class=\"wp-block-media-text is-stacked-on-mobile\" style=\"grid-template-columns:28% auto\"><figure class=\"wp-block-media-text__media\"><img loading=\"lazy\" decoding=\"async\" width=\"355\" height=\"252\" src=\"https:\/\/iode.tech\/wp-content\/uploads\/2024\/09\/login-de.png\" alt=\"\" class=\"wp-image-35233 size-full\" srcset=\"https:\/\/iode.tech\/wp-content\/uploads\/2024\/09\/login-de.png 355w, https:\/\/iode.tech\/wp-content\/uploads\/2024\/09\/login-de-300x213.png 300w\" sizes=\"auto, (max-width: 355px) 100vw, 355px\" \/><\/figure><div class=\"wp-block-media-text__content\">\n<p>Melde dich in deinem<a href=\"https:\/\/iode.tech\/de\/mein-account\/\"> iod\u00e9-Konto<\/a> an.<\/p>\n\n\n\n<p>Zur Erinnerung: Um ein Konto zu erstellen, musst du ein iod\u00e9OS Premium-Abonnent sein oder bereits ein iod\u00e9-Telefon gekauft haben.<\/p>\n<\/div><\/div>\n\n\n\n<p><\/p>\n\n\n\n<h3 class=\"wp-block-heading has-text-align-center has-text-color has-link-color wp-elements-989e2c397e208181cf735359d4f9df8c\" style=\"color:#4caf50\">2. Teilen<br><\/h3>\n\n\n\n<div class=\"wp-block-media-text is-stacked-on-mobile\"><figure class=\"wp-block-media-text__media\"><img loading=\"lazy\" decoding=\"async\" width=\"788\" height=\"243\" src=\"https:\/\/iode.tech\/wp-content\/uploads\/2024\/09\/share-affiliate.png\" alt=\"\" class=\"wp-image-35211 size-full\" srcset=\"https:\/\/iode.tech\/wp-content\/uploads\/2024\/09\/share-affiliate.png 788w, https:\/\/iode.tech\/wp-content\/uploads\/2024\/09\/share-affiliate-300x93.png 300w, https:\/\/iode.tech\/wp-content\/uploads\/2024\/09\/share-affiliate-768x237.png 768w\" sizes=\"auto, (max-width: 788px) 100vw, 788px\" \/><\/figure><div class=\"wp-block-media-text__content\">\n<p>Passe deinen Partnernamen an, kopiere deinen Empfehlungslink und teile ihn mit deinem Publikum!<\/p>\n<\/div><\/div>\n\n\n\n<p><\/p>\n\n\n\n<h3 class=\"wp-block-heading has-text-align-center has-text-color has-link-color wp-elements-18ea6f08999effb3bbf5fb96e02ac0be\" style=\"color:#4caf50\">3. Verdienen<br><\/h3>\n\n\n\n<div class=\"wp-block-media-text is-stacked-on-mobile\"><figure class=\"wp-block-media-text__media\"><img loading=\"lazy\" decoding=\"async\" width=\"1024\" height=\"212\" src=\"https:\/\/iode.tech\/wp-content\/uploads\/2024\/09\/affiliate_report-1024x212.png\" alt=\"\" class=\"wp-image-35214 size-full\" srcset=\"https:\/\/iode.tech\/wp-content\/uploads\/2024\/09\/affiliate_report-1024x212.png 1024w, https:\/\/iode.tech\/wp-content\/uploads\/2024\/09\/affiliate_report-300x62.png 300w, https:\/\/iode.tech\/wp-content\/uploads\/2024\/09\/affiliate_report-768x159.png 768w, https:\/\/iode.tech\/wp-content\/uploads\/2024\/09\/affiliate_report.png 1099w\" sizes=\"auto, (max-width: 1024px) 100vw, 1024px\" \/><\/figure><div class=\"wp-block-media-text__content\">\n<p>\u00dcberpr\u00fcfe deine Verkaufsbericht direkt in deinem Partner-Dashboard und verdiene Geld.<\/p>\n<\/div><\/div>\n\n\n\n<p><\/p>\n\n\n\n<h2 class=\"wp-block-heading\"><strong>Warum?<\/strong><\/h2>\n\n\n<div class=\"gb-grid-wrapper gb-grid-wrapper-4079c2d7\">\n<div class=\"gb-grid-column gb-grid-column-b4038a93\"><div class=\"gb-container gb-container-b4038a93\">\n\n<h3 class=\"wp-block-heading has-text-align-center has-text-color has-link-color wp-elements-438b0fa32550c23613be776fe5580e4e\" style=\"color:#4caf50\">Vertrauen<\/h3>\n\n<\/div><\/div>\n\n<div class=\"gb-grid-column gb-grid-column-57883cb4\"><div class=\"gb-container gb-container-57883cb4\">\n\n<h3 class=\"wp-block-heading has-text-align-center has-text-color has-link-color wp-elements-44ec5e54d785108e35ef6cabee54ef67\" style=\"color:#4caf50\">Hohe Provision<br><\/h3>\n\n<\/div><\/div>\n\n<div class=\"gb-grid-column gb-grid-column-adffe226\"><div class=\"gb-container gb-container-adffe226\">\n\n<h3 class=\"wp-block-heading has-text-align-center has-text-color has-link-color wp-elements-e9149532bdb8a72bcf9b884e40520f0f\" style=\"color:#4caf50\">Einfach<\/h3>\n\n<\/div><\/div>\n<\/div>\n\n<div class=\"gb-grid-wrapper gb-grid-wrapper-60bc3787\">\n<div class=\"gb-grid-column gb-grid-column-6b9d1334\"><div class=\"gb-container gb-container-6b9d1334\">\n<div class=\"wp-block-image\">\n<figure class=\"aligncenter size-full\"><img loading=\"lazy\" decoding=\"async\" width=\"150\" height=\"150\" src=\"https:\/\/iode.tech\/wp-content\/uploads\/2024\/09\/trusted-150x150-1.png\" alt=\"\" class=\"wp-image-35218\"\/><\/figure>\n<\/div>\n<\/div><\/div>\n\n<div class=\"gb-grid-column gb-grid-column-7c11baff\"><div class=\"gb-container gb-container-7c11baff\">\n<div class=\"wp-block-image\">\n<figure class=\"aligncenter size-full\"><img loading=\"lazy\" decoding=\"async\" width=\"150\" height=\"150\" src=\"https:\/\/iode.tech\/wp-content\/uploads\/2024\/09\/cash-150x150-1.png\" alt=\"\" class=\"wp-image-35221\"\/><\/figure>\n<\/div>\n<\/div><\/div>\n\n<div class=\"gb-grid-column gb-grid-column-7e82645a\"><div class=\"gb-container gb-container-7e82645a\">\n<div class=\"wp-block-image\">\n<figure class=\"aligncenter size-full\"><img loading=\"lazy\" decoding=\"async\" width=\"150\" height=\"150\" src=\"https:\/\/iode.tech\/wp-content\/uploads\/2024\/09\/easy-150x150-2.png\" alt=\"\" class=\"wp-image-35225\"\/><\/figure>\n<\/div>\n<\/div><\/div>\n<\/div>\n\n<div class=\"gb-grid-wrapper gb-grid-wrapper-fdf487ef\">\n<div class=\"gb-grid-column gb-grid-column-0b6a880a\"><div class=\"gb-container gb-container-0b6a880a\">\n\n<p class=\"has-text-align-center\">iod\u00e9 ist ein vertrauensw\u00fcrdiger Name, wenn es um den Schutz der Privatsph\u00e4re geht. Die Nutzer nutzen iod\u00e9 gern, und die Empfehlung von iod\u00e9 ist glaubw\u00fcrdig.<\/p>\n\n<\/div><\/div>\n\n<div class=\"gb-grid-column gb-grid-column-5af1afe5\"><div class=\"gb-container gb-container-5af1afe5\">\n\n<p class=\"has-text-align-center\">iod\u00e9 bietet einige der h\u00f6chsten Provisionss\u00e4tze.<\/p>\n\n<\/div><\/div>\n\n<div class=\"gb-grid-column gb-grid-column-e17e6ed5\"><div class=\"gb-container gb-container-e17e6ed5\">\n\n<p class=\"has-text-align-center\">Starte in wenigen Minuten und verdiene mit drei einfachen Schritten Geld.<\/p>\n\n<\/div><\/div>\n<\/div>","protected":false},"excerpt":{"rendered":"<p>Als iod\u00e9-Nutzer unterst\u00fctzt du unsere Mission, Smartphones sicherer und privater zu machen. Auch unterst\u00fctzt du unsere Mission eine nachhaltigere Welt zu gestalten. Warum also nicht die Einnahmen teilen und dich, unseren besten gleichgesinnten Partner, unterst\u00fctzen? Nun, gute Nachrichten\u2026 Du bist bereits ein Partner! Von nun an kannst du f\u00fcr iod\u00e9 werben und Geld verdienen. Wie &#8230; <a title=\"Affiliate Programm\" class=\"read-more\" href=\"https:\/\/iode.tech\/de\/partner\/\" aria-label=\"Mehr Informationen \u00fcber Affiliate Programm\">Weiterlesen &#8230;<\/a><\/p>\n","protected":false},"author":2,"featured_media":0,"parent":0,"menu_order":0,"comment_status":"closed","ping_status":"closed","template":"","meta":{"footnotes":""},"class_list":["post-34677","page","type-page","status-publish"],"yoast_head":"<!-- This site is optimized with the Yoast SEO plugin v27.3 - https:\/\/yoast.com\/product\/yoast-seo-wordpress\/ -->\n<title>Affiliate Programm - iod\u00e9<\/title>\n<meta name=\"robots\" content=\"index, follow, max-snippet:-1, max-image-preview:large, max-video-preview:-1\" \/>\n<link rel=\"canonical\" href=\"https:\/\/iode.tech\/affiliates\/\" \/>\n<meta property=\"og:locale\" content=\"de_DE\" \/>\n<meta property=\"og:type\" content=\"article\" \/>\n<meta property=\"og:title\" content=\"Affiliate Programm - iod\u00e9\" \/>\n<meta property=\"og:description\" content=\"Als iod\u00e9-Nutzer unterst\u00fctzt du unsere Mission, Smartphones sicherer und privater zu machen. Auch unterst\u00fctzt du unsere Mission eine nachhaltigere Welt zu gestalten. Warum also nicht die Einnahmen teilen und dich, unseren besten gleichgesinnten Partner, unterst\u00fctzen? Nun, gute Nachrichten\u2026 Du bist bereits ein Partner! Von nun an kannst du f\u00fcr iod\u00e9 werben und Geld verdienen. Wie ... Weiterlesen ...\" \/>\n<meta property=\"og:url\" content=\"https:\/\/iode.tech\/affiliates\/\" \/>\n<meta property=\"og:site_name\" content=\"iod\u00e9\" \/>\n<meta property=\"article:modified_time\" content=\"2024-09-24T07:30:29+00:00\" \/>\n<meta property=\"og:image\" content=\"https:\/\/iode.tech\/wp-content\/uploads\/2024\/09\/iodeos-premium-family-EN-400x400-1.png\" \/>\n<meta name=\"twitter:card\" content=\"summary_large_image\" \/>\n<meta name=\"twitter:label1\" content=\"Gesch\u00e4tzte Lesezeit\" \/>\n\t<meta name=\"twitter:data1\" content=\"3\u00a0Minuten\" \/>\n<script type=\"application\/ld+json\" class=\"yoast-schema-graph\">{\"@context\":\"https:\\\/\\\/schema.org\",\"@graph\":[{\"@type\":\"WebPage\",\"@id\":\"https:\\\/\\\/iode.tech\\\/affiliates\\\/\",\"url\":\"https:\\\/\\\/iode.tech\\\/affiliates\\\/\",\"name\":\"Affiliate Programm - iod\u00e9\",\"isPartOf\":{\"@id\":\"https:\\\/\\\/iode.tech\\\/fr\\\/#website\"},\"primaryImageOfPage\":{\"@id\":\"https:\\\/\\\/iode.tech\\\/affiliates\\\/#primaryimage\"},\"image\":{\"@id\":\"https:\\\/\\\/iode.tech\\\/affiliates\\\/#primaryimage\"},\"thumbnailUrl\":\"https:\\\/\\\/iode.tech\\\/wp-content\\\/uploads\\\/2024\\\/09\\\/iodeos-premium-family-EN-400x400-1.png\",\"datePublished\":\"2024-07-10T08:52:21+00:00\",\"dateModified\":\"2024-09-24T07:30:29+00:00\",\"breadcrumb\":{\"@id\":\"https:\\\/\\\/iode.tech\\\/affiliates\\\/#breadcrumb\"},\"inLanguage\":\"de\",\"potentialAction\":[{\"@type\":\"ReadAction\",\"target\":[\"https:\\\/\\\/iode.tech\\\/affiliates\\\/\"]}]},{\"@type\":\"ImageObject\",\"inLanguage\":\"de\",\"@id\":\"https:\\\/\\\/iode.tech\\\/affiliates\\\/#primaryimage\",\"url\":\"https:\\\/\\\/iode.tech\\\/wp-content\\\/uploads\\\/2024\\\/09\\\/iodeos-premium-family-EN-400x400-1.png\",\"contentUrl\":\"https:\\\/\\\/iode.tech\\\/wp-content\\\/uploads\\\/2024\\\/09\\\/iodeos-premium-family-EN-400x400-1.png\"},{\"@type\":\"BreadcrumbList\",\"@id\":\"https:\\\/\\\/iode.tech\\\/affiliates\\\/#breadcrumb\",\"itemListElement\":[{\"@type\":\"ListItem\",\"position\":1,\"name\":\"Accueil\",\"item\":\"https:\\\/\\\/iode.tech\\\/de\\\/\"},{\"@type\":\"ListItem\",\"position\":2,\"name\":\"Affiliate Programm\"}]},{\"@type\":\"WebSite\",\"@id\":\"https:\\\/\\\/iode.tech\\\/fr\\\/#website\",\"url\":\"https:\\\/\\\/iode.tech\\\/fr\\\/\",\"name\":\"iod\u00e9\",\"description\":\"Sei smarter als dein Telefon.\",\"publisher\":{\"@id\":\"https:\\\/\\\/iode.tech\\\/fr\\\/#organization\"},\"potentialAction\":[{\"@type\":\"SearchAction\",\"target\":{\"@type\":\"EntryPoint\",\"urlTemplate\":\"https:\\\/\\\/iode.tech\\\/fr\\\/?s={search_term_string}\"},\"query-input\":{\"@type\":\"PropertyValueSpecification\",\"valueRequired\":true,\"valueName\":\"search_term_string\"}}],\"inLanguage\":\"de\"},{\"@type\":\"Organization\",\"@id\":\"https:\\\/\\\/iode.tech\\\/fr\\\/#organization\",\"name\":\"iod\u00e9\",\"url\":\"https:\\\/\\\/iode.tech\\\/fr\\\/\",\"logo\":{\"@type\":\"ImageObject\",\"inLanguage\":\"de\",\"@id\":\"https:\\\/\\\/iode.tech\\\/fr\\\/#\\\/schema\\\/logo\\\/image\\\/\",\"url\":\"https:\\\/\\\/iode.tech\\\/wp-content\\\/uploads\\\/2024\\\/06\\\/logo_iode_white_367x134.png\",\"contentUrl\":\"https:\\\/\\\/iode.tech\\\/wp-content\\\/uploads\\\/2024\\\/06\\\/logo_iode_white_367x134.png\",\"width\":367,\"height\":134,\"caption\":\"iod\u00e9\"},\"image\":{\"@id\":\"https:\\\/\\\/iode.tech\\\/fr\\\/#\\\/schema\\\/logo\\\/image\\\/\"}}]}<\/script>\n<!-- \/ Yoast SEO plugin. -->","yoast_head_json":{"title":"Affiliate Programm - iod\u00e9","robots":{"index":"index","follow":"follow","max-snippet":"max-snippet:-1","max-image-preview":"max-image-preview:large","max-video-preview":"max-video-preview:-1"},"canonical":"https:\/\/iode.tech\/affiliates\/","og_locale":"de_DE","og_type":"article","og_title":"Affiliate Programm - iod\u00e9","og_description":"Als iod\u00e9-Nutzer unterst\u00fctzt du unsere Mission, Smartphones sicherer und privater zu machen. Auch unterst\u00fctzt du unsere Mission eine nachhaltigere Welt zu gestalten. Warum also nicht die Einnahmen teilen und dich, unseren besten gleichgesinnten Partner, unterst\u00fctzen? Nun, gute Nachrichten\u2026 Du bist bereits ein Partner! Von nun an kannst du f\u00fcr iod\u00e9 werben und Geld verdienen. Wie ... Weiterlesen ...","og_url":"https:\/\/iode.tech\/affiliates\/","og_site_name":"iod\u00e9","article_modified_time":"2024-09-24T07:30:29+00:00","og_image":[{"url":"https:\/\/iode.tech\/wp-content\/uploads\/2024\/09\/iodeos-premium-family-EN-400x400-1.png","type":"","width":"","height":""}],"twitter_card":"summary_large_image","twitter_misc":{"Gesch\u00e4tzte Lesezeit":"3\u00a0Minuten"},"schema":{"@context":"https:\/\/schema.org","@graph":[{"@type":"WebPage","@id":"https:\/\/iode.tech\/affiliates\/","url":"https:\/\/iode.tech\/affiliates\/","name":"Affiliate Programm - iod\u00e9","isPartOf":{"@id":"https:\/\/iode.tech\/fr\/#website"},"primaryImageOfPage":{"@id":"https:\/\/iode.tech\/affiliates\/#primaryimage"},"image":{"@id":"https:\/\/iode.tech\/affiliates\/#primaryimage"},"thumbnailUrl":"https:\/\/iode.tech\/wp-content\/uploads\/2024\/09\/iodeos-premium-family-EN-400x400-1.png","datePublished":"2024-07-10T08:52:21+00:00","dateModified":"2024-09-24T07:30:29+00:00","breadcrumb":{"@id":"https:\/\/iode.tech\/affiliates\/#breadcrumb"},"inLanguage":"de","potentialAction":[{"@type":"ReadAction","target":["https:\/\/iode.tech\/affiliates\/"]}]},{"@type":"ImageObject","inLanguage":"de","@id":"https:\/\/iode.tech\/affiliates\/#primaryimage","url":"https:\/\/iode.tech\/wp-content\/uploads\/2024\/09\/iodeos-premium-family-EN-400x400-1.png","contentUrl":"https:\/\/iode.tech\/wp-content\/uploads\/2024\/09\/iodeos-premium-family-EN-400x400-1.png"},{"@type":"BreadcrumbList","@id":"https:\/\/iode.tech\/affiliates\/#breadcrumb","itemListElement":[{"@type":"ListItem","position":1,"name":"Accueil","item":"https:\/\/iode.tech\/de\/"},{"@type":"ListItem","position":2,"name":"Affiliate Programm"}]},{"@type":"WebSite","@id":"https:\/\/iode.tech\/fr\/#website","url":"https:\/\/iode.tech\/fr\/","name":"iod\u00e9","description":"Sei smarter als dein Telefon.","publisher":{"@id":"https:\/\/iode.tech\/fr\/#organization"},"potentialAction":[{"@type":"SearchAction","target":{"@type":"EntryPoint","urlTemplate":"https:\/\/iode.tech\/fr\/?s={search_term_string}"},"query-input":{"@type":"PropertyValueSpecification","valueRequired":true,"valueName":"search_term_string"}}],"inLanguage":"de"},{"@type":"Organization","@id":"https:\/\/iode.tech\/fr\/#organization","name":"iod\u00e9","url":"https:\/\/iode.tech\/fr\/","logo":{"@type":"ImageObject","inLanguage":"de","@id":"https:\/\/iode.tech\/fr\/#\/schema\/logo\/image\/","url":"https:\/\/iode.tech\/wp-content\/uploads\/2024\/06\/logo_iode_white_367x134.png","contentUrl":"https:\/\/iode.tech\/wp-content\/uploads\/2024\/06\/logo_iode_white_367x134.png","width":367,"height":134,"caption":"iod\u00e9"},"image":{"@id":"https:\/\/iode.tech\/fr\/#\/schema\/logo\/image\/"}}]}},"_links":{"self":[{"href":"https:\/\/iode.tech\/de\/wp-json\/wp\/v2\/pages\/34677","targetHints":{"allow":["GET"]}}],"collection":[{"href":"https:\/\/iode.tech\/de\/wp-json\/wp\/v2\/pages"}],"about":[{"href":"https:\/\/iode.tech\/de\/wp-json\/wp\/v2\/types\/page"}],"author":[{"embeddable":true,"href":"https:\/\/iode.tech\/de\/wp-json\/wp\/v2\/users\/2"}],"replies":[{"embeddable":true,"href":"https:\/\/iode.tech\/de\/wp-json\/wp\/v2\/comments?post=34677"}],"version-history":[{"count":6,"href":"https:\/\/iode.tech\/de\/wp-json\/wp\/v2\/pages\/34677\/revisions"}],"predecessor-version":[{"id":35242,"href":"https:\/\/iode.tech\/de\/wp-json\/wp\/v2\/pages\/34677\/revisions\/35242"}],"wp:attachment":[{"href":"https:\/\/iode.tech\/de\/wp-json\/wp\/v2\/media?parent=34677"}],"curies":[{"name":"wp","href":"https:\/\/api.w.org\/{rel}","templated":true}]}}